{"id":46,"date":"2014-09-17T16:53:45","date_gmt":"2014-09-17T16:53:45","guid":{"rendered":"http:\/\/agora.xtec.cat\/iesmontsacopa\/?page_id=46"},"modified":"2026-03-28T11:22:45","modified_gmt":"2026-03-28T10:22:45","slug":"organigrama","status":"publish","type":"page","link":"https:\/\/agora.xtec.cat\/iesmontsacopa\/linstitut\/organigrama\/","title":{"rendered":"Organigrama"},"content":{"rendered":"<p style=\"text-align: justify;\">Informaci\u00f3 relativa a l&#8217;organitzaci\u00f3 interna:<\/p>\n<table style=\"width: 100%; border-color: #ffffff;\">\n<tbody>\n<tr>\n<td style=\"border-color: #ffffff;\">\n<h5>DIRECCI\u00d3<\/h5>\n<\/td>\n<\/tr>\n<tr>\n<td style=\"border-color: #ffffff; background-color: #edf2f5;\">\n<p><strong>Director<\/strong>: C\u00e0ndid Sempere<\/p>\n<p><strong style=\"font-size: revert; font-family: inherit;\">Cap d&#8217;estudis<\/strong><span style=\"font-size: revert; font-family: inherit; font-weight: inherit;\">: Concepci\u00f3 Formatg\u00e9<\/span><\/p>\n<p><strong>Secret\u00e0ria<\/strong>: Mireia Bartol\u00ed<\/p>\n<p><strong>Coordinadora pedag\u00f2gica<\/strong>: L\u00eddia Vilanova<\/p>\n<p><strong>Cap d&#8217;Estudis Adjunta<\/strong>: M. \u00c0ngels Carreras<\/p>\n<\/td>\n<\/tr>\n<tr>\n<td style=\"border-color: #ffffff;\">\n<h5>COORDINACIONS<\/h5>\n<\/td>\n<\/tr>\n<tr>\n<td style=\"border-color: #ffffff; background-color: #edf2f5;\">\n<p><strong>Coordinador de 1r i 2n d&#8217;ESO<\/strong>: Albert Calm<\/p>\n<p><strong style=\"font-size: revert; font-family: inherit;\">Coordinadora de 3r i 4t d&#8217;ESO<\/strong><span style=\"font-size: revert; font-family: inherit; font-weight: inherit;\">: Maria Galizia<\/span><\/p>\n<p><strong>Coordinadora de Batxillerat<\/strong>: Ariadna Vega<\/p>\n<p><strong>Coordinadora de Cicles Formatius:\u00a0<\/strong>N\u00faria Santana<\/p>\n<p><strong>Coordinador digital i del Pla Catal\u00e0 de l&#8217;Esport (PCE):<\/strong> Nelson Ravi\u00f1a<\/p>\n<p><strong>Coordinadora CLICS:<\/strong> Dolors Oliv\u00e9<\/p>\n<p><strong>Coordinadora de Riscos laborals:<\/strong> Maria Boada<\/p>\n<p><strong>Coordinadora de Coeducaci\u00f3 i Benestar de l&#8217;alumnat (COCOBE):<\/strong> Sandra Toribio<\/p>\n<p><strong>Responsable de Batxibac:<\/strong> Pilar Guix<\/p>\n<p><strong>Responsable d\u2019extraescolars:<\/strong> Neus Su\u00f1er<\/p>\n<p><strong>Responsables d\u2019Escola Verda: <\/strong>Heura Posada\/Maria Boada<\/p>\n<p><strong>Responsable iEduca:<\/strong> \u00c0lvar Borrell<\/p>\n<p><strong>Responsables Erasmus:<\/strong> Pat Gonz\u00e1lez<\/p>\n<\/td>\n<\/tr>\n<tr>\n<td style=\"border-color: #ffffff;\">\n<h5>CAPS DE DEPARTAMENT<\/h5>\n<\/td>\n<\/tr>\n<tr>\n<td style=\"background-color: #edf2f5; border-color: #ffffff;\">\n<p><strong>Angl\u00e8s<\/strong>: Rosa M. Ingl\u00e9s<\/p>\n<p><strong style=\"font-size: revert; font-family: inherit;\">Lleng\u00fces<\/strong><span style=\"font-size: revert; font-family: inherit; font-weight: inherit;\">: Dolors Oliv\u00e9<\/span><\/p>\n<p><strong>Ci\u00e8ncies Socials<\/strong>: Raquel Pujadas<\/p>\n<p><strong>\u00c0mbit cient\u00edfic<\/strong>: Diana Curto<\/p>\n<p><strong>Economia<\/strong>: Concepci\u00f3 Formatg\u00e9<\/p>\n<p><strong>Educaci\u00f3 F\u00edsica\/Art\u00edstic<\/strong>: Anna Jurado<\/p>\n<p><strong>Filosofia<\/strong>: Rub\u00e8n Molina<\/p>\n<p><strong>Matem\u00e0tiques<\/strong>: Xavier Gelada<\/p>\n<p><strong>Religi\u00f3<\/strong>: Montse Puigdemont<\/p>\n<p><strong>Orientaci\u00f3<\/strong>: Lourdes Canal<\/p>\n<p><strong>Tecnologia<\/strong>: Carme Ribalta<\/p>\n<p><strong>Serveis a la Comunitat<\/strong>: Esther Sala<\/p>\n<\/td>\n<\/tr>\n<\/tbody>\n<\/table>\n<h6>TUTORIES<\/h6>\n<table style=\"border-collapse: collapse; width: 100%; height: 1845px;\">\n<tbody>\n<tr style=\"height: 385px;\">\n<td style=\"width: 50%; vertical-align: top; border-color: #ffffff; background-color: #edf2f5; height: 385px;\">\n<p style=\"text-align: left;\"><strong>Primer d\u2019ESO<\/strong><\/p>\n<p>A. Sandra Toribio<\/p>\n<p>B. Anna Cortijo<\/p>\n<p>C. Dani Lluch<\/p>\n<p>D. Maria G\u00f3mez<\/p>\n<p>E. Raquel Pujadas<\/p>\n<\/td>\n<td style=\"width: 50%; vertical-align: top; border-color: #ffffff; background-color: #edf2f5; height: 385px;\">\n<p style=\"text-align: left;\"><strong>Segon d\u2019ESO<\/strong><\/p>\n<p>A. L\u00eddia Coma<\/p>\n<p>B. Berta Picart<\/p>\n<p>C. Maria Gonz\u00e1lez<\/p>\n<p>D. Montse Puigdemont<\/p>\n<\/td>\n<\/tr>\n<tr style=\"height: 446px;\">\n<td style=\"width: 50%; vertical-align: top; border-color: #ffffff; background-color: #edf2f5; height: 446px;\">\n<p style=\"text-align: left;\"><strong>Tercer d\u2019ESO<\/strong><\/p>\n<p>A. Eduard Vidal<\/p>\n<p>B. Albert Soler<\/p>\n<p>C. Ferran Serra<\/p>\n<p>D. Imma Juvanteny<\/p>\n<p>E. S\u00f3nia Costa<\/p>\n<p>F. Carles Vila<\/p>\n<\/td>\n<td style=\"width: 50%; vertical-align: top; border-color: #ffffff; background-color: #edf2f5; height: 446px;\">\n<p style=\"text-align: left;\"><strong>Quart d\u2019ESO<\/strong><\/p>\n<p>A. Emma Mart\u00ednez<\/p>\n<p>B. Iris Dosil<\/p>\n<p>C. Dani S\u00e1nchez<\/p>\n<p>D. M\u00f2nica Colomer<\/p>\n<\/td>\n<\/tr>\n<tr style=\"height: 385px;\">\n<td style=\"width: 50%; vertical-align: top; border-color: #ffffff; background-color: #edf2f5; height: 385px;\">\n<p style=\"text-align: left;\"><strong>Primer de Batxillerat<\/strong><\/p>\n<p>A. Artur Sarr\u00f3<\/p>\n<p>B. Marta Vidal<\/p>\n<p>C. Imma Manera<\/p>\n<p>D. \u00c0lvar Borrell<\/p>\n<p>Batxibac. Joan Guix<\/p>\n<\/td>\n<td style=\"width: 50%; vertical-align: top; border-color: #ffffff; background-color: #edf2f5; height: 385px;\"><strong>Segon de Batxillerat<\/strong>\n<p>A. Ruben Molina<\/p>\n<p>B. Neus Su\u00f1er<\/p>\n<p>C. Dolors Oliv\u00e9<\/p>\n<p>Batxibac. Pilar Guix<\/p>\n<\/td>\n<\/tr>\n<tr style=\"height: 629px;\">\n<td style=\"width: 50%; vertical-align: top; border-color: #ffffff; background-color: #edf2f5; height: 629px;\">\n<p style=\"text-align: left;\"><strong>Cicles Formatius<\/strong><\/p>\n<p><strong>CFGM Atenci\u00f3 a persones en Depend\u00e8ncia<\/strong><\/p>\n<p>1r. Marta Sallen<\/p>\n<p>2n. Sandra Gimeno<\/p>\n<p><strong>CFGS Educaci\u00f3 Infantil<\/strong><\/p>\n<p>1r. Anna Manzano<\/p>\n<p>2n. Marta Azaustre<\/p>\n<p><strong>CFGS Integraci\u00f3 Social<\/strong><\/p>\n<p>1r. Imma Pair\u00f3<\/p>\n<p>2n. Heura Posada<\/p>\n<\/td>\n<td style=\"width: 50%; vertical-align: top; border-color: #ffffff; background-color: #edf2f5; height: 629px;\"><strong>Aula Acollida<\/strong>: Assumpci\u00f3 Collboni\n<p><strong>Aula SIEI<\/strong>: Lourdes Canal<\/p>\n<p><strong>Aula UEC<\/strong>: Cinta Serra<\/p>\n<\/td>\n<\/tr>\n<\/tbody>\n<\/table>\n\n\n<figure class=\"wp-block-image alignright size-full\"><a href=\"https:\/\/agora.xtec.cat\/iesmontsacopa\/wp-content\/uploads\/usu944\/2026\/03\/logo2trans_horitzontalpetit.png\"><img loading=\"lazy\" decoding=\"async\" width=\"102\" height=\"32\" src=\"https:\/\/agora.xtec.cat\/iesmontsacopa\/wp-content\/uploads\/usu944\/2026\/03\/logo2trans_horitzontalpetit.png\" alt=\"\" class=\"wp-image-16247\"\/><\/a><\/figure>\n","protected":false},"excerpt":{"rendered":"<p>Informaci\u00f3 relativa a l&#8217;organitzaci\u00f3 interna: DIRECCI\u00d3 Director: C\u00e0ndid Sempere Cap d&#8217;estudis: Concepci\u00f3 Formatg\u00e9 Secret\u00e0ria: Mireia Bartol\u00ed Coordinadora pedag\u00f2gica: L\u00eddia Vilanova Cap d&#8217;Estudis Adjunta: M. \u00c0ngels Carreras COORDINACIONS Coordinador de 1r i 2n d&#8217;ESO: Albert Calm Coordinadora de 3r i 4t d&#8217;ESO: Maria Galizia Coordinadora de Batxillerat: Ariadna Vega Coordinadora de Cicles Formatius:\u00a0N\u00faria Santana Coordinador digital [&hellip;]<\/p>\n","protected":false},"author":1,"featured_media":0,"parent":19,"menu_order":50,"comment_status":"closed","ping_status":"closed","template":"","meta":{"_bbp_topic_count":0,"_bbp_reply_count":0,"_bbp_total_topic_count":0,"_bbp_total_reply_count":0,"_bbp_voice_count":0,"_bbp_anonymous_reply_count":0,"_bbp_topic_count_hidden":0,"_bbp_reply_count_hidden":0,"_bbp_forum_subforum_count":0,"site-sidebar-layout":"default","site-content-layout":"","ast-site-content-layout":"default","site-content-style":"default","site-sidebar-style":"default","ast-global-header-display":"","ast-banner-title-visibility":"","ast-main-header-display":"","ast-hfb-above-header-display":"","ast-hfb-below-header-display":"","ast-hfb-mobile-header-display":"","site-post-title":"","ast-breadcrumbs-content":"","ast-featured-img":"","footer-sml-layout":"","theme-transparent-header-meta":"","adv-header-id-meta":"","stick-header-meta":"","header-above-stick-meta":"","header-main-stick-meta":"","header-below-stick-meta":"","astra-migrate-meta-layouts":"set","ast-page-background-enabled":"default","ast-page-background-meta":{"desktop":{"background-color":"var(--ast-global-color-4)","background-image":"","background-repeat":"repeat","background-position":"center center","background-size":"auto","background-attachment":"scroll","background-type":"","background-media":"","overlay-type":"","overlay-color":"","overlay-opacity":"","overlay-gradient":""},"tablet":{"background-color":"","background-image":"","background-repeat":"repeat","background-position":"center center","background-size":"auto","background-attachment":"scroll","background-type":"","background-media":"","overlay-type":"","overlay-color":"","overlay-opacity":"","overlay-gradient":""},"mobile":{"background-color":"","background-image":"","background-repeat":"repeat","background-position":"center center","background-size":"auto","background-attachment":"scroll","background-type":"","background-media":"","overlay-type":"","overlay-color":"","overlay-opacity":"","overlay-gradient":""}},"ast-content-background-meta":{"desktop":{"background-color":"var(--ast-global-color-5)","background-image":"","background-repeat":"repeat","background-position":"center center","background-size":"auto","background-attachment":"scroll","background-type":"","background-media":"","overlay-type":"","overlay-color":"","overlay-opacity":"","overlay-gradient":""},"tablet":{"background-color":"var(--ast-global-color-5)","background-image":"","background-repeat":"repeat","background-position":"center center","background-size":"auto","background-attachment":"scroll","background-type":"","background-media":"","overlay-type":"","overlay-color":"","overlay-opacity":"","overlay-gradient":""},"mobile":{"background-color":"var(--ast-global-color-5)","background-image":"","background-repeat":"repeat","background-position":"center center","background-size":"auto","background-attachment":"scroll","background-type":"","background-media":"","overlay-type":"","overlay-color":"","overlay-opacity":"","overlay-gradient":""}},"footnotes":""},"class_list":["post-46","page","type-page","status-publish","hentry"],"post_mailing_queue_ids":[],"_links":{"self":[{"href":"https:\/\/agora.xtec.cat\/iesmontsacopa\/wp-json\/wp\/v2\/pages\/46","targetHints":{"allow":["GET"]}}],"collection":[{"href":"https:\/\/agora.xtec.cat\/iesmontsacopa\/wp-json\/wp\/v2\/pages"}],"about":[{"href":"https:\/\/agora.xtec.cat\/iesmontsacopa\/wp-json\/wp\/v2\/types\/page"}],"author":[{"embeddable":true,"href":"https:\/\/agora.xtec.cat\/iesmontsacopa\/wp-json\/wp\/v2\/users\/1"}],"replies":[{"embeddable":true,"href":"https:\/\/agora.xtec.cat\/iesmontsacopa\/wp-json\/wp\/v2\/comments?post=46"}],"version-history":[{"count":6,"href":"https:\/\/agora.xtec.cat\/iesmontsacopa\/wp-json\/wp\/v2\/pages\/46\/revisions"}],"predecessor-version":[{"id":16312,"href":"https:\/\/agora.xtec.cat\/iesmontsacopa\/wp-json\/wp\/v2\/pages\/46\/revisions\/16312"}],"up":[{"embeddable":true,"href":"https:\/\/agora.xtec.cat\/iesmontsacopa\/wp-json\/wp\/v2\/pages\/19"}],"wp:attachment":[{"href":"https:\/\/agora.xtec.cat\/iesmontsacopa\/wp-json\/wp\/v2\/media?parent=46"}],"curies":[{"name":"wp","href":"https:\/\/api.w.org\/{rel}","templated":true}]}}