{"id":2142,"date":"2017-09-05T15:40:28","date_gmt":"2017-09-05T13:40:28","guid":{"rendered":"http:\/\/agora.xtec.cat\/iesmontsacopa\/?page_id=2142"},"modified":"2026-03-29T17:17:42","modified_gmt":"2026-03-29T15:17:42","slug":"documents_certificats","status":"publish","type":"page","link":"https:\/\/agora.xtec.cat\/iesmontsacopa\/secretaria\/documents_certificats\/","title":{"rendered":"Documents i certificats"},"content":{"rendered":"\n<div class=\"wp-block-columns has-background is-layout-flex wp-container-core-columns-is-layout-1 wp-block-columns-is-layout-flex\" style=\"border-radius:16px;background-color:#f1f1f0\">\n<div class=\"wp-block-column is-layout-flow wp-block-column-is-layout-flow\">\n<ul class=\"wp-block-list\">\n<li>Justificaci\u00f3 faltes d\u2019assist\u00e8ncia<\/li>\n<\/ul>\n<p><a href=\"https:\/\/agora.xtec.cat\/iesmontsacopa\/wp-content\/uploads\/usu944\/2023\/08\/Justificant_faltes_alumnes_23.docx.pdf\" rel=\"noopener noreferrer\">Full de justificaci\u00f3 de faltes d\u2019assist\u00e8ncia a classe.<\/a><\/p>\n<hr>\n<ul class=\"wp-block-list\">\n<li>Inst\u00e0ncia<\/li>\n<\/ul>\n<p><a href=\"https:\/\/agora.xtec.cat\/iesmontsacopa\/wp-content\/uploads\/usu944\/2022\/09\/model_instancia.pdf\" rel=\"noopener noreferrer\">Model d\u2019inst\u00e0ncia&nbsp;<\/a><\/p>\n<hr>\n<ul class=\"wp-block-list\">\n<li>Reconeixement nivells&nbsp;<strong>B2 i C1<\/strong>&nbsp;de&nbsp;<strong>catal\u00e0<\/strong><\/li>\n<\/ul>\n<p><a href=\"https:\/\/educacio.gencat.cat\/ca\/tramits\/tramits-temes\/22046-reconeixement-b2-c1-catala\" rel=\"noopener\">Enlla\u00e7 a tota la informaci\u00f3<\/a><\/p>\n<\/div>\n<\/div>\n\n\n\n<p><span style=\"color: #ffffff;\">tttt<\/span><\/p>\n\n\n\n\n\n<h5 class=\"wp-block-heading has-ast-global-color-0-background-color has-background\" style=\"border-radius:16px\">&nbsp;ESO<\/h5>\n\n\n\n<h5 class=\"wp-block-heading\"><\/h5>\n\n\n\n<div class=\"wp-block-columns has-background is-layout-flex wp-container-core-columns-is-layout-2 wp-block-columns-is-layout-flex\" style=\"border-radius:16px;background-color:#f1f1f0\">\n<div class=\"wp-block-column is-layout-flow wp-block-column-is-layout-flow\">\n<ul>\n<li><strong>Simultane\u00eftat<\/strong>\u00a0d\u2019estudis d\u2019ESO amb\u00a0<strong>estudis de m\u00fasica<\/strong>\u00a0de Catalunya<\/li>\n<\/ul>\n<p><a href=\"https:\/\/agora.xtec.cat\/iesmontsacopa\/wp-content\/uploads\/usu944\/2025\/07\/CUR_Simultaneitat_musica_25-26.pdf\">Normativa<\/a><\/p>\n<p>Documents que cal presentar al centre per demanar-ho:<\/p>\n<ul style=\"list-style-type: circle;\">\n<li>Conservatori o centre professional:<a href=\"https:\/\/agora.xtec.cat\/iesmontsacopa\/wp-content\/uploads\/usu944\/2025\/07\/EMU1.pdf\">\u00a0<\/a><\/li>\n<\/ul>\n<p><a href=\"https:\/\/agora.xtec.cat\/iesmontsacopa\/wp-content\/uploads\/usu944\/2025\/07\/EMU1.pdf\">Sol\u00b7licitud: EMU1<\/a><\/p>\n<p><a href=\"https:\/\/agora.xtec.cat\/iesmontsacopa\/wp-content\/uploads\/usu944\/2025\/07\/CMU1.pdf\">Certificat: CMU1<\/a><\/p>\n<ul style=\"list-style-type: circle;\">\n<li>Escola de m\u00fasica autoritzada<\/li>\n<\/ul>\n<p><a href=\"https:\/\/agora.xtec.cat\/iesmontsacopa\/wp-content\/uploads\/usu944\/2025\/07\/EMU1.pdf\">Sol\u00b7licitud: EMU1\u00a0<\/a>\u00a0 \u00a0<a href=\"https:\/\/agora.xtec.cat\/iesmontsacopa\/wp-content\/uploads\/usu944\/2025\/07\/CMU2.pdf\">\u00a0<\/a><\/p>\n<p><a href=\"https:\/\/agora.xtec.cat\/iesmontsacopa\/wp-content\/uploads\/usu944\/2025\/07\/CMU2.pdf\">Certificat: CMU2<\/a><\/p>\n<hr \/>\n<ul>\n<li><span style=\"font-size: 1rem; font-weight: inherit;\">Reconeixement de la\u00a0<\/span><strong style=\"font-size: 1rem;\">Segona Llengua Estrangera<\/strong><span style=\"font-size: 1rem; font-weight: inherit;\">\u00a0de l\u2019<\/span><strong style=\"font-size: 1rem;\">ESO<\/strong><span style=\"font-size: 1rem; font-weight: inherit;\">\u00a0que no s\u2019ofereix al centre i que es cursa en una EOI, en el marc del Programa de lleng\u00fces i cultures d\u2019origen del Departament d\u2019Educaci\u00f3 o en institucions oficials o governamentals<\/span><\/li>\n<\/ul>\n<p><a href=\"https:\/\/agora.xtec.cat\/iesmontsacopa\/wp-content\/uploads\/usu944\/2023\/10\/Sol.licitud-reconeixement-SEGONA-Llengua-Estrangera-EOI-a-ESO.pdf\">Sol\u00b7licitud de reconeixement de la Segona Llengua Estrangera de l\u2019<strong>ESO<\/strong><\/a><\/p>\n<\/div>\n<\/div>\n\n\n\n<p><span style=\"color: #ffffff;\">hhh<\/span><\/p>\n\n\n\n<h5 class=\"wp-block-heading has-ast-global-color-0-background-color has-background\" style=\"border-radius:16px\"><strong style=\"font-family: inherit; font-size: 1.125em;\">Batxillerat<\/strong><\/h5>\n\n\n\n<div class=\"wp-block-columns has-background is-layout-flex wp-container-core-columns-is-layout-3 wp-block-columns-is-layout-flex\" style=\"border-radius:16px;background-color:#f1f1f0\">\n<div class=\"wp-block-column is-layout-flow wp-block-column-is-layout-flow\">\n<ul>\n<li><strong>Simultane\u00eftat<\/strong>\u00a0d\u2019estudis de batxillerat amb\u00a0<strong>estudis de m\u00fasica<\/strong>\u00a0de Catalunya<\/li>\n<\/ul>\n<p><a href=\"https:\/\/agora.xtec.cat\/iesmontsacopa\/wp-content\/uploads\/usu944\/2025\/07\/CUR_Simultaneitat_musica_25-26.pdf\">Normativa<\/a><\/p>\n<p>Documents que cal presentar al centre per demanar-ho:<\/p>\n<ul>\n<li>Conservatori o centre professional<\/li>\n<\/ul>\n<p><a href=\"https:\/\/agora.xtec.cat\/iesmontsacopa\/wp-content\/uploads\/usu944\/2025\/07\/BMU1.pdf\">Sol\u00b7licitud.BMU1<\/a><\/p>\n<p><a href=\"https:\/\/agora.xtec.cat\/iesmontsacopa\/wp-content\/uploads\/usu944\/2025\/07\/CMU1.pdf\">Certificat CMU1<\/a><\/p>\n<ul>\n<li>Escola m\u00fasica autoritzada<\/li>\n<\/ul>\n<p><a href=\"https:\/\/agora.xtec.cat\/iesmontsacopa\/wp-content\/uploads\/usu944\/2025\/07\/BMU3.pdf\">Sol\u00b7licitud: BMU3<\/a><\/p>\n<p><a href=\"https:\/\/agora.xtec.cat\/iesmontsacopa\/wp-content\/uploads\/usu944\/2025\/07\/CMU3.pdf\">Certificat: CMU3<\/a><\/p>\n<hr \/>\n<ul>\n<li><strong>Ren\u00fancia<\/strong>\u00a0a les qualificacions de\u00a0<strong>primer curs<\/strong>\u00a0de\u00a0<strong>Batxillerat<\/strong><\/li>\n<\/ul>\n<p><a href=\"https:\/\/agora.xtec.cat\/iesmontsacopa\/wp-content\/uploads\/usu944\/2019\/12\/renuncia_qual_1batx_1.pdf\" rel=\"noopener noreferrer\">Sol\u00b7licitud de ren\u00fancia a les qualificacions de 1r de batxillerat<\/a><\/p>\n<hr \/>\n<ul>\n<li><strong style=\"font-size: 1rem;\">Ren\u00fancia<\/strong><span style=\"font-size: 1rem; font-weight: inherit;\">\u00a0a les qualificacions de\u00a0<\/span><strong style=\"font-size: 1rem;\">segon curs<\/strong><span style=\"font-size: 1rem; font-weight: inherit;\">\u00a0de\u00a0<\/span><strong style=\"font-size: 1rem;\">Batxillerat<\/strong><\/li>\n<\/ul>\n<p><a href=\"https:\/\/agora.xtec.cat\/iesmontsacopa\/wp-content\/uploads\/usu944\/2019\/12\/renuncia_qual_2batx_1.pdf\" rel=\"noopener noreferrer\">Sol\u00b7licitud de ren\u00fancia a les qualificacions de 2n de batxillerat<\/a><\/p>\n<hr \/>\n<ul>\n<li><strong style=\"font-size: 1rem;\">Exempci\u00f3<\/strong><span style=\"font-size: 1rem; font-weight: inherit;\">\u00a0de la qualificaci\u00f3 de la mat\u00e8ria de\u00a0<\/span><strong style=\"font-size: 1rem;\">Llengua Catalana i Literatura<\/strong><span style=\"font-size: 1rem; font-weight: inherit;\">.\u00a0<\/span><strong style=\"font-size: 1rem;\">Batxillerat<\/strong><\/li>\n<\/ul>\n<p><a href=\"https:\/\/agora.xtec.cat\/iesmontsacopa\/wp-content\/uploads\/usu944\/2024\/09\/sollicitud-alumne-exempcio-qualificacio-llengua-catalana-batxillerat.pdf\" rel=\"noopener noreferrer\">Sol\u00b7licitud exempci\u00f3 de la qualificaci\u00f3 de la mat\u00e8ria de Llengua Catalana i Literatura<\/a><\/p>\n<hr \/>\n<ul>\n<li><strong style=\"font-size: 1rem;\">Reconeixement<\/strong><span style=\"font-size: 1rem; font-weight: inherit;\">\u00a0de la mat\u00e8ria d\u2019<\/span><strong style=\"font-size: 1rem;\">Educaci\u00f3 F\u00edsica<\/strong><span style=\"font-size: 1rem; font-weight: inherit;\">\u00a0del\u00a0<\/span><strong style=\"font-size: 1rem;\">Batxillerat<\/strong><span style=\"font-size: 1rem; font-weight: inherit;\">\u00a0(BATX) als alumnes amb\u00a0<\/span><strong style=\"font-size: 1rem;\">dedicaci\u00f3 significativa a l\u2019esport<\/strong><\/li>\n<\/ul>\n<p><a href=\"https:\/\/agora.xtec.cat\/iesmontsacopa\/wp-content\/uploads\/usu944\/2025\/09\/sol.licitud_batxillerat_esport.pdf\">Sol\u00b7licitud de reconeixement de les mat\u00e8ries de la franja d\u2019optatives i\/o de l\u2019Educaci\u00f3 F\u00edsica de batxillerat als alumnes amb dedicaci\u00f3 significativa a l\u2019esport<\/a><\/p>\n<p><a href=\"https:\/\/agora.xtec.cat\/iesmontsacopa\/wp-content\/uploads\/usu944\/2025\/09\/Normativa_esport.pdf\">Normativa<\/a><\/p>\n<hr \/>\n<ul>\n<li><span style=\"font-size: 1rem; font-weight: inherit;\">Inscripci\u00f3 a l\u2019<\/span><strong style=\"font-size: 1rem;\">Institut Obert<\/strong><span style=\"font-size: 1rem; font-weight: inherit;\">\u00a0de Catalunya<\/span><\/li>\n<\/ul>\n<p><a href=\"https:\/\/agora.xtec.cat\/iesmontsacopa\/wp-content\/uploads\/usu944\/2024\/07\/sollicitud-IOC.pdf\">Sol\u00b7licitud de cursar mat\u00e8ries de batxillerat a l\u2019Institut Obert de Catalunya<\/a><\/p>\n<\/div>\n<\/div>\n\n\n\n<p><span style=\"color: #ffffff;\">iii<\/span><\/p>\n\n\n\n<h5 class=\"wp-block-heading has-ast-global-color-0-background-color has-background\" style=\"border-radius:16px\"><strong>Cicles Formatius<\/strong><\/h5>\n\n\n\n<div class=\"wp-block-columns has-background is-layout-flex wp-container-core-columns-is-layout-4 wp-block-columns-is-layout-flex\" style=\"border-radius:16px;background-color:#f1f1f0\">\n<div class=\"wp-block-column is-layout-flow wp-block-column-is-layout-flow\">\n<ul>\n<li><strong>Convalidacions<\/strong><\/li>\n<\/ul>\n<p>Informaci\u00f3 convalidacions i exempcions &#8211; <a href=\"https:\/\/educacio.gencat.cat\/ca\/serveis-tramits\/proves\/proves-lliures-obtencio-titols\/obtencio-titols-fp\/convalidacions-exemp\/index.html\">clicar<\/a><\/p>\n<p>Documentaci\u00f3:<\/p>\n<p><a href=\"https:\/\/agora.xtec.cat\/iesmontsacopa\/wp-content\/uploads\/usu944\/2023\/09\/Sol_Conv_CF.pdf\">Sol\u00b7licitud de convalidaci\u00f3 de cr\u00e8dits, m\u00f2duls o unitats formatives de cicles formatius \u2013 RESOL el Centre Educatiu.<\/a><\/p>\n<p><a href=\"https:\/\/agora.xtec.cat\/iesmontsacopa\/wp-content\/uploads\/usu944\/2023\/09\/Sol_Conv_Singular.pdf\">Sol\u00b7licitud de convalidaci\u00f3 singular de cr\u00e8dits o unitats formatives de cicles formatius de formaci\u00f3 professional inicial \u2013 RESOL la Direcci\u00f3 General de Formaci\u00f3 Professional.<\/a><\/p>\n<hr>\n<ul>\n<li><span style=\"font-size: 1rem; font-weight: inherit;\">Sol\u00b7licitud d&#8217;<\/span><strong style=\"font-size: 1rem;\">exempci\u00f3<\/strong><span style=\"font-size: 1rem; font-weight: inherit;\"> de la <\/span><strong style=\"font-size: 1rem;\">Formaci\u00f3 en Centres de Treball<\/strong><span style=\"font-size: 1rem; font-weight: inherit;\">.<\/span><\/li>\n<\/ul>\n<p><a href=\"https:\/\/xtec.gencat.cat\/web\/.content\/curriculum\/professionals\/fct\/exempcions\/plantilla-sollicitud-exempcio.pdf\">Model inst\u00e0ncia sol\u00b7licitud d&#8217;exempci\u00f3<\/a><\/p>\n<p><a href=\"https:\/\/agora.xtec.cat\/iesmontsacopa\/wp-content\/uploads\/usu944\/2023\/09\/Doc_just_conv_exemp-.pdf\">Documentaci\u00f3 justificativa<\/a><\/p>\n<p>Cal entregar tots dos documents omplerts i signats a la secretaria del centre<\/p>\n<hr>\n<ul>\n<li>Sol\u00b7licitud de <strong>convocat\u00f2ria extraordin\u00e0ria<\/strong><\/li>\n<\/ul>\n<p><a href=\"https:\/\/agora.xtec.cat\/iesmontsacopa\/wp-content\/uploads\/usu944\/2022\/07\/Sol-licitud-convocatoria-extraordinaria-CF.pdf\">Sol\u00b7licitud de convocat\u00f2ria extraordin\u00e0ria de cicles formatius<\/a><\/p>\n<\/div>\n<\/div>\n\n\n\n<p><span style=\"color: #ffffff;\">tttt<\/span><\/p>\n\n\n\n\n\n<figure class=\"wp-block-image alignright size-full\"><a href=\"https:\/\/agora.xtec.cat\/iesmontsacopa\/wp-content\/uploads\/usu944\/2026\/03\/logo2trans_horitzontalpetit.png\"><img loading=\"lazy\" decoding=\"async\" width=\"102\" height=\"32\" src=\"https:\/\/agora.xtec.cat\/iesmontsacopa\/wp-content\/uploads\/usu944\/2026\/03\/logo2trans_horitzontalpetit.png\" alt=\"\" class=\"wp-image-16247\"\/><\/a><\/figure>\n\n\n","protected":false},"excerpt":{"rendered":"<p>Justificaci\u00f3 faltes d\u2019assist\u00e8ncia Full de justificaci\u00f3 de faltes d\u2019assist\u00e8ncia a classe. Inst\u00e0ncia Model d\u2019inst\u00e0ncia&nbsp; Reconeixement nivells&nbsp;B2 i C1&nbsp;de&nbsp;catal\u00e0 Enlla\u00e7 a tota la informaci\u00f3 tttt &nbsp;ESO Simultane\u00eftat\u00a0d\u2019estudis d\u2019ESO amb\u00a0estudis de m\u00fasica\u00a0de Catalunya Normativa Documents que cal presentar al centre per demanar-ho: Conservatori o centre professional:\u00a0 Sol\u00b7licitud: EMU1 Certificat: CMU1 Escola de m\u00fasica autoritzada Sol\u00b7licitud: EMU1\u00a0\u00a0 \u00a0\u00a0 [&hellip;]<\/p>\n","protected":false},"author":1,"featured_media":0,"parent":81,"menu_order":0,"comment_status":"closed","ping_status":"closed","template":"","meta":{"_bbp_topic_count":0,"_bbp_reply_count":0,"_bbp_total_topic_count":0,"_bbp_total_reply_count":0,"_bbp_voice_count":0,"_bbp_anonymous_reply_count":0,"_bbp_topic_count_hidden":0,"_bbp_reply_count_hidden":0,"_bbp_forum_subforum_count":0,"site-sidebar-layout":"default","site-content-layout":"","ast-site-content-layout":"default","site-content-style":"default","site-sidebar-style":"default","ast-global-header-display":"","ast-banner-title-visibility":"","ast-main-header-display":"","ast-hfb-above-header-display":"","ast-hfb-below-header-display":"","ast-hfb-mobile-header-display":"","site-post-title":"","ast-breadcrumbs-content":"","ast-featured-img":"","footer-sml-layout":"","theme-transparent-header-meta":"","adv-header-id-meta":"","stick-header-meta":"","header-above-stick-meta":"","header-main-stick-meta":"","header-below-stick-meta":"","astra-migrate-meta-layouts":"set","ast-page-background-enabled":"default","ast-page-background-meta":{"desktop":{"background-color":"var(--ast-global-color-4)","background-image":"","background-repeat":"repeat","background-position":"center center","background-size":"auto","background-attachment":"scroll","background-type":"","background-media":"","overlay-type":"","overlay-color":"","overlay-opacity":"","overlay-gradient":""},"tablet":{"background-color":"","background-image":"","background-repeat":"repeat","background-position":"center center","background-size":"auto","background-attachment":"scroll","background-type":"","background-media":"","overlay-type":"","overlay-color":"","overlay-opacity":"","overlay-gradient":""},"mobile":{"background-color":"","background-image":"","background-repeat":"repeat","background-position":"center center","background-size":"auto","background-attachment":"scroll","background-type":"","background-media":"","overlay-type":"","overlay-color":"","overlay-opacity":"","overlay-gradient":""}},"ast-content-background-meta":{"desktop":{"background-color":"var(--ast-global-color-5)","background-image":"","background-repeat":"repeat","background-position":"center center","background-size":"auto","background-attachment":"scroll","background-type":"","background-media":"","overlay-type":"","overlay-color":"","overlay-opacity":"","overlay-gradient":""},"tablet":{"background-color":"var(--ast-global-color-5)","background-image":"","background-repeat":"repeat","background-position":"center center","background-size":"auto","background-attachment":"scroll","background-type":"","background-media":"","overlay-type":"","overlay-color":"","overlay-opacity":"","overlay-gradient":""},"mobile":{"background-color":"var(--ast-global-color-5)","background-image":"","background-repeat":"repeat","background-position":"center center","background-size":"auto","background-attachment":"scroll","background-type":"","background-media":"","overlay-type":"","overlay-color":"","overlay-opacity":"","overlay-gradient":""}},"footnotes":""},"class_list":["post-2142","page","type-page","status-publish","hentry"],"post_mailing_queue_ids":[],"_links":{"self":[{"href":"https:\/\/agora.xtec.cat\/iesmontsacopa\/wp-json\/wp\/v2\/pages\/2142","targetHints":{"allow":["GET"]}}],"collection":[{"href":"https:\/\/agora.xtec.cat\/iesmontsacopa\/wp-json\/wp\/v2\/pages"}],"about":[{"href":"https:\/\/agora.xtec.cat\/iesmontsacopa\/wp-json\/wp\/v2\/types\/page"}],"author":[{"embeddable":true,"href":"https:\/\/agora.xtec.cat\/iesmontsacopa\/wp-json\/wp\/v2\/users\/1"}],"replies":[{"embeddable":true,"href":"https:\/\/agora.xtec.cat\/iesmontsacopa\/wp-json\/wp\/v2\/comments?post=2142"}],"version-history":[{"count":6,"href":"https:\/\/agora.xtec.cat\/iesmontsacopa\/wp-json\/wp\/v2\/pages\/2142\/revisions"}],"predecessor-version":[{"id":16433,"href":"https:\/\/agora.xtec.cat\/iesmontsacopa\/wp-json\/wp\/v2\/pages\/2142\/revisions\/16433"}],"up":[{"embeddable":true,"href":"https:\/\/agora.xtec.cat\/iesmontsacopa\/wp-json\/wp\/v2\/pages\/81"}],"wp:attachment":[{"href":"https:\/\/agora.xtec.cat\/iesmontsacopa\/wp-json\/wp\/v2\/media?parent=2142"}],"curies":[{"name":"wp","href":"https:\/\/api.w.org\/{rel}","templated":true}]}}