{"id":19,"date":"2014-09-17T14:56:56","date_gmt":"2014-09-17T14:56:56","guid":{"rendered":"http:\/\/agora.xtec.cat\/iesmontsacopa\/?page_id=19"},"modified":"2026-03-28T11:13:32","modified_gmt":"2026-03-28T10:13:32","slug":"linstitut","status":"publish","type":"page","link":"https:\/\/agora.xtec.cat\/iesmontsacopa\/linstitut\/","title":{"rendered":"L&#8217;institut"},"content":{"rendered":"<table>\n<tbody>\n<tr>\n<td style=\"border-color: #ffffff;\">\n<h6><strong>Missi\u00f3<\/strong><\/h6>\n<\/td>\n<\/tr>\n<tr>\n<td style=\"border-color: #ffffff;\">\n<p style=\"text-align: justify;\">La nostra missi\u00f3 es concreta en l\u2019objectiu de millorar els resultats acad\u00e8mics dels alumnes i grau de cohesi\u00f3 social en un context d\u2019equitat. \u00c9s a dir, educar els alumnes de manera integral, atenent a les seves necessitats, utilitzant com a llengua vehicular el catal\u00e0. Aix\u00f2 significa que fem nostres els principis d\u2019excel\u00b7l\u00e8ncia i efic\u00e0cia expressats a la Llei d\u2019Educaci\u00f3 i que entenem que l\u2019aplicaci\u00f3 pr\u00e0ctica d\u2019aquests principis ens obliga a organitzar el curr\u00edculum i el centre de manera que tots els alumnes assoleixin les compet\u00e8ncies b\u00e0siques i les espec\u00edfiques de cada mat\u00e8ria fins el m\u00e0xim que les seves capacitats els ho permetin.<\/p>\n<p style=\"text-align: justify;\">Som un centre aconfessional i pluralista, defensem la coeducaci\u00f3 i l\u2019ensenyament no sexista.<\/p>\n<\/td>\n<\/tr>\n<tr>\n<td style=\"border-color: #ffffff;\">\n<h6><strong>Visi\u00f3<\/strong><\/h6>\n<\/td>\n<\/tr>\n<tr>\n<td style=\"border-color: #ffffff;\">\n<p style=\"text-align: justify;\">Des d\u2019un punt de vista de planificaci\u00f3 estrat\u00e8gica volem que l\u2019institut Montsacopa esdevingui un referent en la formaci\u00f3 dels nois i noies d\u2019Olot i comarca i que sigui un centre que respongui a les demandes del segle XXI.<\/p>\n<p style=\"text-align: justify;\">Que el nostre alumnat adquireixi unes compet\u00e8ncies i unes habilitats socials que els permeti desenvolupar-se en el m\u00f3n d\u2019avui i escollir el seu futur professional.<\/p>\n<p style=\"text-align: justify;\">Que formi part d\u2019una societat cohesionada i solid\u00e0ria, que defensi la conviv\u00e8ncia basada en el di\u00e0leg i la mediaci\u00f3.<\/p>\n<p style=\"text-align: justify;\">Tamb\u00e9 volem que les fam\u00edlies participin activament en el proc\u00e9s formatiu del seus fills.L\u2019Institut, finalment, tamb\u00e9 vol proporcionar al professorat un entorn de treball participatiu i motivador que faciliti la seva implicaci\u00f3 en el PEC i la gesti\u00f3 del centre.<\/p>\n<\/td>\n<\/tr>\n<tr>\n<td style=\"border-color: #ffffff;\">\n<h6><strong>Valors<\/strong><\/h6>\n<\/td>\n<\/tr>\n<tr>\n<td style=\"border-color: #ffffff;\">\n<p style=\"text-align: justify;\">Els valors que ens acompanyaran en tot el proc\u00e9s educatiu seran el respecte, la solidaritat i la toler\u00e0ncia, b\u00e0sics per a una bona conviv\u00e8ncia. Alhora la responsabilitat, l\u2019esfor\u00e7, l\u2019equitat i l\u2019autoexig\u00e8ncia. Sense deixar de banda, la llibertat d\u2019opini\u00f3 i religiosa i el sentit cr\u00edtic, aix\u00ed com el respecte a la diversitat cultural i idiom\u00e0tica, tot valorant i prioritzant la cultura i la llengua catalana.<\/p>\n<p style=\"text-align: justify;\">Un dels trets d\u2019identitat de l\u2019institut Montsacopa ha estat i \u00e9s la passi\u00f3 per la cultura, que s\u2019hem manifestat al llarg dels anys. Fins avui podr\u00edem esmentar com a exemples les setmanes culturals (<em>Mart\u00ed i Pol, Pere Calders, Joan Or\u00f3, Josep Romeu<\/em>\u2026), les Experi\u00e8ncies Cinematogr\u00e0fiques, els recitals po\u00e8tico-musicals, les revistes (<em>Inem Life, Relapse, Xivarri, Els 4 Gats, Revista de Sant Jordi, Greda\u2026<\/em>), els viatges, els tallers de teatre (dirigits per professors del centre o directors externs amb el patrocini de l\u2019AMPA), la coral Montsacor, el grup de grallers <em>El Patatuf<\/em>, les exposicions de treballs art\u00edstics i de disseny, el Cine-Club <em>El falc\u00f3 malt\u00e8s<\/em>, la pantalla cultural, la dinamitzaci\u00f3 de la Biblioteca Neus Andr\u00e9s&#8230;<\/p>\n<\/td>\n<\/tr>\n<\/tbody>\n<\/table>\n\n\n\n\n<figure class=\"wp-block-image alignright size-full\"><a href=\"https:\/\/agora.xtec.cat\/iesmontsacopa\/wp-content\/uploads\/usu944\/2026\/03\/logo2trans_horitzontalpetit.png\"><img loading=\"lazy\" decoding=\"async\" width=\"102\" height=\"32\" src=\"https:\/\/agora.xtec.cat\/iesmontsacopa\/wp-content\/uploads\/usu944\/2026\/03\/logo2trans_horitzontalpetit.png\" alt=\"\" class=\"wp-image-16247\"\/><\/a><\/figure>\n","protected":false},"excerpt":{"rendered":"<p>Missi\u00f3 La nostra missi\u00f3 es concreta en l\u2019objectiu de millorar els resultats acad\u00e8mics dels alumnes i grau de cohesi\u00f3 social en un context d\u2019equitat. \u00c9s a dir, educar els alumnes de manera integral, atenent a les seves necessitats, utilitzant com a llengua vehicular el catal\u00e0. Aix\u00f2 significa que fem nostres els principis d\u2019excel\u00b7l\u00e8ncia i efic\u00e0cia [&hellip;]<\/p>\n","protected":false},"author":1,"featured_media":0,"parent":0,"menu_order":0,"comment_status":"closed","ping_status":"closed","template":"","meta":{"_bbp_topic_count":0,"_bbp_reply_count":0,"_bbp_total_topic_count":0,"_bbp_total_reply_count":0,"_bbp_voice_count":0,"_bbp_anonymous_reply_count":0,"_bbp_topic_count_hidden":0,"_bbp_reply_count_hidden":0,"_bbp_forum_subforum_count":0,"site-sidebar-layout":"default","site-content-layout":"","ast-site-content-layout":"default","site-content-style":"default","site-sidebar-style":"default","ast-global-header-display":"","ast-banner-title-visibility":"","ast-main-header-display":"","ast-hfb-above-header-display":"","ast-hfb-below-header-display":"","ast-hfb-mobile-header-display":"","site-post-title":"","ast-breadcrumbs-content":"","ast-featured-img":"","footer-sml-layout":"","theme-transparent-header-meta":"","adv-header-id-meta":"","stick-header-meta":"","header-above-stick-meta":"","header-main-stick-meta":"","header-below-stick-meta":"","astra-migrate-meta-layouts":"set","ast-page-background-enabled":"default","ast-page-background-meta":{"desktop":{"background-color":"var(--ast-global-color-4)","background-image":"","background-repeat":"repeat","background-position":"center center","background-size":"auto","background-attachment":"scroll","background-type":"","background-media":"","overlay-type":"","overlay-color":"","overlay-opacity":"","overlay-gradient":""},"tablet":{"background-color":"","background-image":"","background-repeat":"repeat","background-position":"center center","background-size":"auto","background-attachment":"scroll","background-type":"","background-media":"","overlay-type":"","overlay-color":"","overlay-opacity":"","overlay-gradient":""},"mobile":{"background-color":"","background-image":"","background-repeat":"repeat","background-position":"center center","background-size":"auto","background-attachment":"scroll","background-type":"","background-media":"","overlay-type":"","overlay-color":"","overlay-opacity":"","overlay-gradient":""}},"ast-content-background-meta":{"desktop":{"background-color":"var(--ast-global-color-5)","background-image":"","background-repeat":"repeat","background-position":"center center","background-size":"auto","background-attachment":"scroll","background-type":"","background-media":"","overlay-type":"","overlay-color":"","overlay-opacity":"","overlay-gradient":""},"tablet":{"background-color":"var(--ast-global-color-5)","background-image":"","background-repeat":"repeat","background-position":"center center","background-size":"auto","background-attachment":"scroll","background-type":"","background-media":"","overlay-type":"","overlay-color":"","overlay-opacity":"","overlay-gradient":""},"mobile":{"background-color":"var(--ast-global-color-5)","background-image":"","background-repeat":"repeat","background-position":"center center","background-size":"auto","background-attachment":"scroll","background-type":"","background-media":"","overlay-type":"","overlay-color":"","overlay-opacity":"","overlay-gradient":""}},"footnotes":""},"class_list":["post-19","page","type-page","status-publish","hentry"],"post_mailing_queue_ids":[],"_links":{"self":[{"href":"https:\/\/agora.xtec.cat\/iesmontsacopa\/wp-json\/wp\/v2\/pages\/19","targetHints":{"allow":["GET"]}}],"collection":[{"href":"https:\/\/agora.xtec.cat\/iesmontsacopa\/wp-json\/wp\/v2\/pages"}],"about":[{"href":"https:\/\/agora.xtec.cat\/iesmontsacopa\/wp-json\/wp\/v2\/types\/page"}],"author":[{"embeddable":true,"href":"https:\/\/agora.xtec.cat\/iesmontsacopa\/wp-json\/wp\/v2\/users\/1"}],"replies":[{"embeddable":true,"href":"https:\/\/agora.xtec.cat\/iesmontsacopa\/wp-json\/wp\/v2\/comments?post=19"}],"version-history":[{"count":6,"href":"https:\/\/agora.xtec.cat\/iesmontsacopa\/wp-json\/wp\/v2\/pages\/19\/revisions"}],"predecessor-version":[{"id":16302,"href":"https:\/\/agora.xtec.cat\/iesmontsacopa\/wp-json\/wp\/v2\/pages\/19\/revisions\/16302"}],"wp:attachment":[{"href":"https:\/\/agora.xtec.cat\/iesmontsacopa\/wp-json\/wp\/v2\/media?parent=19"}],"curies":[{"name":"wp","href":"https:\/\/api.w.org\/{rel}","templated":true}]}}