{"id":14649,"date":"2025-04-29T14:53:48","date_gmt":"2025-04-29T12:53:48","guid":{"rendered":"https:\/\/agora.xtec.cat\/iesmontsacopa\/?page_id=14649"},"modified":"2026-03-12T22:52:32","modified_gmt":"2026-03-12T21:52:32","slug":"tramits-viatges-a-lestranger","status":"publish","type":"page","link":"https:\/\/agora.xtec.cat\/iesmontsacopa\/secretaria\/tramits-viatges-a-lestranger\/","title":{"rendered":"Tr\u00e0mits viatges a l&#8217;estranger"},"content":{"rendered":"\n<p><strong>V\u00eddeo informatiu:<\/strong><\/p>\n<p><iframe loading=\"lazy\" title=\"YouTube video player\" src=\"https:\/\/www.youtube.com\/embed\/wIRtymMp0R8?si=Qc59NXnm4oEOxbcd\" width=\"560\" height=\"315\" frameborder=\"0\" allowfullscreen=\"allowfullscreen\"><\/iframe><\/p>\n<p><strong>P\u00e0gina web per la tramitaci\u00f3 dels permisos de viatge a l&#8217;estranger per a menors:<\/strong><\/p>\n<p><a href=\"https:\/\/mossos.gencat.cat\/ca\/detalls\/Tramit\/Declaracio-de-permis-de-viatge-a-lestranger-per-a-menors\" data-saferedirecturl=\"https:\/\/www.google.com\/url?q=https:\/\/mossos.gencat.cat\/ca\/detalls\/Tramit\/Declaracio-de-permis-de-viatge-a-lestranger-per-a-menors&amp;source=gmail&amp;ust=1746006487039000&amp;usg=AOvVaw0qqcTbjrPiW0nhE6pJXd9d\">https:\/\/mossos.gencat.cat\/ca\/detalls\/Tramit\/Declaracio-de-permis-de-viatge-a-lestranger-per-a-menors<\/a><\/p>\n","protected":false},"excerpt":{"rendered":"<p>V\u00eddeo informatiu: P\u00e0gina web per la tramitaci\u00f3 dels permisos de viatge a l&#8217;estranger per a menors: https:\/\/mossos.gencat.cat\/ca\/detalls\/Tramit\/Declaracio-de-permis-de-viatge-a-lestranger-per-a-menors<\/p>\n","protected":false},"author":1,"featured_media":0,"parent":81,"menu_order":3,"comment_status":"closed","ping_status":"closed","template":"","meta":{"_bbp_topic_count":0,"_bbp_reply_count":0,"_bbp_total_topic_count":0,"_bbp_total_reply_count":0,"_bbp_voice_count":0,"_bbp_anonymous_reply_count":0,"_bbp_topic_count_hidden":0,"_bbp_reply_count_hidden":0,"_bbp_forum_subforum_count":0,"site-sidebar-layout":"left-sidebar","site-content-layout":"","ast-site-content-layout":"default","site-content-style":"default","site-sidebar-style":"default","ast-global-header-display":"","ast-banner-title-visibility":"","ast-main-header-display":"","ast-hfb-above-header-display":"","ast-hfb-below-header-display":"","ast-hfb-mobile-header-display":"","site-post-title":"","ast-breadcrumbs-content":"","ast-featured-img":"","footer-sml-layout":"","theme-transparent-header-meta":"","adv-header-id-meta":"","stick-header-meta":"","header-above-stick-meta":"","header-main-stick-meta":"","header-below-stick-meta":"","astra-migrate-meta-layouts":"set","ast-page-background-enabled":"default","ast-page-background-meta":{"desktop":{"background-color":"var(--ast-global-color-4)","background-image":"","background-repeat":"repeat","background-position":"center center","background-size":"auto","background-attachment":"scroll","background-type":"","background-media":"","overlay-type":"","overlay-color":"","overlay-opacity":"","overlay-gradient":""},"tablet":{"background-color":"","background-image":"","background-repeat":"repeat","background-position":"center center","background-size":"auto","background-attachment":"scroll","background-type":"","background-media":"","overlay-type":"","overlay-color":"","overlay-opacity":"","overlay-gradient":""},"mobile":{"background-color":"","background-image":"","background-repeat":"repeat","background-position":"center center","background-size":"auto","background-attachment":"scroll","background-type":"","background-media":"","overlay-type":"","overlay-color":"","overlay-opacity":"","overlay-gradient":""}},"ast-content-background-meta":{"desktop":{"background-color":"var(--ast-global-color-5)","background-image":"","background-repeat":"repeat","background-position":"center center","background-size":"auto","background-attachment":"scroll","background-type":"","background-media":"","overlay-type":"","overlay-color":"","overlay-opacity":"","overlay-gradient":""},"tablet":{"background-color":"var(--ast-global-color-5)","background-image":"","background-repeat":"repeat","background-position":"center center","background-size":"auto","background-attachment":"scroll","background-type":"","background-media":"","overlay-type":"","overlay-color":"","overlay-opacity":"","overlay-gradient":""},"mobile":{"background-color":"var(--ast-global-color-5)","background-image":"","background-repeat":"repeat","background-position":"center center","background-size":"auto","background-attachment":"scroll","background-type":"","background-media":"","overlay-type":"","overlay-color":"","overlay-opacity":"","overlay-gradient":""}},"footnotes":""},"class_list":["post-14649","page","type-page","status-publish","hentry"],"post_mailing_queue_ids":[],"_links":{"self":[{"href":"https:\/\/agora.xtec.cat\/iesmontsacopa\/wp-json\/wp\/v2\/pages\/14649","targetHints":{"allow":["GET"]}}],"collection":[{"href":"https:\/\/agora.xtec.cat\/iesmontsacopa\/wp-json\/wp\/v2\/pages"}],"about":[{"href":"https:\/\/agora.xtec.cat\/iesmontsacopa\/wp-json\/wp\/v2\/types\/page"}],"author":[{"embeddable":true,"href":"https:\/\/agora.xtec.cat\/iesmontsacopa\/wp-json\/wp\/v2\/users\/1"}],"replies":[{"embeddable":true,"href":"https:\/\/agora.xtec.cat\/iesmontsacopa\/wp-json\/wp\/v2\/comments?post=14649"}],"version-history":[{"count":5,"href":"https:\/\/agora.xtec.cat\/iesmontsacopa\/wp-json\/wp\/v2\/pages\/14649\/revisions"}],"predecessor-version":[{"id":15763,"href":"https:\/\/agora.xtec.cat\/iesmontsacopa\/wp-json\/wp\/v2\/pages\/14649\/revisions\/15763"}],"up":[{"embeddable":true,"href":"https:\/\/agora.xtec.cat\/iesmontsacopa\/wp-json\/wp\/v2\/pages\/81"}],"wp:attachment":[{"href":"https:\/\/agora.xtec.cat\/iesmontsacopa\/wp-json\/wp\/v2\/media?parent=14649"}],"curies":[{"name":"wp","href":"https:\/\/api.w.org\/{rel}","templated":true}]}}