{"id":13985,"date":"2024-10-15T22:56:51","date_gmt":"2024-10-15T20:56:51","guid":{"rendered":"https:\/\/agora.xtec.cat\/iesmontsacopa\/?page_id=13985"},"modified":"2025-10-02T16:25:11","modified_gmt":"2025-10-02T14:25:11","slug":"projectes-curs-24-25","status":"publish","type":"page","link":"https:\/\/agora.xtec.cat\/iesmontsacopa\/premis-i-projectes\/projectes\/erasmus\/educacio-escolar-erasmus\/projectes-curs-24-25\/","title":{"rendered":"Projectes curs 2024-25"},"content":{"rendered":"<table style=\"width: 100%;\">\n<tbody>\n<tr>\n<td style=\"border-color: #ffffff; background-color: #92ae01;\"><\/td>\n<\/tr>\n<\/tbody>\n<\/table>\n<h3>Gener 2025<\/h3>\n<div><img decoding=\"async\" class=\"an1\" draggable=\"false\" src=\"https:\/\/fonts.gstatic.com\/s\/e\/notoemoji\/16.0\/1f30d\/32.png\" alt=\"\ud83c\udf0d\" data-emoji=\"\ud83c\udf0d\" aria-label=\"\ud83c\udf0d\" \/> Els alumnes del Lyc\u00e9e Colbert &#8211; Lorient de la Bretanya francesa ens van visitar en el programa de mobilitat Erasmus +.<\/div>\n<p>V\u00e0rem aprofitar per fer una activitat art\u00edstica: la creaci\u00f3 d&#8217;un carnet de voyage, un dia de visita a Barcelona, ensenyar-los les meravelles del nostre entorn, Figueres i el seu emblem\u00e0tic Teatre- Museu Dal\u00ed i la Jonquera.<\/p>\n<p>Ah i no v\u00e0rem perdre el temps posant-nos les botes amb una bon\u00edssima xocolata amb xurros!\u00a0 <img decoding=\"async\" class=\"an1\" draggable=\"false\" src=\"https:\/\/fonts.gstatic.com\/s\/e\/notoemoji\/16.0\/2615\/32.png\" alt=\"\u2615\" data-emoji=\"\u2615\" aria-label=\"\u2615\" \/><img decoding=\"async\" class=\"an1\" draggable=\"false\" src=\"https:\/\/fonts.gstatic.com\/s\/e\/notoemoji\/16.0\/2615\/32.png\" alt=\"\u2615\" data-emoji=\"\u2615\" aria-label=\"\u2615\" \/><\/p>\n<p><a href=\"https:\/\/photos.google.com\/u\/3\/album\/AF1QipOiC1HkgBvoi7HD62h-9aq1W8z5gUDg9WNFG5Vf\/photo\/AF1QipPBtzk0n3fHpJJPcIhgcAnW3NB42e3-d3QuZ8za\" target=\"_blank\" rel=\"noopener\"><img loading=\"lazy\" decoding=\"async\" class=\"aligncenter wp-image-14132 size-full\" src=\"https:\/\/agora.xtec.cat\/iesmontsacopa\/wp-content\/uploads\/usu944\/2025\/02\/portada_mobilitat25-1.jpg\" alt=\"\" width=\"1152\" height=\"462\" srcset=\"https:\/\/agora.xtec.cat\/iesmontsacopa\/wp-content\/uploads\/usu944\/2025\/02\/portada_mobilitat25-1.jpg 1152w, https:\/\/agora.xtec.cat\/iesmontsacopa\/wp-content\/uploads\/usu944\/2025\/02\/portada_mobilitat25-1-300x120.jpg 300w, https:\/\/agora.xtec.cat\/iesmontsacopa\/wp-content\/uploads\/usu944\/2025\/02\/portada_mobilitat25-1-1024x411.jpg 1024w, https:\/\/agora.xtec.cat\/iesmontsacopa\/wp-content\/uploads\/usu944\/2025\/02\/portada_mobilitat25-1-768x308.jpg 768w\" sizes=\"auto, (max-width: 1152px) 100vw, 1152px\" \/><\/a><\/p>\n<h3>Octubre 2024<\/h3>\n<p style=\"text-align: justify;\">Aquesta setmana es celebren els Erasmus Days, una oportunitat de compartir exper\u00ecencies i explicar els beneficis del programa Erasmus+. Nosaltres hem decidit celebrar-ho els dies 15 i 16 d&#8217;octubre. El primer dia el dediquem a Educaci\u00f3 Escolar (ESO i Batxillerat) i el segon, a Cicles Formatius.<\/p>\n<p style=\"text-align: justify;\">Durant el mat\u00ed de dimarts tot l&#8217;alumnat del centre ha visitat una exposici\u00f3 i han rebut diverses informacions. Hem explicat qu\u00e8 s\u00f3n els projectes Erasmus+ i quins tenim actius aquest curs. Hem donat especial import\u00e0ncia a l&#8217;aprenentatge del franc\u00e8s. S&#8217;ha explicat quins avantatges t\u00e9 estudiar franc\u00e8s i fer Batxibac i quins recursos ens proporciona tenir un bon domini de diferents lleng\u00fces en el futur. Els projectes Erasmus+ ens permeten practicar diferents lleng\u00fces europees i ens acosten a diferents cultures a trav\u00e9s de les mobilitats.<br \/>\nA la tarda, el professorat que va anar a fer cursos l&#8217;estiu passat ha compartit la seva experi\u00e8ncia amb tot el Claustre.<\/p>\n<p style=\"text-align: justify;\">Us deixem amb un recull de fotos de la jornada.<\/p>\n<table style=\"border-collapse: collapse; width: 100%;\">\n<tbody>\n<tr>\n<td style=\"width: 20%; border-color: #ffffff; background-color: #ffffff; vertical-align: top;\"><a href=\"https:\/\/agora.xtec.cat\/iesmontsacopa\/wp-content\/uploads\/usu944\/2024\/10\/er1.jpg\"><img loading=\"lazy\" decoding=\"async\" class=\"aligncenter size-full wp-image-13991\" src=\"https:\/\/agora.xtec.cat\/iesmontsacopa\/wp-content\/uploads\/usu944\/2024\/10\/er1.jpg\" alt=\"\" width=\"341\" height=\"773\" srcset=\"https:\/\/agora.xtec.cat\/iesmontsacopa\/wp-content\/uploads\/usu944\/2024\/10\/er1.jpg 341w, https:\/\/agora.xtec.cat\/iesmontsacopa\/wp-content\/uploads\/usu944\/2024\/10\/er1-132x300.jpg 132w\" sizes=\"auto, (max-width: 341px) 100vw, 341px\" \/><\/a><\/td>\n<td style=\"width: 20%; border-color: #ffffff; background-color: #ffffff; vertical-align: top;\"><a href=\"https:\/\/agora.xtec.cat\/iesmontsacopa\/wp-content\/uploads\/usu944\/2024\/10\/er2.jpg\"><img loading=\"lazy\" decoding=\"async\" class=\"aligncenter size-full wp-image-13992\" src=\"https:\/\/agora.xtec.cat\/iesmontsacopa\/wp-content\/uploads\/usu944\/2024\/10\/er2.jpg\" alt=\"\" width=\"342\" height=\"767\" srcset=\"https:\/\/agora.xtec.cat\/iesmontsacopa\/wp-content\/uploads\/usu944\/2024\/10\/er2.jpg 342w, https:\/\/agora.xtec.cat\/iesmontsacopa\/wp-content\/uploads\/usu944\/2024\/10\/er2-134x300.jpg 134w\" sizes=\"auto, (max-width: 342px) 100vw, 342px\" \/><\/a><\/td>\n<td style=\"width: 20%; border-color: #ffffff; background-color: #ffffff; vertical-align: top;\"><a href=\"https:\/\/agora.xtec.cat\/iesmontsacopa\/wp-content\/uploads\/usu944\/2024\/10\/er4.jpg\"><img loading=\"lazy\" decoding=\"async\" class=\"aligncenter size-full wp-image-13994\" src=\"https:\/\/agora.xtec.cat\/iesmontsacopa\/wp-content\/uploads\/usu944\/2024\/10\/er4.jpg\" alt=\"\" width=\"342\" height=\"767\" srcset=\"https:\/\/agora.xtec.cat\/iesmontsacopa\/wp-content\/uploads\/usu944\/2024\/10\/er4.jpg 342w, https:\/\/agora.xtec.cat\/iesmontsacopa\/wp-content\/uploads\/usu944\/2024\/10\/er4-134x300.jpg 134w\" sizes=\"auto, (max-width: 342px) 100vw, 342px\" \/><\/a><\/td>\n<td style=\"width: 20%; border-color: #ffffff; background-color: #ffffff; vertical-align: top;\"><a href=\"https:\/\/agora.xtec.cat\/iesmontsacopa\/wp-content\/uploads\/usu944\/2024\/10\/er5.jpg\"><img loading=\"lazy\" decoding=\"async\" class=\"aligncenter size-full wp-image-13995\" src=\"https:\/\/agora.xtec.cat\/iesmontsacopa\/wp-content\/uploads\/usu944\/2024\/10\/er5.jpg\" alt=\"\" width=\"341\" height=\"772\" srcset=\"https:\/\/agora.xtec.cat\/iesmontsacopa\/wp-content\/uploads\/usu944\/2024\/10\/er5.jpg 341w, https:\/\/agora.xtec.cat\/iesmontsacopa\/wp-content\/uploads\/usu944\/2024\/10\/er5-133x300.jpg 133w\" sizes=\"auto, (max-width: 341px) 100vw, 341px\" \/><\/a><\/td>\n<td style=\"width: 20%; border-color: #ffffff; background-color: #ffffff; vertical-align: top;\"><a href=\"https:\/\/agora.xtec.cat\/iesmontsacopa\/wp-content\/uploads\/usu944\/2024\/10\/er3.jpg\"><img loading=\"lazy\" decoding=\"async\" class=\"aligncenter size-full wp-image-13993\" src=\"https:\/\/agora.xtec.cat\/iesmontsacopa\/wp-content\/uploads\/usu944\/2024\/10\/er3.jpg\" alt=\"\" width=\"347\" height=\"773\" srcset=\"https:\/\/agora.xtec.cat\/iesmontsacopa\/wp-content\/uploads\/usu944\/2024\/10\/er3.jpg 347w, https:\/\/agora.xtec.cat\/iesmontsacopa\/wp-content\/uploads\/usu944\/2024\/10\/er3-135x300.jpg 135w\" sizes=\"auto, (max-width: 347px) 100vw, 347px\" \/><\/a><\/td>\n<\/tr>\n<tr>\n<td style=\"width: 20%; border-color: #ffffff; background-color: #ffffff; vertical-align: top;\"><a href=\"https:\/\/agora.xtec.cat\/iesmontsacopa\/wp-content\/uploads\/usu944\/2024\/10\/er8.jpg\"><img loading=\"lazy\" decoding=\"async\" class=\"aligncenter size-full wp-image-13998\" src=\"https:\/\/agora.xtec.cat\/iesmontsacopa\/wp-content\/uploads\/usu944\/2024\/10\/er8.jpg\" alt=\"\" width=\"1031\" height=\"773\" srcset=\"https:\/\/agora.xtec.cat\/iesmontsacopa\/wp-content\/uploads\/usu944\/2024\/10\/er8.jpg 1031w, https:\/\/agora.xtec.cat\/iesmontsacopa\/wp-content\/uploads\/usu944\/2024\/10\/er8-300x225.jpg 300w, https:\/\/agora.xtec.cat\/iesmontsacopa\/wp-content\/uploads\/usu944\/2024\/10\/er8-1024x768.jpg 1024w, https:\/\/agora.xtec.cat\/iesmontsacopa\/wp-content\/uploads\/usu944\/2024\/10\/er8-768x576.jpg 768w, https:\/\/agora.xtec.cat\/iesmontsacopa\/wp-content\/uploads\/usu944\/2024\/10\/er8-200x150.jpg 200w\" sizes=\"auto, (max-width: 1031px) 100vw, 1031px\" \/><\/a><\/td>\n<td style=\"width: 20%; border-color: #ffffff; background-color: #ffffff; vertical-align: top;\" colspan=\"2\"><a href=\"https:\/\/agora.xtec.cat\/iesmontsacopa\/wp-content\/uploads\/usu944\/2024\/10\/er9.jpg\"><img loading=\"lazy\" decoding=\"async\" class=\"aligncenter size-full wp-image-13999\" src=\"https:\/\/agora.xtec.cat\/iesmontsacopa\/wp-content\/uploads\/usu944\/2024\/10\/er9.jpg\" alt=\"\" width=\"1707\" height=\"766\" srcset=\"https:\/\/agora.xtec.cat\/iesmontsacopa\/wp-content\/uploads\/usu944\/2024\/10\/er9.jpg 1707w, https:\/\/agora.xtec.cat\/iesmontsacopa\/wp-content\/uploads\/usu944\/2024\/10\/er9-300x135.jpg 300w, https:\/\/agora.xtec.cat\/iesmontsacopa\/wp-content\/uploads\/usu944\/2024\/10\/er9-1024x460.jpg 1024w, https:\/\/agora.xtec.cat\/iesmontsacopa\/wp-content\/uploads\/usu944\/2024\/10\/er9-768x345.jpg 768w, https:\/\/agora.xtec.cat\/iesmontsacopa\/wp-content\/uploads\/usu944\/2024\/10\/er9-1536x689.jpg 1536w\" sizes=\"auto, (max-width: 1707px) 100vw, 1707px\" \/><\/a><\/td>\n<td style=\"width: 20%; border-color: #ffffff; background-color: #ffffff; vertical-align: top;\" colspan=\"2\"><a href=\"https:\/\/agora.xtec.cat\/iesmontsacopa\/wp-content\/uploads\/usu944\/2024\/10\/er10.jpg\"><img loading=\"lazy\" decoding=\"async\" class=\"aligncenter size-full wp-image-14000\" src=\"https:\/\/agora.xtec.cat\/iesmontsacopa\/wp-content\/uploads\/usu944\/2024\/10\/er10.jpg\" alt=\"\" width=\"1702\" height=\"768\" srcset=\"https:\/\/agora.xtec.cat\/iesmontsacopa\/wp-content\/uploads\/usu944\/2024\/10\/er10.jpg 1702w, https:\/\/agora.xtec.cat\/iesmontsacopa\/wp-content\/uploads\/usu944\/2024\/10\/er10-300x135.jpg 300w, https:\/\/agora.xtec.cat\/iesmontsacopa\/wp-content\/uploads\/usu944\/2024\/10\/er10-1024x462.jpg 1024w, https:\/\/agora.xtec.cat\/iesmontsacopa\/wp-content\/uploads\/usu944\/2024\/10\/er10-768x347.jpg 768w, https:\/\/agora.xtec.cat\/iesmontsacopa\/wp-content\/uploads\/usu944\/2024\/10\/er10-1536x693.jpg 1536w\" sizes=\"auto, (max-width: 1702px) 100vw, 1702px\" \/><\/a><\/td>\n<\/tr>\n<\/tbody>\n<\/table>\n<table style=\"border-collapse: collapse; width: 100%;\">\n<tbody>\n<tr>\n<td style=\"width: 50%;\"><a href=\"https:\/\/agora.xtec.cat\/iesmontsacopa\/wp-content\/uploads\/usu944\/2024\/10\/er6.jpg\"><img loading=\"lazy\" decoding=\"async\" class=\"aligncenter size-full wp-image-13996\" src=\"https:\/\/agora.xtec.cat\/iesmontsacopa\/wp-content\/uploads\/usu944\/2024\/10\/er6.jpg\" alt=\"\" width=\"540\" height=\"768\" srcset=\"https:\/\/agora.xtec.cat\/iesmontsacopa\/wp-content\/uploads\/usu944\/2024\/10\/er6.jpg 540w, https:\/\/agora.xtec.cat\/iesmontsacopa\/wp-content\/uploads\/usu944\/2024\/10\/er6-211x300.jpg 211w\" sizes=\"auto, (max-width: 540px) 100vw, 540px\" \/><\/a><\/td>\n<td style=\"width: 50%;\"><a href=\"https:\/\/agora.xtec.cat\/iesmontsacopa\/wp-content\/uploads\/usu944\/2024\/10\/er7.jpg\"><img loading=\"lazy\" decoding=\"async\" class=\"aligncenter size-full wp-image-13997\" src=\"https:\/\/agora.xtec.cat\/iesmontsacopa\/wp-content\/uploads\/usu944\/2024\/10\/er7.jpg\" alt=\"\" width=\"542\" height=\"770\" srcset=\"https:\/\/agora.xtec.cat\/iesmontsacopa\/wp-content\/uploads\/usu944\/2024\/10\/er7.jpg 542w, https:\/\/agora.xtec.cat\/iesmontsacopa\/wp-content\/uploads\/usu944\/2024\/10\/er7-211x300.jpg 211w\" sizes=\"auto, (max-width: 542px) 100vw, 542px\" \/><\/a><\/td>\n<\/tr>\n<\/tbody>\n<\/table>\n<p>&nbsp;<\/p>\n<table style=\"width: 100%;\">\n<tbody>\n<tr>\n<td style=\"border-color: #ffffff; background-color: #92ae01;\"><\/td>\n<\/tr>\n<\/tbody>\n<\/table>\n","protected":false},"excerpt":{"rendered":"<p>Gener 2025 Els alumnes del Lyc\u00e9e Colbert &#8211; Lorient de la Bretanya francesa ens van visitar en el programa de mobilitat Erasmus +. V\u00e0rem aprofitar per fer una activitat art\u00edstica: la creaci\u00f3 d&#8217;un carnet de voyage, un dia de visita a Barcelona, ensenyar-los les meravelles del nostre entorn, Figueres i el seu emblem\u00e0tic Teatre- Museu [&hellip;]<\/p>\n","protected":false},"author":1,"featured_media":0,"parent":13107,"menu_order":0,"comment_status":"closed","ping_status":"closed","template":"page-templates\/side-menu.php","meta":{"_bbp_topic_count":0,"_bbp_reply_count":0,"_bbp_total_topic_count":0,"_bbp_total_reply_count":0,"_bbp_voice_count":0,"_bbp_anonymous_reply_count":0,"_bbp_topic_count_hidden":0,"_bbp_reply_count_hidden":0,"_bbp_forum_subforum_count":0,"site-sidebar-layout":"default","site-content-layout":"","ast-site-content-layout":"","site-content-style":"default","site-sidebar-style":"default","ast-global-header-display":"","ast-banner-title-visibility":"","ast-main-header-display":"","ast-hfb-above-header-display":"","ast-hfb-below-header-display":"","ast-hfb-mobile-header-display":"","site-post-title":"","ast-breadcrumbs-content":"","ast-featured-img":"","footer-sml-layout":"","theme-transparent-header-meta":"","adv-header-id-meta":"","stick-header-meta":"","header-above-stick-meta":"","header-main-stick-meta":"","header-below-stick-meta":"","astra-migrate-meta-layouts":"default","ast-page-background-enabled":"default","ast-page-background-meta":{"desktop":{"background-color":"var(--ast-global-color-4)","background-image":"","background-repeat":"repeat","background-position":"center center","background-size":"auto","background-attachment":"scroll","background-type":"","background-media":"","overlay-type":"","overlay-color":"","overlay-opacity":"","overlay-gradient":""},"tablet":{"background-color":"","background-image":"","background-repeat":"repeat","background-position":"center center","background-size":"auto","background-attachment":"scroll","background-type":"","background-media":"","overlay-type":"","overlay-color":"","overlay-opacity":"","overlay-gradient":""},"mobile":{"background-color":"","background-image":"","background-repeat":"repeat","background-position":"center center","background-size":"auto","background-attachment":"scroll","background-type":"","background-media":"","overlay-type":"","overlay-color":"","overlay-opacity":"","overlay-gradient":""}},"ast-content-background-meta":{"desktop":{"background-color":"var(--ast-global-color-5)","background-image":"","background-repeat":"repeat","background-position":"center center","background-size":"auto","background-attachment":"scroll","background-type":"","background-media":"","overlay-type":"","overlay-color":"","overlay-opacity":"","overlay-gradient":""},"tablet":{"background-color":"var(--ast-global-color-5)","background-image":"","background-repeat":"repeat","background-position":"center center","background-size":"auto","background-attachment":"scroll","background-type":"","background-media":"","overlay-type":"","overlay-color":"","overlay-opacity":"","overlay-gradient":""},"mobile":{"background-color":"var(--ast-global-color-5)","background-image":"","background-repeat":"repeat","background-position":"center center","background-size":"auto","background-attachment":"scroll","background-type":"","background-media":"","overlay-type":"","overlay-color":"","overlay-opacity":"","overlay-gradient":""}},"footnotes":""},"class_list":["post-13985","page","type-page","status-publish","hentry"],"post_mailing_queue_ids":[],"_links":{"self":[{"href":"https:\/\/agora.xtec.cat\/iesmontsacopa\/wp-json\/wp\/v2\/pages\/13985","targetHints":{"allow":["GET"]}}],"collection":[{"href":"https:\/\/agora.xtec.cat\/iesmontsacopa\/wp-json\/wp\/v2\/pages"}],"about":[{"href":"https:\/\/agora.xtec.cat\/iesmontsacopa\/wp-json\/wp\/v2\/types\/page"}],"author":[{"embeddable":true,"href":"https:\/\/agora.xtec.cat\/iesmontsacopa\/wp-json\/wp\/v2\/users\/1"}],"replies":[{"embeddable":true,"href":"https:\/\/agora.xtec.cat\/iesmontsacopa\/wp-json\/wp\/v2\/comments?post=13985"}],"version-history":[{"count":6,"href":"https:\/\/agora.xtec.cat\/iesmontsacopa\/wp-json\/wp\/v2\/pages\/13985\/revisions"}],"predecessor-version":[{"id":15199,"href":"https:\/\/agora.xtec.cat\/iesmontsacopa\/wp-json\/wp\/v2\/pages\/13985\/revisions\/15199"}],"up":[{"embeddable":true,"href":"https:\/\/agora.xtec.cat\/iesmontsacopa\/wp-json\/wp\/v2\/pages\/13107"}],"wp:attachment":[{"href":"https:\/\/agora.xtec.cat\/iesmontsacopa\/wp-json\/wp\/v2\/media?parent=13985"}],"curies":[{"name":"wp","href":"https:\/\/api.w.org\/{rel}","templated":true}]}}