{"id":13846,"date":"2024-10-03T17:41:48","date_gmt":"2024-10-03T15:41:48","guid":{"rendered":"https:\/\/agora.xtec.cat\/iesmontsacopa\/?page_id=13846"},"modified":"2025-09-26T08:09:24","modified_gmt":"2025-09-26T06:09:24","slug":"erasmusmobilitat-cicles","status":"publish","type":"page","link":"https:\/\/agora.xtec.cat\/iesmontsacopa\/premis-i-projectes\/projectes\/erasmus\/erasmusmobilitat-cicles\/","title":{"rendered":"Erasmus+mobilitat cicles"},"content":{"rendered":"<table style=\"width: 100%;\">\n<tbody>\n<tr>\n<td style=\"border-color: #ffffff; background-color: #0988a9;\"><\/td>\n<\/tr>\n<\/tbody>\n<\/table>\n<table style=\"border-collapse: collapse; width: 100%;\">\n<tbody>\n<tr>\n<td style=\"width: 50%; border-color: #ffffff; vertical-align: top;\">\n<h5><strong>CARTA ECHE:<\/strong><\/h5>\n<p style=\"text-align: justify;\">The Erasmus Charter for Higher Education (ECHE) provides the general quality framework for European and international cooperation activities a higher education institution may carry out within Erasmus+. The award of an ECHE is a pre-requisite for all higher education institutions located in a Programme country and willing to participate in learning mobility of individuals and\/or cooperation for innovation and good practices under Erasmus+.<\/p>\n<p style=\"text-align: justify;\">La carta ECHE (Carta Erasmus d&#8217;Educaci\u00f3 Superior) \u00e9s un pre-requisit per participar en mobilitats d&#8217;aprenentatge entre centres d\u2019educaci\u00f3 superior. El fet de tenir-la ens permet oferir la possibilitat de realitzar pr\u00e0ctiques, formacions o estades a alumnes i docents d\u2019educaci\u00f3 superior. A m\u00e9s, ens assegura una cooperaci\u00f3 de qualitat dins del programa Erasmus+.<\/p>\n<h5><a href=\"https:\/\/drive.google.com\/file\/d\/1bo-iARNH4p1CRE2sv7RidgDsH_fPN5oT\/view?usp=sharing\" target=\"_blank\" rel=\"noopener noreferrer\"><strong>ERASMUS CHARTER FOR HIGHER EDUCATION 2021-2027<\/strong><\/a><\/h5>\n<\/td>\n<td style=\"width: 50%; border-color: #ffffff;\">\n<h5><\/h5>\n<table style=\"width: 100%;\">\n<tbody>\n<tr>\n<td style=\"border-color: #ffffff; background-color: #92ae01; vertical-align: top;\"><\/td>\n<\/tr>\n<\/tbody>\n<\/table>\n<table style=\"border-collapse: collapse; width: 100%;\">\n<tbody>\n<tr>\n<td style=\"width: 100%; border-color: #ffffff; background-color: #dedcdc;\">\n<h4 style=\"text-align: left;\"><a href=\"https:\/\/agora.xtec.cat\/iesmontsacopa\/premis-i-projectes\/projectes\/erasmus\/erasmus-mobilitat-grau-superior\/erasmusmobilitat-grau-mitja\/\"><span style=\"color: #800000;\"><strong style=\"font-family: inherit; font-size: 1.125em;\">Cicle Formatiu de Grau Mitj\u00e0<\/strong><\/span><\/a><\/h4>\n<h4 style=\"text-align: left;\"><a href=\"https:\/\/agora.xtec.cat\/iesmontsacopa\/premis-i-projectes\/projectes\/erasmus\/erasmus-mobilitat-grau-superior\/erasmusmobilitat-grau-mitja\/\"><span style=\"color: #800000;\"><strong style=\"font-family: inherit; font-size: 1.125em;\">Atenci\u00f3 a persones en situaci\u00f3 de depend\u00e8ncia<\/strong><\/span><\/a><\/h4>\n<\/td>\n<\/tr>\n<\/tbody>\n<\/table>\n<table style=\"width: 100%;\">\n<tbody>\n<tr>\n<td style=\"border-color: #ffffff; background-color: #92ae01;\"><\/td>\n<\/tr>\n<\/tbody>\n<\/table>\n<table style=\"border-collapse: collapse; width: 100%;\">\n<tbody>\n<tr>\n<td style=\"width: 100%; border-color: #ffffff; background-color: #dedcdc;\">\n<h4 style=\"text-align: left;\"><a href=\"https:\/\/agora.xtec.cat\/iesmontsacopa\/premis-i-projectes\/projectes\/erasmus\/erasmusmobilitat-cicles\/erasmus-mobilitat-grau-superior\/\"><span style=\"color: #800000;\"><strong style=\"font-family: inherit; font-size: 1.125em;\">Cicles Formatius de Grau Superior<\/strong><\/span><\/a><\/h4>\n<h4 style=\"text-align: left;\"><a href=\"https:\/\/agora.xtec.cat\/iesmontsacopa\/premis-i-projectes\/projectes\/erasmus\/erasmusmobilitat-cicles\/erasmus-mobilitat-grau-superior\/\"><span style=\"color: #800000;\"><strong style=\"font-family: inherit; font-size: 1.125em;\">Educaci\u00f3 Infantil i Integraci\u00f3 Social<\/strong><\/span><\/a><\/h4>\n<\/td>\n<\/tr>\n<\/tbody>\n<\/table>\n<table style=\"width: 100%;\">\n<tbody>\n<tr>\n<td style=\"border-color: #ffffff; background-color: #92ae01;\"><\/td>\n<\/tr>\n<\/tbody>\n<\/table>\n<\/td>\n<\/tr>\n<\/tbody>\n<\/table>\n<h5><\/h5>\n","protected":false},"excerpt":{"rendered":"<p>CARTA ECHE: The Erasmus Charter for Higher Education (ECHE) provides the general quality framework for European and international cooperation activities a higher education institution may carry out within Erasmus+. The award of an ECHE is a pre-requisite for all higher education institutions located in a Programme country and willing to participate in learning mobility of [&hellip;]<\/p>\n","protected":false},"author":1,"featured_media":0,"parent":8095,"menu_order":0,"comment_status":"closed","ping_status":"closed","template":"","meta":{"_bbp_topic_count":0,"_bbp_reply_count":0,"_bbp_total_topic_count":0,"_bbp_total_reply_count":0,"_bbp_voice_count":0,"_bbp_anonymous_reply_count":0,"_bbp_topic_count_hidden":0,"_bbp_reply_count_hidden":0,"_bbp_forum_subforum_count":0,"site-sidebar-layout":"default","site-content-layout":"","ast-site-content-layout":"","site-content-style":"default","site-sidebar-style":"default","ast-global-header-display":"","ast-banner-title-visibility":"","ast-main-header-display":"","ast-hfb-above-header-display":"","ast-hfb-below-header-display":"","ast-hfb-mobile-header-display":"","site-post-title":"","ast-breadcrumbs-content":"","ast-featured-img":"","footer-sml-layout":"","theme-transparent-header-meta":"","adv-header-id-meta":"","stick-header-meta":"","header-above-stick-meta":"","header-main-stick-meta":"","header-below-stick-meta":"","astra-migrate-meta-layouts":"default","ast-page-background-enabled":"default","ast-page-background-meta":{"desktop":{"background-color":"var(--ast-global-color-4)","background-image":"","background-repeat":"repeat","background-position":"center center","background-size":"auto","background-attachment":"scroll","background-type":"","background-media":"","overlay-type":"","overlay-color":"","overlay-opacity":"","overlay-gradient":""},"tablet":{"background-color":"","background-image":"","background-repeat":"repeat","background-position":"center center","background-size":"auto","background-attachment":"scroll","background-type":"","background-media":"","overlay-type":"","overlay-color":"","overlay-opacity":"","overlay-gradient":""},"mobile":{"background-color":"","background-image":"","background-repeat":"repeat","background-position":"center center","background-size":"auto","background-attachment":"scroll","background-type":"","background-media":"","overlay-type":"","overlay-color":"","overlay-opacity":"","overlay-gradient":""}},"ast-content-background-meta":{"desktop":{"background-color":"var(--ast-global-color-5)","background-image":"","background-repeat":"repeat","background-position":"center center","background-size":"auto","background-attachment":"scroll","background-type":"","background-media":"","overlay-type":"","overlay-color":"","overlay-opacity":"","overlay-gradient":""},"tablet":{"background-color":"var(--ast-global-color-5)","background-image":"","background-repeat":"repeat","background-position":"center center","background-size":"auto","background-attachment":"scroll","background-type":"","background-media":"","overlay-type":"","overlay-color":"","overlay-opacity":"","overlay-gradient":""},"mobile":{"background-color":"var(--ast-global-color-5)","background-image":"","background-repeat":"repeat","background-position":"center center","background-size":"auto","background-attachment":"scroll","background-type":"","background-media":"","overlay-type":"","overlay-color":"","overlay-opacity":"","overlay-gradient":""}},"footnotes":""},"class_list":["post-13846","page","type-page","status-publish","hentry"],"post_mailing_queue_ids":[],"_links":{"self":[{"href":"https:\/\/agora.xtec.cat\/iesmontsacopa\/wp-json\/wp\/v2\/pages\/13846","targetHints":{"allow":["GET"]}}],"collection":[{"href":"https:\/\/agora.xtec.cat\/iesmontsacopa\/wp-json\/wp\/v2\/pages"}],"about":[{"href":"https:\/\/agora.xtec.cat\/iesmontsacopa\/wp-json\/wp\/v2\/types\/page"}],"author":[{"embeddable":true,"href":"https:\/\/agora.xtec.cat\/iesmontsacopa\/wp-json\/wp\/v2\/users\/1"}],"replies":[{"embeddable":true,"href":"https:\/\/agora.xtec.cat\/iesmontsacopa\/wp-json\/wp\/v2\/comments?post=13846"}],"version-history":[{"count":6,"href":"https:\/\/agora.xtec.cat\/iesmontsacopa\/wp-json\/wp\/v2\/pages\/13846\/revisions"}],"predecessor-version":[{"id":15175,"href":"https:\/\/agora.xtec.cat\/iesmontsacopa\/wp-json\/wp\/v2\/pages\/13846\/revisions\/15175"}],"up":[{"embeddable":true,"href":"https:\/\/agora.xtec.cat\/iesmontsacopa\/wp-json\/wp\/v2\/pages\/8095"}],"wp:attachment":[{"href":"https:\/\/agora.xtec.cat\/iesmontsacopa\/wp-json\/wp\/v2\/media?parent=13846"}],"curies":[{"name":"wp","href":"https:\/\/api.w.org\/{rel}","templated":true}]}}