{"id":13844,"date":"2024-10-03T12:41:03","date_gmt":"2024-10-03T10:41:03","guid":{"rendered":"https:\/\/agora.xtec.cat\/iesmontsacopa\/?page_id=13844"},"modified":"2026-04-15T14:04:36","modified_gmt":"2026-04-15T12:04:36","slug":"erasmusmobilitat-grau-mitja","status":"publish","type":"page","link":"https:\/\/agora.xtec.cat\/iesmontsacopa\/premis-i-projectes\/projectes\/erasmus\/erasmusmobilitat-cicles\/erasmusmobilitat-grau-mitja\/","title":{"rendered":"Erasmus+mobilitat grau mitj\u00e0"},"content":{"rendered":"\n<figure class=\"wp-block-image size-full\"><a href=\"https:\/\/agora.xtec.cat\/iesmontsacopa\/wp-content\/uploads\/usu944\/2026\/03\/logo2trans_horitzontalpetit.png\"><img loading=\"lazy\" decoding=\"async\" width=\"102\" height=\"32\" src=\"https:\/\/agora.xtec.cat\/iesmontsacopa\/wp-content\/uploads\/usu944\/2026\/03\/logo2trans_horitzontalpetit.png\" alt=\"\" class=\"wp-image-16247\"\/><\/a><\/figure>\n\n\n<h3><strong>Curs 2025-2026<\/strong><\/h3>\n\n\n<div class=\"wp-block-columns is-layout-flex wp-container-core-columns-is-layout-1 wp-block-columns-is-layout-flex\">\n<div class=\"wp-block-column is-layout-flow wp-block-column-is-layout-flow\">\n<h3>Mobilitats europees de cicles formatius:<\/h3>\n<p style=\"text-align: justify;\">Seguim amb m\u00e9s mobilitats tant per a l\u2019alumnat com per al professorat: dues alumnes de CFGM d\u2019Atenci\u00f3 a les persones en situaci\u00f3 de depend\u00e8ncia aniran a fer la seva estada de pr\u00e0ctiques (m\u00f2dul Estada a l&#8217;Empresa) a Portugal, a la\u00a0\u00a0Resid\u00eancia Premium Care, amb l\u2019acompanyament de la professora d\u2019angl\u00e8s durant els primers dies de la seva estada. Per altra banda, s\u00f3n dues les alumnes de grau superior que realitzen mobilitats durant aquest estiu: una alumna del CFGS d\u2019Educaci\u00f3 Infantil far\u00e0 pr\u00e0ctiques a la llar d\u2019infants\u00a0Alegria-Kiga,\u00a0que es troba a Berl\u00edn, centre que tamb\u00e9 visitar\u00e0 professorat del nostre centre durant el proper mes de juliol. Finalment, una alumna del\u00a0CFGS\u00a0d&#8217;Integraci\u00f3 social ser\u00e0 acollida\u00a0durant el mes de juny a Portugal\u00a0per un soci col\u00b7laborador del nostre centre educatiu, on far\u00e0 les pr\u00e0ctiques amb joves i infants en risc social a Associa\u00e7\u00e3o de Solidariedade Abrigo Seguro, situada a Avintes (Oporto). Aquest \u00e9s el segon any que enviem alumnat a realitzar la seva estada a l&#8217;empresa amb\u00a0<i>Abrigo Seguro<\/i>, amb molt bons resultats. Enhorabona a totes les seleccionades!<\/p>\n\n\n\n<figure class=\"wp-block-image size-large\"><a href=\"https:\/\/agora.xtec.cat\/iesmontsacopa\/wp-content\/uploads\/usu944\/2026\/04\/mobilitat26.jpg\"><img loading=\"lazy\" decoding=\"async\" width=\"1024\" height=\"576\" src=\"https:\/\/agora.xtec.cat\/iesmontsacopa\/wp-content\/uploads\/usu944\/2026\/04\/mobilitat26-1024x576.jpg\" alt=\"\" class=\"wp-image-16516\" srcset=\"https:\/\/agora.xtec.cat\/iesmontsacopa\/wp-content\/uploads\/usu944\/2026\/04\/mobilitat26-1024x576.jpg 1024w, https:\/\/agora.xtec.cat\/iesmontsacopa\/wp-content\/uploads\/usu944\/2026\/04\/mobilitat26-300x169.jpg 300w, https:\/\/agora.xtec.cat\/iesmontsacopa\/wp-content\/uploads\/usu944\/2026\/04\/mobilitat26-768x432.jpg 768w, https:\/\/agora.xtec.cat\/iesmontsacopa\/wp-content\/uploads\/usu944\/2026\/04\/mobilitat26-1536x864.jpg 1536w, https:\/\/agora.xtec.cat\/iesmontsacopa\/wp-content\/uploads\/usu944\/2026\/04\/mobilitat26.jpg 1600w\" sizes=\"auto, (max-width: 1024px) 100vw, 1024px\" \/><\/a><\/figure>\n<\/div>\n<\/div>\n\n\n\n\n\n<div class=\"wp-block-columns is-layout-flex wp-container-core-columns-is-layout-2 wp-block-columns-is-layout-flex\">\n<div class=\"wp-block-column is-layout-flow wp-block-column-is-layout-flow\">\n<h3><strong>Erasmus+ mobilitat Cicles Formatius de Grau Mitj\u00e0.&nbsp;<\/strong><\/h3>\n<p style=\"text-align: justify;\">Us informem que s\u2019ha obert el per\u00edode d\u2019inscripci\u00f3 a les mobilitats de Cicle Formatiu de Grau Mitj\u00e0 per a l\u2019alumnat dins del programa europeu de beques Erasmus+.<br>Trobareu tota la informaci\u00f3 en els seg\u00fcents enlla\u00e7os, on podeu consultar tamb\u00e9 els requisits de l\u2019assignaci\u00f3 de les places dels ajuts econ\u00f2mics.<br>La data l\u00edmit per omplir els formularis \u00e9s el <strong>divendres 30 d\u2019octubre<\/strong><br>Per a qualsevol dubte podeu enviar un correu electr\u00f2nic a: <a href=\"mailto:mobilitat@insmontsacopa.cat\">mobilitat@insmontsacopa.cat<\/a><\/p>\n<h4><strong>Alumnat<\/strong><\/h4>\n<p style=\"background: #ffffff; color: #ffffff; padding: 15px; border: 2px solid #92AE01; border-radius: 6px;\"><a href=\"https:\/\/docs.google.com\/forms\/d\/e\/1FAIpQLSdad3VQVlRivgTBEFcCswPcu3sHMab0nR3RSAY9PRbT5znPyA\/viewform?usp=header\">Enlla\u00e7 al formulari<\/a><br><a href=\"https:\/\/agora.xtec.cat\/iesmontsacopa\/wp-content\/uploads\/usu944\/2025\/09\/requisits_participacio_25_26.pdf\" target=\"_blank\" rel=\"noopener\" data-saferedirecturl=\"https:\/\/www.google.com\/url?q=https:\/\/agora.xtec.cat\/iesmontsacopa\/wp-content\/uploads\/usu944\/2024\/10\/Requisits-alumnat-INS-MONTSACOPA-23-24.pdf&amp;source=gmail&amp;ust=1738945126460000&amp;usg=AOvVaw3vdBzKfj9xBi6_u8xhsgfW\">Requisits de participaci\u00f3<\/a><br><a href=\"https:\/\/agora.xtec.cat\/iesmontsacopa\/wp-content\/uploads\/usu944\/2026\/01\/vacants_erasmus_2026.pdf\" target=\"_blank\" rel=\"noopener\" data-saferedirecturl=\"https:\/\/www.google.com\/url?q=https:\/\/agora.xtec.cat\/iesmontsacopa\/wp-content\/uploads\/usu944\/2024\/10\/Requisits-alumnat-INS-MONTSACOPA-23-24.pdf&amp;source=gmail&amp;ust=1738945126460000&amp;usg=AOvVaw3vdBzKfj9xBi6_u8xhsgfW\">Publicaci\u00f3 de vacants Beques Erasmus CFGS 2025\/26<\/a><\/p>\n<p><a href=\"https:\/\/youtube.com\/shorts\/2k9FA7ii7j8?si=v_Oal0XhHz2p8Lv_\"><img loading=\"lazy\" decoding=\"async\" class=\"wp-image-15184 size-full aligncenter\" src=\"https:\/\/agora.xtec.cat\/iesmontsacopa\/wp-content\/uploads\/usu944\/2025\/09\/erasmus_video.jpg\" alt=\"\" width=\"479\" height=\"645\" srcset=\"https:\/\/agora.xtec.cat\/iesmontsacopa\/wp-content\/uploads\/usu944\/2025\/09\/erasmus_video.jpg 479w, https:\/\/agora.xtec.cat\/iesmontsacopa\/wp-content\/uploads\/usu944\/2025\/09\/erasmus_video-223x300.jpg 223w\" sizes=\"auto, (max-width: 479px) 100vw, 479px\" \/><\/a><\/p>\n<h3 style=\"text-align: justify;\"><b>L&#8217;<i>Erasmus Day<\/i>&nbsp;arriba al Montsacopa&nbsp;<\/b><\/h3>\n<p style=\"text-align: justify;\">Les alumnes que van marxar el curs anterior amb la beca Erasmus+ han explicat a la resta de l&#8217;alumnat de primer cursles seves estades de pr\u00e0ctiques a Fran\u00e7a, It\u00e0lia i Portugal. Ha estat una experi\u00e8ncia molt enriquidora i us animem a sol\u00b7licitar les vostres beques per aquest curs!<\/p>\n<p style=\"text-align: justify;\">Recordeu que el termini \u00e9s fins el dia 30 d&#8217;octubre i la realitzaci\u00f3 de les estades es duu a terme durant els mesos d&#8217;estiu del 2026.<\/p>\n<table style=\"border-collapse: collapse; width: 100%; height: 337px;\">\n<tbody>\n<tr style=\"height: 337px;\">\n<td style=\"width: 33.3333%; border-color: #ffffff; height: 337px;\"><a href=\"https:\/\/agora.xtec.cat\/iesmontsacopa\/wp-content\/uploads\/usu944\/2025\/10\/IMG-20251015-WA0005.jpg\"><img loading=\"lazy\" decoding=\"async\" class=\"alignnone size-large wp-image-15254\" src=\"https:\/\/agora.xtec.cat\/iesmontsacopa\/wp-content\/uploads\/usu944\/2025\/10\/IMG-20251015-WA0005-1024x768.jpg\" alt=\"\" width=\"1024\" height=\"768\" srcset=\"https:\/\/agora.xtec.cat\/iesmontsacopa\/wp-content\/uploads\/usu944\/2025\/10\/IMG-20251015-WA0005-1024x768.jpg 1024w, https:\/\/agora.xtec.cat\/iesmontsacopa\/wp-content\/uploads\/usu944\/2025\/10\/IMG-20251015-WA0005-300x225.jpg 300w, https:\/\/agora.xtec.cat\/iesmontsacopa\/wp-content\/uploads\/usu944\/2025\/10\/IMG-20251015-WA0005-768x576.jpg 768w, https:\/\/agora.xtec.cat\/iesmontsacopa\/wp-content\/uploads\/usu944\/2025\/10\/IMG-20251015-WA0005-1536x1152.jpg 1536w, https:\/\/agora.xtec.cat\/iesmontsacopa\/wp-content\/uploads\/usu944\/2025\/10\/IMG-20251015-WA0005-200x150.jpg 200w, https:\/\/agora.xtec.cat\/iesmontsacopa\/wp-content\/uploads\/usu944\/2025\/10\/IMG-20251015-WA0005.jpg 2000w\" sizes=\"auto, (max-width: 1024px) 100vw, 1024px\" \/><\/a><\/td>\n<td style=\"width: 33.3333%; border-color: #ffffff; height: 337px;\"><a href=\"https:\/\/agora.xtec.cat\/iesmontsacopa\/wp-content\/uploads\/usu944\/2025\/10\/IMG-20251015-WA0008.jpg\"><img loading=\"lazy\" decoding=\"async\" class=\"alignnone size-large wp-image-15255\" src=\"https:\/\/agora.xtec.cat\/iesmontsacopa\/wp-content\/uploads\/usu944\/2025\/10\/IMG-20251015-WA0008-1024x768.jpg\" alt=\"\" width=\"1024\" height=\"768\" srcset=\"https:\/\/agora.xtec.cat\/iesmontsacopa\/wp-content\/uploads\/usu944\/2025\/10\/IMG-20251015-WA0008-1024x768.jpg 1024w, https:\/\/agora.xtec.cat\/iesmontsacopa\/wp-content\/uploads\/usu944\/2025\/10\/IMG-20251015-WA0008-300x225.jpg 300w, https:\/\/agora.xtec.cat\/iesmontsacopa\/wp-content\/uploads\/usu944\/2025\/10\/IMG-20251015-WA0008-768x576.jpg 768w, https:\/\/agora.xtec.cat\/iesmontsacopa\/wp-content\/uploads\/usu944\/2025\/10\/IMG-20251015-WA0008-1536x1152.jpg 1536w, https:\/\/agora.xtec.cat\/iesmontsacopa\/wp-content\/uploads\/usu944\/2025\/10\/IMG-20251015-WA0008-200x150.jpg 200w, https:\/\/agora.xtec.cat\/iesmontsacopa\/wp-content\/uploads\/usu944\/2025\/10\/IMG-20251015-WA0008.jpg 2000w\" sizes=\"auto, (max-width: 1024px) 100vw, 1024px\" \/><\/a><\/td>\n<td style=\"width: 33.3333%; border-color: #ffffff; height: 337px;\"><a href=\"https:\/\/agora.xtec.cat\/iesmontsacopa\/wp-content\/uploads\/usu944\/2025\/10\/IMG-20251015-WA0010.jpg\"><img loading=\"lazy\" decoding=\"async\" class=\"alignnone size-large wp-image-15256\" src=\"https:\/\/agora.xtec.cat\/iesmontsacopa\/wp-content\/uploads\/usu944\/2025\/10\/IMG-20251015-WA0010-768x1024.jpg\" alt=\"\" width=\"768\" height=\"1024\" srcset=\"https:\/\/agora.xtec.cat\/iesmontsacopa\/wp-content\/uploads\/usu944\/2025\/10\/IMG-20251015-WA0010-768x1024.jpg 768w, https:\/\/agora.xtec.cat\/iesmontsacopa\/wp-content\/uploads\/usu944\/2025\/10\/IMG-20251015-WA0010-225x300.jpg 225w, https:\/\/agora.xtec.cat\/iesmontsacopa\/wp-content\/uploads\/usu944\/2025\/10\/IMG-20251015-WA0010-1152x1536.jpg 1152w, https:\/\/agora.xtec.cat\/iesmontsacopa\/wp-content\/uploads\/usu944\/2025\/10\/IMG-20251015-WA0010.jpg 1500w\" sizes=\"auto, (max-width: 768px) 100vw, 768px\" \/><\/a><\/td>\n<\/tr>\n<\/tbody>\n<\/table>\n<table style=\"border-collapse: collapse; width: 100%; height: 710px;\">\n<tbody>\n<tr style=\"height: 710px;\">\n<td style=\"width: 33.3333%; border-color: #ffffff; height: 710px;\"><a href=\"https:\/\/agora.xtec.cat\/iesmontsacopa\/wp-content\/uploads\/usu944\/2025\/10\/Europass-17-October2025.png\"><img loading=\"lazy\" decoding=\"async\" class=\"alignnone size-large wp-image-15253\" src=\"https:\/\/agora.xtec.cat\/iesmontsacopa\/wp-content\/uploads\/usu944\/2025\/10\/Europass-17-October2025-724x1024.png\" alt=\"\" width=\"724\" height=\"1024\" srcset=\"https:\/\/agora.xtec.cat\/iesmontsacopa\/wp-content\/uploads\/usu944\/2025\/10\/Europass-17-October2025-724x1024.png 724w, https:\/\/agora.xtec.cat\/iesmontsacopa\/wp-content\/uploads\/usu944\/2025\/10\/Europass-17-October2025-212x300.png 212w, https:\/\/agora.xtec.cat\/iesmontsacopa\/wp-content\/uploads\/usu944\/2025\/10\/Europass-17-October2025-768x1086.png 768w, https:\/\/agora.xtec.cat\/iesmontsacopa\/wp-content\/uploads\/usu944\/2025\/10\/Europass-17-October2025.png 794w\" sizes=\"auto, (max-width: 724px) 100vw, 724px\" \/><\/a><\/td>\n<td style=\"width: 33.3333%; border-color: #ffffff; height: 710px;\"><a href=\"https:\/\/agora.xtec.cat\/iesmontsacopa\/wp-content\/uploads\/usu944\/2025\/10\/round-table17-October2025.png\"><img loading=\"lazy\" decoding=\"async\" class=\"alignnone size-large wp-image-15257\" src=\"https:\/\/agora.xtec.cat\/iesmontsacopa\/wp-content\/uploads\/usu944\/2025\/10\/round-table17-October2025-724x1024.png\" alt=\"\" width=\"724\" height=\"1024\" srcset=\"https:\/\/agora.xtec.cat\/iesmontsacopa\/wp-content\/uploads\/usu944\/2025\/10\/round-table17-October2025-724x1024.png 724w, https:\/\/agora.xtec.cat\/iesmontsacopa\/wp-content\/uploads\/usu944\/2025\/10\/round-table17-October2025-212x300.png 212w, https:\/\/agora.xtec.cat\/iesmontsacopa\/wp-content\/uploads\/usu944\/2025\/10\/round-table17-October2025-768x1086.png 768w, https:\/\/agora.xtec.cat\/iesmontsacopa\/wp-content\/uploads\/usu944\/2025\/10\/round-table17-October2025.png 794w\" sizes=\"auto, (max-width: 724px) 100vw, 724px\" \/><\/a><\/td>\n<\/tr>\n<\/tbody>\n<\/table>\n<\/div>\n<\/div>\n\n\n\n\n\n\n\n<figure class=\"wp-block-image size-full\"><a href=\"https:\/\/agora.xtec.cat\/iesmontsacopa\/wp-content\/uploads\/usu944\/2026\/03\/logo2trans_horitzontalpetit.png\"><img loading=\"lazy\" decoding=\"async\" width=\"102\" height=\"32\" src=\"https:\/\/agora.xtec.cat\/iesmontsacopa\/wp-content\/uploads\/usu944\/2026\/03\/logo2trans_horitzontalpetit.png\" alt=\"\" class=\"wp-image-16247\"\/><\/a><\/figure>\n\n\n\n<h3><strong>Curs 2024-2025<\/strong><\/h3>\n<h3><strong>Erasmus+ mobilitat Cicles Formatius de Grau Mitj\u00e0.&nbsp;<\/strong><\/h3>\n\n\n\n\n\n<div class=\"wp-block-columns is-layout-flex wp-container-core-columns-is-layout-3 wp-block-columns-is-layout-flex\">\n<div class=\"wp-block-column is-layout-flow wp-block-column-is-layout-flow\">\n<h4><strong>Alumnat<\/strong><\/h4>\n<p style=\"background: #ffffff; color: #ffffff; padding: 15px; border: 2px solid #92AE01; border-radius: 6px;\"><a href=\"https:\/\/agora.xtec.cat\/iesmontsacopa\/wp-content\/uploads\/usu944\/2025\/05\/ALUMNAT-CFGM-Seleccionats-mobilitat-2024_25.pdf\">Seleccionats alumnes CFGM mobilitat 2024\/25<\/a><br><a href=\"https:\/\/docs.google.com\/forms\/d\/1WlK2elhxnfQ9ukGabe7qSvDk5xaTUVzLzJ8NvUpBGj0\/edit\" target=\"_blank\" rel=\"noopener\" data-saferedirecturl=\"https:\/\/www.google.com\/url?q=https:\/\/forms.gle\/JH8XNX1vyBK8q8ry7&amp;source=gmail&amp;ust=1738945126460000&amp;usg=AOvVaw0jKLS1ZYOJtPsy_pSnBv6k\">Enlla\u00e7 al formulari<\/a><br><a href=\"https:\/\/docs.google.com\/document\/d\/190GbdVWiBYenr1Cvm6HStySBk6QdUJlRJHEUjodcVM0\/edit?tab=t.0\" target=\"_blank\" rel=\"noopener\" data-saferedirecturl=\"https:\/\/www.google.com\/url?q=https:\/\/agora.xtec.cat\/iesmontsacopa\/wp-content\/uploads\/usu944\/2024\/10\/Requisits-alumnat-INS-MONTSACOPA-23-24.pdf&amp;source=gmail&amp;ust=1738945126460000&amp;usg=AOvVaw3vdBzKfj9xBi6_u8xhsgfW\">Requisits de participaci\u00f3<\/a><\/p>\n<h3>Descobrint la Bressola: una experi\u00e8ncia Erasmus inoblidable a Perpiny\u00e0 (maig 2025)<\/h3>\n<p style=\"text-align: justify;\">El passat mes de maig, dos docents, l\u2019Ester Vila i lAnna Manzanon del nostre institut va tenir l\u2019oportunitat de viure una experi\u00e8ncia \u00fanica gr\u00e0cies al programa Erasmus+: una estada a les<br>escoles Bressola de la Catalunya Nord: l\u00b4Escola Bressola de Prada de Conflent, l\u00b4Escola Bressola de Sant Esteva del Monestir, Col.legi Bressola Mas Rossell\u00f3 de Canet i l\u00b4Escola Bressola de Sant Galdric de Perpiny\u00e0.<\/p>\n<p style=\"text-align: justify;\">Aquesta sortida no nom\u00e9s va permetre con\u00e8ixer de prop el funcionament de les escoles catalanes a la Catalunya Nord, sin\u00f3 que tamb\u00e9 va esdevenir el punt de partida per les alumnes Aina Ram\u00edrez i Judit Rubi\u00f3 de segon del CFGM d&#8217;Atenci\u00f3 a les Persones en Situaci\u00f3 de Depend\u00e8ncia per fer l&#8217;estada Erasmus durant el mes de juny. Les alumnes han pogut observar el dia a dia de La Bressola Sant Galdric i col.laborar com a vetlladores amb l\u2019equip docent i participar en activitats amb els infants. El contacte directe amb una realitat educativa diferent, per\u00f2 arrelada a la llengua i cultura catalanes, va despertar reflexions molt interessants sobre la pedagogia, la identitat i la import\u00e0ncia de preservar la llengua.Tamb\u00e9 varen visitar el Col.legi Bressola Mas Rossell\u00f3 de Canet.<\/p>\n<p style=\"text-align: justify;\">Tant l\u2019equip docent com l\u2019alumnat han valorat molt positivament aquesta estada, que sens dubte ha deixat empremta. Gr\u00e0cies Bressola per l\u00b4acollida!!!!<\/p>\n<table style=\"border-collapse: collapse; width: 100%;\">\n<tbody>\n<tr>\n<td style=\"width: 25%; border-color: #ffffff; vertical-align: top;\"><a href=\"https:\/\/agora.xtec.cat\/iesmontsacopa\/wp-content\/uploads\/usu944\/2025\/06\/bresola4.jpg\"><img loading=\"lazy\" decoding=\"async\" class=\"aligncenter size-full wp-image-14856\" src=\"https:\/\/agora.xtec.cat\/iesmontsacopa\/wp-content\/uploads\/usu944\/2025\/06\/bresola4.jpg\" alt=\"\" width=\"396\" height=\"350\" srcset=\"https:\/\/agora.xtec.cat\/iesmontsacopa\/wp-content\/uploads\/usu944\/2025\/06\/bresola4.jpg 396w, https:\/\/agora.xtec.cat\/iesmontsacopa\/wp-content\/uploads\/usu944\/2025\/06\/bresola4-300x265.jpg 300w\" sizes=\"auto, (max-width: 396px) 100vw, 396px\" \/><\/a><\/td>\n<td style=\"width: 25%; border-color: #ffffff; vertical-align: top;\"><span style=\"color: #2795b6;\"><a style=\"color: #2795b6;\" href=\"https:\/\/agora.xtec.cat\/iesmontsacopa\/wp-content\/uploads\/usu944\/2025\/06\/bresola3.jpg\"><img loading=\"lazy\" decoding=\"async\" class=\"aligncenter size-full wp-image-14855\" src=\"https:\/\/agora.xtec.cat\/iesmontsacopa\/wp-content\/uploads\/usu944\/2025\/06\/bresola3.jpg\" alt=\"\" width=\"607\" height=\"456\" srcset=\"https:\/\/agora.xtec.cat\/iesmontsacopa\/wp-content\/uploads\/usu944\/2025\/06\/bresola3.jpg 607w, https:\/\/agora.xtec.cat\/iesmontsacopa\/wp-content\/uploads\/usu944\/2025\/06\/bresola3-300x225.jpg 300w, https:\/\/agora.xtec.cat\/iesmontsacopa\/wp-content\/uploads\/usu944\/2025\/06\/bresola3-200x150.jpg 200w\" sizes=\"auto, (max-width: 607px) 100vw, 607px\" \/><\/a><\/span><\/td>\n<td style=\"width: 25%; border-color: #ffffff; vertical-align: top;\"><span style=\"color: #2795b6;\"><a style=\"color: #2795b6;\" href=\"https:\/\/agora.xtec.cat\/iesmontsacopa\/wp-content\/uploads\/usu944\/2025\/06\/bresola2.jpg\"><img loading=\"lazy\" decoding=\"async\" class=\"aligncenter size-full wp-image-14854\" src=\"https:\/\/agora.xtec.cat\/iesmontsacopa\/wp-content\/uploads\/usu944\/2025\/06\/bresola2.jpg\" alt=\"\" width=\"609\" height=\"454\" srcset=\"https:\/\/agora.xtec.cat\/iesmontsacopa\/wp-content\/uploads\/usu944\/2025\/06\/bresola2.jpg 609w, https:\/\/agora.xtec.cat\/iesmontsacopa\/wp-content\/uploads\/usu944\/2025\/06\/bresola2-300x224.jpg 300w, https:\/\/agora.xtec.cat\/iesmontsacopa\/wp-content\/uploads\/usu944\/2025\/06\/bresola2-200x150.jpg 200w\" sizes=\"auto, (max-width: 609px) 100vw, 609px\" \/><\/a><\/span><\/td>\n<td style=\"width: 25%; border-color: #ffffff; vertical-align: top;\"><a href=\"https:\/\/agora.xtec.cat\/iesmontsacopa\/wp-content\/uploads\/usu944\/2025\/06\/bresola1.jpg\"><img loading=\"lazy\" decoding=\"async\" class=\"aligncenter size-full wp-image-14853\" src=\"https:\/\/agora.xtec.cat\/iesmontsacopa\/wp-content\/uploads\/usu944\/2025\/06\/bresola1.jpg\" alt=\"\" width=\"606\" height=\"456\" srcset=\"https:\/\/agora.xtec.cat\/iesmontsacopa\/wp-content\/uploads\/usu944\/2025\/06\/bresola1.jpg 606w, https:\/\/agora.xtec.cat\/iesmontsacopa\/wp-content\/uploads\/usu944\/2025\/06\/bresola1-300x226.jpg 300w, https:\/\/agora.xtec.cat\/iesmontsacopa\/wp-content\/uploads\/usu944\/2025\/06\/bresola1-200x150.jpg 200w\" sizes=\"auto, (max-width: 606px) 100vw, 606px\" \/><\/a><\/td>\n<\/tr>\n<\/tbody>\n<\/table>\n<h3>&nbsp;<\/h3>\n<\/div>\n<\/div>\n\n\n\n<figure class=\"wp-block-image size-full\"><a href=\"https:\/\/agora.xtec.cat\/iesmontsacopa\/wp-content\/uploads\/usu944\/2026\/03\/logo2trans_horitzontalpetit.png\"><img loading=\"lazy\" decoding=\"async\" width=\"102\" height=\"32\" src=\"https:\/\/agora.xtec.cat\/iesmontsacopa\/wp-content\/uploads\/usu944\/2026\/03\/logo2trans_horitzontalpetit.png\" alt=\"\" class=\"wp-image-16247\"\/><\/a><\/figure>\n\n\n\n<h3><strong>Curs 2023-2024<\/strong><\/h3>\n\n\n\n<div class=\"wp-block-columns is-layout-flex wp-container-core-columns-is-layout-4 wp-block-columns-is-layout-flex\">\n<div class=\"wp-block-column is-layout-flow wp-block-column-is-layout-flow\">\n<h3><strong>Erasmus+ mobilitat Cicles Formatius de Grau Mitj\u00e0.\u00a0<\/strong><\/h3>\n<h3 style=\"text-align: justify;\"><strong>Juny (estiu) 2024<\/strong><\/h3>\n<p style=\"text-align: justify;\">Les alumnes Aya Oumouhane i Nayara Mart\u00edn del Cicle Formatiu de Grau Mitj\u00e0 han realitzat una estada de pr\u00e0ctiques dins el marc del programa europeu Erasmus+. Han realitzat unes pr\u00e0ctiques formatives de curta estada a la resid\u00e8ncia per a gent gran EHPAD Jardins Saint Jacques. \u00c9s el primer curs acad\u00e8mic que des de l\u2019Ins Montsacopa hem col\u00b7laborat amb aquesta empresa i , com podreu veure al v\u00eddeo, les alumnes han aprofitat la seva estada a Fran\u00e7a per adquirir molts aprenentatges amb el col\u00b7lectiu de persones grans.<\/p>\n<p style=\"text-align: center;\"><iframe loading=\"lazy\" title=\"YouTube video player\" src=\"https:\/\/www.youtube.com\/embed\/93w1H3HsHrs?si=cyahEScvg8yopEgz\" width=\"560\" height=\"315\" frameborder=\"0\" allowfullscreen=\"allowfullscreen\" data-mce-fragment=\"1\"><\/iframe><\/p>\n<h3>\u00a0<\/h3>\n<h4><strong>Professorat<\/strong><\/h4>\n<p style=\"background: #ffffff; color: #ffffff; padding: 15px; border: 2px solid #92AE01; border-radius: 6px;\"><a href=\"https:\/\/agora.xtec.cat\/iesmontsacopa\/wp-content\/uploads\/usu944\/2025\/05\/PROFESSORAT-Seleccionats-mobilitat-2023_24-1.pdf\">Seleccionats mobilitat 2023\/24<\/a><br \/><a href=\"https:\/\/agora.xtec.cat\/iesmontsacopa\/wp-content\/uploads\/usu944\/2025\/05\/BASES-CONVOCATORIA-DE-SELECCIO-PROFES.docx.pdf\">Bases de participaci\u00f3<\/a><br \/><a href=\"https:\/\/agora.xtec.cat\/iesmontsacopa\/wp-content\/uploads\/usu944\/2025\/05\/CRITERIS-SELECCIO-PERSONAL-MOB-23-24-CICLES-FORMATIUS-PROFES.docx.pdf\">Criteris de participaci\u00f3<\/a><br \/><a href=\"https:\/\/docs.google.com\/forms\/d\/13ajyBAsw3291pe_u40Bgk8JPwZU4yrZLPHUpvCpzUBc\/edit\">Enlla\u00e7 al formulari<\/a><\/p>\n<h4><strong>Alumnat<\/strong><\/h4>\n<p style=\"background: #ffffff; color: #ffffff; padding: 15px; border: 2px solid #92AE01; border-radius: 6px;\"><a href=\"https:\/\/forms.gle\/JH8XNX1vyBK8q8ry7\" target=\"_blank\" rel=\"noopener\">Enlla\u00e7 al formulari<\/a><br \/><a href=\"https:\/\/agora.xtec.cat\/iesmontsacopa\/wp-content\/uploads\/usu944\/2024\/10\/Seleccionats-mobilitats-23_24.pdf\">Seleccionats mobilitat 2023\/24<\/a><br \/><a href=\"https:\/\/agora.xtec.cat\/iesmontsacopa\/wp-content\/uploads\/usu944\/2024\/10\/Requisits-alumnat-INS-MONTSACOPA-23-24.pdf\" rel=\"noopener\">Requisits de participaci\u00f3<\/a><\/p>\n<\/div>\n<\/div>\n","protected":false},"excerpt":{"rendered":"<p>Curs 2025-2026 Mobilitats europees de cicles formatius: Seguim amb m\u00e9s mobilitats tant per a l\u2019alumnat com per al professorat: dues alumnes de CFGM d\u2019Atenci\u00f3 a les persones en situaci\u00f3 de depend\u00e8ncia aniran a fer la seva estada de pr\u00e0ctiques (m\u00f2dul Estada a l&#8217;Empresa) a Portugal, a la\u00a0\u00a0Resid\u00eancia Premium Care, amb l\u2019acompanyament de la professora d\u2019angl\u00e8s [&hellip;]<\/p>\n","protected":false},"author":1,"featured_media":0,"parent":13846,"menu_order":0,"comment_status":"closed","ping_status":"closed","template":"","meta":{"_bbp_topic_count":0,"_bbp_reply_count":0,"_bbp_total_topic_count":0,"_bbp_total_reply_count":0,"_bbp_voice_count":0,"_bbp_anonymous_reply_count":0,"_bbp_topic_count_hidden":0,"_bbp_reply_count_hidden":0,"_bbp_forum_subforum_count":0,"site-sidebar-layout":"default","site-content-layout":"","ast-site-content-layout":"default","site-content-style":"default","site-sidebar-style":"default","ast-global-header-display":"","ast-banner-title-visibility":"","ast-main-header-display":"","ast-hfb-above-header-display":"","ast-hfb-below-header-display":"","ast-hfb-mobile-header-display":"","site-post-title":"","ast-breadcrumbs-content":"","ast-featured-img":"","footer-sml-layout":"","theme-transparent-header-meta":"","adv-header-id-meta":"","stick-header-meta":"","header-above-stick-meta":"","header-main-stick-meta":"","header-below-stick-meta":"","astra-migrate-meta-layouts":"set","ast-page-background-enabled":"default","ast-page-background-meta":{"desktop":{"background-color":"var(--ast-global-color-4)","background-image":"","background-repeat":"repeat","background-position":"center center","background-size":"auto","background-attachment":"scroll","background-type":"","background-media":"","overlay-type":"","overlay-color":"","overlay-opacity":"","overlay-gradient":""},"tablet":{"background-color":"","background-image":"","background-repeat":"repeat","background-position":"center center","background-size":"auto","background-attachment":"scroll","background-type":"","background-media":"","overlay-type":"","overlay-color":"","overlay-opacity":"","overlay-gradient":""},"mobile":{"background-color":"","background-image":"","background-repeat":"repeat","background-position":"center center","background-size":"auto","background-attachment":"scroll","background-type":"","background-media":"","overlay-type":"","overlay-color":"","overlay-opacity":"","overlay-gradient":""}},"ast-content-background-meta":{"desktop":{"background-color":"var(--ast-global-color-5)","background-image":"","background-repeat":"repeat","background-position":"center center","background-size":"auto","background-attachment":"scroll","background-type":"","background-media":"","overlay-type":"","overlay-color":"","overlay-opacity":"","overlay-gradient":""},"tablet":{"background-color":"var(--ast-global-color-5)","background-image":"","background-repeat":"repeat","background-position":"center center","background-size":"auto","background-attachment":"scroll","background-type":"","background-media":"","overlay-type":"","overlay-color":"","overlay-opacity":"","overlay-gradient":""},"mobile":{"background-color":"var(--ast-global-color-5)","background-image":"","background-repeat":"repeat","background-position":"center center","background-size":"auto","background-attachment":"scroll","background-type":"","background-media":"","overlay-type":"","overlay-color":"","overlay-opacity":"","overlay-gradient":""}},"footnotes":""},"class_list":["post-13844","page","type-page","status-publish","hentry"],"post_mailing_queue_ids":[],"_links":{"self":[{"href":"https:\/\/agora.xtec.cat\/iesmontsacopa\/wp-json\/wp\/v2\/pages\/13844","targetHints":{"allow":["GET"]}}],"collection":[{"href":"https:\/\/agora.xtec.cat\/iesmontsacopa\/wp-json\/wp\/v2\/pages"}],"about":[{"href":"https:\/\/agora.xtec.cat\/iesmontsacopa\/wp-json\/wp\/v2\/types\/page"}],"author":[{"embeddable":true,"href":"https:\/\/agora.xtec.cat\/iesmontsacopa\/wp-json\/wp\/v2\/users\/1"}],"replies":[{"embeddable":true,"href":"https:\/\/agora.xtec.cat\/iesmontsacopa\/wp-json\/wp\/v2\/comments?post=13844"}],"version-history":[{"count":6,"href":"https:\/\/agora.xtec.cat\/iesmontsacopa\/wp-json\/wp\/v2\/pages\/13844\/revisions"}],"predecessor-version":[{"id":16541,"href":"https:\/\/agora.xtec.cat\/iesmontsacopa\/wp-json\/wp\/v2\/pages\/13844\/revisions\/16541"}],"up":[{"embeddable":true,"href":"https:\/\/agora.xtec.cat\/iesmontsacopa\/wp-json\/wp\/v2\/pages\/13846"}],"wp:attachment":[{"href":"https:\/\/agora.xtec.cat\/iesmontsacopa\/wp-json\/wp\/v2\/media?parent=13844"}],"curies":[{"name":"wp","href":"https:\/\/api.w.org\/{rel}","templated":true}]}}