{"id":13126,"date":"2024-03-19T13:13:46","date_gmt":"2024-03-19T12:13:46","guid":{"rendered":"https:\/\/agora.xtec.cat\/iesmontsacopa\/?page_id=13126"},"modified":"2025-10-02T16:23:59","modified_gmt":"2025-10-02T14:23:59","slug":"projectes-curs-2023-24","status":"publish","type":"page","link":"https:\/\/agora.xtec.cat\/iesmontsacopa\/premis-i-projectes\/projectes\/erasmus\/educacio-escolar-erasmus\/projectes-curs-2023-24\/","title":{"rendered":"Projectes curs 2023-24"},"content":{"rendered":"<table style=\"width: 100%;\">\n<tbody>\n<tr>\n<td style=\"border-color: #ffffff; background-color: #92ae01;\"><\/td>\n<\/tr>\n<\/tbody>\n<\/table>\n<h5><strong>Mobilitat de grup d\u2019alumnes Erasmus+ Olot-Torun<\/strong><\/h5>\n<p style=\"text-align: justify;\">Aquest curs 2023-2024, 12 alumnes de 4t d\u2019ESO hem pogut formar part d\u2019un programa Erasmus+ amb Toru\u0144, Pol\u00f2nia. Ens vam presentar com a candidats per formar part del projecte 29 alumnes, per\u00f2 nom\u00e9s hi havia 12 places pel que es va fer un sorteig per decidir qui en formaria part. L\u2019\u00fanica condici\u00f3 era poder acollir a alg\u00fa a casa i ser conscients que quan nosaltres an\u00e9ssim all\u00e0 tamb\u00e9 ens acolliria una fam\u00edlia.<\/p>\n<p style=\"text-align: justify;\">En la primera part de l\u2019Erasmus van venir aqu\u00ed dotze estudiants poloneses el mes de mar\u00e7 del dia 17 al 22. Durant aquells dies vam ensenyar-los-hi moltes coses entre elles: l\u2019institut, Olot, Cadaqu\u00e9s, Sant Pere de Rodes, Besal\u00fa\u2026 L\u2019\u00faltim vespre que van estar aqu\u00ed vam fer un berenar\/sopar de comiat, en el qual cada fam\u00edlia havia de portar un plat cuinat per compartir.<\/p>\n<p style=\"text-align: justify;\">En la segona part del projecte vam anar nosaltres a Torun, Pol\u00f2nia la setmana del 13 al 19 d\u2019abril. Nosaltres vam estar all\u00e0 un dia m\u00e9s i aquell dia era precisament un diumenge, aquell dia cadasc\u00fa va estar amb la fam\u00edlia que li havia tocat visitant la ciutat o el que ells decidissin. El dilluns b\u00e0sicament van ensenyar-nos l\u2019institut i la ciutat m\u00e9s en concret l\u2019\u201cOld Town\u201d. Els altres dies (de dimarts a dijous) vam veure altres ciutats: Sopot, Gda\u0144sk Bydgoszcz i Vars\u00f2via. De la mateixa manera que nosaltres vam fer un berenar\/sopar quan ells van venir, nosaltres tamb\u00e9 en vam fer un all\u00e0 i va servir com a comiat final amb totes les poloneses.<\/p>\n<p style=\"text-align: justify;\">Aquests dies ens han servit molt per con\u00e8ixer un altre pa\u00eds, veure i adaptar-nos a la forma de vida que tenen i aprendre sobre la cultura polonesa. El fet de conviure amb una altra fam\u00edlia que nom\u00e9s es pots comunicar mitjan\u00e7ant l\u2019angl\u00e8s va fer que el millor\u00e9ssim molt i ens vei\u00e9ssim obligats a buscar maneres per entendre\u2019ns. Ha estat una experi\u00e8ncia molt enriquidora en tots els sentits i la repetir\u00edem.<\/p>\n<table style=\"border-collapse: collapse; width: 100%;\">\n<tbody>\n<tr>\n<td style=\"width: 20%; border-color: #ffffff; vertical-align: bottom;\"><a href=\"https:\/\/agora.xtec.cat\/iesmontsacopa\/wp-content\/uploads\/usu944\/2024\/05\/e1.jpg\"><img loading=\"lazy\" decoding=\"async\" class=\"aligncenter size-full wp-image-13374\" src=\"https:\/\/agora.xtec.cat\/iesmontsacopa\/wp-content\/uploads\/usu944\/2024\/05\/e1.jpg\" alt=\"\" width=\"1125\" height=\"637\" srcset=\"https:\/\/agora.xtec.cat\/iesmontsacopa\/wp-content\/uploads\/usu944\/2024\/05\/e1.jpg 1125w, https:\/\/agora.xtec.cat\/iesmontsacopa\/wp-content\/uploads\/usu944\/2024\/05\/e1-300x170.jpg 300w, https:\/\/agora.xtec.cat\/iesmontsacopa\/wp-content\/uploads\/usu944\/2024\/05\/e1-1024x580.jpg 1024w, https:\/\/agora.xtec.cat\/iesmontsacopa\/wp-content\/uploads\/usu944\/2024\/05\/e1-768x435.jpg 768w\" sizes=\"auto, (max-width: 1125px) 100vw, 1125px\" \/><\/a><\/td>\n<td style=\"width: 20%; border-color: #ffffff; vertical-align: bottom;\"><span style=\"color: #2795b6;\"><a style=\"color: #2795b6;\" href=\"https:\/\/agora.xtec.cat\/iesmontsacopa\/wp-content\/uploads\/usu944\/2024\/05\/e3.jpg\"><img loading=\"lazy\" decoding=\"async\" class=\"aligncenter size-medium wp-image-13376\" src=\"https:\/\/agora.xtec.cat\/iesmontsacopa\/wp-content\/uploads\/usu944\/2024\/05\/e3-225x300.jpg\" alt=\"\" width=\"225\" height=\"300\" srcset=\"https:\/\/agora.xtec.cat\/iesmontsacopa\/wp-content\/uploads\/usu944\/2024\/05\/e3-225x300.jpg 225w, https:\/\/agora.xtec.cat\/iesmontsacopa\/wp-content\/uploads\/usu944\/2024\/05\/e3-768x1024.jpg 768w, https:\/\/agora.xtec.cat\/iesmontsacopa\/wp-content\/uploads\/usu944\/2024\/05\/e3-1152x1536.jpg 1152w, https:\/\/agora.xtec.cat\/iesmontsacopa\/wp-content\/uploads\/usu944\/2024\/05\/e3.jpg 1536w\" sizes=\"auto, (max-width: 225px) 100vw, 225px\" \/><\/a><\/span><\/td>\n<td style=\"width: 20%; border-color: #ffffff; vertical-align: bottom;\"><a href=\"https:\/\/agora.xtec.cat\/iesmontsacopa\/wp-content\/uploads\/usu944\/2024\/05\/e5.jpg\"><img loading=\"lazy\" decoding=\"async\" class=\"aligncenter size-medium wp-image-13378\" src=\"https:\/\/agora.xtec.cat\/iesmontsacopa\/wp-content\/uploads\/usu944\/2024\/05\/e5-300x225.jpg\" alt=\"\" width=\"300\" height=\"225\" srcset=\"https:\/\/agora.xtec.cat\/iesmontsacopa\/wp-content\/uploads\/usu944\/2024\/05\/e5-300x225.jpg 300w, https:\/\/agora.xtec.cat\/iesmontsacopa\/wp-content\/uploads\/usu944\/2024\/05\/e5-1024x768.jpg 1024w, https:\/\/agora.xtec.cat\/iesmontsacopa\/wp-content\/uploads\/usu944\/2024\/05\/e5-768x576.jpg 768w, https:\/\/agora.xtec.cat\/iesmontsacopa\/wp-content\/uploads\/usu944\/2024\/05\/e5-1536x1152.jpg 1536w, https:\/\/agora.xtec.cat\/iesmontsacopa\/wp-content\/uploads\/usu944\/2024\/05\/e5-200x150.jpg 200w, https:\/\/agora.xtec.cat\/iesmontsacopa\/wp-content\/uploads\/usu944\/2024\/05\/e5.jpg 1600w\" sizes=\"auto, (max-width: 300px) 100vw, 300px\" \/><\/a><\/td>\n<td style=\"width: 20%; border-color: #ffffff; vertical-align: bottom;\"><img loading=\"lazy\" decoding=\"async\" class=\"aligncenter size-medium wp-image-13377\" src=\"https:\/\/agora.xtec.cat\/iesmontsacopa\/wp-content\/uploads\/usu944\/2024\/05\/e4-300x169.jpg\" alt=\"\" width=\"300\" height=\"169\" srcset=\"https:\/\/agora.xtec.cat\/iesmontsacopa\/wp-content\/uploads\/usu944\/2024\/05\/e4-300x169.jpg 300w, https:\/\/agora.xtec.cat\/iesmontsacopa\/wp-content\/uploads\/usu944\/2024\/05\/e4-1024x576.jpg 1024w, https:\/\/agora.xtec.cat\/iesmontsacopa\/wp-content\/uploads\/usu944\/2024\/05\/e4-768x432.jpg 768w, https:\/\/agora.xtec.cat\/iesmontsacopa\/wp-content\/uploads\/usu944\/2024\/05\/e4-1536x864.jpg 1536w, https:\/\/agora.xtec.cat\/iesmontsacopa\/wp-content\/uploads\/usu944\/2024\/05\/e4.jpg 2048w\" sizes=\"auto, (max-width: 300px) 100vw, 300px\" \/><\/td>\n<td style=\"width: 20%; border-color: #ffffff; vertical-align: bottom;\"><a href=\"https:\/\/agora.xtec.cat\/iesmontsacopa\/wp-content\/uploads\/usu944\/2024\/05\/e2.jpg\"><img loading=\"lazy\" decoding=\"async\" class=\"aligncenter size-medium wp-image-13375\" src=\"https:\/\/agora.xtec.cat\/iesmontsacopa\/wp-content\/uploads\/usu944\/2024\/05\/e2-300x223.jpg\" alt=\"\" width=\"300\" height=\"223\" srcset=\"https:\/\/agora.xtec.cat\/iesmontsacopa\/wp-content\/uploads\/usu944\/2024\/05\/e2-300x223.jpg 300w, https:\/\/agora.xtec.cat\/iesmontsacopa\/wp-content\/uploads\/usu944\/2024\/05\/e2-1024x762.jpg 1024w, https:\/\/agora.xtec.cat\/iesmontsacopa\/wp-content\/uploads\/usu944\/2024\/05\/e2-768x571.jpg 768w, https:\/\/agora.xtec.cat\/iesmontsacopa\/wp-content\/uploads\/usu944\/2024\/05\/e2-200x150.jpg 200w, https:\/\/agora.xtec.cat\/iesmontsacopa\/wp-content\/uploads\/usu944\/2024\/05\/e2.jpg 1125w\" sizes=\"auto, (max-width: 300px) 100vw, 300px\" \/><\/a><\/td>\n<\/tr>\n<\/tbody>\n<\/table>\n<h5><strong>Segona part de la mobilitat de grup d\u2019alumnes Erasmus+ a Torun, Pol\u00f2nia.<\/strong><\/h5>\n<p style=\"text-align: justify;\"><span style=\"font-weight: 400;\">Aquesta setmana hem iniciat la segona part de la mobilitat Erasmus+ amb alumnes de l\u2019institut V LICEUM OG\u00d3LNOKSZTA\u0141C\u0104CE im. JANA PAW\u0141A II de Torun, Pol\u00f2nia. Al mes de mar\u00e7, vam acollir els alumnes polonesos a Olot, i ara dotze alumnes de 4t d\u2019eso del nostre institut han viatjat a Torun per completar aquesta mobilitat. A primera hora, el director de l\u2019institut ens ha donat la benvinguda i els alumnes han assistit a dues classes. Despr\u00e9s hem visitat el centre hist\u00f2ric i hem acabat el dia amb una visita i taller al <\/span><i><span style=\"font-weight: 400;\">Museum of Gingerbread<\/span><\/i><span style=\"font-weight: 400;\">.<\/span><\/p>\n<table style=\"border-collapse: collapse; width: 100%;\">\n<tbody>\n<tr>\n<td style=\"width: 25%; border-color: #ffffff; vertical-align: top;\"><a href=\"https:\/\/agora.xtec.cat\/iesmontsacopa\/wp-content\/uploads\/usu944\/2024\/04\/IMG-20240413-WA0002.jpg\"><img loading=\"lazy\" decoding=\"async\" class=\"aligncenter size-medium wp-image-13246\" src=\"https:\/\/agora.xtec.cat\/iesmontsacopa\/wp-content\/uploads\/usu944\/2024\/04\/IMG-20240413-WA0002-225x300.jpg\" alt=\"\" width=\"225\" height=\"300\" srcset=\"https:\/\/agora.xtec.cat\/iesmontsacopa\/wp-content\/uploads\/usu944\/2024\/04\/IMG-20240413-WA0002-225x300.jpg 225w, https:\/\/agora.xtec.cat\/iesmontsacopa\/wp-content\/uploads\/usu944\/2024\/04\/IMG-20240413-WA0002-768x1024.jpg 768w, https:\/\/agora.xtec.cat\/iesmontsacopa\/wp-content\/uploads\/usu944\/2024\/04\/IMG-20240413-WA0002-1152x1536.jpg 1152w, https:\/\/agora.xtec.cat\/iesmontsacopa\/wp-content\/uploads\/usu944\/2024\/04\/IMG-20240413-WA0002.jpg 1200w\" sizes=\"auto, (max-width: 225px) 100vw, 225px\" \/><\/a><\/td>\n<td style=\"width: 25%; border-color: #ffffff; vertical-align: top;\"><span style=\"color: #2795b6;\"><a style=\"color: #2795b6;\" href=\"https:\/\/agora.xtec.cat\/iesmontsacopa\/wp-content\/uploads\/usu944\/2024\/04\/IMG-20240415-WA0020.jpg\"><img loading=\"lazy\" decoding=\"async\" class=\"aligncenter size-medium wp-image-13247\" src=\"https:\/\/agora.xtec.cat\/iesmontsacopa\/wp-content\/uploads\/usu944\/2024\/04\/IMG-20240415-WA0020-225x300.jpg\" alt=\"\" width=\"225\" height=\"300\" srcset=\"https:\/\/agora.xtec.cat\/iesmontsacopa\/wp-content\/uploads\/usu944\/2024\/04\/IMG-20240415-WA0020-225x300.jpg 225w, https:\/\/agora.xtec.cat\/iesmontsacopa\/wp-content\/uploads\/usu944\/2024\/04\/IMG-20240415-WA0020-768x1024.jpg 768w, https:\/\/agora.xtec.cat\/iesmontsacopa\/wp-content\/uploads\/usu944\/2024\/04\/IMG-20240415-WA0020-1152x1536.jpg 1152w, https:\/\/agora.xtec.cat\/iesmontsacopa\/wp-content\/uploads\/usu944\/2024\/04\/IMG-20240415-WA0020.jpg 1200w\" sizes=\"auto, (max-width: 225px) 100vw, 225px\" \/><\/a><\/span><\/td>\n<td style=\"width: 25%; border-color: #ffffff; vertical-align: top;\"><a href=\"https:\/\/agora.xtec.cat\/iesmontsacopa\/wp-content\/uploads\/usu944\/2024\/04\/IMG-20240415-WA0033.jpg\"><img loading=\"lazy\" decoding=\"async\" class=\"aligncenter size-medium wp-image-13248\" src=\"https:\/\/agora.xtec.cat\/iesmontsacopa\/wp-content\/uploads\/usu944\/2024\/04\/IMG-20240415-WA0033-225x300.jpg\" alt=\"\" width=\"225\" height=\"300\" srcset=\"https:\/\/agora.xtec.cat\/iesmontsacopa\/wp-content\/uploads\/usu944\/2024\/04\/IMG-20240415-WA0033-225x300.jpg 225w, https:\/\/agora.xtec.cat\/iesmontsacopa\/wp-content\/uploads\/usu944\/2024\/04\/IMG-20240415-WA0033-768x1024.jpg 768w, https:\/\/agora.xtec.cat\/iesmontsacopa\/wp-content\/uploads\/usu944\/2024\/04\/IMG-20240415-WA0033-1152x1536.jpg 1152w, https:\/\/agora.xtec.cat\/iesmontsacopa\/wp-content\/uploads\/usu944\/2024\/04\/IMG-20240415-WA0033.jpg 1536w\" sizes=\"auto, (max-width: 225px) 100vw, 225px\" \/><\/a><\/td>\n<td style=\"width: 25%; border-color: #ffffff; vertical-align: top;\"><a href=\"https:\/\/agora.xtec.cat\/iesmontsacopa\/wp-content\/uploads\/usu944\/2024\/04\/IMG_20240415_085834.jpg\"><img loading=\"lazy\" decoding=\"async\" class=\"aligncenter size-medium wp-image-13245\" src=\"https:\/\/agora.xtec.cat\/iesmontsacopa\/wp-content\/uploads\/usu944\/2024\/04\/IMG_20240415_085834-300x226.jpg\" alt=\"\" width=\"300\" height=\"226\" srcset=\"https:\/\/agora.xtec.cat\/iesmontsacopa\/wp-content\/uploads\/usu944\/2024\/04\/IMG_20240415_085834-300x226.jpg 300w, https:\/\/agora.xtec.cat\/iesmontsacopa\/wp-content\/uploads\/usu944\/2024\/04\/IMG_20240415_085834-1024x771.jpg 1024w, https:\/\/agora.xtec.cat\/iesmontsacopa\/wp-content\/uploads\/usu944\/2024\/04\/IMG_20240415_085834-768x578.jpg 768w, https:\/\/agora.xtec.cat\/iesmontsacopa\/wp-content\/uploads\/usu944\/2024\/04\/IMG_20240415_085834-200x150.jpg 200w, https:\/\/agora.xtec.cat\/iesmontsacopa\/wp-content\/uploads\/usu944\/2024\/04\/IMG_20240415_085834.jpg 1305w\" sizes=\"auto, (max-width: 300px) 100vw, 300px\" \/><\/a><\/td>\n<\/tr>\n<\/tbody>\n<\/table>\n<h5><\/h5>\n<h5><strong>Ja han arribat els estudiants polonesos a Olot<\/strong><\/h5>\n<p style=\"text-align: justify;\">Aquesta setmana hem iniciat la primera part de la mobilitat Erasmus+ amb alumnes de l\u2019institut V LICEUM OG\u00d3LNOKSZTA\u0141C\u0104CE im. JANA PAW\u0141A II de Torun, Pol\u00f2nia. Aquesta mobilitat compta amb dotze alumnes polonesos i dotze alumnes de 4t d\u2019eso del nostre institut i forma part del projecte \u201cExiles: Now and then\u201d. A primera hora, hem donat la benvinguda als alumnes i professos polonesos i a continuaci\u00f3 hem visitat llocs de mem\u00f2ria hist\u00f2rica de la ciutat d\u2019Olot: el cementiri, el monument a Llu\u00eds Companys, l\u2019esgl\u00e9sia de Sant Esteve, el Triai i el monument als ven\u00e7uts. Quatre alumnes de segon de batxillerat ens han fet de guies. Moltes gr\u00e0cies Carme Arcos, Iria Fern\u00e1ndez, Roger Dot i Lluc Pont. Tamb\u00e9 hem tingut temps per passejar pel mercat setmanal i per pujar al volc\u00e0 Montsacopa.<\/p>\n<table style=\"border-collapse: collapse; width: 100%;\">\n<tbody>\n<tr>\n<td style=\"width: 25%; border-color: #ffffff; vertical-align: top;\"><a href=\"https:\/\/agora.xtec.cat\/iesmontsacopa\/wp-content\/uploads\/usu944\/2024\/03\/er1.jpg\"><img loading=\"lazy\" decoding=\"async\" class=\"aligncenter size-medium wp-image-13096\" src=\"https:\/\/agora.xtec.cat\/iesmontsacopa\/wp-content\/uploads\/usu944\/2024\/03\/er1-300x225.jpg\" alt=\"\" width=\"300\" height=\"225\" srcset=\"https:\/\/agora.xtec.cat\/iesmontsacopa\/wp-content\/uploads\/usu944\/2024\/03\/er1-300x225.jpg 300w, https:\/\/agora.xtec.cat\/iesmontsacopa\/wp-content\/uploads\/usu944\/2024\/03\/er1-200x150.jpg 200w, https:\/\/agora.xtec.cat\/iesmontsacopa\/wp-content\/uploads\/usu944\/2024\/03\/er1.jpg 536w\" sizes=\"auto, (max-width: 300px) 100vw, 300px\" \/><\/a><\/td>\n<td style=\"width: 25%; border-color: #ffffff; vertical-align: top;\"><a href=\"https:\/\/agora.xtec.cat\/iesmontsacopa\/wp-content\/uploads\/usu944\/2024\/03\/er3.jpg\"><img loading=\"lazy\" decoding=\"async\" class=\"aligncenter size-medium wp-image-13098\" src=\"https:\/\/agora.xtec.cat\/iesmontsacopa\/wp-content\/uploads\/usu944\/2024\/03\/er3-300x226.jpg\" alt=\"\" width=\"300\" height=\"226\" srcset=\"https:\/\/agora.xtec.cat\/iesmontsacopa\/wp-content\/uploads\/usu944\/2024\/03\/er3-300x226.jpg 300w, https:\/\/agora.xtec.cat\/iesmontsacopa\/wp-content\/uploads\/usu944\/2024\/03\/er3-200x150.jpg 200w, https:\/\/agora.xtec.cat\/iesmontsacopa\/wp-content\/uploads\/usu944\/2024\/03\/er3.jpg 529w\" sizes=\"auto, (max-width: 300px) 100vw, 300px\" \/><\/a><\/td>\n<td style=\"width: 25%; border-color: #ffffff; vertical-align: top;\"><a href=\"https:\/\/agora.xtec.cat\/iesmontsacopa\/wp-content\/uploads\/usu944\/2024\/03\/er2.jpg\"><img loading=\"lazy\" decoding=\"async\" class=\"aligncenter size-medium wp-image-13097\" src=\"https:\/\/agora.xtec.cat\/iesmontsacopa\/wp-content\/uploads\/usu944\/2024\/03\/er2-300x226.jpg\" alt=\"\" width=\"300\" height=\"226\" srcset=\"https:\/\/agora.xtec.cat\/iesmontsacopa\/wp-content\/uploads\/usu944\/2024\/03\/er2-300x226.jpg 300w, https:\/\/agora.xtec.cat\/iesmontsacopa\/wp-content\/uploads\/usu944\/2024\/03\/er2-200x150.jpg 200w, https:\/\/agora.xtec.cat\/iesmontsacopa\/wp-content\/uploads\/usu944\/2024\/03\/er2.jpg 573w\" sizes=\"auto, (max-width: 300px) 100vw, 300px\" \/><\/a><\/td>\n<td style=\"width: 25%; border-color: #ffffff; vertical-align: top;\"><a href=\"https:\/\/agora.xtec.cat\/iesmontsacopa\/wp-content\/uploads\/usu944\/2024\/03\/er5.jpg\"><img loading=\"lazy\" decoding=\"async\" class=\"aligncenter size-medium wp-image-13100\" src=\"https:\/\/agora.xtec.cat\/iesmontsacopa\/wp-content\/uploads\/usu944\/2024\/03\/er5-300x226.jpg\" alt=\"\" width=\"300\" height=\"226\" srcset=\"https:\/\/agora.xtec.cat\/iesmontsacopa\/wp-content\/uploads\/usu944\/2024\/03\/er5-300x226.jpg 300w, https:\/\/agora.xtec.cat\/iesmontsacopa\/wp-content\/uploads\/usu944\/2024\/03\/er5-200x150.jpg 200w, https:\/\/agora.xtec.cat\/iesmontsacopa\/wp-content\/uploads\/usu944\/2024\/03\/er5.jpg 575w\" sizes=\"auto, (max-width: 300px) 100vw, 300px\" \/><\/a><\/td>\n<\/tr>\n<tr>\n<td style=\"width: 25%; border-color: #ffffff; vertical-align: top;\"><a href=\"https:\/\/agora.xtec.cat\/iesmontsacopa\/wp-content\/uploads\/usu944\/2024\/03\/er4.jpg\"><img loading=\"lazy\" decoding=\"async\" class=\"aligncenter size-medium wp-image-13099\" src=\"https:\/\/agora.xtec.cat\/iesmontsacopa\/wp-content\/uploads\/usu944\/2024\/03\/er4-226x300.jpg\" alt=\"\" width=\"226\" height=\"300\" srcset=\"https:\/\/agora.xtec.cat\/iesmontsacopa\/wp-content\/uploads\/usu944\/2024\/03\/er4-226x300.jpg 226w, https:\/\/agora.xtec.cat\/iesmontsacopa\/wp-content\/uploads\/usu944\/2024\/03\/er4.jpg 362w\" sizes=\"auto, (max-width: 226px) 100vw, 226px\" \/><\/a><\/td>\n<td style=\"width: 25%; border-color: #ffffff; vertical-align: top;\"><a href=\"https:\/\/agora.xtec.cat\/iesmontsacopa\/wp-content\/uploads\/usu944\/2024\/03\/er6.jpg\"><img loading=\"lazy\" decoding=\"async\" class=\"aligncenter size-medium wp-image-13101\" src=\"https:\/\/agora.xtec.cat\/iesmontsacopa\/wp-content\/uploads\/usu944\/2024\/03\/er6-226x300.jpg\" alt=\"\" width=\"226\" height=\"300\" srcset=\"https:\/\/agora.xtec.cat\/iesmontsacopa\/wp-content\/uploads\/usu944\/2024\/03\/er6-226x300.jpg 226w, https:\/\/agora.xtec.cat\/iesmontsacopa\/wp-content\/uploads\/usu944\/2024\/03\/er6.jpg 435w\" sizes=\"auto, (max-width: 226px) 100vw, 226px\" \/><\/a><\/td>\n<td style=\"width: 25%; border-color: #ffffff; vertical-align: top;\"><a href=\"https:\/\/agora.xtec.cat\/iesmontsacopa\/wp-content\/uploads\/usu944\/2024\/03\/er7.jpg\"><img loading=\"lazy\" decoding=\"async\" class=\"aligncenter size-medium wp-image-13102\" src=\"https:\/\/agora.xtec.cat\/iesmontsacopa\/wp-content\/uploads\/usu944\/2024\/03\/er7-300x226.jpg\" alt=\"\" width=\"300\" height=\"226\" srcset=\"https:\/\/agora.xtec.cat\/iesmontsacopa\/wp-content\/uploads\/usu944\/2024\/03\/er7-300x226.jpg 300w, https:\/\/agora.xtec.cat\/iesmontsacopa\/wp-content\/uploads\/usu944\/2024\/03\/er7-200x150.jpg 200w, https:\/\/agora.xtec.cat\/iesmontsacopa\/wp-content\/uploads\/usu944\/2024\/03\/er7.jpg 681w\" sizes=\"auto, (max-width: 300px) 100vw, 300px\" \/><\/a><\/td>\n<td style=\"width: 25%; border-color: #ffffff; vertical-align: top;\"><a href=\"https:\/\/agora.xtec.cat\/iesmontsacopa\/wp-content\/uploads\/usu944\/2024\/03\/er8.jpg\"><img loading=\"lazy\" decoding=\"async\" class=\"aligncenter size-medium wp-image-13103\" src=\"https:\/\/agora.xtec.cat\/iesmontsacopa\/wp-content\/uploads\/usu944\/2024\/03\/er8-300x226.jpg\" alt=\"\" width=\"300\" height=\"226\" srcset=\"https:\/\/agora.xtec.cat\/iesmontsacopa\/wp-content\/uploads\/usu944\/2024\/03\/er8-300x226.jpg 300w, https:\/\/agora.xtec.cat\/iesmontsacopa\/wp-content\/uploads\/usu944\/2024\/03\/er8-768x579.jpg 768w, https:\/\/agora.xtec.cat\/iesmontsacopa\/wp-content\/uploads\/usu944\/2024\/03\/er8-200x150.jpg 200w, https:\/\/agora.xtec.cat\/iesmontsacopa\/wp-content\/uploads\/usu944\/2024\/03\/er8.jpg 998w\" sizes=\"auto, (max-width: 300px) 100vw, 300px\" \/><\/a><\/td>\n<\/tr>\n<\/tbody>\n<\/table>\n<p><a href=\"https:\/\/agora.xtec.cat\/iesmontsacopa\/wp-content\/uploads\/usu944\/2024\/03\/erasmus.png\"><img loading=\"lazy\" decoding=\"async\" class=\"size-medium wp-image-13095 alignright\" src=\"https:\/\/agora.xtec.cat\/iesmontsacopa\/wp-content\/uploads\/usu944\/2024\/03\/erasmus-300x62.png\" alt=\"\" width=\"300\" height=\"62\" srcset=\"https:\/\/agora.xtec.cat\/iesmontsacopa\/wp-content\/uploads\/usu944\/2024\/03\/erasmus-300x62.png 300w, https:\/\/agora.xtec.cat\/iesmontsacopa\/wp-content\/uploads\/usu944\/2024\/03\/erasmus-768x158.png 768w, https:\/\/agora.xtec.cat\/iesmontsacopa\/wp-content\/uploads\/usu944\/2024\/03\/erasmus.png 1024w\" sizes=\"auto, (max-width: 300px) 100vw, 300px\" \/><\/a><\/p>\n<table style=\"width: 100%;\">\n<tbody>\n<tr>\n<td style=\"border-color: #ffffff; background-color: #92ae01;\"><\/td>\n<\/tr>\n<\/tbody>\n<\/table>\n","protected":false},"excerpt":{"rendered":"<p>Mobilitat de grup d\u2019alumnes Erasmus+ Olot-Torun Aquest curs 2023-2024, 12 alumnes de 4t d\u2019ESO hem pogut formar part d\u2019un programa Erasmus+ amb Toru\u0144, Pol\u00f2nia. Ens vam presentar com a candidats per formar part del projecte 29 alumnes, per\u00f2 nom\u00e9s hi havia 12 places pel que es va fer un sorteig per decidir qui en formaria [&hellip;]<\/p>\n","protected":false},"author":1,"featured_media":0,"parent":13107,"menu_order":0,"comment_status":"closed","ping_status":"closed","template":"page-templates\/side-menu.php","meta":{"_bbp_topic_count":0,"_bbp_reply_count":0,"_bbp_total_topic_count":0,"_bbp_total_reply_count":0,"_bbp_voice_count":0,"_bbp_anonymous_reply_count":0,"_bbp_topic_count_hidden":0,"_bbp_reply_count_hidden":0,"_bbp_forum_subforum_count":0,"site-sidebar-layout":"default","site-content-layout":"","ast-site-content-layout":"","site-content-style":"default","site-sidebar-style":"default","ast-global-header-display":"","ast-banner-title-visibility":"","ast-main-header-display":"","ast-hfb-above-header-display":"","ast-hfb-below-header-display":"","ast-hfb-mobile-header-display":"","site-post-title":"","ast-breadcrumbs-content":"","ast-featured-img":"","footer-sml-layout":"","theme-transparent-header-meta":"","adv-header-id-meta":"","stick-header-meta":"","header-above-stick-meta":"","header-main-stick-meta":"","header-below-stick-meta":"","astra-migrate-meta-layouts":"default","ast-page-background-enabled":"default","ast-page-background-meta":{"desktop":{"background-color":"var(--ast-global-color-4)","background-image":"","background-repeat":"repeat","background-position":"center center","background-size":"auto","background-attachment":"scroll","background-type":"","background-media":"","overlay-type":"","overlay-color":"","overlay-opacity":"","overlay-gradient":""},"tablet":{"background-color":"","background-image":"","background-repeat":"repeat","background-position":"center center","background-size":"auto","background-attachment":"scroll","background-type":"","background-media":"","overlay-type":"","overlay-color":"","overlay-opacity":"","overlay-gradient":""},"mobile":{"background-color":"","background-image":"","background-repeat":"repeat","background-position":"center center","background-size":"auto","background-attachment":"scroll","background-type":"","background-media":"","overlay-type":"","overlay-color":"","overlay-opacity":"","overlay-gradient":""}},"ast-content-background-meta":{"desktop":{"background-color":"var(--ast-global-color-5)","background-image":"","background-repeat":"repeat","background-position":"center center","background-size":"auto","background-attachment":"scroll","background-type":"","background-media":"","overlay-type":"","overlay-color":"","overlay-opacity":"","overlay-gradient":""},"tablet":{"background-color":"var(--ast-global-color-5)","background-image":"","background-repeat":"repeat","background-position":"center center","background-size":"auto","background-attachment":"scroll","background-type":"","background-media":"","overlay-type":"","overlay-color":"","overlay-opacity":"","overlay-gradient":""},"mobile":{"background-color":"var(--ast-global-color-5)","background-image":"","background-repeat":"repeat","background-position":"center center","background-size":"auto","background-attachment":"scroll","background-type":"","background-media":"","overlay-type":"","overlay-color":"","overlay-opacity":"","overlay-gradient":""}},"footnotes":""},"class_list":["post-13126","page","type-page","status-publish","hentry"],"post_mailing_queue_ids":[],"_links":{"self":[{"href":"https:\/\/agora.xtec.cat\/iesmontsacopa\/wp-json\/wp\/v2\/pages\/13126","targetHints":{"allow":["GET"]}}],"collection":[{"href":"https:\/\/agora.xtec.cat\/iesmontsacopa\/wp-json\/wp\/v2\/pages"}],"about":[{"href":"https:\/\/agora.xtec.cat\/iesmontsacopa\/wp-json\/wp\/v2\/types\/page"}],"author":[{"embeddable":true,"href":"https:\/\/agora.xtec.cat\/iesmontsacopa\/wp-json\/wp\/v2\/users\/1"}],"replies":[{"embeddable":true,"href":"https:\/\/agora.xtec.cat\/iesmontsacopa\/wp-json\/wp\/v2\/comments?post=13126"}],"version-history":[{"count":6,"href":"https:\/\/agora.xtec.cat\/iesmontsacopa\/wp-json\/wp\/v2\/pages\/13126\/revisions"}],"predecessor-version":[{"id":13381,"href":"https:\/\/agora.xtec.cat\/iesmontsacopa\/wp-json\/wp\/v2\/pages\/13126\/revisions\/13381"}],"up":[{"embeddable":true,"href":"https:\/\/agora.xtec.cat\/iesmontsacopa\/wp-json\/wp\/v2\/pages\/13107"}],"wp:attachment":[{"href":"https:\/\/agora.xtec.cat\/iesmontsacopa\/wp-json\/wp\/v2\/media?parent=13126"}],"curies":[{"name":"wp","href":"https:\/\/api.w.org\/{rel}","templated":true}]}}