{"id":13107,"date":"2024-03-19T12:46:08","date_gmt":"2024-03-19T11:46:08","guid":{"rendered":"https:\/\/agora.xtec.cat\/iesmontsacopa\/?page_id=13107"},"modified":"2025-10-02T16:24:58","modified_gmt":"2025-10-02T14:24:58","slug":"educacio-escolar-erasmus","status":"publish","type":"page","link":"https:\/\/agora.xtec.cat\/iesmontsacopa\/premis-i-projectes\/projectes\/erasmus\/educacio-escolar-erasmus\/","title":{"rendered":"Educaci\u00f3 Escolar. Erasmus+"},"content":{"rendered":"<table style=\"width: 100%;\">\n<tbody>\n<tr>\n<td style=\"border-color: #ffffff; background-color: #0988a9;\"><\/td>\n<\/tr>\n<\/tbody>\n<\/table>\n<table style=\"border-collapse: collapse; width: 100%;\">\n<tbody>\n<tr>\n<td style=\"width: 995.2px; border-color: #ffffff;\">\n<p style=\"text-align: justify;\">Estem molt contentes d&#8217;anunciar que hem obtingut l&#8217;Acreditaci\u00f3 Erasmus+ en l&#8217;\u00e0mbit d&#8217;Educaci\u00f3 Escolar dins del nou programa Erasmus 2021-2027. El centre ja va obtenir l&#8217;Acreditaci\u00f3 en Educaci\u00f3 Superior (Cicles Formatius de Grau Superior) el curs passat.<\/p>\n<p style=\"text-align: justify;\">Es tracta d&#8217;una gran not\u00edcia per a l&#8217;institut ja que aquesta Acreditaci\u00f3 fomenta la participaci\u00f3 dels centres escolars en activitats de formaci\u00f3, col\u00b7laboracions i mobilitats, tant de professorat com d&#8217;alumnat, amb finan\u00e7ament de fons europeus.<\/p>\n<p style=\"text-align: justify;\">L&#8217;Institut Montsacopa va presentar un projecte que tenia diversos objectius com ara:<\/p>\n<p style=\"text-align: justify; padding-left: 40px;\">&#8211; impulsar la formaci\u00f3 i la participaci\u00f3 del professorat<br \/>\n&#8211; refor\u00e7ar la internacionalitzaci\u00f3 del centre<br \/>\n&#8211; potenciar la realitzaci\u00f3 de projectes interdisciplinaris<\/p>\n<p style=\"text-align: justify;\">Afrontem aquesta nova etapa de desenvolupament, innovaci\u00f3 i millora amb molta il\u00b7lusi\u00f3 i desitgem seguir ampliant l&#8217;oferta de formaci\u00f3 de l&#8217;institut.<\/p>\n<p style=\"text-align: justify;\">La Comissi\u00f3 Erasmus de l&#8217;Institut Montsacopa<\/p>\n<\/td>\n<\/tr>\n<\/tbody>\n<\/table>\n<hr style=\"border-color: #92ae01;\" \/>\n<table>\n<tbody>\n<tr>\n<td style=\"width: 20%; border-color: #ffffff;\"><a href=\"https:\/\/agora.xtec.cat\/iesmontsacopa\/wp-content\/uploads\/usu944\/2020\/12\/logoguanyador_gogreen.jpeg\"><img loading=\"lazy\" decoding=\"async\" class=\"aligncenter size-large wp-image-7481\" src=\"https:\/\/agora.xtec.cat\/iesmontsacopa\/wp-content\/uploads\/usu944\/2020\/12\/logoguanyador_gogreen-824x1024.jpeg\" alt=\"\" width=\"824\" height=\"1024\" srcset=\"https:\/\/agora.xtec.cat\/iesmontsacopa\/wp-content\/uploads\/usu944\/2020\/12\/logoguanyador_gogreen-824x1024.jpeg 824w, https:\/\/agora.xtec.cat\/iesmontsacopa\/wp-content\/uploads\/usu944\/2020\/12\/logoguanyador_gogreen-242x300.jpeg 242w, https:\/\/agora.xtec.cat\/iesmontsacopa\/wp-content\/uploads\/usu944\/2020\/12\/logoguanyador_gogreen-768x954.jpeg 768w, https:\/\/agora.xtec.cat\/iesmontsacopa\/wp-content\/uploads\/usu944\/2020\/12\/logoguanyador_gogreen.jpeg 1288w\" sizes=\"auto, (max-width: 824px) 100vw, 824px\" \/><\/a><\/td>\n<td style=\"border-color: #ffffff;\">\n<h1 class=\"entry-title\"><a href=\"https:\/\/agora.xtec.cat\/iesmontsacopa\/premis-i-projectes\/projectes\/erasmus\/erasmus-go-green\/\">Erasmus+ \u2018Go Green\u2019<\/a><\/h1>\n<\/td>\n<\/tr>\n<\/tbody>\n<\/table>\n<table style=\"width: 100%;\">\n<tbody>\n<tr>\n<td style=\"border-color: #ffffff; background-color: #92ae01;\"><\/td>\n<\/tr>\n<\/tbody>\n<\/table>\n<table style=\"border-collapse: collapse; width: 100%;\">\n<tbody>\n<tr>\n<td style=\"width: 100%; border-color: #ffffff; background-color: #dedcdc;\">\n<h2><a href=\"https:\/\/agora.xtec.cat\/iesmontsacopa\/premis-i-projectes\/projectes\/erasmus\/educacio-escolar-erasmus\/projectes-curs-2025-26\/\"><span style=\"color: #800000;\"><strong>Projectes curs 2025-26<\/strong><\/span><\/a><\/h2>\n<h2><a href=\"https:\/\/agora.xtec.cat\/iesmontsacopa\/premis-i-projectes\/projectes\/erasmus\/educacio-escolar-erasmus\/projectes-curs-24-25\/\"><span style=\"color: #800000;\"><strong>Projectes curs 2024-25<\/strong><\/span><\/a><\/h2>\n<h2><a href=\"https:\/\/agora.xtec.cat\/iesmontsacopa\/premis-i-projectes\/projectes\/erasmus\/educacio-escolar-erasmus\/projectes-curs-2023-24\/\"><span style=\"color: #800000;\"><strong>Projectes curs 2023-24<\/strong><\/span><\/a><\/h2>\n<h2><a href=\"https:\/\/agora.xtec.cat\/iesmontsacopa\/premis-i-projectes\/projectes\/erasmus\/projectes-curs-2022-23\/\"><span style=\"color: #800000;\"><strong>Projectes curs 2022-23<\/strong><\/span><\/a><\/h2>\n<\/td>\n<\/tr>\n<\/tbody>\n<\/table>\n<table style=\"width: 100%;\">\n<tbody>\n<tr>\n<td style=\"border-color: #ffffff; background-color: #92ae01;\"><\/td>\n<\/tr>\n<\/tbody>\n<\/table>\n<table style=\"border-collapse: collapse; width: 100%;\">\n<tbody>\n<tr>\n<td style=\"width: 100%; border-color: #ffffff; background-color: #dedcdc;\">\n<h2><a href=\"https:\/\/agora.xtec.cat\/iesmontsacopa\/premis-i-projectes\/projectes\/erasmus\/erasmus-mobilitat-professorat\/\"><span style=\"color: #800000;\"><strong>Professorat<\/strong><\/span><\/a><\/h2>\n<\/td>\n<\/tr>\n<\/tbody>\n<\/table>\n<table style=\"width: 100%;\">\n<tbody>\n<tr>\n<td style=\"border-color: #ffffff; background-color: #92ae01;\"><\/td>\n<\/tr>\n<\/tbody>\n<\/table>\n","protected":false},"excerpt":{"rendered":"<p>Estem molt contentes d&#8217;anunciar que hem obtingut l&#8217;Acreditaci\u00f3 Erasmus+ en l&#8217;\u00e0mbit d&#8217;Educaci\u00f3 Escolar dins del nou programa Erasmus 2021-2027. El centre ja va obtenir l&#8217;Acreditaci\u00f3 en Educaci\u00f3 Superior (Cicles Formatius de Grau Superior) el curs passat. Es tracta d&#8217;una gran not\u00edcia per a l&#8217;institut ja que aquesta Acreditaci\u00f3 fomenta la participaci\u00f3 dels centres escolars en [&hellip;]<\/p>\n","protected":false},"author":1,"featured_media":0,"parent":8095,"menu_order":0,"comment_status":"closed","ping_status":"closed","template":"","meta":{"_bbp_topic_count":0,"_bbp_reply_count":0,"_bbp_total_topic_count":0,"_bbp_total_reply_count":0,"_bbp_voice_count":0,"_bbp_anonymous_reply_count":0,"_bbp_topic_count_hidden":0,"_bbp_reply_count_hidden":0,"_bbp_forum_subforum_count":0,"site-sidebar-layout":"default","site-content-layout":"","ast-site-content-layout":"","site-content-style":"default","site-sidebar-style":"default","ast-global-header-display":"","ast-banner-title-visibility":"","ast-main-header-display":"","ast-hfb-above-header-display":"","ast-hfb-below-header-display":"","ast-hfb-mobile-header-display":"","site-post-title":"","ast-breadcrumbs-content":"","ast-featured-img":"","footer-sml-layout":"","theme-transparent-header-meta":"","adv-header-id-meta":"","stick-header-meta":"","header-above-stick-meta":"","header-main-stick-meta":"","header-below-stick-meta":"","astra-migrate-meta-layouts":"default","ast-page-background-enabled":"default","ast-page-background-meta":{"desktop":{"background-color":"var(--ast-global-color-4)","background-image":"","background-repeat":"repeat","background-position":"center center","background-size":"auto","background-attachment":"scroll","background-type":"","background-media":"","overlay-type":"","overlay-color":"","overlay-opacity":"","overlay-gradient":""},"tablet":{"background-color":"","background-image":"","background-repeat":"repeat","background-position":"center center","background-size":"auto","background-attachment":"scroll","background-type":"","background-media":"","overlay-type":"","overlay-color":"","overlay-opacity":"","overlay-gradient":""},"mobile":{"background-color":"","background-image":"","background-repeat":"repeat","background-position":"center center","background-size":"auto","background-attachment":"scroll","background-type":"","background-media":"","overlay-type":"","overlay-color":"","overlay-opacity":"","overlay-gradient":""}},"ast-content-background-meta":{"desktop":{"background-color":"var(--ast-global-color-5)","background-image":"","background-repeat":"repeat","background-position":"center center","background-size":"auto","background-attachment":"scroll","background-type":"","background-media":"","overlay-type":"","overlay-color":"","overlay-opacity":"","overlay-gradient":""},"tablet":{"background-color":"var(--ast-global-color-5)","background-image":"","background-repeat":"repeat","background-position":"center center","background-size":"auto","background-attachment":"scroll","background-type":"","background-media":"","overlay-type":"","overlay-color":"","overlay-opacity":"","overlay-gradient":""},"mobile":{"background-color":"var(--ast-global-color-5)","background-image":"","background-repeat":"repeat","background-position":"center center","background-size":"auto","background-attachment":"scroll","background-type":"","background-media":"","overlay-type":"","overlay-color":"","overlay-opacity":"","overlay-gradient":""}},"footnotes":""},"class_list":["post-13107","page","type-page","status-publish","hentry"],"post_mailing_queue_ids":[],"_links":{"self":[{"href":"https:\/\/agora.xtec.cat\/iesmontsacopa\/wp-json\/wp\/v2\/pages\/13107","targetHints":{"allow":["GET"]}}],"collection":[{"href":"https:\/\/agora.xtec.cat\/iesmontsacopa\/wp-json\/wp\/v2\/pages"}],"about":[{"href":"https:\/\/agora.xtec.cat\/iesmontsacopa\/wp-json\/wp\/v2\/types\/page"}],"author":[{"embeddable":true,"href":"https:\/\/agora.xtec.cat\/iesmontsacopa\/wp-json\/wp\/v2\/users\/1"}],"replies":[{"embeddable":true,"href":"https:\/\/agora.xtec.cat\/iesmontsacopa\/wp-json\/wp\/v2\/comments?post=13107"}],"version-history":[{"count":6,"href":"https:\/\/agora.xtec.cat\/iesmontsacopa\/wp-json\/wp\/v2\/pages\/13107\/revisions"}],"predecessor-version":[{"id":15200,"href":"https:\/\/agora.xtec.cat\/iesmontsacopa\/wp-json\/wp\/v2\/pages\/13107\/revisions\/15200"}],"up":[{"embeddable":true,"href":"https:\/\/agora.xtec.cat\/iesmontsacopa\/wp-json\/wp\/v2\/pages\/8095"}],"wp:attachment":[{"href":"https:\/\/agora.xtec.cat\/iesmontsacopa\/wp-json\/wp\/v2\/media?parent=13107"}],"curies":[{"name":"wp","href":"https:\/\/api.w.org\/{rel}","templated":true}]}}