{"id":11585,"date":"2023-03-21T10:26:22","date_gmt":"2023-03-21T09:26:22","guid":{"rendered":"https:\/\/agora.xtec.cat\/iesmontsacopa\/?page_id=11585"},"modified":"2023-05-19T15:23:19","modified_gmt":"2023-05-19T13:23:19","slug":"projectes-curs-2022-23","status":"publish","type":"page","link":"https:\/\/agora.xtec.cat\/iesmontsacopa\/premis-i-projectes\/projectes\/erasmus\/projectes-curs-2022-23\/","title":{"rendered":"Projectes curs 2022-23"},"content":{"rendered":"<table style=\"width: 100%;\">\n<tbody>\n<tr>\n<td style=\"border-color: #ffffff; background-color: #92ae01;\"><\/td>\n<\/tr>\n<\/tbody>\n<\/table>\n<h3>R\u00e9sistance et exil<\/h3>\n<p><a href=\"https:\/\/agora.xtec.cat\/iesmontsacopa\/wp-content\/uploads\/usu944\/2023\/05\/exil1.png\"><img loading=\"lazy\" decoding=\"async\" class=\"aligncenter size-full wp-image-11989\" src=\"https:\/\/agora.xtec.cat\/iesmontsacopa\/wp-content\/uploads\/usu944\/2023\/05\/exil1.png\" alt=\"\" width=\"799\" height=\"556\" srcset=\"https:\/\/agora.xtec.cat\/iesmontsacopa\/wp-content\/uploads\/usu944\/2023\/05\/exil1.png 799w, https:\/\/agora.xtec.cat\/iesmontsacopa\/wp-content\/uploads\/usu944\/2023\/05\/exil1-300x209.png 300w, https:\/\/agora.xtec.cat\/iesmontsacopa\/wp-content\/uploads\/usu944\/2023\/05\/exil1-768x534.png 768w\" sizes=\"auto, (max-width: 799px) 100vw, 799px\" \/><\/a><\/p>\n<p><a href=\"https:\/\/agora.xtec.cat\/iesmontsacopa\/wp-content\/uploads\/usu944\/2023\/05\/exil2.png\"><img loading=\"lazy\" decoding=\"async\" class=\"aligncenter size-full wp-image-11990\" src=\"https:\/\/agora.xtec.cat\/iesmontsacopa\/wp-content\/uploads\/usu944\/2023\/05\/exil2.png\" alt=\"\" width=\"836\" height=\"477\" srcset=\"https:\/\/agora.xtec.cat\/iesmontsacopa\/wp-content\/uploads\/usu944\/2023\/05\/exil2.png 836w, https:\/\/agora.xtec.cat\/iesmontsacopa\/wp-content\/uploads\/usu944\/2023\/05\/exil2-300x171.png 300w, https:\/\/agora.xtec.cat\/iesmontsacopa\/wp-content\/uploads\/usu944\/2023\/05\/exil2-768x438.png 768w\" sizes=\"auto, (max-width: 836px) 100vw, 836px\" \/><\/a><\/p>\n<p style=\"text-align: justify;\">D\u00e9finitivement, la mer, c&#8217;est ma partie pr\u00e9f\u00e9r\u00e9e du voyage, c&#8217;est r\u00e9ellement impressionnant. Aujourd&#8217;hui, je suis all\u00e9e \u00e0 Portivy pour voir la mer. On est rest\u00e9 l\u00e0-bas pour le d\u00e9jeuner. Il s&#8217;agissait des c\u00f4tes de cochon avec une sauce absolument d\u00e9licieuse. Apr\u00e8s, on est parti \u00e0 la c\u00f4te sauvage et, c&#8217;est dans ce moment que je m&#8217;ai rendu compte que la mer \u00e9tait ma partie pr\u00e9f\u00e9r\u00e9e. En voiture, on a pass\u00e9 par Quiberon pour voir la c\u00f4te et le port. En fin, on est sorti avec des amies \u00e0 Carnac et on a fini par voir le coucher de soleil \u00e0 \u00c9tel.<\/p>\n<p><strong>Mardi 21<\/strong><\/p>\n<p style=\"text-align: justify;\">Mardi, nous avons visit\u00e9 Nantes. Le matin, des \u00e9l\u00e8ves fran\u00e7ais \u00e9taient nos guides. Et pour l\u2019apr\u00e8s-midi, nous\u00a0 avons visit\u00e9 la galerie des Machines de l\u2019\u00cele, un espace d\u2019exposition et d\u2019animation avec des animaux m\u00e9caniques et pour finir, nous sommes all\u00e9s au Carrousel des mondes marins. Une anecdote: il y avait des gr\u00e8ves et nous avons pass\u00e9 trois heures dans le bus. Aussi ce jour, j&#8217;ai go\u00fbt\u00e9 \u00e0 des galettes et c\u2019\u00e9tait tr\u00e8s bon.<\/p>\n<p><a href=\"https:\/\/agora.xtec.cat\/iesmontsacopa\/wp-content\/uploads\/usu944\/2023\/05\/exil3.png\"><img loading=\"lazy\" decoding=\"async\" class=\"aligncenter size-full wp-image-11991\" src=\"https:\/\/agora.xtec.cat\/iesmontsacopa\/wp-content\/uploads\/usu944\/2023\/05\/exil3.png\" alt=\"\" width=\"941\" height=\"299\" srcset=\"https:\/\/agora.xtec.cat\/iesmontsacopa\/wp-content\/uploads\/usu944\/2023\/05\/exil3.png 941w, https:\/\/agora.xtec.cat\/iesmontsacopa\/wp-content\/uploads\/usu944\/2023\/05\/exil3-300x95.png 300w, https:\/\/agora.xtec.cat\/iesmontsacopa\/wp-content\/uploads\/usu944\/2023\/05\/exil3-768x244.png 768w\" sizes=\"auto, (max-width: 941px) 100vw, 941px\" \/><\/a><\/p>\n<p style=\"text-align: justify;\"><strong>JOUR 9: <\/strong>Quand je me suis r\u00e9veill\u00e9e, j\u2019\u00e9tais tr\u00e8s fatigu\u00e9e. J\u2019ai pr\u00e9par\u00e9 toutes mes affaires et, ayant mang\u00e9 un peu, nous sommes all\u00e9s au lyc\u00e9e, o\u00f9 on devait prendre le bus. L\u00e0, nous nous sommes dit \u201cadieu\u201d et on est parti. Dans le bus, les gens ont mis de la musique tandis que le chauffeur \u00e9tait en train de nous emmener \u00e0 l\u2019a\u00e9roport de Nantes. L\u00e0, on a jou\u00e9 aux cartes et parl\u00e9 entre nous jusqu\u2019au moment o\u00f9 nous sommes entr\u00e9s \u00e0 l\u2019avion, o\u00f9 il y a eu beaucoup de turbulences. Quand on a fini ce voyage, nous sommes all\u00e9s chercher nos valises pour prendre l\u2019autre bus. L\u00e0, on a mis de la musique une autre fois et on a chant\u00e9.<a href=\"https:\/\/agora.xtec.cat\/iesmontsacopa\/wp-content\/uploads\/usu944\/2023\/05\/exil4.png\"><img loading=\"lazy\" decoding=\"async\" class=\"aligncenter size-full wp-image-11992\" src=\"https:\/\/agora.xtec.cat\/iesmontsacopa\/wp-content\/uploads\/usu944\/2023\/05\/exil4.png\" alt=\"\" width=\"496\" height=\"284\" srcset=\"https:\/\/agora.xtec.cat\/iesmontsacopa\/wp-content\/uploads\/usu944\/2023\/05\/exil4.png 496w, https:\/\/agora.xtec.cat\/iesmontsacopa\/wp-content\/uploads\/usu944\/2023\/05\/exil4-300x172.png 300w\" sizes=\"auto, (max-width: 496px) 100vw, 496px\" \/><\/a>Apr\u00e8s cette longue semaine, m\u00eame si je suis un peu fatigu\u00e9e, je crois qu\u2019elle a \u00e9t\u00e9 une nouvelle exp\u00e9rience pleine de souvenirs incroyables. En plus, j\u2019ai pu connecter pas seulement avec des nouvelles personnes en France, mais aussi avec les Catalans. J\u2019\u00e9tais un peu nerveuse au d\u00e9but, mais ce voyage a \u00e9t\u00e9 tellement m\u00e9morable et une grande opportunit\u00e9 pour apprendre.<\/p>\n<p>Textes de\u00a0: Lina El Masnaoui, Isona Escoda, Neus Prat i Serena Be\u00e0.<\/p>\n<table style=\"border-collapse: collapse; width: 100%;\">\n<tbody>\n<tr>\n<td style=\"width: 100%; text-align: justify; border-color: #ffffff;\"><span style=\"color: #999999;\">&#8220;El proyecto &#8220;R\u00e9sistance et exil&#8221; est\u00e1 cofinanciado por el programa Erasmus+ de la Uni\u00f3n Europea. El contenido de las publicaciones es responsabilidad exclusiva del INS MONTSACOPA y ni la Comisi\u00f3n Europea, ni el Servicio Espa\u00f1ol para la Internacionalizaci\u00f3n de la Educaci\u00f3n (SEPIE) son responsables del uso que pueda hacerse de la informaci\u00f3n aqu\u00ed difundida.&#8221;<\/span><\/td>\n<\/tr>\n<\/tbody>\n<\/table>\n<table style=\"width: 100%;\">\n<tbody>\n<tr>\n<td style=\"border-color: #ffffff; background-color: #92ae01;\"><\/td>\n<\/tr>\n<\/tbody>\n<\/table>\n<h3><strong>Exiles: now and then<\/strong><\/h3>\n<p style=\"text-align: justify;\">Between the 24th and the 31st of March we welcomed our Polish partners in the Erasmus+ project \u201cExiles: now and then\u201d. During the week, we met amazing people while we were doing different activities, such as a tour in our high school or a tour to discover the \u2018Espais de Mem\u00f2ria\u2019 in our city. We also rode our bikes through la Fageda, spent time with our families, and we hung out several times in the afternoon.<\/p>\n<p style=\"text-align: justify;\">If we had to describe how we felt, it was like a feeling of happiness and comfort. The truth is that we are very happy to get along so well with them. We are sure that this will be an experience that we will not forget, since we have shared all our things with the Polish people and vice versa, which means that we have currently created a very good relationship.<\/p>\n<p style=\"text-align: justify;\">Also, we are extremely excited to go to Poland, not just to visit the country and the city, but also to know even more people, and learn about their customs and traditions, such as food, daily routine, their high school and the types of lessons they have. And, the most important thing, spend time with our host family and enjoy our stay. We leave on Friday!<\/p>\n<p><a href=\"https:\/\/agora.xtec.cat\/iesmontsacopa\/wp-content\/uploads\/usu944\/2023\/04\/Exiles_now_and_then.png\"><img loading=\"lazy\" decoding=\"async\" class=\"aligncenter size-full wp-image-11800\" src=\"https:\/\/agora.xtec.cat\/iesmontsacopa\/wp-content\/uploads\/usu944\/2023\/04\/Exiles_now_and_then.png\" alt=\"\" width=\"626\" height=\"441\" srcset=\"https:\/\/agora.xtec.cat\/iesmontsacopa\/wp-content\/uploads\/usu944\/2023\/04\/Exiles_now_and_then.png 626w, https:\/\/agora.xtec.cat\/iesmontsacopa\/wp-content\/uploads\/usu944\/2023\/04\/Exiles_now_and_then-300x211.png 300w\" sizes=\"auto, (max-width: 626px) 100vw, 626px\" \/><\/a><\/p>\n<h3><strong>Mobility to Poland<\/strong><\/h3>\n<p><span style=\"font-weight: 400;\">Best experience ever. Our trip to Poland!<\/span><\/p>\n<p style=\"text-align: justify;\"><span style=\"font-weight: 400;\">From the 21st to the 28th of April, we went to Poland to complete the exchange project of Erasmus+ \u201cExiles: now and then\u201d. There, we met again with our lovely Polish partners. Our stay at their homes was so nice as the families welcomed us very warmly and made us feel like home, especially during the weekend when we had to spend time with them.<\/span><\/p>\n<p style=\"text-align: justify;\"><span style=\"font-weight: 400;\">We learned a lot of things about Poland starting from their old and unique spots and cities such as Torun, Gdask, Sopot, Barbarka forest\u2026. Furthermore, we learned a lot during our stay because we participated in some classes, which helped us know more about Poland and their education system, and also we took part in many activities, like making cookies at the museum of Gingerbread. Apart from that, we saw so many remarkable things such as the memorials of the Second War, the Mill of Knowledge or the Planetarium of Torun.\u00a0<\/span><\/p>\n<p style=\"text-align: justify;\"><span style=\"font-weight: 400;\">It\u2019s impossible to describe everything we felt during the week! Happiness, joy, and also a feeling of gratitude since we were given the opportunity to participate in the Erasmus. For sure, we\u2019ll never forget the experience!<\/span><\/p>\n<p><a href=\"https:\/\/agora.xtec.cat\/iesmontsacopa\/wp-content\/uploads\/usu944\/2023\/05\/poland_task.png\"><img loading=\"lazy\" decoding=\"async\" class=\"aligncenter size-full wp-image-11914\" src=\"https:\/\/agora.xtec.cat\/iesmontsacopa\/wp-content\/uploads\/usu944\/2023\/05\/poland_task.png\" alt=\"\" width=\"626\" height=\"355\" srcset=\"https:\/\/agora.xtec.cat\/iesmontsacopa\/wp-content\/uploads\/usu944\/2023\/05\/poland_task.png 626w, https:\/\/agora.xtec.cat\/iesmontsacopa\/wp-content\/uploads\/usu944\/2023\/05\/poland_task-300x170.png 300w\" sizes=\"auto, (max-width: 626px) 100vw, 626px\" \/><\/a><\/p>\n<table style=\"border-collapse: collapse; width: 100%;\">\n<tbody>\n<tr>\n<td style=\"width: 100%; text-align: justify; border-color: #ffffff;\"><span style=\"color: #999999;\">&#8220;El proyecto &#8220;Exiles: now and then&#8221; est\u00e1 cofinanciado por el programa Erasmus+ de la Uni\u00f3n Europea. El contenido de las publicaciones es responsabilidad exclusiva del INS MONTSACOPA y ni la Comisi\u00f3n Europea, ni el Servicio Espa\u00f1ol para la Internacionalizaci\u00f3n de la Educaci\u00f3n (SEPIE) son responsables del uso que pueda hacerse de la informaci\u00f3n aqu\u00ed difundida.&#8221;<\/span><\/td>\n<\/tr>\n<\/tbody>\n<\/table>\n<table style=\"width: 100%;\">\n<tbody>\n<tr>\n<td style=\"border-color: #ffffff; background-color: #92ae01;\"><\/td>\n<\/tr>\n<\/tbody>\n<\/table>\n<h3><strong>Sharing Landscape and History Heritage<\/strong><\/h3>\n<p style=\"text-align: justify;\">During the first week of March, we carried out the first part of the mobility programme in Belgium. Specifically, we went to the town of Aarschot. Thirteen students of 4th ESO lived together with some students from the Damiaaninstituut high school.<\/p>\n<p style=\"text-align: justify;\">Apart from sharing the difference between our educational systems and doing activities related to historical heritage, we visited cities like Mechelen, Heist-op-den-Berg, Jalhay or Brussels. We also did a workshop to create our own LED plate. Furthermore, we ice skated and reached a viewpoint above a church. We climbed more than 500 steps! We also experienced the reality of their daily lives. We had wind, snow, rain and we could even see the sun.<\/p>\n<p style=\"text-align: justify;\">It was a week of full communication in English with a lot of unique, funny and unforgettable moments.<br \/>\nWe hope that their stay here will be the same or better. We are looking forward to seeing them again soon!<\/p>\n<p><a href=\"https:\/\/agora.xtec.cat\/iesmontsacopa\/wp-content\/uploads\/usu944\/2023\/03\/proj_belgica.png\"><img loading=\"lazy\" decoding=\"async\" class=\"aligncenter size-full wp-image-11591\" src=\"https:\/\/agora.xtec.cat\/iesmontsacopa\/wp-content\/uploads\/usu944\/2023\/03\/proj_belgica.png\" alt=\"\" width=\"630\" height=\"465\" srcset=\"https:\/\/agora.xtec.cat\/iesmontsacopa\/wp-content\/uploads\/usu944\/2023\/03\/proj_belgica.png 630w, https:\/\/agora.xtec.cat\/iesmontsacopa\/wp-content\/uploads\/usu944\/2023\/03\/proj_belgica-300x221.png 300w\" sizes=\"auto, (max-width: 630px) 100vw, 630px\" \/><\/a><\/p>\n<table style=\"border-collapse: collapse; width: 100%;\">\n<tbody>\n<tr>\n<td style=\"width: 100%; text-align: justify; border-color: #ffffff;\"><span style=\"color: #999999;\">&#8220;El proyecto &#8220;Sharing Landscape\u00a0and History Heritage&#8221; est\u00e1 cofinanciado por el programa Erasmus+ de la Uni\u00f3n Europea. El contenido de esta publicaci\u00f3n es responsabilidad exclusiva del INS MONTSACOPA y ni la Comisi\u00f3n Europea, ni el Servicio Espa\u00f1ol para la Internacionalizaci\u00f3n de la Educaci\u00f3n (SEPIE) son responsables del uso que pueda hacerse de la informaci\u00f3n aqu\u00ed difundida.&#8221;<\/span><\/td>\n<\/tr>\n<\/tbody>\n<\/table>\n<table style=\"width: 100%;\">\n<tbody>\n<tr>\n<td style=\"border-color: #ffffff; background-color: #92ae01;\"><\/td>\n<\/tr>\n<\/tbody>\n<\/table>\n","protected":false},"excerpt":{"rendered":"<p>R\u00e9sistance et exil D\u00e9finitivement, la mer, c&#8217;est ma partie pr\u00e9f\u00e9r\u00e9e du voyage, c&#8217;est r\u00e9ellement impressionnant. Aujourd&#8217;hui, je suis all\u00e9e \u00e0 Portivy pour voir la mer. On est rest\u00e9 l\u00e0-bas pour le d\u00e9jeuner. Il s&#8217;agissait des c\u00f4tes de cochon avec une sauce absolument d\u00e9licieuse. Apr\u00e8s, on est parti \u00e0 la c\u00f4te sauvage et, c&#8217;est dans ce [&hellip;]<\/p>\n","protected":false},"author":1,"featured_media":0,"parent":8095,"menu_order":0,"comment_status":"closed","ping_status":"closed","template":"page-templates\/side-menu.php","meta":{"_bbp_topic_count":0,"_bbp_reply_count":0,"_bbp_total_topic_count":0,"_bbp_total_reply_count":0,"_bbp_voice_count":0,"_bbp_anonymous_reply_count":0,"_bbp_topic_count_hidden":0,"_bbp_reply_count_hidden":0,"_bbp_forum_subforum_count":0,"site-sidebar-layout":"default","site-content-layout":"","ast-site-content-layout":"","site-content-style":"default","site-sidebar-style":"default","ast-global-header-display":"","ast-banner-title-visibility":"","ast-main-header-display":"","ast-hfb-above-header-display":"","ast-hfb-below-header-display":"","ast-hfb-mobile-header-display":"","site-post-title":"","ast-breadcrumbs-content":"","ast-featured-img":"","footer-sml-layout":"","theme-transparent-header-meta":"","adv-header-id-meta":"","stick-header-meta":"","header-above-stick-meta":"","header-main-stick-meta":"","header-below-stick-meta":"","astra-migrate-meta-layouts":"default","ast-page-background-enabled":"default","ast-page-background-meta":{"desktop":{"background-color":"var(--ast-global-color-4)","background-image":"","background-repeat":"repeat","background-position":"center center","background-size":"auto","background-attachment":"scroll","background-type":"","background-media":"","overlay-type":"","overlay-color":"","overlay-opacity":"","overlay-gradient":""},"tablet":{"background-color":"","background-image":"","background-repeat":"repeat","background-position":"center center","background-size":"auto","background-attachment":"scroll","background-type":"","background-media":"","overlay-type":"","overlay-color":"","overlay-opacity":"","overlay-gradient":""},"mobile":{"background-color":"","background-image":"","background-repeat":"repeat","background-position":"center center","background-size":"auto","background-attachment":"scroll","background-type":"","background-media":"","overlay-type":"","overlay-color":"","overlay-opacity":"","overlay-gradient":""}},"ast-content-background-meta":{"desktop":{"background-color":"var(--ast-global-color-5)","background-image":"","background-repeat":"repeat","background-position":"center center","background-size":"auto","background-attachment":"scroll","background-type":"","background-media":"","overlay-type":"","overlay-color":"","overlay-opacity":"","overlay-gradient":""},"tablet":{"background-color":"var(--ast-global-color-5)","background-image":"","background-repeat":"repeat","background-position":"center center","background-size":"auto","background-attachment":"scroll","background-type":"","background-media":"","overlay-type":"","overlay-color":"","overlay-opacity":"","overlay-gradient":""},"mobile":{"background-color":"var(--ast-global-color-5)","background-image":"","background-repeat":"repeat","background-position":"center center","background-size":"auto","background-attachment":"scroll","background-type":"","background-media":"","overlay-type":"","overlay-color":"","overlay-opacity":"","overlay-gradient":""}},"footnotes":""},"class_list":["post-11585","page","type-page","status-publish","hentry"],"post_mailing_queue_ids":[],"_links":{"self":[{"href":"https:\/\/agora.xtec.cat\/iesmontsacopa\/wp-json\/wp\/v2\/pages\/11585","targetHints":{"allow":["GET"]}}],"collection":[{"href":"https:\/\/agora.xtec.cat\/iesmontsacopa\/wp-json\/wp\/v2\/pages"}],"about":[{"href":"https:\/\/agora.xtec.cat\/iesmontsacopa\/wp-json\/wp\/v2\/types\/page"}],"author":[{"embeddable":true,"href":"https:\/\/agora.xtec.cat\/iesmontsacopa\/wp-json\/wp\/v2\/users\/1"}],"replies":[{"embeddable":true,"href":"https:\/\/agora.xtec.cat\/iesmontsacopa\/wp-json\/wp\/v2\/comments?post=11585"}],"version-history":[{"count":3,"href":"https:\/\/agora.xtec.cat\/iesmontsacopa\/wp-json\/wp\/v2\/pages\/11585\/revisions"}],"predecessor-version":[{"id":11997,"href":"https:\/\/agora.xtec.cat\/iesmontsacopa\/wp-json\/wp\/v2\/pages\/11585\/revisions\/11997"}],"up":[{"embeddable":true,"href":"https:\/\/agora.xtec.cat\/iesmontsacopa\/wp-json\/wp\/v2\/pages\/8095"}],"wp:attachment":[{"href":"https:\/\/agora.xtec.cat\/iesmontsacopa\/wp-json\/wp\/v2\/media?parent=11585"}],"curies":[{"name":"wp","href":"https:\/\/api.w.org\/{rel}","templated":true}]}}