{"id":10442,"date":"2022-06-21T14:33:23","date_gmt":"2022-06-21T12:33:23","guid":{"rendered":"https:\/\/agora.xtec.cat\/iesmontsacopa\/?page_id=10442"},"modified":"2024-10-08T13:19:39","modified_gmt":"2024-10-08T11:19:39","slug":"innovacio-i-investigacio-aplicades-i-transferencia-de-coneixement-en-la-formacio-professional","status":"publish","type":"page","link":"https:\/\/agora.xtec.cat\/iesmontsacopa\/premis-i-projectes\/projectes\/innovacio-i-investigacio-aplicades-i-transferencia-de-coneixement-en-la-formacio-professional\/","title":{"rendered":"Projecte OLDBOT"},"content":{"rendered":"<p><a href=\"https:\/\/agora.xtec.cat\/iesmontsacopa\/wp-content\/uploads\/usu944\/2022\/06\/article1.jpg\"><img loading=\"lazy\" decoding=\"async\" class=\"aligncenter size-full wp-image-10461\" src=\"https:\/\/agora.xtec.cat\/iesmontsacopa\/wp-content\/uploads\/usu944\/2022\/06\/article1.jpg\" alt=\"\" width=\"2339\" height=\"1654\" srcset=\"https:\/\/agora.xtec.cat\/iesmontsacopa\/wp-content\/uploads\/usu944\/2022\/06\/article1.jpg 2339w, https:\/\/agora.xtec.cat\/iesmontsacopa\/wp-content\/uploads\/usu944\/2022\/06\/article1-300x212.jpg 300w, https:\/\/agora.xtec.cat\/iesmontsacopa\/wp-content\/uploads\/usu944\/2022\/06\/article1-1024x724.jpg 1024w, https:\/\/agora.xtec.cat\/iesmontsacopa\/wp-content\/uploads\/usu944\/2022\/06\/article1-768x543.jpg 768w, https:\/\/agora.xtec.cat\/iesmontsacopa\/wp-content\/uploads\/usu944\/2022\/06\/article1-1536x1086.jpg 1536w, https:\/\/agora.xtec.cat\/iesmontsacopa\/wp-content\/uploads\/usu944\/2022\/06\/article1-2048x1448.jpg 2048w\" sizes=\"auto, (max-width: 2339px) 100vw, 2339px\" \/><\/a><\/p>\n<table style=\"border-collapse: collapse; width: 100%;\">\n<tbody>\n<tr>\n<td style=\"width: 50%; border-color: #ffffff; vertical-align: top;\"><a href=\"https:\/\/agora.xtec.cat\/iesmontsacopa\/wp-content\/uploads\/usu944\/2022\/06\/art2a_page-0001.jpg\"><img loading=\"lazy\" decoding=\"async\" class=\"aligncenter size-full wp-image-10458\" src=\"https:\/\/agora.xtec.cat\/iesmontsacopa\/wp-content\/uploads\/usu944\/2022\/06\/art2a_page-0001.jpg\" alt=\"\" width=\"1241\" height=\"1755\" srcset=\"https:\/\/agora.xtec.cat\/iesmontsacopa\/wp-content\/uploads\/usu944\/2022\/06\/art2a_page-0001.jpg 1241w, https:\/\/agora.xtec.cat\/iesmontsacopa\/wp-content\/uploads\/usu944\/2022\/06\/art2a_page-0001-212x300.jpg 212w, https:\/\/agora.xtec.cat\/iesmontsacopa\/wp-content\/uploads\/usu944\/2022\/06\/art2a_page-0001-724x1024.jpg 724w, https:\/\/agora.xtec.cat\/iesmontsacopa\/wp-content\/uploads\/usu944\/2022\/06\/art2a_page-0001-768x1086.jpg 768w, https:\/\/agora.xtec.cat\/iesmontsacopa\/wp-content\/uploads\/usu944\/2022\/06\/art2a_page-0001-1086x1536.jpg 1086w\" sizes=\"auto, (max-width: 1241px) 100vw, 1241px\" \/><\/a><\/td>\n<td style=\"width: 50%; border-color: #ffffff;\"><a href=\"https:\/\/agora.xtec.cat\/iesmontsacopa\/wp-content\/uploads\/usu944\/2022\/06\/art2b_page-0001.jpg\"><img loading=\"lazy\" decoding=\"async\" class=\"aligncenter size-full wp-image-10459\" src=\"https:\/\/agora.xtec.cat\/iesmontsacopa\/wp-content\/uploads\/usu944\/2022\/06\/art2b_page-0001.jpg\" alt=\"\" width=\"1241\" height=\"1755\" srcset=\"https:\/\/agora.xtec.cat\/iesmontsacopa\/wp-content\/uploads\/usu944\/2022\/06\/art2b_page-0001.jpg 1241w, https:\/\/agora.xtec.cat\/iesmontsacopa\/wp-content\/uploads\/usu944\/2022\/06\/art2b_page-0001-212x300.jpg 212w, https:\/\/agora.xtec.cat\/iesmontsacopa\/wp-content\/uploads\/usu944\/2022\/06\/art2b_page-0001-724x1024.jpg 724w, https:\/\/agora.xtec.cat\/iesmontsacopa\/wp-content\/uploads\/usu944\/2022\/06\/art2b_page-0001-768x1086.jpg 768w, https:\/\/agora.xtec.cat\/iesmontsacopa\/wp-content\/uploads\/usu944\/2022\/06\/art2b_page-0001-1086x1536.jpg 1086w\" sizes=\"auto, (max-width: 1241px) 100vw, 1241px\" \/><\/a><\/td>\n<\/tr>\n<\/tbody>\n<\/table>\n<table style=\"border-collapse: collapse; width: 100%;\">\n<tbody>\n<tr>\n<td style=\"width: 50%; border-color: #ffffff;\"><a href=\"https:\/\/agora.xtec.cat\/iesmontsacopa\/wp-content\/uploads\/usu944\/2022\/06\/article-3_page-0001.jpg\"><img loading=\"lazy\" decoding=\"async\" class=\"aligncenter size-full wp-image-10460\" src=\"https:\/\/agora.xtec.cat\/iesmontsacopa\/wp-content\/uploads\/usu944\/2022\/06\/article-3_page-0001.jpg\" alt=\"\" width=\"1755\" height=\"1240\" srcset=\"https:\/\/agora.xtec.cat\/iesmontsacopa\/wp-content\/uploads\/usu944\/2022\/06\/article-3_page-0001.jpg 1755w, https:\/\/agora.xtec.cat\/iesmontsacopa\/wp-content\/uploads\/usu944\/2022\/06\/article-3_page-0001-300x212.jpg 300w, https:\/\/agora.xtec.cat\/iesmontsacopa\/wp-content\/uploads\/usu944\/2022\/06\/article-3_page-0001-1024x724.jpg 1024w, https:\/\/agora.xtec.cat\/iesmontsacopa\/wp-content\/uploads\/usu944\/2022\/06\/article-3_page-0001-768x543.jpg 768w, https:\/\/agora.xtec.cat\/iesmontsacopa\/wp-content\/uploads\/usu944\/2022\/06\/article-3_page-0001-1536x1085.jpg 1536w\" sizes=\"auto, (max-width: 1755px) 100vw, 1755px\" \/><\/a><\/td>\n<td style=\"width: 50%; border-color: #ffffff;\"><a href=\"https:\/\/agora.xtec.cat\/iesmontsacopa\/wp-content\/uploads\/usu944\/2022\/06\/article-4.jpg\"><img loading=\"lazy\" decoding=\"async\" class=\"aligncenter size-full wp-image-10462\" src=\"https:\/\/agora.xtec.cat\/iesmontsacopa\/wp-content\/uploads\/usu944\/2022\/06\/article-4.jpg\" alt=\"\" width=\"2339\" height=\"1654\" srcset=\"https:\/\/agora.xtec.cat\/iesmontsacopa\/wp-content\/uploads\/usu944\/2022\/06\/article-4.jpg 2339w, https:\/\/agora.xtec.cat\/iesmontsacopa\/wp-content\/uploads\/usu944\/2022\/06\/article-4-300x212.jpg 300w, https:\/\/agora.xtec.cat\/iesmontsacopa\/wp-content\/uploads\/usu944\/2022\/06\/article-4-1024x724.jpg 1024w, https:\/\/agora.xtec.cat\/iesmontsacopa\/wp-content\/uploads\/usu944\/2022\/06\/article-4-768x543.jpg 768w, https:\/\/agora.xtec.cat\/iesmontsacopa\/wp-content\/uploads\/usu944\/2022\/06\/article-4-1536x1086.jpg 1536w, https:\/\/agora.xtec.cat\/iesmontsacopa\/wp-content\/uploads\/usu944\/2022\/06\/article-4-2048x1448.jpg 2048w\" sizes=\"auto, (max-width: 2339px) 100vw, 2339px\" \/><\/a><\/td>\n<\/tr>\n<\/tbody>\n<\/table>\n<p><a href=\"https:\/\/agora.xtec.cat\/iesmontsacopa\/wp-content\/uploads\/usu944\/2022\/06\/article-5.jpg\"><img loading=\"lazy\" decoding=\"async\" class=\"aligncenter size-full wp-image-10463\" src=\"https:\/\/agora.xtec.cat\/iesmontsacopa\/wp-content\/uploads\/usu944\/2022\/06\/article-5.jpg\" alt=\"\" width=\"1654\" height=\"2339\" srcset=\"https:\/\/agora.xtec.cat\/iesmontsacopa\/wp-content\/uploads\/usu944\/2022\/06\/article-5.jpg 1654w, https:\/\/agora.xtec.cat\/iesmontsacopa\/wp-content\/uploads\/usu944\/2022\/06\/article-5-212x300.jpg 212w, https:\/\/agora.xtec.cat\/iesmontsacopa\/wp-content\/uploads\/usu944\/2022\/06\/article-5-724x1024.jpg 724w, https:\/\/agora.xtec.cat\/iesmontsacopa\/wp-content\/uploads\/usu944\/2022\/06\/article-5-768x1086.jpg 768w, https:\/\/agora.xtec.cat\/iesmontsacopa\/wp-content\/uploads\/usu944\/2022\/06\/article-5-1086x1536.jpg 1086w, https:\/\/agora.xtec.cat\/iesmontsacopa\/wp-content\/uploads\/usu944\/2022\/06\/article-5-1448x2048.jpg 1448w\" sizes=\"auto, (max-width: 1654px) 100vw, 1654px\" \/><\/a><\/p>\n<hr style=\"border-color: #0988a9;\" \/>\n<h5><strong>Febrer de 2023<\/strong><\/h5>\n<h5><strong>Visita a Euskadi<\/strong><\/h5>\n<p style=\"text-align: justify;\">Els dies 22 i 23 de febrer, dins les jornades d\u2019esport i lleure, un grup de professors de l\u2019Institut varen poder visitar el centre de CIFP Don Bosco d\u2019Errenteria (Euskadi).<\/p>\n<p style=\"text-align: justify;\">Es tracta d\u2019una de les trobades programades dins el projecte Oldbot i ha perm\u00e8s con\u00e8ixer de m\u00e9s a prop la traject\u00f2ria del centre, els seus cicles formatius i visitar les seves instal\u00b7lacions, per\u00f2 sobretot compartir coneixements de programaci\u00f3 del robot humanoide i posar-los en pr\u00e0ctica en el centre residencial per a la gent gran.<\/p>\n<p style=\"text-align: justify;\">El dijous 23, tamb\u00e9 es va aprofitar per fer una nova reuni\u00f3 presencial dels quatre membres del projecte: la Resid\u00e8ncia Domus VI, la Fundaci\u00f3 Hospital d\u2019Olot, el CIFP Don Bosco i l\u2019Institut Montsacopa. L\u2019activitat s\u2019emmarca dins el projecte d\u2019innovaci\u00f3 i investigaci\u00f3 aplicades i transfer\u00e8ncia de coneixement en la Formaci\u00f3 Professional.<\/p>\n<p><a href=\"https:\/\/photos.google.com\/u\/2\/share\/AF1QipMGBxegS7JttFfg6MR86ziLYz5gvTSB1gCh-SewxfOK7GrLj7_H51UtLPcl8EPHcg\/photo\/AF1QipNPyiszVcXUiU_OD8AspHjY89qrk_MML-t_B666?key=cEl4Qm1IdmRUU0VsU2tNYVd5QlNhVlpvdmNuTkpB\" target=\"_blank\" rel=\"noopener\"><img loading=\"lazy\" decoding=\"async\" class=\"aligncenter wp-image-11669 size-full\" src=\"https:\/\/agora.xtec.cat\/iesmontsacopa\/wp-content\/uploads\/usu944\/2023\/03\/euskadi.png\" alt=\"\" width=\"1384\" height=\"626\" srcset=\"https:\/\/agora.xtec.cat\/iesmontsacopa\/wp-content\/uploads\/usu944\/2023\/03\/euskadi.png 1384w, https:\/\/agora.xtec.cat\/iesmontsacopa\/wp-content\/uploads\/usu944\/2023\/03\/euskadi-300x136.png 300w, https:\/\/agora.xtec.cat\/iesmontsacopa\/wp-content\/uploads\/usu944\/2023\/03\/euskadi-1024x463.png 1024w, https:\/\/agora.xtec.cat\/iesmontsacopa\/wp-content\/uploads\/usu944\/2023\/03\/euskadi-768x347.png 768w\" sizes=\"auto, (max-width: 1384px) 100vw, 1384px\" \/><\/a><\/p>\n<hr style=\"border-color: #0988a9;\" \/>\n<h5><strong>21 de juny de 2022<\/strong><\/h5>\n<h5><strong>L\u2019arribada d&#8217;un robot humanoide al Montsacopa<\/strong><\/h5>\n<p style=\"text-align: justify;\">El curs passat, professors del cicle de Grau Mitj\u00e0 d\u2019Atenci\u00f3 a persones en Depend\u00e8ncia i del departament de Tecnologia de l\u2019institut van participar amb un projecte consignat juntament amb un Institut de Formaci\u00f3 Professional del Pa\u00eds Basc, CIFP Don Bosco, en el qual es plantejava el repte de programar un robot humanoide per tal que interactu\u00e9s amb usuaris d\u2019una instituci\u00f3 d\u2019atenci\u00f3 a persones. (dugu\u00e9s a terme les sessions de fisioter\u00e0pia en un centre geri\u00e0tric tutelat pel nostre alumnat.)<\/p>\n<p style=\"text-align: justify;\">Aquest projecte estava a l\u2019empara d\u2019una subvenci\u00f3 del Ministeri d\u2019Educaci\u00f3 \u2013Secretaria general de Formaci\u00f3 Professional, ajudes destinades a la realitzaci\u00f3 de projectes d\u2019innovaci\u00f3 i investigaci\u00f3 aplicades i transfer\u00e8ncia de coneixement en la Formaci\u00f3 Professional- que finalment al desembre del 2021 ens van adjudicar.<\/p>\n<p style=\"text-align: justify;\">Els diners rebuts de la subvenci\u00f3, no aniran destinats \u00fanicament a l\u2019adquisici\u00f3 d\u2019un robot humanoide, sin\u00f3 tamb\u00e9 per a la instal\u00b7laci\u00f3 de plaques solars fotovoltaiques per generar energia verda i estudiar el comportament de la despesa energ\u00e8tica del centre i per a la compra d\u2019una talladora l\u00e0ser d\u2019\u00faltima generaci\u00f3, amb la qual podrem fer realitat tot all\u00f2 que ens imaginem!<\/p>\n<p style=\"text-align: justify;\">Per a l&#8217;alumnat i el professorat dels cicles formatius del nostre institut la participaci\u00f3 en aquest projecte els permetr\u00e0 rebre una formaci\u00f3 t\u00e8cnica en Atenci\u00f3 Centrada en la Persona. Alhora el robot permetr\u00e0 treballar en contacte amb usuaris amb necessitats de suport en l&#8217;\u00e0rea del llenguatge i la comunicaci\u00f3, tant en institucions com en l&#8217;\u00e0mbit escolar.<\/p>\n<hr style=\"border-color: #0988a9;\" \/>\n<h5 style=\"text-align: left;\"><strong>1 de juliol de 2022<\/strong><\/h5>\n<h5><strong>Reuni\u00f3 dels quatre membres del projecte del robot humanoide<\/strong><\/h5>\n<p><a href=\"https:\/\/agora.xtec.cat\/iesmontsacopa\/wp-content\/uploads\/usu944\/2022\/07\/noticia_coreograph.jpg\"><img loading=\"lazy\" decoding=\"async\" class=\"aligncenter size-full wp-image-10574\" src=\"https:\/\/agora.xtec.cat\/iesmontsacopa\/wp-content\/uploads\/usu944\/2022\/07\/noticia_coreograph.jpg\" alt=\"\" width=\"1020\" height=\"642\" srcset=\"https:\/\/agora.xtec.cat\/iesmontsacopa\/wp-content\/uploads\/usu944\/2022\/07\/noticia_coreograph.jpg 1020w, https:\/\/agora.xtec.cat\/iesmontsacopa\/wp-content\/uploads\/usu944\/2022\/07\/noticia_coreograph-300x189.jpg 300w, https:\/\/agora.xtec.cat\/iesmontsacopa\/wp-content\/uploads\/usu944\/2022\/07\/noticia_coreograph-768x483.jpg 768w\" sizes=\"auto, (max-width: 1020px) 100vw, 1020px\" \/><\/a><\/p>\n<hr style=\"border-color: #0988a9;\" \/>\n<h5><strong>16 de febrer de 2023<\/strong><\/h5>\n<h5><strong>El robot humanoide de l&#8217;Institut ja t\u00e9 nom!<\/strong><\/h5>\n<p style=\"text-align: justify;\">Els alumnes de Programaci\u00f3 de batxillerat han anat a totes les classes de 1r d&#8217;ESO per presentar la rob\u00f2tica computacional i a en Pepper en especial a tots els alumnes nouvinguts. Com a part del projecte, han demanat als nous alumnes que votessin un nom per al robot entre les propostes que havien sortit.<\/p>\n<p style=\"text-align: justify;\">Despr\u00e9s de pensar-hi molt, els alumnes m\u00e9s petits del centre han decidit que es dir\u00e0 WILLY.<\/p>\n<table style=\"border-collapse: collapse; width: 100%;\">\n<tbody>\n<tr>\n<td style=\"width: 33.3333%; border-color: #ffffff;\"><a href=\"https:\/\/agora.xtec.cat\/iesmontsacopa\/wp-content\/uploads\/usu944\/2023\/02\/35234261-ea40-472a-991e-2b3ae986faa2.jpg\"><img loading=\"lazy\" decoding=\"async\" class=\"aligncenter size-full wp-image-11237\" src=\"https:\/\/agora.xtec.cat\/iesmontsacopa\/wp-content\/uploads\/usu944\/2023\/02\/35234261-ea40-472a-991e-2b3ae986faa2.jpg\" alt=\"\" width=\"1537\" height=\"2048\" srcset=\"https:\/\/agora.xtec.cat\/iesmontsacopa\/wp-content\/uploads\/usu944\/2023\/02\/35234261-ea40-472a-991e-2b3ae986faa2.jpg 1537w, https:\/\/agora.xtec.cat\/iesmontsacopa\/wp-content\/uploads\/usu944\/2023\/02\/35234261-ea40-472a-991e-2b3ae986faa2-225x300.jpg 225w, https:\/\/agora.xtec.cat\/iesmontsacopa\/wp-content\/uploads\/usu944\/2023\/02\/35234261-ea40-472a-991e-2b3ae986faa2-769x1024.jpg 769w, https:\/\/agora.xtec.cat\/iesmontsacopa\/wp-content\/uploads\/usu944\/2023\/02\/35234261-ea40-472a-991e-2b3ae986faa2-768x1023.jpg 768w, https:\/\/agora.xtec.cat\/iesmontsacopa\/wp-content\/uploads\/usu944\/2023\/02\/35234261-ea40-472a-991e-2b3ae986faa2-1153x1536.jpg 1153w\" sizes=\"auto, (max-width: 1537px) 100vw, 1537px\" \/><\/a><\/td>\n<td style=\"width: 33.3333%; border-color: #ffffff;\"><a href=\"https:\/\/agora.xtec.cat\/iesmontsacopa\/wp-content\/uploads\/usu944\/2023\/02\/e1fe7f19-0722-4fe9-ba6d-0a524bcb431f.jpg\"><img loading=\"lazy\" decoding=\"async\" class=\"aligncenter size-full wp-image-11239\" src=\"https:\/\/agora.xtec.cat\/iesmontsacopa\/wp-content\/uploads\/usu944\/2023\/02\/e1fe7f19-0722-4fe9-ba6d-0a524bcb431f.jpg\" alt=\"\" width=\"1536\" height=\"2048\" srcset=\"https:\/\/agora.xtec.cat\/iesmontsacopa\/wp-content\/uploads\/usu944\/2023\/02\/e1fe7f19-0722-4fe9-ba6d-0a524bcb431f.jpg 1536w, https:\/\/agora.xtec.cat\/iesmontsacopa\/wp-content\/uploads\/usu944\/2023\/02\/e1fe7f19-0722-4fe9-ba6d-0a524bcb431f-225x300.jpg 225w, https:\/\/agora.xtec.cat\/iesmontsacopa\/wp-content\/uploads\/usu944\/2023\/02\/e1fe7f19-0722-4fe9-ba6d-0a524bcb431f-768x1024.jpg 768w, https:\/\/agora.xtec.cat\/iesmontsacopa\/wp-content\/uploads\/usu944\/2023\/02\/e1fe7f19-0722-4fe9-ba6d-0a524bcb431f-1152x1536.jpg 1152w\" sizes=\"auto, (max-width: 1536px) 100vw, 1536px\" \/><\/a><\/td>\n<td style=\"width: 33.3333%; border-color: #ffffff;\"><a href=\"https:\/\/agora.xtec.cat\/iesmontsacopa\/wp-content\/uploads\/usu944\/2023\/02\/71921377-b634-4572-ab45-856024850cee.jpg\"><img loading=\"lazy\" decoding=\"async\" class=\"aligncenter size-full wp-image-11238\" src=\"https:\/\/agora.xtec.cat\/iesmontsacopa\/wp-content\/uploads\/usu944\/2023\/02\/71921377-b634-4572-ab45-856024850cee.jpg\" alt=\"\" width=\"2048\" height=\"1537\" srcset=\"https:\/\/agora.xtec.cat\/iesmontsacopa\/wp-content\/uploads\/usu944\/2023\/02\/71921377-b634-4572-ab45-856024850cee.jpg 2048w, https:\/\/agora.xtec.cat\/iesmontsacopa\/wp-content\/uploads\/usu944\/2023\/02\/71921377-b634-4572-ab45-856024850cee-300x225.jpg 300w, https:\/\/agora.xtec.cat\/iesmontsacopa\/wp-content\/uploads\/usu944\/2023\/02\/71921377-b634-4572-ab45-856024850cee-1024x769.jpg 1024w, https:\/\/agora.xtec.cat\/iesmontsacopa\/wp-content\/uploads\/usu944\/2023\/02\/71921377-b634-4572-ab45-856024850cee-768x576.jpg 768w, https:\/\/agora.xtec.cat\/iesmontsacopa\/wp-content\/uploads\/usu944\/2023\/02\/71921377-b634-4572-ab45-856024850cee-1536x1153.jpg 1536w, https:\/\/agora.xtec.cat\/iesmontsacopa\/wp-content\/uploads\/usu944\/2023\/02\/71921377-b634-4572-ab45-856024850cee-200x150.jpg 200w\" sizes=\"auto, (max-width: 2048px) 100vw, 2048px\" \/><\/a><\/td>\n<\/tr>\n<\/tbody>\n<\/table>\n<hr style=\"border-color: #0988a9;\" \/>\n<h5><strong>20 de febrer de 2023<\/strong><\/h5>\n<h5><strong>Logo per al projecte d\u2019innovaci\u00f3 \u201cOldbot\u201d<\/strong><\/h5>\n<p style=\"text-align: justify;\">Els alumnes de l\u2019optativa de Tecnologies de la Informaci\u00f3 i la Comunicaci\u00f3 (TIC) de 4t d\u2019ESO han estat treballant aquest trimestre en el disseny del logo per al Projecte Oldbot del Ministerio de Educaci\u00f3n i FP. Gr\u00e0cies a aquesta iniciativa el centre ha aconseguit un robot humanoide i una instal\u00b7laci\u00f3 fotovoltaica entre d\u2019altres equipaments i materials. Amb l\u2019activitat, els alumnes de 4t han pogut con\u00e8ixer de primera m\u00e0 el projecte de rob\u00f2tica assistencial i posar en pr\u00e0ctica el que han apr\u00e8s en disseny d\u2019imatge digital.<\/p>\n<table style=\"border-collapse: collapse; width: 100%;\">\n<tbody>\n<tr>\n<td style=\"width: 50%; border-color: #ffffff;\"><a href=\"https:\/\/padlet.com\/tecnologia97\/xfvykxrq394vx0yb\" target=\"_blank\" rel=\"noopener\"><img loading=\"lazy\" decoding=\"async\" class=\"aligncenter wp-image-11264 size-full\" src=\"https:\/\/agora.xtec.cat\/iesmontsacopa\/wp-content\/uploads\/usu944\/2023\/02\/image1.png\" alt=\"\" width=\"1853\" height=\"826\" srcset=\"https:\/\/agora.xtec.cat\/iesmontsacopa\/wp-content\/uploads\/usu944\/2023\/02\/image1.png 1853w, https:\/\/agora.xtec.cat\/iesmontsacopa\/wp-content\/uploads\/usu944\/2023\/02\/image1-300x134.png 300w, https:\/\/agora.xtec.cat\/iesmontsacopa\/wp-content\/uploads\/usu944\/2023\/02\/image1-1024x456.png 1024w, https:\/\/agora.xtec.cat\/iesmontsacopa\/wp-content\/uploads\/usu944\/2023\/02\/image1-768x342.png 768w, https:\/\/agora.xtec.cat\/iesmontsacopa\/wp-content\/uploads\/usu944\/2023\/02\/image1-1536x685.png 1536w\" sizes=\"auto, (max-width: 1853px) 100vw, 1853px\" \/><\/a><\/td>\n<td style=\"width: 50%; border-color: #ffffff;\"><a href=\"https:\/\/padlet.com\/tecnologia97\/1yalja90v97h3ny1\" target=\"_blank\" rel=\"noopener\"><img loading=\"lazy\" decoding=\"async\" class=\"aligncenter wp-image-11265 size-full\" src=\"https:\/\/agora.xtec.cat\/iesmontsacopa\/wp-content\/uploads\/usu944\/2023\/02\/image2.png\" alt=\"\" width=\"1866\" height=\"750\" srcset=\"https:\/\/agora.xtec.cat\/iesmontsacopa\/wp-content\/uploads\/usu944\/2023\/02\/image2.png 1866w, https:\/\/agora.xtec.cat\/iesmontsacopa\/wp-content\/uploads\/usu944\/2023\/02\/image2-300x121.png 300w, https:\/\/agora.xtec.cat\/iesmontsacopa\/wp-content\/uploads\/usu944\/2023\/02\/image2-1024x412.png 1024w, https:\/\/agora.xtec.cat\/iesmontsacopa\/wp-content\/uploads\/usu944\/2023\/02\/image2-768x309.png 768w, https:\/\/agora.xtec.cat\/iesmontsacopa\/wp-content\/uploads\/usu944\/2023\/02\/image2-1536x617.png 1536w\" sizes=\"auto, (max-width: 1866px) 100vw, 1866px\" \/><\/a><\/td>\n<\/tr>\n<\/tbody>\n<\/table>\n<hr style=\"border-color: #0988a9;\" \/>\n<h5><strong>Octubre de 2023<\/strong><\/h5>\n<p><a href=\"https:\/\/sites.google.com\/insmontsacopa.cat\/oldbot?usp=sharing\" target=\"_blank\" rel=\"noopener\"><img loading=\"lazy\" decoding=\"async\" class=\"aligncenter wp-image-12613 size-full\" src=\"https:\/\/agora.xtec.cat\/iesmontsacopa\/wp-content\/uploads\/usu944\/2023\/10\/oldbot.jpg\" alt=\"\" width=\"712\" height=\"165\" srcset=\"https:\/\/agora.xtec.cat\/iesmontsacopa\/wp-content\/uploads\/usu944\/2023\/10\/oldbot.jpg 712w, https:\/\/agora.xtec.cat\/iesmontsacopa\/wp-content\/uploads\/usu944\/2023\/10\/oldbot-300x70.jpg 300w\" sizes=\"auto, (max-width: 712px) 100vw, 712px\" \/><\/a><\/p>\n","protected":false},"excerpt":{"rendered":"<p>Febrer de 2023 Visita a Euskadi Els dies 22 i 23 de febrer, dins les jornades d\u2019esport i lleure, un grup de professors de l\u2019Institut varen poder visitar el centre de CIFP Don Bosco d\u2019Errenteria (Euskadi). Es tracta d\u2019una de les trobades programades dins el projecte Oldbot i ha perm\u00e8s con\u00e8ixer de m\u00e9s a prop [&hellip;]<\/p>\n","protected":false},"author":1,"featured_media":0,"parent":890,"menu_order":1,"comment_status":"closed","ping_status":"closed","template":"page-templates\/side-menu.php","meta":{"_bbp_topic_count":0,"_bbp_reply_count":0,"_bbp_total_topic_count":0,"_bbp_total_reply_count":0,"_bbp_voice_count":0,"_bbp_anonymous_reply_count":0,"_bbp_topic_count_hidden":0,"_bbp_reply_count_hidden":0,"_bbp_forum_subforum_count":0,"site-sidebar-layout":"default","site-content-layout":"","ast-site-content-layout":"","site-content-style":"default","site-sidebar-style":"default","ast-global-header-display":"","ast-banner-title-visibility":"","ast-main-header-display":"","ast-hfb-above-header-display":"","ast-hfb-below-header-display":"","ast-hfb-mobile-header-display":"","site-post-title":"","ast-breadcrumbs-content":"","ast-featured-img":"","footer-sml-layout":"","theme-transparent-header-meta":"","adv-header-id-meta":"","stick-header-meta":"","header-above-stick-meta":"","header-main-stick-meta":"","header-below-stick-meta":"","astra-migrate-meta-layouts":"default","ast-page-background-enabled":"default","ast-page-background-meta":{"desktop":{"background-color":"var(--ast-global-color-4)","background-image":"","background-repeat":"repeat","background-position":"center center","background-size":"auto","background-attachment":"scroll","background-type":"","background-media":"","overlay-type":"","overlay-color":"","overlay-opacity":"","overlay-gradient":""},"tablet":{"background-color":"","background-image":"","background-repeat":"repeat","background-position":"center center","background-size":"auto","background-attachment":"scroll","background-type":"","background-media":"","overlay-type":"","overlay-color":"","overlay-opacity":"","overlay-gradient":""},"mobile":{"background-color":"","background-image":"","background-repeat":"repeat","background-position":"center center","background-size":"auto","background-attachment":"scroll","background-type":"","background-media":"","overlay-type":"","overlay-color":"","overlay-opacity":"","overlay-gradient":""}},"ast-content-background-meta":{"desktop":{"background-color":"var(--ast-global-color-5)","background-image":"","background-repeat":"repeat","background-position":"center center","background-size":"auto","background-attachment":"scroll","background-type":"","background-media":"","overlay-type":"","overlay-color":"","overlay-opacity":"","overlay-gradient":""},"tablet":{"background-color":"var(--ast-global-color-5)","background-image":"","background-repeat":"repeat","background-position":"center center","background-size":"auto","background-attachment":"scroll","background-type":"","background-media":"","overlay-type":"","overlay-color":"","overlay-opacity":"","overlay-gradient":""},"mobile":{"background-color":"var(--ast-global-color-5)","background-image":"","background-repeat":"repeat","background-position":"center center","background-size":"auto","background-attachment":"scroll","background-type":"","background-media":"","overlay-type":"","overlay-color":"","overlay-opacity":"","overlay-gradient":""}},"footnotes":""},"class_list":["post-10442","page","type-page","status-publish","hentry"],"post_mailing_queue_ids":[],"_links":{"self":[{"href":"https:\/\/agora.xtec.cat\/iesmontsacopa\/wp-json\/wp\/v2\/pages\/10442","targetHints":{"allow":["GET"]}}],"collection":[{"href":"https:\/\/agora.xtec.cat\/iesmontsacopa\/wp-json\/wp\/v2\/pages"}],"about":[{"href":"https:\/\/agora.xtec.cat\/iesmontsacopa\/wp-json\/wp\/v2\/types\/page"}],"author":[{"embeddable":true,"href":"https:\/\/agora.xtec.cat\/iesmontsacopa\/wp-json\/wp\/v2\/users\/1"}],"replies":[{"embeddable":true,"href":"https:\/\/agora.xtec.cat\/iesmontsacopa\/wp-json\/wp\/v2\/comments?post=10442"}],"version-history":[{"count":4,"href":"https:\/\/agora.xtec.cat\/iesmontsacopa\/wp-json\/wp\/v2\/pages\/10442\/revisions"}],"predecessor-version":[{"id":12614,"href":"https:\/\/agora.xtec.cat\/iesmontsacopa\/wp-json\/wp\/v2\/pages\/10442\/revisions\/12614"}],"up":[{"embeddable":true,"href":"https:\/\/agora.xtec.cat\/iesmontsacopa\/wp-json\/wp\/v2\/pages\/890"}],"wp:attachment":[{"href":"https:\/\/agora.xtec.cat\/iesmontsacopa\/wp-json\/wp\/v2\/media?parent=10442"}],"curies":[{"name":"wp","href":"https:\/\/api.w.org\/{rel}","templated":true}]}}