{"id":784,"date":"2017-06-13T20:46:58","date_gmt":"2017-06-13T18:46:58","guid":{"rendered":"https:\/\/agora.xtec.cat\/iesmontmelo\/?page_id=784"},"modified":"2021-04-12T20:18:17","modified_gmt":"2021-04-12T18:18:17","slug":"projectes","status":"publish","type":"page","link":"https:\/\/agora.xtec.cat\/iesmontmelo\/projectes\/","title":{"rendered":"Projectes"},"content":{"rendered":"<p><a href=\"https:\/\/agora.xtec.cat\/iesmontmelo\/\"><img loading=\"lazy\" decoding=\"async\" class=\"alignleft wp-image-2572\" src=\"https:\/\/agora.xtec.cat\/iesmontmelo\/wp-content\/uploads\/usu16\/2021\/04\/pngegg-150x150.png\" alt=\"\" width=\"38\" height=\"38\" \/><\/a><\/p>\n<p><a href=\"https:\/\/agora.xtec.cat\/iesmontmelo\/\">Torna a l&#8217;Inici<\/a><\/p>\n<p>&nbsp;<\/p>\n<table style=\"width: 754px;\">\n<tbody>\n<tr>\n<td style=\"width: 176px;\">\u00a0<a href=\"https:\/\/agora.xtec.cat\/iesmontmelo\/categoria\/erasmus\/\"><img loading=\"lazy\" decoding=\"async\" class=\"alignnone size-full wp-image-1033\" src=\"https:\/\/agora.xtec.cat\/iesmontmelo\/wp-content\/uploads\/usu16\/2017\/06\/erasmus.jpg\" alt=\"erasmus\" width=\"150\" height=\"67\" \/><\/a><\/td>\n<td style=\"width: 260.8px;\"><a href=\"https:\/\/agora.xtec.cat\/iesmontmelo\/categoria\/intercanvi-montmelo-rostock\/\"><img loading=\"lazy\" decoding=\"async\" class=\"aligncenter wp-image-1510\" src=\"https:\/\/agora.xtec.cat\/iesmontmelo\/wp-content\/uploads\/usu16\/2018\/03\/RostockMontmelo.jpg\" alt=\"\" width=\"273\" height=\"42\" srcset=\"https:\/\/agora.xtec.cat\/iesmontmelo\/wp-content\/uploads\/usu16\/2018\/03\/RostockMontmelo.jpg 1087w, https:\/\/agora.xtec.cat\/iesmontmelo\/wp-content\/uploads\/usu16\/2018\/03\/RostockMontmelo-300x46.jpg 300w, https:\/\/agora.xtec.cat\/iesmontmelo\/wp-content\/uploads\/usu16\/2018\/03\/RostockMontmelo-768x119.jpg 768w, https:\/\/agora.xtec.cat\/iesmontmelo\/wp-content\/uploads\/usu16\/2018\/03\/RostockMontmelo-1024x158.jpg 1024w\" sizes=\"auto, (max-width: 273px) 100vw, 273px\" \/><\/a><\/td>\n<td style=\"width: 153.6px;\">\n<h4><a href=\"https:\/\/agora.xtec.cat\/iesmontmelo\/categoria\/eso\/aula-oberta\/\">Aula Oberta<\/a><\/h4>\n<\/td>\n<td style=\"width: 153.6px;\"><a href=\"https:\/\/agora.xtec.cat\/iesmontmelo\/categoria\/tei-tutoria-entre-iguals\/\"><img loading=\"lazy\" decoding=\"async\" class=\"alignnone wp-image-1213\" src=\"https:\/\/agora.xtec.cat\/iesmontmelo\/wp-content\/uploads\/usu16\/2017\/09\/c243x204_v1_TEI-1-150x150.jpg\" alt=\"\" width=\"114\" height=\"114\" \/><\/a><\/td>\n<\/tr>\n<tr>\n<td style=\"width: 176px;\">\n<p style=\"text-align: left;\">Es tracta d\u2019un projecte per als estudiants i professors de Joutsa (Finl\u00e0ndia), Montmel\u00f3 (Espanya), Cambre (Espanya), Civitavecchia (It\u00e0lia) i Bitterfeld (Alemanya).<\/p>\n<p style=\"text-align: left;\"><img decoding=\"async\" src=\"https:\/\/peda.net\/id\/d9d3d3e48f8:file\/download\/533470562fc1b04f4a9434bb4b0fb91722d86e62\/Horizon%20to%20the%20future%20OFFICIAL%20LOGO.jpg\" \/><br \/>\nL&#8217;objectiu del projecte \u00e9s donar eines i m\u00e8todes als joves per gestionar la seva carrera personal i professional.<\/p>\n<\/td>\n<td style=\"width: 260.8px;\">\n<p style=\"text-align: justify;\">Students from INS Montmel\u00f3 are going to share their lives with German students for a few days.<\/p>\n<p><img decoding=\"async\" src=\"https:\/\/agora.xtec.cat\/iesmontmelo\/wp-content\/uploads\/usu16\/2018\/03\/portada-rostock.jpg\" \/><\/p>\n<hr align=\"center\" width=\"200\" \/>\n<p><img decoding=\"async\" src=\"https:\/\/agora.xtec.cat\/iesmontmelo\/wp-content\/uploads\/usu16\/2018\/03\/situationRostock.jpg\" \/><\/td>\n<td style=\"width: 153.6px;\">\n<p style=\"text-align: justify;\"><span style=\"font-size: 11pt;\">Aquest projecte ofereix a alumnes amb rendiment escolar no satisfactori l\u2019oportunitat d\u2019una adaptaci\u00f3 curricular fusionada amb activitats d\u2019aprenentatge experimentals. L\u2019objectiu principal \u00e9s aconseguir la seva inserci\u00f3 en el sistema educatiu i orientar-los cap al m\u00f3n laboral i professional.\u00a0<\/span><\/p>\n<p>&nbsp;<\/td>\n<td style=\"width: 153.6px;\">\n<p style=\"text-align: justify;\">\u00c9s un programa de conviv\u00e8ncia institucional que implica tota la comunitat educativa, s\u2019orienta a millorar la integraci\u00f3 escolar i treballar per una escola inclusiva i no violenta, fomentant que les relacions entre iguals siguin m\u00e9s satisfact\u00f2ries, dirigit a la millora o modificaci\u00f3 del clima i la cultura del centre respecte a la conviv\u00e8ncia, conflicte i viol\u00e8ncia (f\u00edsica, emocional o psicol\u00f2gica).<\/p>\n<p>&nbsp;<\/td>\n<\/tr>\n<\/tbody>\n<\/table>\n<h4><\/h4>\n<h4><\/h4>\n","protected":false},"excerpt":{"rendered":"<p><a href=\"https:\/\/agora.xtec.cat\/iesmontmelo\/\"><\/a><br \/>\n<a href=\"https:\/\/agora.xtec.cat\/iesmontmelo\/\">Torna a l&#8217;Inici<\/a><br \/>\n&nbsp;<\/p>\n<p>\u00a0<a href=\"https:\/\/agora.xtec.cat\/iesmontmelo\/categoria\/erasmus\/\"><\/a><br \/>\n<a href=\"https:\/\/agora.xtec.cat\/iesmontmelo\/categoria\/intercanvi-montmelo-rostock\/\"><\/a><\/p>\n<p><a href=\"https:\/\/agora.xtec.cat\/iesmontmelo\/categoria\/eso\/aula-oberta\/\">Aula Oberta<\/a><\/p>\n<p><a href=\"https:\/\/agora.xtec.cat\/iesmontmelo\/categoria\/tei-tutoria-entre-iguals\/\"><\/a><\/p>\n<p>Es tracta d\u2019un projecte per als estudiants i professors de Joutsa (Finl\u00e0ndia), Montmel\u00f3 (Espanya), Cambre (Espanya), Civitavecchia (It\u00e0lia) i Bitterfeld (Alemanya).<\/p>\n<p>L&#8217;objectiu del projecte \u00e9s donar eines i m\u00e8todes als joves per gestionar la seva carrera personal&hellip;  <a href=\"https:\/\/agora.xtec.cat\/iesmontmelo\/projectes\/\" title=\"Read Projectes\">Llegeix m\u00e9s\u00bb<\/a><\/p>\n","protected":false},"author":3,"featured_media":0,"parent":0,"menu_order":0,"comment_status":"closed","ping_status":"closed","template":"page-templates\/side-menu.php","meta":{"_bbp_topic_count":0,"_bbp_reply_count":0,"_bbp_total_topic_count":0,"_bbp_total_reply_count":0,"_bbp_voice_count":0,"_bbp_anonymous_reply_count":0,"_bbp_topic_count_hidden":0,"_bbp_reply_count_hidden":0,"_bbp_forum_subforum_count":0,"footnotes":""},"class_list":["post-784","page","type-page","status-publish","hentry"],"post_mailing_queue_ids":[],"_links":{"self":[{"href":"https:\/\/agora.xtec.cat\/iesmontmelo\/wp-json\/wp\/v2\/pages\/784","targetHints":{"allow":["GET"]}}],"collection":[{"href":"https:\/\/agora.xtec.cat\/iesmontmelo\/wp-json\/wp\/v2\/pages"}],"about":[{"href":"https:\/\/agora.xtec.cat\/iesmontmelo\/wp-json\/wp\/v2\/types\/page"}],"author":[{"embeddable":true,"href":"https:\/\/agora.xtec.cat\/iesmontmelo\/wp-json\/wp\/v2\/users\/3"}],"replies":[{"embeddable":true,"href":"https:\/\/agora.xtec.cat\/iesmontmelo\/wp-json\/wp\/v2\/comments?post=784"}],"version-history":[{"count":3,"href":"https:\/\/agora.xtec.cat\/iesmontmelo\/wp-json\/wp\/v2\/pages\/784\/revisions"}],"predecessor-version":[{"id":2595,"href":"https:\/\/agora.xtec.cat\/iesmontmelo\/wp-json\/wp\/v2\/pages\/784\/revisions\/2595"}],"wp:attachment":[{"href":"https:\/\/agora.xtec.cat\/iesmontmelo\/wp-json\/wp\/v2\/media?parent=784"}],"curies":[{"name":"wp","href":"https:\/\/api.w.org\/{rel}","templated":true}]}}