{"id":2159,"date":"2020-11-16T10:55:54","date_gmt":"2020-11-16T09:55:54","guid":{"rendered":"https:\/\/agora.xtec.cat\/iesmontmelo\/?page_id=2159"},"modified":"2021-04-27T14:28:59","modified_gmt":"2021-04-27T12:28:59","slug":"tpv-escola","status":"publish","type":"page","link":"https:\/\/agora.xtec.cat\/iesmontmelo\/tpv-escola\/","title":{"rendered":"TPV escola"},"content":{"rendered":"<p>Benvolgudes families,<br \/>\nA partir d&#8217;aquest curs, l&#8217;institut us proporciona un sistema \u00e0gil i senzill per a realitzar els pagaments i les comunicacions del centre, basat en pagament segur amb targeta de cr\u00e8dit o de d\u00e9bit.<\/p>\n<p>Si teniu cap dubte, adreceu-vos a Secretaria.<\/p>\n<p><strong>Instruccions per accedir a TPVEscola:<\/strong><\/p>\n<p><strong>Amb l&#8217;App gratu\u00efta del m\u00f2bil:<\/strong><br \/>\n1.- Descarregueu l&#8217;App &#8220;TPVEscola&#8221; a Google Play o App Store.<br \/>\n2.- Seleccioneu poblaci\u00f3 Montmel\u00f3 i Institut Montmel\u00f3.<br \/>\n3.- L&#8217;usuari \u00e9s el DNI de l&#8217;alumne sense espai ni guions, i la contrasenya inicial \u00e9s zx1234. Si no<br \/>\ndisposeu de DNI, podeu sempre accedir amb l&#8217;usuari i la contrasenya indicades al requadre de sota.<br \/>\nUn cop introdu\u00efda, ja queda gravat per properes vegades.<\/p>\n<p><strong>Per internet:<\/strong><br \/>\n1.- Accediu a: www.tpvescola.com<br \/>\n2.- Seleccioneu poblaci\u00f3 Montmel\u00f3 i Institut Montmel\u00f3<br \/>\n3.- Us demanar\u00e0 el nom d&#8217;usuari i la contrasenya.<\/p>\n<p>Aneu a PAGAMENTS i seleccioneu els conceptes. Fent clic al bot\u00f3 PAGAR accedireu a la p\u00e0gina banc\u00e0ria de pagament. Heu d&#8217;introduir les dades de la vostra targeta de cr\u00e8dit o d\u00e9bit i seguir les instruccions en pantalla.<\/p>\n<h5>JA ES POT FER EL PAGAMENT AMB BIZUM AL TPV ESCOLA<\/h5>\n<p><a href=\"https:\/\/drive.google.com\/file\/d\/1MSn-d5DbcTjdK1ly0BZv8DNUYT_tY3bQ\/view?usp=sharing\" target=\"_blank\" rel=\"noopener noreferrer\"><img loading=\"lazy\" decoding=\"async\" class=\"alignleft wp-image-2613\" src=\"https:\/\/agora.xtec.cat\/iesmontmelo\/wp-content\/uploads\/usu16\/2021\/04\/Bizum-tpvescola.png\" alt=\"\" width=\"655\" height=\"745\" srcset=\"https:\/\/agora.xtec.cat\/iesmontmelo\/wp-content\/uploads\/usu16\/2021\/04\/Bizum-tpvescola.png 543w, https:\/\/agora.xtec.cat\/iesmontmelo\/wp-content\/uploads\/usu16\/2021\/04\/Bizum-tpvescola-264x300.png 264w\" sizes=\"auto, (max-width: 655px) 100vw, 655px\" \/><\/a><\/p>\n","protected":false},"excerpt":{"rendered":"<p>Benvolgudes families,<br \/>\nA partir d&#8217;aquest curs, l&#8217;institut us proporciona un sistema \u00e0gil i senzill per a realitzar els pagaments i les comunicacions del centre, basat en pagament segur amb targeta de cr\u00e8dit o de d\u00e9bit.<br \/>\nSi teniu cap dubte, adreceu-vos a Secretaria.<br \/>\nInstruccions per accedir a TPVEscola:<br \/>\nAmb l&#8217;App&hellip;  <a href=\"https:\/\/agora.xtec.cat\/iesmontmelo\/tpv-escola\/\" title=\"Read TPV escola\">Llegeix m\u00e9s\u00bb<\/a><\/p>\n","protected":false},"author":68,"featured_media":0,"parent":0,"menu_order":0,"comment_status":"closed","ping_status":"closed","template":"","meta":{"_bbp_topic_count":0,"_bbp_reply_count":0,"_bbp_total_topic_count":0,"_bbp_total_reply_count":0,"_bbp_voice_count":0,"_bbp_anonymous_reply_count":0,"_bbp_topic_count_hidden":0,"_bbp_reply_count_hidden":0,"_bbp_forum_subforum_count":0,"footnotes":""},"class_list":["post-2159","page","type-page","status-publish","hentry"],"post_mailing_queue_ids":[],"_links":{"self":[{"href":"https:\/\/agora.xtec.cat\/iesmontmelo\/wp-json\/wp\/v2\/pages\/2159","targetHints":{"allow":["GET"]}}],"collection":[{"href":"https:\/\/agora.xtec.cat\/iesmontmelo\/wp-json\/wp\/v2\/pages"}],"about":[{"href":"https:\/\/agora.xtec.cat\/iesmontmelo\/wp-json\/wp\/v2\/types\/page"}],"author":[{"embeddable":true,"href":"https:\/\/agora.xtec.cat\/iesmontmelo\/wp-json\/wp\/v2\/users\/68"}],"replies":[{"embeddable":true,"href":"https:\/\/agora.xtec.cat\/iesmontmelo\/wp-json\/wp\/v2\/comments?post=2159"}],"version-history":[{"count":3,"href":"https:\/\/agora.xtec.cat\/iesmontmelo\/wp-json\/wp\/v2\/pages\/2159\/revisions"}],"predecessor-version":[{"id":2616,"href":"https:\/\/agora.xtec.cat\/iesmontmelo\/wp-json\/wp\/v2\/pages\/2159\/revisions\/2616"}],"wp:attachment":[{"href":"https:\/\/agora.xtec.cat\/iesmontmelo\/wp-json\/wp\/v2\/media?parent=2159"}],"curies":[{"name":"wp","href":"https:\/\/api.w.org\/{rel}","templated":true}]}}