{"id":9346,"date":"2022-10-14T12:03:12","date_gmt":"2022-10-14T10:03:12","guid":{"rendered":"https:\/\/agora.xtec.cat\/iesmontgri\/?page_id=9346"},"modified":"2024-11-17T23:50:13","modified_gmt":"2024-11-17T22:50:13","slug":"beques-i-ajuts","status":"publish","type":"page","link":"https:\/\/agora.xtec.cat\/iesmontgri\/secretaria\/beques-i-ajuts\/","title":{"rendered":"BEQUES I AJUTS"},"content":{"rendered":"<h3 class=\"entry-title\">&#8211; <strong>Beca per estudis no universitaris<\/strong><\/h3>\n<p><img loading=\"lazy\" decoding=\"async\" class=\"aligncenter size-large wp-image-10250\" src=\"https:\/\/agora.xtec.cat\/iesmontgri\/wp-content\/uploads\/usu613\/2023\/04\/Beca-estudis-no-universitaris-1024x171.jpg\" alt=\"\" width=\"1024\" height=\"171\" srcset=\"https:\/\/agora.xtec.cat\/iesmontgri\/wp-content\/uploads\/usu613\/2023\/04\/Beca-estudis-no-universitaris-1024x171.jpg 1024w, https:\/\/agora.xtec.cat\/iesmontgri\/wp-content\/uploads\/usu613\/2023\/04\/Beca-estudis-no-universitaris-300x50.jpg 300w, https:\/\/agora.xtec.cat\/iesmontgri\/wp-content\/uploads\/usu613\/2023\/04\/Beca-estudis-no-universitaris-768x128.jpg 768w, https:\/\/agora.xtec.cat\/iesmontgri\/wp-content\/uploads\/usu613\/2023\/04\/Beca-estudis-no-universitaris-1536x257.jpg 1536w, https:\/\/agora.xtec.cat\/iesmontgri\/wp-content\/uploads\/usu613\/2023\/04\/Beca-estudis-no-universitaris.jpg 1772w\" sizes=\"auto, (max-width: 1024px) 100vw, 1024px\" \/><\/p>\n<p><b>Des del 27 de mar\u00e7 al 17 de maig de 2023<\/b>\u00a0es pot sol\u00b7licitar la beca per estudis no universitaris.<\/p>\n<ul>\n<li><a href=\"https:\/\/www.becaseducacion.gob.es\/becas-y-ayudas\/fp-bachillerato-otros\/tipos-de-becas.html\">Informaci\u00f3<\/a><\/li>\n<li><a href=\"https:\/\/www.becaseducacion.gob.es\/becas-y-ayudas\/fp-bachillerato-otros\/como-solicitarla.html#cuando-debes-solicitarla\">Quan sol\u00b7licitar-la i Seu Electr\u00f2nica<\/a><\/li>\n<\/ul>\n<h3 class=\"entry-title\">&#8211; <strong>Beca per a l&#8217;alumnat NESE (Necessitats Espec\u00edfiques de Suport Educatiu)<\/strong><\/h3>\n<ul>\n<li><a href=\"https:\/\/www.educacionyfp.gob.es\/servicios-al-ciudadano\/catalogo\/estudiantes\/becas-ayudas\/para-estudiar\/deportivas\/necesidad-especifica-apoyo-educativo.html\">Sol\u00b7licitud de les beques NESE 23-24.<\/a><\/li>\n<\/ul>\n<h3 class=\"entry-title\">&#8211; <strong>S<i>ubvencions municipals per a material escolar pel curs 2023-24<\/i><\/strong><\/h3>\n<ul>\n<li><a href=\"https:\/\/drive.google.com\/file\/d\/11liFpaEcyqCsB2E9M_6Er3FqUEJx01zd\/view\"><i><span style=\"font-weight: 400;\">L&#8217;Ajuntament de Torroella de Montgr\u00ed ha obert la convocat\u00f2ria d&#8217;ajuts extraordinaris de material escolar a fam\u00edlies empadronades a Torroella de Montgr\u00ed i l&#8217;Estartit en situaci\u00f3 de vulnerabilitat econ\u00f2mica.<\/span><\/i><\/a><\/li>\n<\/ul>\n","protected":false},"excerpt":{"rendered":"<p>&#8211; Beca per estudis no universitaris Des del 27 de mar\u00e7 al 17 de maig de 2023\u00a0es pot sol\u00b7licitar la beca per estudis no universitaris. Informaci\u00f3 Quan sol\u00b7licitar-la i Seu Electr\u00f2nica &#8211; Beca per a l&#8217;alumnat NESE (Necessitats Espec\u00edfiques de Suport Educatiu) Sol\u00b7licitud de les beques NESE 23-24. &#8211; Subvencions municipals per a material escolar [&hellip;]<\/p>\n","protected":false},"author":22,"featured_media":0,"parent":81,"menu_order":9,"comment_status":"closed","ping_status":"closed","template":"page-templates\/side-menu.php","meta":{"_bbp_topic_count":0,"_bbp_reply_count":0,"_bbp_total_topic_count":0,"_bbp_total_reply_count":0,"_bbp_voice_count":0,"_bbp_anonymous_reply_count":0,"_bbp_topic_count_hidden":0,"_bbp_reply_count_hidden":0,"_bbp_forum_subforum_count":0,"site-sidebar-layout":"default","site-content-layout":"","ast-site-content-layout":"","site-content-style":"default","site-sidebar-style":"default","ast-global-header-display":"","ast-banner-title-visibility":"","ast-main-header-display":"","ast-hfb-above-header-display":"","ast-hfb-below-header-display":"","ast-hfb-mobile-header-display":"","site-post-title":"","ast-breadcrumbs-content":"","ast-featured-img":"","footer-sml-layout":"","theme-transparent-header-meta":"","adv-header-id-meta":"","stick-header-meta":"","header-above-stick-meta":"","header-main-stick-meta":"","header-below-stick-meta":"","astra-migrate-meta-layouts":"default","ast-page-background-enabled":"default","ast-page-background-meta":{"desktop":{"background-color":"var(--ast-global-color-4)","background-image":"","background-repeat":"repeat","background-position":"center center","background-size":"auto","background-attachment":"scroll","background-type":"","background-media":"","overlay-type":"","overlay-color":"","overlay-opacity":"","overlay-gradient":""},"tablet":{"background-color":"","background-image":"","background-repeat":"repeat","background-position":"center center","background-size":"auto","background-attachment":"scroll","background-type":"","background-media":"","overlay-type":"","overlay-color":"","overlay-opacity":"","overlay-gradient":""},"mobile":{"background-color":"","background-image":"","background-repeat":"repeat","background-position":"center center","background-size":"auto","background-attachment":"scroll","background-type":"","background-media":"","overlay-type":"","overlay-color":"","overlay-opacity":"","overlay-gradient":""}},"ast-content-background-meta":{"desktop":{"background-color":"var(--ast-global-color-5)","background-image":"","background-repeat":"repeat","background-position":"center center","background-size":"auto","background-attachment":"scroll","background-type":"","background-media":"","overlay-type":"","overlay-color":"","overlay-opacity":"","overlay-gradient":""},"tablet":{"background-color":"var(--ast-global-color-5)","background-image":"","background-repeat":"repeat","background-position":"center center","background-size":"auto","background-attachment":"scroll","background-type":"","background-media":"","overlay-type":"","overlay-color":"","overlay-opacity":"","overlay-gradient":""},"mobile":{"background-color":"var(--ast-global-color-5)","background-image":"","background-repeat":"repeat","background-position":"center center","background-size":"auto","background-attachment":"scroll","background-type":"","background-media":"","overlay-type":"","overlay-color":"","overlay-opacity":"","overlay-gradient":""}},"footnotes":""},"class_list":["post-9346","page","type-page","status-publish","hentry"],"post_mailing_queue_ids":[],"_links":{"self":[{"href":"https:\/\/agora.xtec.cat\/iesmontgri\/wp-json\/wp\/v2\/pages\/9346","targetHints":{"allow":["GET"]}}],"collection":[{"href":"https:\/\/agora.xtec.cat\/iesmontgri\/wp-json\/wp\/v2\/pages"}],"about":[{"href":"https:\/\/agora.xtec.cat\/iesmontgri\/wp-json\/wp\/v2\/types\/page"}],"author":[{"embeddable":true,"href":"https:\/\/agora.xtec.cat\/iesmontgri\/wp-json\/wp\/v2\/users\/22"}],"replies":[{"embeddable":true,"href":"https:\/\/agora.xtec.cat\/iesmontgri\/wp-json\/wp\/v2\/comments?post=9346"}],"version-history":[{"count":6,"href":"https:\/\/agora.xtec.cat\/iesmontgri\/wp-json\/wp\/v2\/pages\/9346\/revisions"}],"predecessor-version":[{"id":12982,"href":"https:\/\/agora.xtec.cat\/iesmontgri\/wp-json\/wp\/v2\/pages\/9346\/revisions\/12982"}],"up":[{"embeddable":true,"href":"https:\/\/agora.xtec.cat\/iesmontgri\/wp-json\/wp\/v2\/pages\/81"}],"wp:attachment":[{"href":"https:\/\/agora.xtec.cat\/iesmontgri\/wp-json\/wp\/v2\/media?parent=9346"}],"curies":[{"name":"wp","href":"https:\/\/api.w.org\/{rel}","templated":true}]}}