{"id":9339,"date":"2022-10-14T11:57:48","date_gmt":"2022-10-14T09:57:48","guid":{"rendered":"https:\/\/agora.xtec.cat\/iesmontgri\/?page_id=9339"},"modified":"2024-11-17T23:01:02","modified_gmt":"2024-11-17T22:01:02","slug":"certificats-2","status":"publish","type":"page","link":"https:\/\/agora.xtec.cat\/iesmontgri\/secretaria\/certificats-2\/","title":{"rendered":"HOMOLOGACI\u00d3 DE T\u00cdTOLS ESTRANGERS"},"content":{"rendered":"<div class=\"basic_text col-xs-12\">\n<div class=\"pd-15x\">\n<p>L\u2019homologaci\u00f3 \u00e9s un procediment que et permet <strong>convalidar els t\u00edtols o estudis no universitaris que hagis cursat a l\u2019estranger amb els t\u00edtols equivalents espanyols<\/strong>\u00a0i recon\u00e8ixer la seva\u00a0<strong>validesa oficial a Espanya<\/strong>.<\/p>\n<\/div>\n<\/div>\n<div class=\"col-xs-12 col-sm-8 basic_text_peq\">\n<div class=\"pd-15x link-dotted\">\n<p>El proc\u00e9s d\u2019homologaci\u00f3 t\u00e9 els efectes seg\u00fcents:<\/p>\n<ul>\n<li>Suposa el reconeixement del grau acad\u00e8mic corresponent.<\/li>\n<li>T&#8217;habilita com a estudiant a continuar els estudis d&#8217;un altre nivell educatiu espanyol.<\/li>\n<li>Implica el reconeixement dels efectes professionals inherents al t\u00edtol espanyol de refer\u00e8ncia.<\/li>\n<\/ul>\n<p>Per sol\u00b7licitar una homologaci\u00f3 d&#8217;estudis estrangers no universitaris has d&#8217;acreditar la teva<strong>\u00a0resid\u00e8ncia a Catalunya<\/strong>\u00a0amb la presentaci\u00f3 d&#8217;un volant d&#8217;empadronament.<\/p>\n<h5 class=\"header2 pd-15 pd-30\"><a href=\"https:\/\/triaeducativa.gencat.cat\/ca\/homologacio\/inici\/\" target=\"_blank\" rel=\"noopener\">Has cursat estudis a l&#8217;estranger i vols homologar-los? Consulta tota la informaci\u00f3<\/a><\/h5>\n<\/div>\n<\/div>\n","protected":false},"excerpt":{"rendered":"<p>L\u2019homologaci\u00f3 \u00e9s un procediment que et permet convalidar els t\u00edtols o estudis no universitaris que hagis cursat a l\u2019estranger amb els t\u00edtols equivalents espanyols\u00a0i recon\u00e8ixer la seva\u00a0validesa oficial a Espanya. El proc\u00e9s d\u2019homologaci\u00f3 t\u00e9 els efectes seg\u00fcents: Suposa el reconeixement del grau acad\u00e8mic corresponent. T&#8217;habilita com a estudiant a continuar els estudis d&#8217;un altre nivell [&hellip;]<\/p>\n","protected":false},"author":22,"featured_media":0,"parent":81,"menu_order":7,"comment_status":"closed","ping_status":"closed","template":"page-templates\/side-menu.php","meta":{"_bbp_topic_count":0,"_bbp_reply_count":0,"_bbp_total_topic_count":0,"_bbp_total_reply_count":0,"_bbp_voice_count":0,"_bbp_anonymous_reply_count":0,"_bbp_topic_count_hidden":0,"_bbp_reply_count_hidden":0,"_bbp_forum_subforum_count":0,"site-sidebar-layout":"default","site-content-layout":"","ast-site-content-layout":"","site-content-style":"default","site-sidebar-style":"default","ast-global-header-display":"","ast-banner-title-visibility":"","ast-main-header-display":"","ast-hfb-above-header-display":"","ast-hfb-below-header-display":"","ast-hfb-mobile-header-display":"","site-post-title":"","ast-breadcrumbs-content":"","ast-featured-img":"","footer-sml-layout":"","theme-transparent-header-meta":"","adv-header-id-meta":"","stick-header-meta":"","header-above-stick-meta":"","header-main-stick-meta":"","header-below-stick-meta":"","astra-migrate-meta-layouts":"default","ast-page-background-enabled":"default","ast-page-background-meta":{"desktop":{"background-color":"var(--ast-global-color-4)","background-image":"","background-repeat":"repeat","background-position":"center center","background-size":"auto","background-attachment":"scroll","background-type":"","background-media":"","overlay-type":"","overlay-color":"","overlay-opacity":"","overlay-gradient":""},"tablet":{"background-color":"","background-image":"","background-repeat":"repeat","background-position":"center center","background-size":"auto","background-attachment":"scroll","background-type":"","background-media":"","overlay-type":"","overlay-color":"","overlay-opacity":"","overlay-gradient":""},"mobile":{"background-color":"","background-image":"","background-repeat":"repeat","background-position":"center center","background-size":"auto","background-attachment":"scroll","background-type":"","background-media":"","overlay-type":"","overlay-color":"","overlay-opacity":"","overlay-gradient":""}},"ast-content-background-meta":{"desktop":{"background-color":"var(--ast-global-color-5)","background-image":"","background-repeat":"repeat","background-position":"center center","background-size":"auto","background-attachment":"scroll","background-type":"","background-media":"","overlay-type":"","overlay-color":"","overlay-opacity":"","overlay-gradient":""},"tablet":{"background-color":"var(--ast-global-color-5)","background-image":"","background-repeat":"repeat","background-position":"center center","background-size":"auto","background-attachment":"scroll","background-type":"","background-media":"","overlay-type":"","overlay-color":"","overlay-opacity":"","overlay-gradient":""},"mobile":{"background-color":"var(--ast-global-color-5)","background-image":"","background-repeat":"repeat","background-position":"center center","background-size":"auto","background-attachment":"scroll","background-type":"","background-media":"","overlay-type":"","overlay-color":"","overlay-opacity":"","overlay-gradient":""}},"footnotes":""},"class_list":["post-9339","page","type-page","status-publish","hentry"],"post_mailing_queue_ids":[],"_links":{"self":[{"href":"https:\/\/agora.xtec.cat\/iesmontgri\/wp-json\/wp\/v2\/pages\/9339","targetHints":{"allow":["GET"]}}],"collection":[{"href":"https:\/\/agora.xtec.cat\/iesmontgri\/wp-json\/wp\/v2\/pages"}],"about":[{"href":"https:\/\/agora.xtec.cat\/iesmontgri\/wp-json\/wp\/v2\/types\/page"}],"author":[{"embeddable":true,"href":"https:\/\/agora.xtec.cat\/iesmontgri\/wp-json\/wp\/v2\/users\/22"}],"replies":[{"embeddable":true,"href":"https:\/\/agora.xtec.cat\/iesmontgri\/wp-json\/wp\/v2\/comments?post=9339"}],"version-history":[{"count":4,"href":"https:\/\/agora.xtec.cat\/iesmontgri\/wp-json\/wp\/v2\/pages\/9339\/revisions"}],"predecessor-version":[{"id":12966,"href":"https:\/\/agora.xtec.cat\/iesmontgri\/wp-json\/wp\/v2\/pages\/9339\/revisions\/12966"}],"up":[{"embeddable":true,"href":"https:\/\/agora.xtec.cat\/iesmontgri\/wp-json\/wp\/v2\/pages\/81"}],"wp:attachment":[{"href":"https:\/\/agora.xtec.cat\/iesmontgri\/wp-json\/wp\/v2\/media?parent=9339"}],"curies":[{"name":"wp","href":"https:\/\/api.w.org\/{rel}","templated":true}]}}