{"id":9313,"date":"2022-10-14T10:15:15","date_gmt":"2022-10-14T08:15:15","guid":{"rendered":"https:\/\/agora.xtec.cat\/iesmontgri\/?page_id=9313"},"modified":"2026-02-24T07:47:58","modified_gmt":"2026-02-24T06:47:58","slug":"eso","status":"publish","type":"page","link":"https:\/\/agora.xtec.cat\/iesmontgri\/secretaria\/preinscripcio-i-matriculacio\/eso\/","title":{"rendered":"ESO"},"content":{"rendered":"<h2><strong>PREINSCRIPCI\u00d3<\/strong><\/h2>\n<ul>\n<li>\n<h2><strong><a href=\"https:\/\/drive.google.com\/file\/d\/127qWzCo0HPc7ZdWyyOmDjKSW7BiILqvL\/view?usp=sharing\" target=\"_blank\" rel=\"noopener\">Informaci\u00f3 preinscripci\u00f3 ESO Institut Montgr\u00ed curs 2026-2027<\/a>. <\/strong><\/h2>\n<\/li>\n<li>\n<h4>Per\u00edode de la preinscripci\u00f3: <strong>del 6 al 18 de mar\u00e7 de 2026.<\/strong><\/h4>\n<\/li>\n<li>\n<h4><a href=\"https:\/\/preinscripcio.gencat.cat\/ca\/estudis\/eso\/preinscriute\/sollicitud\/\" target=\"_blank\" rel=\"noopener\">Com fer la preinscripci\u00f3.<\/a><\/h4>\n<\/li>\n<li>\n<h4>Oferta inicial de places ESO Institut Montgr\u00ed\u00a0 2026-2027.<\/h4>\n<\/li>\n<\/ul>\n<p><a href=\"https:\/\/agora.xtec.cat\/iesmontgri\/wp-content\/uploads\/usu613\/2026\/02\/preinscripcio-ESO.png\"><img loading=\"lazy\" decoding=\"async\" class=\"aligncenter size-large wp-image-14674\" src=\"https:\/\/agora.xtec.cat\/iesmontgri\/wp-content\/uploads\/usu613\/2026\/02\/preinscripcio-ESO-1024x568.png\" alt=\"\" width=\"1024\" height=\"568\" srcset=\"https:\/\/agora.xtec.cat\/iesmontgri\/wp-content\/uploads\/usu613\/2026\/02\/preinscripcio-ESO-1024x568.png 1024w, https:\/\/agora.xtec.cat\/iesmontgri\/wp-content\/uploads\/usu613\/2026\/02\/preinscripcio-ESO-300x166.png 300w, https:\/\/agora.xtec.cat\/iesmontgri\/wp-content\/uploads\/usu613\/2026\/02\/preinscripcio-ESO-768x426.png 768w, https:\/\/agora.xtec.cat\/iesmontgri\/wp-content\/uploads\/usu613\/2026\/02\/preinscripcio-ESO.png 1228w\" sizes=\"auto, (max-width: 1024px) 100vw, 1024px\" \/><\/a><\/p>\n<h4><\/h4>\n","protected":false},"excerpt":{"rendered":"<p>PREINSCRIPCI\u00d3 Informaci\u00f3 preinscripci\u00f3 ESO Institut Montgr\u00ed curs 2026-2027. Per\u00edode de la preinscripci\u00f3: del 6 al 18 de mar\u00e7 de 2026. Com fer la preinscripci\u00f3. Oferta inicial de places ESO Institut Montgr\u00ed\u00a0 2026-2027.<\/p>\n","protected":false},"author":1,"featured_media":0,"parent":9310,"menu_order":0,"comment_status":"closed","ping_status":"closed","template":"","meta":{"_bbp_topic_count":0,"_bbp_reply_count":0,"_bbp_total_topic_count":0,"_bbp_total_reply_count":0,"_bbp_voice_count":0,"_bbp_anonymous_reply_count":0,"_bbp_topic_count_hidden":0,"_bbp_reply_count_hidden":0,"_bbp_forum_subforum_count":0,"site-sidebar-layout":"default","site-content-layout":"","ast-site-content-layout":"default","site-content-style":"default","site-sidebar-style":"default","ast-global-header-display":"","ast-banner-title-visibility":"","ast-main-header-display":"","ast-hfb-above-header-display":"","ast-hfb-below-header-display":"","ast-hfb-mobile-header-display":"","site-post-title":"","ast-breadcrumbs-content":"","ast-featured-img":"","footer-sml-layout":"","theme-transparent-header-meta":"","adv-header-id-meta":"","stick-header-meta":"","header-above-stick-meta":"","header-main-stick-meta":"","header-below-stick-meta":"","astra-migrate-meta-layouts":"set","ast-page-background-enabled":"default","ast-page-background-meta":{"desktop":{"background-color":"var(--ast-global-color-4)","background-image":"","background-repeat":"repeat","background-position":"center center","background-size":"auto","background-attachment":"scroll","background-type":"","background-media":"","overlay-type":"","overlay-color":"","overlay-opacity":"","overlay-gradient":""},"tablet":{"background-color":"","background-image":"","background-repeat":"repeat","background-position":"center center","background-size":"auto","background-attachment":"scroll","background-type":"","background-media":"","overlay-type":"","overlay-color":"","overlay-opacity":"","overlay-gradient":""},"mobile":{"background-color":"","background-image":"","background-repeat":"repeat","background-position":"center center","background-size":"auto","background-attachment":"scroll","background-type":"","background-media":"","overlay-type":"","overlay-color":"","overlay-opacity":"","overlay-gradient":""}},"ast-content-background-meta":{"desktop":{"background-color":"var(--ast-global-color-5)","background-image":"","background-repeat":"repeat","background-position":"center center","background-size":"auto","background-attachment":"scroll","background-type":"","background-media":"","overlay-type":"","overlay-color":"","overlay-opacity":"","overlay-gradient":""},"tablet":{"background-color":"var(--ast-global-color-5)","background-image":"","background-repeat":"repeat","background-position":"center center","background-size":"auto","background-attachment":"scroll","background-type":"","background-media":"","overlay-type":"","overlay-color":"","overlay-opacity":"","overlay-gradient":""},"mobile":{"background-color":"var(--ast-global-color-5)","background-image":"","background-repeat":"repeat","background-position":"center center","background-size":"auto","background-attachment":"scroll","background-type":"","background-media":"","overlay-type":"","overlay-color":"","overlay-opacity":"","overlay-gradient":""}},"footnotes":""},"class_list":["post-9313","page","type-page","status-publish","hentry"],"post_mailing_queue_ids":[],"_links":{"self":[{"href":"https:\/\/agora.xtec.cat\/iesmontgri\/wp-json\/wp\/v2\/pages\/9313","targetHints":{"allow":["GET"]}}],"collection":[{"href":"https:\/\/agora.xtec.cat\/iesmontgri\/wp-json\/wp\/v2\/pages"}],"about":[{"href":"https:\/\/agora.xtec.cat\/iesmontgri\/wp-json\/wp\/v2\/types\/page"}],"author":[{"embeddable":true,"href":"https:\/\/agora.xtec.cat\/iesmontgri\/wp-json\/wp\/v2\/users\/1"}],"replies":[{"embeddable":true,"href":"https:\/\/agora.xtec.cat\/iesmontgri\/wp-json\/wp\/v2\/comments?post=9313"}],"version-history":[{"count":6,"href":"https:\/\/agora.xtec.cat\/iesmontgri\/wp-json\/wp\/v2\/pages\/9313\/revisions"}],"predecessor-version":[{"id":14677,"href":"https:\/\/agora.xtec.cat\/iesmontgri\/wp-json\/wp\/v2\/pages\/9313\/revisions\/14677"}],"up":[{"embeddable":true,"href":"https:\/\/agora.xtec.cat\/iesmontgri\/wp-json\/wp\/v2\/pages\/9310"}],"wp:attachment":[{"href":"https:\/\/agora.xtec.cat\/iesmontgri\/wp-json\/wp\/v2\/media?parent=9313"}],"curies":[{"name":"wp","href":"https:\/\/api.w.org\/{rel}","templated":true}]}}