{"id":9293,"date":"2022-10-14T09:39:27","date_gmt":"2022-10-14T07:39:27","guid":{"rendered":"https:\/\/agora.xtec.cat\/iesmontgri\/?page_id=9293"},"modified":"2022-10-15T08:31:22","modified_gmt":"2022-10-15T06:31:22","slug":"impuls-llengues-estrangeres-a-lfp","status":"publish","type":"page","link":"https:\/\/agora.xtec.cat\/iesmontgri\/impuls-llengues-estrangeres-a-lfp\/","title":{"rendered":"IMPULS LLENG\u00dcES ESTRANGERES A L&#8217;FP"},"content":{"rendered":"<p><a href=\"https:\/\/agora.xtec.cat\/iesmontgri\/wp-content\/uploads\/usu613\/2022\/10\/llengues-estrangeres.png\"><img loading=\"lazy\" decoding=\"async\" class=\"wp-image-9415 alignleft\" src=\"https:\/\/agora.xtec.cat\/iesmontgri\/wp-content\/uploads\/usu613\/2022\/10\/llengues-estrangeres.png\" alt=\"IMPULS\" width=\"771\" height=\"456\" srcset=\"https:\/\/agora.xtec.cat\/iesmontgri\/wp-content\/uploads\/usu613\/2022\/10\/llengues-estrangeres.png 880w, https:\/\/agora.xtec.cat\/iesmontgri\/wp-content\/uploads\/usu613\/2022\/10\/llengues-estrangeres-300x178.png 300w, https:\/\/agora.xtec.cat\/iesmontgri\/wp-content\/uploads\/usu613\/2022\/10\/llengues-estrangeres-768x455.png 768w\" sizes=\"auto, (max-width: 771px) 100vw, 771px\" \/><\/a><\/p>\n<p>&nbsp;<\/p>\n<p>&nbsp;<\/p>\n<p>&nbsp;<\/p>\n<p>&nbsp;<\/p>\n<p>&nbsp;<\/p>\n<p>&nbsp;<\/p>\n<p>&nbsp;<\/p>\n<p>&nbsp;<\/p>\n<p>&nbsp;<\/p>\n<p>&nbsp;<\/p>\n<p>&nbsp;<\/p>\n<p style=\"text-align: left;\">l\u2019Institut Montgr\u00ed ha estat adm\u00e8s per desenvolupar accions pilot d\u2019impuls de les lleng\u00fces estrangeres en la formaci\u00f3 professional, per als grups de cicles formatius de primer del curs 2022 \u2013 2023. En concret, es duran a terme accions en llengua estrangera en els Cicles Formatius <strong>d\u2019Activitats Comercials i <\/strong><strong style=\"font-family: inherit; font-size: 1em;\">\u00a0de Guia en el Medi Natural.<\/strong><\/p>\n<p>La finalitat del programa \u00e9s incorporar i normalitzar l\u2019\u00fas d\u2019una llengua estrangera en situacions professionals habituals i en la presa de decisions en l\u2019\u00e0mbit laboral. Els centres educatius oferiran, el curs 2022 \u2013 2023, grups de primer curs de cicles formatius de formaci\u00f3 professional amb accions d\u2019impuls de les lleng\u00fces estrangeres. Els grups de primer curs de cicles formatius complementaran el curr\u00edculum amb un m\u00f2dul professional de llengua estrangera i tamb\u00e9 s\u2019impartir\u00e0\u00a0 en llengua estrangera almenys un dels m\u00f2duls professionals.<\/p>\n<p>&nbsp;<\/p>\n<h4><strong>Finan\u00e7at pel Ministeri d\u2019Educaci\u00f3 i Formaci\u00f3 Professional i per la Uni\u00f3 Europea Next Generation EU.<\/strong><\/h4>\n<h5><strong> <a href=\"https:\/\/agora.xtec.cat\/iesmontgri\/wp-content\/uploads\/usu613\/2022\/10\/Captura-de-pantalla-2022-10-15-082016.png\"><img loading=\"lazy\" decoding=\"async\" class=\"wp-image-9431 aligncenter\" src=\"https:\/\/agora.xtec.cat\/iesmontgri\/wp-content\/uploads\/usu613\/2022\/10\/Captura-de-pantalla-2022-10-15-082016.png\" alt=\"Logos fons impuls lleng\u00fces\" width=\"1014\" height=\"71\" srcset=\"https:\/\/agora.xtec.cat\/iesmontgri\/wp-content\/uploads\/usu613\/2022\/10\/Captura-de-pantalla-2022-10-15-082016.png 671w, https:\/\/agora.xtec.cat\/iesmontgri\/wp-content\/uploads\/usu613\/2022\/10\/Captura-de-pantalla-2022-10-15-082016-300x21.png 300w\" sizes=\"auto, (max-width: 1014px) 100vw, 1014px\" \/><\/a><\/strong><\/h5>\n<p><em>C20.I03 Innovaci\u00f3 i internacionalitzaci\u00f3 de la formaci\u00f3 professional<br \/>\nLa mesura C20.I03 Innovaci\u00f3 i internacionalitzaci\u00f3 de la formaci\u00f3 professional t\u00e9 un pes assignat de 0 % de coeficient de clima i de 0 % de coeficient digital, de conformitat amb l\u2019annex 6 Taula de seguiment per a l\u2019acci\u00f3 pel clima i l\u2019etiquetatge digital de la Proposta de decisi\u00f3 d\u2019execuci\u00f3 del Consell, relativa a l\u2019aprovaci\u00f3 de l\u2019avaluaci\u00f3 del PRTR d\u2019Espanya COM (2021) 322 final, en data 16 de juny de 2021.<\/em><\/p>\n<p>&nbsp;<\/p>\n","protected":false},"excerpt":{"rendered":"<p>&nbsp; &nbsp; &nbsp; &nbsp; &nbsp; &nbsp; &nbsp; &nbsp; &nbsp; &nbsp; &nbsp; l\u2019Institut Montgr\u00ed ha estat adm\u00e8s per desenvolupar accions pilot d\u2019impuls de les lleng\u00fces estrangeres en la formaci\u00f3 professional, per als grups de cicles formatius de primer del curs 2022 \u2013 2023. En concret, es duran a terme accions en llengua estrangera en els Cicles [&hellip;]<\/p>\n","protected":false},"author":1,"featured_media":0,"parent":0,"menu_order":0,"comment_status":"closed","ping_status":"closed","template":"page-templates\/side-menu.php","meta":{"_bbp_topic_count":0,"_bbp_reply_count":0,"_bbp_total_topic_count":0,"_bbp_total_reply_count":0,"_bbp_voice_count":0,"_bbp_anonymous_reply_count":0,"_bbp_topic_count_hidden":0,"_bbp_reply_count_hidden":0,"_bbp_forum_subforum_count":0,"site-sidebar-layout":"default","site-content-layout":"","ast-site-content-layout":"","site-content-style":"default","site-sidebar-style":"default","ast-global-header-display":"","ast-banner-title-visibility":"","ast-main-header-display":"","ast-hfb-above-header-display":"","ast-hfb-below-header-display":"","ast-hfb-mobile-header-display":"","site-post-title":"","ast-breadcrumbs-content":"","ast-featured-img":"","footer-sml-layout":"","theme-transparent-header-meta":"","adv-header-id-meta":"","stick-header-meta":"","header-above-stick-meta":"","header-main-stick-meta":"","header-below-stick-meta":"","astra-migrate-meta-layouts":"default","ast-page-background-enabled":"default","ast-page-background-meta":{"desktop":{"background-color":"var(--ast-global-color-4)","background-image":"","background-repeat":"repeat","background-position":"center center","background-size":"auto","background-attachment":"scroll","background-type":"","background-media":"","overlay-type":"","overlay-color":"","overlay-opacity":"","overlay-gradient":""},"tablet":{"background-color":"","background-image":"","background-repeat":"repeat","background-position":"center center","background-size":"auto","background-attachment":"scroll","background-type":"","background-media":"","overlay-type":"","overlay-color":"","overlay-opacity":"","overlay-gradient":""},"mobile":{"background-color":"","background-image":"","background-repeat":"repeat","background-position":"center center","background-size":"auto","background-attachment":"scroll","background-type":"","background-media":"","overlay-type":"","overlay-color":"","overlay-opacity":"","overlay-gradient":""}},"ast-content-background-meta":{"desktop":{"background-color":"var(--ast-global-color-5)","background-image":"","background-repeat":"repeat","background-position":"center center","background-size":"auto","background-attachment":"scroll","background-type":"","background-media":"","overlay-type":"","overlay-color":"","overlay-opacity":"","overlay-gradient":""},"tablet":{"background-color":"var(--ast-global-color-5)","background-image":"","background-repeat":"repeat","background-position":"center center","background-size":"auto","background-attachment":"scroll","background-type":"","background-media":"","overlay-type":"","overlay-color":"","overlay-opacity":"","overlay-gradient":""},"mobile":{"background-color":"var(--ast-global-color-5)","background-image":"","background-repeat":"repeat","background-position":"center center","background-size":"auto","background-attachment":"scroll","background-type":"","background-media":"","overlay-type":"","overlay-color":"","overlay-opacity":"","overlay-gradient":""}},"footnotes":""},"class_list":["post-9293","page","type-page","status-publish","hentry"],"post_mailing_queue_ids":[],"_links":{"self":[{"href":"https:\/\/agora.xtec.cat\/iesmontgri\/wp-json\/wp\/v2\/pages\/9293","targetHints":{"allow":["GET"]}}],"collection":[{"href":"https:\/\/agora.xtec.cat\/iesmontgri\/wp-json\/wp\/v2\/pages"}],"about":[{"href":"https:\/\/agora.xtec.cat\/iesmontgri\/wp-json\/wp\/v2\/types\/page"}],"author":[{"embeddable":true,"href":"https:\/\/agora.xtec.cat\/iesmontgri\/wp-json\/wp\/v2\/users\/1"}],"replies":[{"embeddable":true,"href":"https:\/\/agora.xtec.cat\/iesmontgri\/wp-json\/wp\/v2\/comments?post=9293"}],"version-history":[{"count":3,"href":"https:\/\/agora.xtec.cat\/iesmontgri\/wp-json\/wp\/v2\/pages\/9293\/revisions"}],"predecessor-version":[{"id":9414,"href":"https:\/\/agora.xtec.cat\/iesmontgri\/wp-json\/wp\/v2\/pages\/9293\/revisions\/9414"}],"wp:attachment":[{"href":"https:\/\/agora.xtec.cat\/iesmontgri\/wp-json\/wp\/v2\/media?parent=9293"}],"curies":[{"name":"wp","href":"https:\/\/api.w.org\/{rel}","templated":true}]}}