{"id":8506,"date":"2022-03-17T12:16:57","date_gmt":"2022-03-17T11:16:57","guid":{"rendered":"https:\/\/agora.xtec.cat\/iesmontgri\/?page_id=8506"},"modified":"2024-04-21T22:31:43","modified_gmt":"2024-04-21T20:31:43","slug":"cicles-formatius","status":"publish","type":"page","link":"https:\/\/agora.xtec.cat\/iesmontgri\/cicles-formatius\/","title":{"rendered":""},"content":{"rendered":"<div><span style=\"color: #000000;\"><strong><img loading=\"lazy\" decoding=\"async\" class=\"alignnone wp-image-10435 size-full\" src=\"https:\/\/agora.xtec.cat\/iesmontgri\/wp-content\/uploads\/usu613\/2023\/05\/titol-prim-cicles-2-scaled.jpg\" alt=\"\" width=\"2560\" height=\"171\" srcset=\"https:\/\/agora.xtec.cat\/iesmontgri\/wp-content\/uploads\/usu613\/2023\/05\/titol-prim-cicles-2-scaled.jpg 2560w, https:\/\/agora.xtec.cat\/iesmontgri\/wp-content\/uploads\/usu613\/2023\/05\/titol-prim-cicles-2-300x20.jpg 300w, https:\/\/agora.xtec.cat\/iesmontgri\/wp-content\/uploads\/usu613\/2023\/05\/titol-prim-cicles-2-1024x68.jpg 1024w, https:\/\/agora.xtec.cat\/iesmontgri\/wp-content\/uploads\/usu613\/2023\/05\/titol-prim-cicles-2-768x51.jpg 768w, https:\/\/agora.xtec.cat\/iesmontgri\/wp-content\/uploads\/usu613\/2023\/05\/titol-prim-cicles-2-1536x103.jpg 1536w, https:\/\/agora.xtec.cat\/iesmontgri\/wp-content\/uploads\/usu613\/2023\/05\/titol-prim-cicles-2-2048x137.jpg 2048w\" sizes=\"auto, (max-width: 2560px) 100vw, 2560px\" \/>\u00a0<\/strong><\/span><\/div>\n<div>\n<table style=\"border-collapse: collapse; width: 100.371%; height: 291px;\">\n<tbody>\n<tr style=\"height: 291px;\">\n<td style=\"width: 43.4146%; height: 291px; border-style: hidden;\">\n<h4 dir=\"ltr\" style=\"text-align: justify;\">La formaci\u00f3 professional capacita per exercir de manera qualificada diverses professions i proporciona la formaci\u00f3 necess\u00e0ria per adquirir la compet\u00e8ncia professional i el coneixement propis de cada sector.<\/h4>\n<p>&nbsp;<\/p>\n<h4 dir=\"ltr\" style=\"text-align: justify;\">La formaci\u00f3 professional s&#8217;organitza per fam\u00edlies professionals, que ordenen els ensenyaments en <b>cicles de grau mitj\u00e0<\/b> que s\u2019obt\u00e9 el t\u00edtol de t\u00e8cnic i en <b>cicles de grau superior <\/b>que s&#8217;obt\u00e9 el t\u00edtol de t\u00e8cnic superior.<\/h4>\n<\/td>\n<td style=\"width: 4.64433%; height: 291px; border-style: hidden;\">\n<p dir=\"ltr\" style=\"text-align: justify;\">\n<\/td>\n<td style=\"width: 66.4924%; height: 291px; border-style: hidden;\">\n<p dir=\"ltr\" style=\"text-align: justify;\"><img loading=\"lazy\" decoding=\"async\" class=\"alignright\" src=\"https:\/\/media.istockphoto.com\/id\/1218609507\/es\/foto\/joven-estudiando-en-casa-durante-cursos-en-l%C3%ADnea-o-informaci%C3%B3n-gratuita-por-s%C3%AD-mismo.jpg?s=612x612&amp;w=0&amp;k=20&amp;c=02TqW7Zk8sc8RWwbBTfQIZlT0NyK11GUDlZGiiJ2_fM=\" alt=\"Joven estudiando en casa durante cursos en l\u00ednea o informaci\u00f3n gratuita por s\u00ed mismo - foto de stock\" width=\"441\" height=\"294\" \/><\/p>\n<\/td>\n<\/tr>\n<\/tbody>\n<\/table>\n<p dir=\"ltr\" style=\"text-align: justify;\">\n<\/div>\n","protected":false},"excerpt":{"rendered":"<p>\u00a0 La formaci\u00f3 professional capacita per exercir de manera qualificada diverses professions i proporciona la formaci\u00f3 necess\u00e0ria per adquirir la compet\u00e8ncia professional i el coneixement propis de cada sector. &nbsp; La formaci\u00f3 professional s&#8217;organitza per fam\u00edlies professionals, que ordenen els ensenyaments en cicles de grau mitj\u00e0 que s\u2019obt\u00e9 el t\u00edtol de t\u00e8cnic i en cicles [&hellip;]<\/p>\n","protected":false},"author":1,"featured_media":0,"parent":0,"menu_order":0,"comment_status":"closed","ping_status":"closed","template":"page-templates\/side-menu.php","meta":{"_bbp_topic_count":0,"_bbp_reply_count":0,"_bbp_total_topic_count":0,"_bbp_total_reply_count":0,"_bbp_voice_count":0,"_bbp_anonymous_reply_count":0,"_bbp_topic_count_hidden":0,"_bbp_reply_count_hidden":0,"_bbp_forum_subforum_count":0,"site-sidebar-layout":"default","site-content-layout":"","ast-site-content-layout":"","site-content-style":"default","site-sidebar-style":"default","ast-global-header-display":"","ast-banner-title-visibility":"","ast-main-header-display":"","ast-hfb-above-header-display":"","ast-hfb-below-header-display":"","ast-hfb-mobile-header-display":"","site-post-title":"","ast-breadcrumbs-content":"","ast-featured-img":"","footer-sml-layout":"","theme-transparent-header-meta":"","adv-header-id-meta":"","stick-header-meta":"","header-above-stick-meta":"","header-main-stick-meta":"","header-below-stick-meta":"","astra-migrate-meta-layouts":"default","ast-page-background-enabled":"default","ast-page-background-meta":{"desktop":{"background-color":"var(--ast-global-color-4)","background-image":"","background-repeat":"repeat","background-position":"center center","background-size":"auto","background-attachment":"scroll","background-type":"","background-media":"","overlay-type":"","overlay-color":"","overlay-opacity":"","overlay-gradient":""},"tablet":{"background-color":"","background-image":"","background-repeat":"repeat","background-position":"center center","background-size":"auto","background-attachment":"scroll","background-type":"","background-media":"","overlay-type":"","overlay-color":"","overlay-opacity":"","overlay-gradient":""},"mobile":{"background-color":"","background-image":"","background-repeat":"repeat","background-position":"center center","background-size":"auto","background-attachment":"scroll","background-type":"","background-media":"","overlay-type":"","overlay-color":"","overlay-opacity":"","overlay-gradient":""}},"ast-content-background-meta":{"desktop":{"background-color":"var(--ast-global-color-5)","background-image":"","background-repeat":"repeat","background-position":"center center","background-size":"auto","background-attachment":"scroll","background-type":"","background-media":"","overlay-type":"","overlay-color":"","overlay-opacity":"","overlay-gradient":""},"tablet":{"background-color":"var(--ast-global-color-5)","background-image":"","background-repeat":"repeat","background-position":"center center","background-size":"auto","background-attachment":"scroll","background-type":"","background-media":"","overlay-type":"","overlay-color":"","overlay-opacity":"","overlay-gradient":""},"mobile":{"background-color":"var(--ast-global-color-5)","background-image":"","background-repeat":"repeat","background-position":"center center","background-size":"auto","background-attachment":"scroll","background-type":"","background-media":"","overlay-type":"","overlay-color":"","overlay-opacity":"","overlay-gradient":""}},"footnotes":""},"class_list":["post-8506","page","type-page","status-publish","hentry"],"post_mailing_queue_ids":[],"_links":{"self":[{"href":"https:\/\/agora.xtec.cat\/iesmontgri\/wp-json\/wp\/v2\/pages\/8506","targetHints":{"allow":["GET"]}}],"collection":[{"href":"https:\/\/agora.xtec.cat\/iesmontgri\/wp-json\/wp\/v2\/pages"}],"about":[{"href":"https:\/\/agora.xtec.cat\/iesmontgri\/wp-json\/wp\/v2\/types\/page"}],"author":[{"embeddable":true,"href":"https:\/\/agora.xtec.cat\/iesmontgri\/wp-json\/wp\/v2\/users\/1"}],"replies":[{"embeddable":true,"href":"https:\/\/agora.xtec.cat\/iesmontgri\/wp-json\/wp\/v2\/comments?post=8506"}],"version-history":[{"count":6,"href":"https:\/\/agora.xtec.cat\/iesmontgri\/wp-json\/wp\/v2\/pages\/8506\/revisions"}],"predecessor-version":[{"id":12337,"href":"https:\/\/agora.xtec.cat\/iesmontgri\/wp-json\/wp\/v2\/pages\/8506\/revisions\/12337"}],"wp:attachment":[{"href":"https:\/\/agora.xtec.cat\/iesmontgri\/wp-json\/wp\/v2\/media?parent=8506"}],"curies":[{"name":"wp","href":"https:\/\/api.w.org\/{rel}","templated":true}]}}