{"id":7707,"date":"2021-05-29T10:04:25","date_gmt":"2021-05-29T08:04:25","guid":{"rendered":"http:\/\/agora.xtec.cat\/iesmontgri\/?page_id=7707"},"modified":"2022-04-01T08:42:28","modified_gmt":"2022-04-01T06:42:28","slug":"orientacio-academica","status":"publish","type":"page","link":"https:\/\/agora.xtec.cat\/iesmontgri\/orientacio-academica\/","title":{"rendered":"Orientaci\u00f3 acad\u00e8mica"},"content":{"rendered":"<table style=\"width: 100%; border-collapse: collapse; border-style: hidden;\">\n<tbody>\n<tr>\n<td style=\"width: 33.6838%; border-style: none; border-color: #ededed; background-color: #ededed;\">\n<h1 style=\"text-align: center;\"><a href=\"https:\/\/drive.google.com\/file\/d\/1EZ7jeMm4laVnToTg2Ajk6DkXDnVpgXzt\/view?usp=sharing\" target=\"_blank\" rel=\"noopener\"><strong>Presentaci\u00f3 de les portes obertes 2022<\/strong><\/a><\/h1>\n<\/td>\n<td style=\"width: 66.3162%; border-style: none; border-color: #ededed; background-color: #ededed;\"><a href=\"https:\/\/drive.google.com\/file\/d\/1EZ7jeMm4laVnToTg2Ajk6DkXDnVpgXzt\/view?usp=sharing\" target=\"_blank\" rel=\"noopener\"><img loading=\"lazy\" decoding=\"async\" class=\"aligncenter wp-image-8431\" src=\"https:\/\/agora.xtec.cat\/iesmontgri\/wp-content\/uploads\/usu613\/2022\/03\/104-2022-Presentacio-portes-obertes-300x169.png\" alt=\"\" width=\"698\" height=\"393\" srcset=\"https:\/\/agora.xtec.cat\/iesmontgri\/wp-content\/uploads\/usu613\/2022\/03\/104-2022-Presentacio-portes-obertes-300x169.png 300w, https:\/\/agora.xtec.cat\/iesmontgri\/wp-content\/uploads\/usu613\/2022\/03\/104-2022-Presentacio-portes-obertes-768x432.png 768w, https:\/\/agora.xtec.cat\/iesmontgri\/wp-content\/uploads\/usu613\/2022\/03\/104-2022-Presentacio-portes-obertes.png 1000w\" sizes=\"auto, (max-width: 698px) 100vw, 698px\" \/><\/a><\/td>\n<\/tr>\n<\/tbody>\n<\/table>\n<table style=\"width: 100%; border-collapse: collapse; border-style: none;\">\n<tbody>\n<tr>\n<td style=\"width: 65.6602%; border-style: none; border-color: #ededed; background-color: #ededed;\"><a href=\"https:\/\/drive.google.com\/file\/d\/1JFDBF_PcJ48ykSqQ_eOovqB0fqAbnfwS\/view?usp=sharing\" target=\"_blank\" rel=\"noopener\"><img loading=\"lazy\" decoding=\"async\" class=\"wp-image-8590 alignleft\" src=\"https:\/\/agora.xtec.cat\/iesmontgri\/wp-content\/uploads\/usu613\/2022\/03\/2022-Portada-Promocio-Batxillerat-Ins-Montgri21_22-1-300x225.png\" alt=\"\" width=\"383\" height=\"288\" srcset=\"https:\/\/agora.xtec.cat\/iesmontgri\/wp-content\/uploads\/usu613\/2022\/03\/2022-Portada-Promocio-Batxillerat-Ins-Montgri21_22-1-300x225.png 300w, https:\/\/agora.xtec.cat\/iesmontgri\/wp-content\/uploads\/usu613\/2022\/03\/2022-Portada-Promocio-Batxillerat-Ins-Montgri21_22-1-768x576.png 768w, https:\/\/agora.xtec.cat\/iesmontgri\/wp-content\/uploads\/usu613\/2022\/03\/2022-Portada-Promocio-Batxillerat-Ins-Montgri21_22-1-200x150.png 200w, https:\/\/agora.xtec.cat\/iesmontgri\/wp-content\/uploads\/usu613\/2022\/03\/2022-Portada-Promocio-Batxillerat-Ins-Montgri21_22-1.png 1000w\" sizes=\"auto, (max-width: 383px) 100vw, 383px\" \/><\/a><\/td>\n<td style=\"width: 34.3398%; border-style: none; border-color: #ededed; background-color: #ededed;\">\n<h1 style=\"text-align: center;\"><strong><a href=\"https:\/\/drive.google.com\/file\/d\/1JFDBF_PcJ48ykSqQ_eOovqB0fqAbnfwS\/view?usp=sharing\" target=\"_blank\" rel=\"noopener\">Presentaci\u00f3 de les Portes Obertes.<\/a><\/strong><\/h1>\n<\/td>\n<\/tr>\n<\/tbody>\n<\/table>\n<table style=\"width: 100%; border-collapse: collapse; border-style: none;\">\n<tbody>\n<tr>\n<td style=\"width: 37.5507%; border-style: none; border-color: #ededed; background-color: #ededed;\">\n<h1 style=\"text-align: center;\"><a href=\"https:\/\/drive.google.com\/file\/d\/15Ca7JhdE5cg-GEF9Q7II97dQ1lWkF7nL\/view?usp=sharing\" target=\"_blank\" rel=\"noopener\"><strong>Presentaci\u00f3 de les portes obertes 2022<\/strong><\/a><\/h1>\n<\/td>\n<td style=\"width: 62.4493%; border-style: none; border-color: #ededed; background-color: #ededed;\"><a href=\"https:\/\/drive.google.com\/file\/d\/15Ca7JhdE5cg-GEF9Q7II97dQ1lWkF7nL\/view?usp=sharing\" target=\"_blank\" rel=\"noopener\"><img loading=\"lazy\" decoding=\"async\" class=\"wp-image-8598 alignright\" src=\"https:\/\/agora.xtec.cat\/iesmontgri\/wp-content\/uploads\/usu613\/2022\/04\/2022-Promocio-ACO-2021_22-300x169.png\" alt=\"\" width=\"433\" height=\"244\" srcset=\"https:\/\/agora.xtec.cat\/iesmontgri\/wp-content\/uploads\/usu613\/2022\/04\/2022-Promocio-ACO-2021_22-300x169.png 300w, https:\/\/agora.xtec.cat\/iesmontgri\/wp-content\/uploads\/usu613\/2022\/04\/2022-Promocio-ACO-2021_22-1024x575.png 1024w, https:\/\/agora.xtec.cat\/iesmontgri\/wp-content\/uploads\/usu613\/2022\/04\/2022-Promocio-ACO-2021_22-768x432.png 768w, https:\/\/agora.xtec.cat\/iesmontgri\/wp-content\/uploads\/usu613\/2022\/04\/2022-Promocio-ACO-2021_22-1536x863.png 1536w, https:\/\/agora.xtec.cat\/iesmontgri\/wp-content\/uploads\/usu613\/2022\/04\/2022-Promocio-ACO-2021_22.png 2000w\" sizes=\"auto, (max-width: 433px) 100vw, 433px\" \/><\/a><\/td>\n<\/tr>\n<\/tbody>\n<\/table>\n<table style=\"height: 253px; width: 100%; border-collapse: collapse; border-style: none; border-color: #000000;\">\n<tbody>\n<tr style=\"height: 253px;\">\n<td style=\"width: 36.0798%; height: 253px; border-style: none; border-color: #ededed; background-color: #ededed;\">\n<h1 style=\"text-align: center;\"><a href=\"https:\/\/drive.google.com\/file\/d\/1V2o-1fHnovF0uJBL2Yfr1-dNHk2W4414\/view?usp=sharing\" target=\"_blank\" rel=\"noopener\"><strong>Presentaci\u00f3 de les portes obertes 2022<\/strong><\/a><\/h1>\n<\/td>\n<td style=\"width: 63.9202%; height: 253px; border-style: none; border-color: #ededed; background-color: #ededed;\"><a href=\"https:\/\/drive.google.com\/file\/d\/1V2o-1fHnovF0uJBL2Yfr1-dNHk2W4414\/view?usp=sharing\" target=\"_blank\" rel=\"noopener\"><img loading=\"lazy\" decoding=\"async\" class=\"wp-image-8595 alignright\" src=\"https:\/\/agora.xtec.cat\/iesmontgri\/wp-content\/uploads\/usu613\/2022\/03\/Jornada-portes-obertes-1-300x169.png\" alt=\"\" width=\"434\" height=\"245\" srcset=\"https:\/\/agora.xtec.cat\/iesmontgri\/wp-content\/uploads\/usu613\/2022\/03\/Jornada-portes-obertes-1-300x169.png 300w, https:\/\/agora.xtec.cat\/iesmontgri\/wp-content\/uploads\/usu613\/2022\/03\/Jornada-portes-obertes-1-768x432.png 768w, https:\/\/agora.xtec.cat\/iesmontgri\/wp-content\/uploads\/usu613\/2022\/03\/Jornada-portes-obertes-1.png 1000w\" sizes=\"auto, (max-width: 434px) 100vw, 434px\" \/><\/a><\/td>\n<\/tr>\n<\/tbody>\n<\/table>\n<h3 style=\"padding-left: 80px;\">Alumnes de tercer que passen a quart<\/h3>\n<ul>\n<li style=\"list-style-type: none;\">\n<ul>\n<li style=\"list-style-type: none;\">\n<ul>\n<li style=\"list-style-type: none;\">\n<ul>\n<li style=\"list-style-type: none;\">\n<ul>\n<li style=\"list-style-type: none;\">\n<ul>\n<li style=\"list-style-type: none;\">\n<ul>\n<li>Carta a les fam\u00edlies<\/li>\n<li>Orientaci\u00f3 3r ESO: El quart d&#8217;ESO a l&#8217;Institut Montgr\u00ed<\/li>\n<\/ul>\n<\/li>\n<\/ul>\n<\/li>\n<\/ul>\n<\/li>\n<\/ul>\n<\/li>\n<\/ul>\n<\/li>\n<\/ul>\n<\/li>\n<\/ul>\n<h3 style=\"padding-left: 80px;\">Alumnes que acaben quart<\/h3>\n<ul>\n<li style=\"list-style-type: none;\">\n<ul>\n<li style=\"list-style-type: none;\">\n<ul>\n<li style=\"list-style-type: none;\">\n<ul>\n<li style=\"list-style-type: none;\">\n<ul>\n<li style=\"list-style-type: none;\">\n<ul>\n<li style=\"list-style-type: none;\">\n<ul>\n<li>&#8230;i despr\u00e9s de l\u2019ESO, qu\u00e8? Estudis postobligatoris<\/li>\n<\/ul>\n<\/li>\n<\/ul>\n<\/li>\n<\/ul>\n<\/li>\n<\/ul>\n<\/li>\n<\/ul>\n<\/li>\n<\/ul>\n<\/li>\n<\/ul>\n<p>&nbsp;<\/p>\n<p>&nbsp;<\/p>\n<p><a href=\"https:\/\/mailchi.mp\/831c945f8557\/fp-baix-empord-tour-km0?e=652659a370\" target=\"_blank\" rel=\"noopener\"><img loading=\"lazy\" decoding=\"async\" class=\"aligncenter wp-image-8532\" src=\"https:\/\/agora.xtec.cat\/iesmontgri\/wp-content\/uploads\/usu613\/2022\/03\/2022-Portes-Obertes-Cicles-Formatius.-04-abril-300x200.jpg\" alt=\"\" width=\"580\" height=\"386\" srcset=\"https:\/\/agora.xtec.cat\/iesmontgri\/wp-content\/uploads\/usu613\/2022\/03\/2022-Portes-Obertes-Cicles-Formatius.-04-abril-300x200.jpg 300w, https:\/\/agora.xtec.cat\/iesmontgri\/wp-content\/uploads\/usu613\/2022\/03\/2022-Portes-Obertes-Cicles-Formatius.-04-abril.jpg 660w\" sizes=\"auto, (max-width: 580px) 100vw, 580px\" \/><\/a><\/p>\n<p>&nbsp;<\/p>\n","protected":false},"excerpt":{"rendered":"<p>Presentaci\u00f3 de les portes obertes 2022 Presentaci\u00f3 de les Portes Obertes. Presentaci\u00f3 de les portes obertes 2022 Presentaci\u00f3 de les portes obertes 2022 Alumnes de tercer que passen a quart Carta a les fam\u00edlies Orientaci\u00f3 3r ESO: El quart d&#8217;ESO a l&#8217;Institut Montgr\u00ed Alumnes que acaben quart &#8230;i despr\u00e9s de l\u2019ESO, qu\u00e8? Estudis postobligatoris &nbsp; [&hellip;]<\/p>\n","protected":false},"author":1,"featured_media":0,"parent":0,"menu_order":0,"comment_status":"closed","ping_status":"closed","template":"","meta":{"_bbp_topic_count":0,"_bbp_reply_count":0,"_bbp_total_topic_count":0,"_bbp_total_reply_count":0,"_bbp_voice_count":0,"_bbp_anonymous_reply_count":0,"_bbp_topic_count_hidden":0,"_bbp_reply_count_hidden":0,"_bbp_forum_subforum_count":0,"site-sidebar-layout":"default","site-content-layout":"","ast-site-content-layout":"","site-content-style":"default","site-sidebar-style":"default","ast-global-header-display":"","ast-banner-title-visibility":"","ast-main-header-display":"","ast-hfb-above-header-display":"","ast-hfb-below-header-display":"","ast-hfb-mobile-header-display":"","site-post-title":"","ast-breadcrumbs-content":"","ast-featured-img":"","footer-sml-layout":"","theme-transparent-header-meta":"","adv-header-id-meta":"","stick-header-meta":"","header-above-stick-meta":"","header-main-stick-meta":"","header-below-stick-meta":"","astra-migrate-meta-layouts":"default","ast-page-background-enabled":"default","ast-page-background-meta":{"desktop":{"background-color":"var(--ast-global-color-4)","background-image":"","background-repeat":"repeat","background-position":"center center","background-size":"auto","background-attachment":"scroll","background-type":"","background-media":"","overlay-type":"","overlay-color":"","overlay-opacity":"","overlay-gradient":""},"tablet":{"background-color":"","background-image":"","background-repeat":"repeat","background-position":"center center","background-size":"auto","background-attachment":"scroll","background-type":"","background-media":"","overlay-type":"","overlay-color":"","overlay-opacity":"","overlay-gradient":""},"mobile":{"background-color":"","background-image":"","background-repeat":"repeat","background-position":"center center","background-size":"auto","background-attachment":"scroll","background-type":"","background-media":"","overlay-type":"","overlay-color":"","overlay-opacity":"","overlay-gradient":""}},"ast-content-background-meta":{"desktop":{"background-color":"var(--ast-global-color-5)","background-image":"","background-repeat":"repeat","background-position":"center center","background-size":"auto","background-attachment":"scroll","background-type":"","background-media":"","overlay-type":"","overlay-color":"","overlay-opacity":"","overlay-gradient":""},"tablet":{"background-color":"var(--ast-global-color-5)","background-image":"","background-repeat":"repeat","background-position":"center center","background-size":"auto","background-attachment":"scroll","background-type":"","background-media":"","overlay-type":"","overlay-color":"","overlay-opacity":"","overlay-gradient":""},"mobile":{"background-color":"var(--ast-global-color-5)","background-image":"","background-repeat":"repeat","background-position":"center center","background-size":"auto","background-attachment":"scroll","background-type":"","background-media":"","overlay-type":"","overlay-color":"","overlay-opacity":"","overlay-gradient":""}},"footnotes":""},"class_list":["post-7707","page","type-page","status-publish","hentry"],"post_mailing_queue_ids":[],"_links":{"self":[{"href":"https:\/\/agora.xtec.cat\/iesmontgri\/wp-json\/wp\/v2\/pages\/7707","targetHints":{"allow":["GET"]}}],"collection":[{"href":"https:\/\/agora.xtec.cat\/iesmontgri\/wp-json\/wp\/v2\/pages"}],"about":[{"href":"https:\/\/agora.xtec.cat\/iesmontgri\/wp-json\/wp\/v2\/types\/page"}],"author":[{"embeddable":true,"href":"https:\/\/agora.xtec.cat\/iesmontgri\/wp-json\/wp\/v2\/users\/1"}],"replies":[{"embeddable":true,"href":"https:\/\/agora.xtec.cat\/iesmontgri\/wp-json\/wp\/v2\/comments?post=7707"}],"version-history":[{"count":4,"href":"https:\/\/agora.xtec.cat\/iesmontgri\/wp-json\/wp\/v2\/pages\/7707\/revisions"}],"predecessor-version":[{"id":8604,"href":"https:\/\/agora.xtec.cat\/iesmontgri\/wp-json\/wp\/v2\/pages\/7707\/revisions\/8604"}],"wp:attachment":[{"href":"https:\/\/agora.xtec.cat\/iesmontgri\/wp-json\/wp\/v2\/media?parent=7707"}],"curies":[{"name":"wp","href":"https:\/\/api.w.org\/{rel}","templated":true}]}}