{"id":77,"date":"2014-09-18T10:29:25","date_gmt":"2014-09-18T10:29:25","guid":{"rendered":"http:\/\/agora.xtec.cat\/iesmontgri\/?page_id=77"},"modified":"2026-02-19T08:46:50","modified_gmt":"2026-02-19T07:46:50","slug":"transport-escolar","status":"publish","type":"page","link":"https:\/\/agora.xtec.cat\/iesmontgri\/serveis\/transport-escolar\/","title":{"rendered":"Transport escolar"},"content":{"rendered":"<h1 style=\"text-align: center;\"><span style=\"color: #ff6600; background-color: #ffffff;\">L\u00ednies<\/span><\/h1>\n<p>En l&#8217;actualitat les l\u00ednies de transport que funcionen a l&#8217;institut s\u00f3n la <strong><a href=\"https:\/\/drive.google.com\/file\/d\/1spqQUUZmPw3A2RYw0Yvqt2vyfv0JHtz6\/view?usp=sharing\" target=\"_blank\" rel=\"noopener noreferrer\">12 (Ull\u00e0)<\/a>, <a href=\"https:\/\/drive.google.com\/file\/d\/16_c3CK72KUnNR1osrKycbUdklJaJucaT\/view?usp=sharing\" target=\"_blank\" rel=\"noopener noreferrer\">13 (Gualta &#8211; Sant Iscle &#8211; Serra &#8211; Fontanilles)<\/a>, <a href=\"https:\/\/drive.google.com\/file\/d\/1NIPJVWHd7cKNxKbAKj08ENbGSyiGQ3Pf\/view?usp=sharing\" target=\"_blank\" rel=\"noopener noreferrer\">14 (Estartit &#8211; Les Dunes)<\/a> i <a href=\"https:\/\/drive.google.com\/file\/d\/1-7RPBY_r09f6855ExOfehJ53wb8AW74f\/view?usp=sharing\" target=\"_blank\" rel=\"noopener noreferrer\">15 (L&#8217;Estartit)<\/a><\/strong> i s\u00f3n gestionades pel Consell Comarcal del Baix Empord\u00e0. Us adjuntem la <a href=\"http:\/\/www.baixemporda.cat\/ca\/transport_escolar.html\">normativa<\/a> del transport, l&#8217;impr\u00e8s per fer la sol.licitud i les l\u00ednies amb els seus horaris.<\/p>\n<p>Per qualsevol aclariment, truqueu al n\u00famero 972 64 55 59 que \u00e9s l&#8217;oficina del consell que gestiona aquest servei.<\/p>\n<p>Trobareu m\u00e9s informaci\u00f3 a la <a href=\"http:\/\/www.baixemporda.cat\/ca\/transport_escolar.html\">p\u00e0gina web d&#8217;ensenyament del Consell Comarcal del Baix Empord\u00e0<\/a>.<\/p>\n","protected":false},"excerpt":{"rendered":"<p>L\u00ednies En l&#8217;actualitat les l\u00ednies de transport que funcionen a l&#8217;institut s\u00f3n la 12 (Ull\u00e0), 13 (Gualta &#8211; Sant Iscle &#8211; Serra &#8211; Fontanilles), 14 (Estartit &#8211; Les Dunes) i 15 (L&#8217;Estartit) i s\u00f3n gestionades pel Consell Comarcal del Baix Empord\u00e0. Us adjuntem la normativa del transport, l&#8217;impr\u00e8s per fer la sol.licitud i les l\u00ednies [&hellip;]<\/p>\n","protected":false},"author":2,"featured_media":0,"parent":63,"menu_order":50,"comment_status":"closed","ping_status":"closed","template":"","meta":{"_bbp_topic_count":0,"_bbp_reply_count":0,"_bbp_total_topic_count":0,"_bbp_total_reply_count":0,"_bbp_voice_count":0,"_bbp_anonymous_reply_count":0,"_bbp_topic_count_hidden":0,"_bbp_reply_count_hidden":0,"_bbp_forum_subforum_count":0,"site-sidebar-layout":"default","site-content-layout":"","ast-site-content-layout":"default","site-content-style":"default","site-sidebar-style":"default","ast-global-header-display":"","ast-banner-title-visibility":"","ast-main-header-display":"","ast-hfb-above-header-display":"","ast-hfb-below-header-display":"","ast-hfb-mobile-header-display":"","site-post-title":"","ast-breadcrumbs-content":"","ast-featured-img":"","footer-sml-layout":"","theme-transparent-header-meta":"","adv-header-id-meta":"","stick-header-meta":"","header-above-stick-meta":"","header-main-stick-meta":"","header-below-stick-meta":"","astra-migrate-meta-layouts":"set","ast-page-background-enabled":"default","ast-page-background-meta":{"desktop":{"background-color":"var(--ast-global-color-4)","background-image":"","background-repeat":"repeat","background-position":"center center","background-size":"auto","background-attachment":"scroll","background-type":"","background-media":"","overlay-type":"","overlay-color":"","overlay-opacity":"","overlay-gradient":""},"tablet":{"background-color":"","background-image":"","background-repeat":"repeat","background-position":"center center","background-size":"auto","background-attachment":"scroll","background-type":"","background-media":"","overlay-type":"","overlay-color":"","overlay-opacity":"","overlay-gradient":""},"mobile":{"background-color":"","background-image":"","background-repeat":"repeat","background-position":"center center","background-size":"auto","background-attachment":"scroll","background-type":"","background-media":"","overlay-type":"","overlay-color":"","overlay-opacity":"","overlay-gradient":""}},"ast-content-background-meta":{"desktop":{"background-color":"var(--ast-global-color-5)","background-image":"","background-repeat":"repeat","background-position":"center center","background-size":"auto","background-attachment":"scroll","background-type":"","background-media":"","overlay-type":"","overlay-color":"","overlay-opacity":"","overlay-gradient":""},"tablet":{"background-color":"var(--ast-global-color-5)","background-image":"","background-repeat":"repeat","background-position":"center center","background-size":"auto","background-attachment":"scroll","background-type":"","background-media":"","overlay-type":"","overlay-color":"","overlay-opacity":"","overlay-gradient":""},"mobile":{"background-color":"var(--ast-global-color-5)","background-image":"","background-repeat":"repeat","background-position":"center center","background-size":"auto","background-attachment":"scroll","background-type":"","background-media":"","overlay-type":"","overlay-color":"","overlay-opacity":"","overlay-gradient":""}},"footnotes":""},"class_list":["post-77","page","type-page","status-publish","hentry"],"post_mailing_queue_ids":[],"_links":{"self":[{"href":"https:\/\/agora.xtec.cat\/iesmontgri\/wp-json\/wp\/v2\/pages\/77","targetHints":{"allow":["GET"]}}],"collection":[{"href":"https:\/\/agora.xtec.cat\/iesmontgri\/wp-json\/wp\/v2\/pages"}],"about":[{"href":"https:\/\/agora.xtec.cat\/iesmontgri\/wp-json\/wp\/v2\/types\/page"}],"author":[{"embeddable":true,"href":"https:\/\/agora.xtec.cat\/iesmontgri\/wp-json\/wp\/v2\/users\/2"}],"replies":[{"embeddable":true,"href":"https:\/\/agora.xtec.cat\/iesmontgri\/wp-json\/wp\/v2\/comments?post=77"}],"version-history":[{"count":6,"href":"https:\/\/agora.xtec.cat\/iesmontgri\/wp-json\/wp\/v2\/pages\/77\/revisions"}],"predecessor-version":[{"id":14662,"href":"https:\/\/agora.xtec.cat\/iesmontgri\/wp-json\/wp\/v2\/pages\/77\/revisions\/14662"}],"up":[{"embeddable":true,"href":"https:\/\/agora.xtec.cat\/iesmontgri\/wp-json\/wp\/v2\/pages\/63"}],"wp:attachment":[{"href":"https:\/\/agora.xtec.cat\/iesmontgri\/wp-json\/wp\/v2\/media?parent=77"}],"curies":[{"name":"wp","href":"https:\/\/api.w.org\/{rel}","templated":true}]}}