{"id":7243,"date":"2022-10-14T09:59:39","date_gmt":"2022-10-14T07:59:39","guid":{"rendered":"http:\/\/agora.xtec.cat\/iesmontgri\/?page_id=7243"},"modified":"2026-02-17T10:11:42","modified_gmt":"2026-02-17T09:11:42","slug":"erasmus","status":"publish","type":"page","link":"https:\/\/agora.xtec.cat\/iesmontgri\/erasmus\/","title":{"rendered":"ERASMUS +"},"content":{"rendered":"\n<figure class=\"wp-block-image alignleft\"><img loading=\"lazy\" decoding=\"async\" width=\"290\" height=\"174\" src=\"https:\/\/agora.xtec.cat\/iesmontgri\/wp-content\/uploads\/usu613\/2022\/10\/erasmus.png\" alt=\"\" class=\"wp-image-9305\"\/><\/figure>\n\n\n\n<p>Erasmus+ \u00e9s el programa de la UE que recolza l&#8217;educaci\u00f3, la formaci\u00f3, la joventut i l&#8217;esport a Europa.<\/p>\n\n\n\n<p>Erasmus+ ofereix oportunitats de mobilitat i cooperaci\u00f3 en educaci\u00f3 superior, educaci\u00f3 i formaci\u00f3 professional, educaci\u00f3 escolar, educaci\u00f3 de persones adultes, joventut i esport.<\/p>\n\n\n\n<p>Des del curs 20\/21, l&#8217;Institut Montgr\u00ed ha estat participant en projectes Erasmus+, tant a nivell escolar ERASMUS SCH (Secund\u00e0ria i Batxillerat) com a nivell de Cicles formatius ERASMUS VET.<\/p>\n\n\n\n<p>Estem molt contents i emocionats de continuar aquesta&nbsp; aventura que portar\u00e0 al nostre alumnat a cr\u00e9ixer tant professionalment com personalment.<\/p>\n\n\n\n<p><\/p>\n\n\n\n<p><\/p>\n","protected":false},"excerpt":{"rendered":"<p>Erasmus+ \u00e9s el programa de la UE que recolza l&#8217;educaci\u00f3, la formaci\u00f3, la joventut i l&#8217;esport a Europa. Erasmus+ ofereix oportunitats de mobilitat i cooperaci\u00f3 en educaci\u00f3 superior, educaci\u00f3 i formaci\u00f3 professional, educaci\u00f3 escolar, educaci\u00f3 de persones adultes, joventut i esport. Des del curs 20\/21, l&#8217;Institut Montgr\u00ed ha estat participant en projectes Erasmus+, tant a [&hellip;]<\/p>\n","protected":false},"author":1,"featured_media":0,"parent":0,"menu_order":0,"comment_status":"closed","ping_status":"closed","template":"","meta":{"_bbp_topic_count":0,"_bbp_reply_count":0,"_bbp_total_topic_count":0,"_bbp_total_reply_count":0,"_bbp_voice_count":0,"_bbp_anonymous_reply_count":0,"_bbp_topic_count_hidden":0,"_bbp_reply_count_hidden":0,"_bbp_forum_subforum_count":0,"site-sidebar-layout":"default","site-content-layout":"","ast-site-content-layout":"default","site-content-style":"default","site-sidebar-style":"default","ast-global-header-display":"","ast-banner-title-visibility":"","ast-main-header-display":"","ast-hfb-above-header-display":"","ast-hfb-below-header-display":"","ast-hfb-mobile-header-display":"","site-post-title":"","ast-breadcrumbs-content":"","ast-featured-img":"","footer-sml-layout":"","theme-transparent-header-meta":"","adv-header-id-meta":"","stick-header-meta":"","header-above-stick-meta":"","header-main-stick-meta":"","header-below-stick-meta":"","astra-migrate-meta-layouts":"set","ast-page-background-enabled":"default","ast-page-background-meta":{"desktop":{"background-color":"var(--ast-global-color-4)","background-image":"","background-repeat":"repeat","background-position":"center center","background-size":"auto","background-attachment":"scroll","background-type":"","background-media":"","overlay-type":"","overlay-color":"","overlay-opacity":"","overlay-gradient":""},"tablet":{"background-color":"","background-image":"","background-repeat":"repeat","background-position":"center center","background-size":"auto","background-attachment":"scroll","background-type":"","background-media":"","overlay-type":"","overlay-color":"","overlay-opacity":"","overlay-gradient":""},"mobile":{"background-color":"","background-image":"","background-repeat":"repeat","background-position":"center center","background-size":"auto","background-attachment":"scroll","background-type":"","background-media":"","overlay-type":"","overlay-color":"","overlay-opacity":"","overlay-gradient":""}},"ast-content-background-meta":{"desktop":{"background-color":"var(--ast-global-color-5)","background-image":"","background-repeat":"repeat","background-position":"center center","background-size":"auto","background-attachment":"scroll","background-type":"","background-media":"","overlay-type":"","overlay-color":"","overlay-opacity":"","overlay-gradient":""},"tablet":{"background-color":"var(--ast-global-color-5)","background-image":"","background-repeat":"repeat","background-position":"center center","background-size":"auto","background-attachment":"scroll","background-type":"","background-media":"","overlay-type":"","overlay-color":"","overlay-opacity":"","overlay-gradient":""},"mobile":{"background-color":"var(--ast-global-color-5)","background-image":"","background-repeat":"repeat","background-position":"center center","background-size":"auto","background-attachment":"scroll","background-type":"","background-media":"","overlay-type":"","overlay-color":"","overlay-opacity":"","overlay-gradient":""}},"footnotes":""},"class_list":["post-7243","page","type-page","status-publish","hentry"],"post_mailing_queue_ids":[],"_links":{"self":[{"href":"https:\/\/agora.xtec.cat\/iesmontgri\/wp-json\/wp\/v2\/pages\/7243","targetHints":{"allow":["GET"]}}],"collection":[{"href":"https:\/\/agora.xtec.cat\/iesmontgri\/wp-json\/wp\/v2\/pages"}],"about":[{"href":"https:\/\/agora.xtec.cat\/iesmontgri\/wp-json\/wp\/v2\/types\/page"}],"author":[{"embeddable":true,"href":"https:\/\/agora.xtec.cat\/iesmontgri\/wp-json\/wp\/v2\/users\/1"}],"replies":[{"embeddable":true,"href":"https:\/\/agora.xtec.cat\/iesmontgri\/wp-json\/wp\/v2\/comments?post=7243"}],"version-history":[{"count":6,"href":"https:\/\/agora.xtec.cat\/iesmontgri\/wp-json\/wp\/v2\/pages\/7243\/revisions"}],"predecessor-version":[{"id":14647,"href":"https:\/\/agora.xtec.cat\/iesmontgri\/wp-json\/wp\/v2\/pages\/7243\/revisions\/14647"}],"wp:attachment":[{"href":"https:\/\/agora.xtec.cat\/iesmontgri\/wp-json\/wp\/v2\/media?parent=7243"}],"curies":[{"name":"wp","href":"https:\/\/api.w.org\/{rel}","templated":true}]}}