{"id":65,"date":"2014-09-18T10:12:22","date_gmt":"2014-09-18T10:12:22","guid":{"rendered":"http:\/\/agora.xtec.cat\/iesmontgri\/?page_id=65"},"modified":"2019-05-23T17:35:59","modified_gmt":"2019-05-23T15:35:59","slug":"serveis-digitals","status":"publish","type":"page","link":"https:\/\/agora.xtec.cat\/iesmontgri\/serveis-digitals\/","title":{"rendered":"Blogs de l&#8217;Institut Montgr\u00ed"},"content":{"rendered":"<p>Qu\u00e8 \u00e9s un <a href=\"http:\/\/goo.gl\/dech2d\" target=\"_blank\" rel=\"noopener noreferrer\">blog<\/a>?<\/p>\n<p style=\"text-align: justify;\">Un <b>blog<\/b>\u00a0(de l&#8217;angl\u00e8s <i>blog<\/i>, abreviaci\u00f3 de <i>weblog<\/i>:\u00a0diari web) \u00e9s com un diari interactiu a Internet. Un blog \u00e9s dissenyat perqu\u00e8, com un diari, cada article tingui data de publicaci\u00f3, de manera que la persona que escriu (<i>bloguer<\/i>) i les que llegeixen puguin seguir tot el que s&#8217;ha publicat i editat.\u00a0Cada blog t\u00e9 el seu propi tema aqu\u00ed en trobareu d&#8217;aula o de mat\u00e8ries acad\u00e8miques o departaments did\u00e0ctics. \u00c9s una eina educativa i instructiva molt interessant i que hem d&#8217;anar aprofitant i aprofundint.<\/p>\n<h3><span style=\"color: #ff0000;\">Blogs d&#8217;aules<\/span><\/h3>\n<h5><a href=\"https:\/\/sites.google.com\/a\/institutmontgri.cat\/intercanvi1btxmontgri\/\" target=\"_blank\" rel=\"noopener noreferrer\">Blog intercanvi Tessal\u00f2nica<\/a><\/h5>\n<h5><a href=\"http:\/\/catala1rdebatxillerat.blogspot.com\/\" target=\"_blank\" rel=\"noopener noreferrer\">Blog de Catal\u00e0 de 1r de batxillerat. Blog de seguiment.<\/a><\/h5>\n<h5><a href=\"http:\/\/blocs.xtec.cat\/useeiesmontgri\/\" target=\"_blank\" rel=\"noopener noreferrer\">Blog de la USEE<\/a> (unitat de suport a l&#8217;educaci\u00f3 especial)<\/h5>\n<h5><a href=\"http:\/\/blocs.xtec.cat\/insmontgri\/\" target=\"_blank\" rel=\"noopener noreferrer\">Blog de l&#8217;Aula d&#8217;Acollida<\/a><\/h5>\n<h5><a href=\"https:\/\/uectorroella14.wordpress.com\/\" target=\"_blank\" rel=\"noopener noreferrer\">Blog de la UEC externa<\/a><\/h5>\n<p>&nbsp;<\/p>\n<h3><span style=\"color: #ff0000;\">Blogs de departaments did\u00e0ctics.<\/span><\/h3>\n<h5><a href=\"http:\/\/lecturamontgri.blogspot.com.es\/\" target=\"_blank\" rel=\"noopener noreferrer\">Blog del PLEC<\/a><\/h5>\n<h5><a href=\"http:\/\/mitologiagriega2eso.blogspot.com.es\/\" target=\"_blank\" rel=\"noopener noreferrer\">Blog del Projecte de Mitologia (2n d&#8217;ESO)<\/a><\/h5>\n<h5><a href=\"http:\/\/blocs.xtec.cat\/nomesfilosofia\/\" target=\"_blank\" rel=\"noopener noreferrer\">Blog de Filosofia<\/a><\/h5>\n<h5><a href=\"http:\/\/totdecatala.blogspot.com\/\" target=\"_blank\" rel=\"noopener noreferrer\">Blog de recursos de LLengua Catalana Tot de Catal\u00e0\u00a0<\/a><\/h5>\n<h5><a href=\"https:\/\/sites.google.com\/a\/institutmontgri.cat\/60-segons\/\" target=\"_blank\" rel=\"noopener noreferrer\">Blog de Visual i Pl\u00e0stica: 60 segons<\/a><\/h5>\n<h5><a href=\"http:\/\/poesiaoralimprovisada.wikispaces.com\/\" target=\"_blank\" rel=\"noopener noreferrer\">Blog sobre el projecte de Poesia Oral Improvisada<\/a> (2011 &#8211; 2012)<\/h5>\n","protected":false},"excerpt":{"rendered":"<p>Qu\u00e8 \u00e9s un blog? Un blog\u00a0(de l&#8217;angl\u00e8s blog, abreviaci\u00f3 de weblog:\u00a0diari web) \u00e9s com un diari interactiu a Internet. Un blog \u00e9s dissenyat perqu\u00e8, com un diari, cada article tingui data de publicaci\u00f3, de manera que la persona que escriu (bloguer) i les que llegeixen puguin seguir tot el que s&#8217;ha publicat i editat.\u00a0Cada blog [&hellip;]<\/p>\n","protected":false},"author":1,"featured_media":0,"parent":0,"menu_order":10,"comment_status":"closed","ping_status":"closed","template":"","meta":{"_bbp_topic_count":0,"_bbp_reply_count":0,"_bbp_total_topic_count":0,"_bbp_total_reply_count":0,"_bbp_voice_count":0,"_bbp_anonymous_reply_count":0,"_bbp_topic_count_hidden":0,"_bbp_reply_count_hidden":0,"_bbp_forum_subforum_count":0,"site-sidebar-layout":"default","site-content-layout":"","ast-site-content-layout":"","site-content-style":"default","site-sidebar-style":"default","ast-global-header-display":"","ast-banner-title-visibility":"","ast-main-header-display":"","ast-hfb-above-header-display":"","ast-hfb-below-header-display":"","ast-hfb-mobile-header-display":"","site-post-title":"","ast-breadcrumbs-content":"","ast-featured-img":"","footer-sml-layout":"","theme-transparent-header-meta":"","adv-header-id-meta":"","stick-header-meta":"","header-above-stick-meta":"","header-main-stick-meta":"","header-below-stick-meta":"","astra-migrate-meta-layouts":"default","ast-page-background-enabled":"default","ast-page-background-meta":{"desktop":{"background-color":"var(--ast-global-color-4)","background-image":"","background-repeat":"repeat","background-position":"center center","background-size":"auto","background-attachment":"scroll","background-type":"","background-media":"","overlay-type":"","overlay-color":"","overlay-opacity":"","overlay-gradient":""},"tablet":{"background-color":"","background-image":"","background-repeat":"repeat","background-position":"center center","background-size":"auto","background-attachment":"scroll","background-type":"","background-media":"","overlay-type":"","overlay-color":"","overlay-opacity":"","overlay-gradient":""},"mobile":{"background-color":"","background-image":"","background-repeat":"repeat","background-position":"center center","background-size":"auto","background-attachment":"scroll","background-type":"","background-media":"","overlay-type":"","overlay-color":"","overlay-opacity":"","overlay-gradient":""}},"ast-content-background-meta":{"desktop":{"background-color":"var(--ast-global-color-5)","background-image":"","background-repeat":"repeat","background-position":"center center","background-size":"auto","background-attachment":"scroll","background-type":"","background-media":"","overlay-type":"","overlay-color":"","overlay-opacity":"","overlay-gradient":""},"tablet":{"background-color":"var(--ast-global-color-5)","background-image":"","background-repeat":"repeat","background-position":"center center","background-size":"auto","background-attachment":"scroll","background-type":"","background-media":"","overlay-type":"","overlay-color":"","overlay-opacity":"","overlay-gradient":""},"mobile":{"background-color":"var(--ast-global-color-5)","background-image":"","background-repeat":"repeat","background-position":"center center","background-size":"auto","background-attachment":"scroll","background-type":"","background-media":"","overlay-type":"","overlay-color":"","overlay-opacity":"","overlay-gradient":""}},"footnotes":""},"class_list":["post-65","page","type-page","status-publish","hentry"],"post_mailing_queue_ids":[],"_links":{"self":[{"href":"https:\/\/agora.xtec.cat\/iesmontgri\/wp-json\/wp\/v2\/pages\/65","targetHints":{"allow":["GET"]}}],"collection":[{"href":"https:\/\/agora.xtec.cat\/iesmontgri\/wp-json\/wp\/v2\/pages"}],"about":[{"href":"https:\/\/agora.xtec.cat\/iesmontgri\/wp-json\/wp\/v2\/types\/page"}],"author":[{"embeddable":true,"href":"https:\/\/agora.xtec.cat\/iesmontgri\/wp-json\/wp\/v2\/users\/1"}],"replies":[{"embeddable":true,"href":"https:\/\/agora.xtec.cat\/iesmontgri\/wp-json\/wp\/v2\/comments?post=65"}],"version-history":[{"count":4,"href":"https:\/\/agora.xtec.cat\/iesmontgri\/wp-json\/wp\/v2\/pages\/65\/revisions"}],"predecessor-version":[{"id":5527,"href":"https:\/\/agora.xtec.cat\/iesmontgri\/wp-json\/wp\/v2\/pages\/65\/revisions\/5527"}],"wp:attachment":[{"href":"https:\/\/agora.xtec.cat\/iesmontgri\/wp-json\/wp\/v2\/media?parent=65"}],"curies":[{"name":"wp","href":"https:\/\/api.w.org\/{rel}","templated":true}]}}