{"id":562,"date":"2015-03-26T07:59:27","date_gmt":"2015-03-26T06:59:27","guid":{"rendered":"http:\/\/agora.xtec.cat\/iesmontgri\/?page_id=562"},"modified":"2025-09-25T22:34:52","modified_gmt":"2025-09-25T20:34:52","slug":"programacions-materies","status":"publish","type":"page","link":"https:\/\/agora.xtec.cat\/iesmontgri\/programacions-materies\/","title":{"rendered":"Programacions mat\u00e8ries."},"content":{"rendered":"<p>Podeu consultar les programacions de totes les mat\u00e8ries seguint l&#8217;enlla\u00e7 (que es troba en construcci\u00f3 permanent):<\/p>\n<h3 style=\"text-align: center;\"><a href=\"http:\/\/agora.xtec.cat\/iesmontgri\/moodle\/course\/view.php?id=4082\" target=\"_blank\" rel=\"noopener noreferrer\">Programacions<\/a><\/h3>\n<p style=\"text-align: justify;\">Afegim tamb\u00e9 a aquest apartat el portal que parla de les <strong>compet\u00e8ncies b\u00e0siques<\/strong>. Com ja sabeu per poder superar l&#8217;escolaritat obligat\u00f2ria cal haver-les assolit. Les proves de compet\u00e8ncies b\u00e0siques que fan a 4t d&#8217;ESO en s\u00f3n un model: de l&#8217;alumne que les supera es pot concloure que ha assolit la secund\u00e0ria obligat\u00f2ria.<\/p>\n<p style=\"text-align: justify;\">Per compet\u00e8ncia s\u2019ent\u00e9n la capacitat de posar en pr\u00e0ctica de manera integrada aquells coneixements adquirits, aptituds i trets de la personalitat que permeten resoldre situacions diverses. M\u00e9s que tenir grans\u00a0quantitats d&#8217;informaci\u00f3 i de coneixements les compet\u00e8ncies van m\u00e9s enll\u00e0 del \u201csaber\u201d i el \u201csaber fer\u201d, ja que inclouen tamb\u00e9 el \u201csaber ser\u201d i el \u201csaber estar\u201d. A aquest web trobareu molta informaci\u00f3 sobre el tema.<\/p>\n<h3 style=\"text-align: center;\"><a href=\"http:\/\/www.xtec.cat\/web\/curriculum\/competenciesbasiques\" target=\"_blank\" rel=\"noopener noreferrer\">Les compet\u00e8ncies b\u00e0siques a ESO<\/a><\/h3>\n<p><a href=\"http:\/\/agora.xtec.cat\/iesmontgri\/wp-content\/uploads\/usu613\/2015\/03\/7e7b212d7d.jpg\" target=\"_blank\" rel=\"noopener noreferrer\"><img loading=\"lazy\" decoding=\"async\" class=\"aligncenter wp-image-848 size-full\" src=\"http:\/\/agora.xtec.cat\/iesmontgri\/wp-content\/uploads\/usu613\/2015\/03\/7e7b212d7d.jpg\" alt=\"7e7b212d7d\" width=\"500\" height=\"375\" srcset=\"https:\/\/agora.xtec.cat\/iesmontgri\/wp-content\/uploads\/usu613\/2015\/03\/7e7b212d7d.jpg 500w, https:\/\/agora.xtec.cat\/iesmontgri\/wp-content\/uploads\/usu613\/2015\/03\/7e7b212d7d-300x225.jpg 300w, https:\/\/agora.xtec.cat\/iesmontgri\/wp-content\/uploads\/usu613\/2015\/03\/7e7b212d7d-200x150.jpg 200w\" sizes=\"auto, (max-width: 500px) 100vw, 500px\" \/><\/a><\/p>\n","protected":false},"excerpt":{"rendered":"<p>Podeu consultar les programacions de totes les mat\u00e8ries seguint l&#8217;enlla\u00e7 (que es troba en construcci\u00f3 permanent): Programacions Afegim tamb\u00e9 a aquest apartat el portal que parla de les compet\u00e8ncies b\u00e0siques. Com ja sabeu per poder superar l&#8217;escolaritat obligat\u00f2ria cal haver-les assolit. Les proves de compet\u00e8ncies b\u00e0siques que fan a 4t d&#8217;ESO en s\u00f3n un model: [&hellip;]<\/p>\n","protected":false},"author":1,"featured_media":0,"parent":0,"menu_order":0,"comment_status":"closed","ping_status":"closed","template":"","meta":{"_bbp_topic_count":0,"_bbp_reply_count":0,"_bbp_total_topic_count":0,"_bbp_total_reply_count":0,"_bbp_voice_count":0,"_bbp_anonymous_reply_count":0,"_bbp_topic_count_hidden":0,"_bbp_reply_count_hidden":0,"_bbp_forum_subforum_count":0,"site-sidebar-layout":"default","site-content-layout":"","ast-site-content-layout":"","site-content-style":"default","site-sidebar-style":"default","ast-global-header-display":"","ast-banner-title-visibility":"","ast-main-header-display":"","ast-hfb-above-header-display":"","ast-hfb-below-header-display":"","ast-hfb-mobile-header-display":"","site-post-title":"","ast-breadcrumbs-content":"","ast-featured-img":"","footer-sml-layout":"","theme-transparent-header-meta":"","adv-header-id-meta":"","stick-header-meta":"","header-above-stick-meta":"","header-main-stick-meta":"","header-below-stick-meta":"","astra-migrate-meta-layouts":"default","ast-page-background-enabled":"default","ast-page-background-meta":{"desktop":{"background-color":"var(--ast-global-color-4)","background-image":"","background-repeat":"repeat","background-position":"center center","background-size":"auto","background-attachment":"scroll","background-type":"","background-media":"","overlay-type":"","overlay-color":"","overlay-opacity":"","overlay-gradient":""},"tablet":{"background-color":"","background-image":"","background-repeat":"repeat","background-position":"center center","background-size":"auto","background-attachment":"scroll","background-type":"","background-media":"","overlay-type":"","overlay-color":"","overlay-opacity":"","overlay-gradient":""},"mobile":{"background-color":"","background-image":"","background-repeat":"repeat","background-position":"center center","background-size":"auto","background-attachment":"scroll","background-type":"","background-media":"","overlay-type":"","overlay-color":"","overlay-opacity":"","overlay-gradient":""}},"ast-content-background-meta":{"desktop":{"background-color":"var(--ast-global-color-5)","background-image":"","background-repeat":"repeat","background-position":"center center","background-size":"auto","background-attachment":"scroll","background-type":"","background-media":"","overlay-type":"","overlay-color":"","overlay-opacity":"","overlay-gradient":""},"tablet":{"background-color":"var(--ast-global-color-5)","background-image":"","background-repeat":"repeat","background-position":"center center","background-size":"auto","background-attachment":"scroll","background-type":"","background-media":"","overlay-type":"","overlay-color":"","overlay-opacity":"","overlay-gradient":""},"mobile":{"background-color":"var(--ast-global-color-5)","background-image":"","background-repeat":"repeat","background-position":"center center","background-size":"auto","background-attachment":"scroll","background-type":"","background-media":"","overlay-type":"","overlay-color":"","overlay-opacity":"","overlay-gradient":""}},"footnotes":""},"class_list":["post-562","page","type-page","status-publish","hentry"],"post_mailing_queue_ids":[],"_links":{"self":[{"href":"https:\/\/agora.xtec.cat\/iesmontgri\/wp-json\/wp\/v2\/pages\/562","targetHints":{"allow":["GET"]}}],"collection":[{"href":"https:\/\/agora.xtec.cat\/iesmontgri\/wp-json\/wp\/v2\/pages"}],"about":[{"href":"https:\/\/agora.xtec.cat\/iesmontgri\/wp-json\/wp\/v2\/types\/page"}],"author":[{"embeddable":true,"href":"https:\/\/agora.xtec.cat\/iesmontgri\/wp-json\/wp\/v2\/users\/1"}],"replies":[{"embeddable":true,"href":"https:\/\/agora.xtec.cat\/iesmontgri\/wp-json\/wp\/v2\/comments?post=562"}],"version-history":[{"count":5,"href":"https:\/\/agora.xtec.cat\/iesmontgri\/wp-json\/wp\/v2\/pages\/562\/revisions"}],"predecessor-version":[{"id":13899,"href":"https:\/\/agora.xtec.cat\/iesmontgri\/wp-json\/wp\/v2\/pages\/562\/revisions\/13899"}],"wp:attachment":[{"href":"https:\/\/agora.xtec.cat\/iesmontgri\/wp-json\/wp\/v2\/media?parent=562"}],"curies":[{"name":"wp","href":"https:\/\/api.w.org\/{rel}","templated":true}]}}