{"id":5484,"date":"2019-05-06T09:07:05","date_gmt":"2019-05-06T07:07:05","guid":{"rendered":"http:\/\/agora.xtec.cat\/iesmontgri\/?page_id=5484"},"modified":"2026-04-11T08:34:12","modified_gmt":"2026-04-11T06:34:12","slug":"oferta-formativa","status":"publish","type":"page","link":"https:\/\/agora.xtec.cat\/iesmontgri\/linstitut\/oferta-formativa\/","title":{"rendered":"OFERTA FORMATIVA"},"content":{"rendered":"<h2><a href=\"https:\/\/agora.xtec.cat\/iesmontgri\/eso\/\"><strong>ESO<\/strong><\/a><\/h2>\n<h2><a href=\"https:\/\/agora.xtec.cat\/iesmontgri\/batxillerat\/\"><strong>BATXILLERAT<\/strong><\/a><\/h2>\n<ul>\n<li>Cient\u00edfic<\/li>\n<li>Tecnol\u00f2gic<\/li>\n<li>Humanitats<\/li>\n<li>Ci\u00e8ncies socials<\/li>\n<\/ul>\n<h2><a href=\"https:\/\/agora.xtec.cat\/iesmontgri\/cicles-formatius\/\"><strong>CICLES FORMATIUS<\/strong><\/a><\/h2>\n<h6><strong>GRAU MITJ\u00c0<\/strong><\/h6>\n<ul>\n<li><a href=\"https:\/\/agora.xtec.cat\/iesmontgri\/cfgm-activitats-comercials\/\">T\u00e8cnic en Activitats Comercials.<\/a><\/li>\n<li><a href=\"https:\/\/agora.xtec.cat\/iesmontgri\/cfgm-guia-en-el-medi-natural-i-temps-de-lleure\/\">T\u00e8cnic de Guia en el Medi Natural i de Temps de Lleure.<\/a><\/li>\n<\/ul>\n<h6><strong>GRAU SUPERIOR<\/strong><\/h6>\n<ul>\n<li><a href=\"https:\/\/agora.xtec.cat\/iesmontgri\/cfgs-marqueting-i-publicitat\/\">T\u00e8cnic superior de M\u00e0rqueting i Publicitat<\/a><\/li>\n<li><a href=\"https:\/\/drive.google.com\/file\/d\/1oUsqxnG66LlBbvVkKmILrGsAJjEEqNqp\/view?usp=sharing\" target=\"_blank\" rel=\"noreferrer noopener\"><strong>T\u00e8cnic\/a Superior en Ensenyament i Animaci\u00f3<\/strong><\/a><\/li>\n<\/ul>\n\n\n<p><\/p>\n","protected":false},"excerpt":{"rendered":"<p>ESO BATXILLERAT Cient\u00edfic Tecnol\u00f2gic Humanitats Ci\u00e8ncies socials CICLES FORMATIUS GRAU MITJ\u00c0 T\u00e8cnic en Activitats Comercials. T\u00e8cnic de Guia en el Medi Natural i de Temps de Lleure. GRAU SUPERIOR T\u00e8cnic superior de M\u00e0rqueting i Publicitat T\u00e8cnic\/a Superior en Ensenyament i Animaci\u00f3<\/p>\n","protected":false},"author":1,"featured_media":0,"parent":19,"menu_order":0,"comment_status":"closed","ping_status":"closed","template":"","meta":{"_bbp_topic_count":0,"_bbp_reply_count":0,"_bbp_total_topic_count":0,"_bbp_total_reply_count":0,"_bbp_voice_count":0,"_bbp_anonymous_reply_count":0,"_bbp_topic_count_hidden":0,"_bbp_reply_count_hidden":0,"_bbp_forum_subforum_count":0,"site-sidebar-layout":"default","site-content-layout":"","ast-site-content-layout":"default","site-content-style":"default","site-sidebar-style":"default","ast-global-header-display":"","ast-banner-title-visibility":"","ast-main-header-display":"","ast-hfb-above-header-display":"","ast-hfb-below-header-display":"","ast-hfb-mobile-header-display":"","site-post-title":"","ast-breadcrumbs-content":"","ast-featured-img":"","footer-sml-layout":"","theme-transparent-header-meta":"","adv-header-id-meta":"","stick-header-meta":"","header-above-stick-meta":"","header-main-stick-meta":"","header-below-stick-meta":"","astra-migrate-meta-layouts":"set","ast-page-background-enabled":"default","ast-page-background-meta":{"desktop":{"background-color":"var(--ast-global-color-4)","background-image":"","background-repeat":"repeat","background-position":"center center","background-size":"auto","background-attachment":"scroll","background-type":"","background-media":"","overlay-type":"","overlay-color":"","overlay-opacity":"","overlay-gradient":""},"tablet":{"background-color":"","background-image":"","background-repeat":"repeat","background-position":"center center","background-size":"auto","background-attachment":"scroll","background-type":"","background-media":"","overlay-type":"","overlay-color":"","overlay-opacity":"","overlay-gradient":""},"mobile":{"background-color":"","background-image":"","background-repeat":"repeat","background-position":"center center","background-size":"auto","background-attachment":"scroll","background-type":"","background-media":"","overlay-type":"","overlay-color":"","overlay-opacity":"","overlay-gradient":""}},"ast-content-background-meta":{"desktop":{"background-color":"var(--ast-global-color-5)","background-image":"","background-repeat":"repeat","background-position":"center center","background-size":"auto","background-attachment":"scroll","background-type":"","background-media":"","overlay-type":"","overlay-color":"","overlay-opacity":"","overlay-gradient":""},"tablet":{"background-color":"var(--ast-global-color-5)","background-image":"","background-repeat":"repeat","background-position":"center center","background-size":"auto","background-attachment":"scroll","background-type":"","background-media":"","overlay-type":"","overlay-color":"","overlay-opacity":"","overlay-gradient":""},"mobile":{"background-color":"var(--ast-global-color-5)","background-image":"","background-repeat":"repeat","background-position":"center center","background-size":"auto","background-attachment":"scroll","background-type":"","background-media":"","overlay-type":"","overlay-color":"","overlay-opacity":"","overlay-gradient":""}},"footnotes":""},"class_list":["post-5484","page","type-page","status-publish","hentry"],"post_mailing_queue_ids":[],"_links":{"self":[{"href":"https:\/\/agora.xtec.cat\/iesmontgri\/wp-json\/wp\/v2\/pages\/5484","targetHints":{"allow":["GET"]}}],"collection":[{"href":"https:\/\/agora.xtec.cat\/iesmontgri\/wp-json\/wp\/v2\/pages"}],"about":[{"href":"https:\/\/agora.xtec.cat\/iesmontgri\/wp-json\/wp\/v2\/types\/page"}],"author":[{"embeddable":true,"href":"https:\/\/agora.xtec.cat\/iesmontgri\/wp-json\/wp\/v2\/users\/1"}],"replies":[{"embeddable":true,"href":"https:\/\/agora.xtec.cat\/iesmontgri\/wp-json\/wp\/v2\/comments?post=5484"}],"version-history":[{"count":4,"href":"https:\/\/agora.xtec.cat\/iesmontgri\/wp-json\/wp\/v2\/pages\/5484\/revisions"}],"predecessor-version":[{"id":14825,"href":"https:\/\/agora.xtec.cat\/iesmontgri\/wp-json\/wp\/v2\/pages\/5484\/revisions\/14825"}],"up":[{"embeddable":true,"href":"https:\/\/agora.xtec.cat\/iesmontgri\/wp-json\/wp\/v2\/pages\/19"}],"wp:attachment":[{"href":"https:\/\/agora.xtec.cat\/iesmontgri\/wp-json\/wp\/v2\/media?parent=5484"}],"curies":[{"name":"wp","href":"https:\/\/api.w.org\/{rel}","templated":true}]}}