{"id":27,"date":"2014-09-17T16:24:03","date_gmt":"2014-09-17T16:24:03","guid":{"rendered":"http:\/\/agora.xtec.cat\/iesmontgri\/?page_id=27"},"modified":"2022-10-15T11:31:23","modified_gmt":"2022-10-15T09:31:23","slug":"historia","status":"publish","type":"page","link":"https:\/\/agora.xtec.cat\/iesmontgri\/linstitut\/historia\/","title":{"rendered":"HIST\u00d2RIA"},"content":{"rendered":"<p style=\"text-align: justify;\">El curs 1986 &#8211; 1987 davant d&#8217;una demanda de places de secund\u00e0ria a la zona, es creava una extensi\u00f3 de l&#8217;Institut de <a href=\"http:\/\/agora.xtec.cat\/iesmontgri\/wp-content\/uploads\/usu613\/2014\/09\/Creaci\u00f3-def-2.jpg\" target=\"_blank\" rel=\"noopener noreferrer\"><img loading=\"lazy\" decoding=\"async\" class=\"wp-image-504 alignleft\" src=\"http:\/\/agora.xtec.cat\/iesmontgri\/wp-content\/uploads\/usu613\/2014\/09\/Creaci\u00f3-def-2-871x1024.jpg\" alt=\"Creaci\u00f3 def 2\" width=\"261\" height=\"307\" srcset=\"https:\/\/agora.xtec.cat\/iesmontgri\/wp-content\/uploads\/usu613\/2014\/09\/Creaci\u00f3-def-2-871x1024.jpg 871w, https:\/\/agora.xtec.cat\/iesmontgri\/wp-content\/uploads\/usu613\/2014\/09\/Creaci\u00f3-def-2-255x300.jpg 255w, https:\/\/agora.xtec.cat\/iesmontgri\/wp-content\/uploads\/usu613\/2014\/09\/Creaci\u00f3-def-2.jpg 1916w\" sizes=\"auto, (max-width: 261px) 100vw, 261px\" \/><\/a>Batxillerat de Palafrugell &#8220;Frederic Mart\u00ed i Carreres&#8221; a Torroella de Montgr\u00ed. L&#8217;Ajuntament cedia al Departament d&#8217;Ensenyament l&#8217;edifici del &#8220;Convent&#8221;, entre d&#8217;altres coses antic centre de prim\u00e0ria i on hi havia hagut fins feia pocs mesos el parvulari de l&#8217;escola &#8220;Guillem de Montgr\u00ed&#8221;. Ben aviat faltar\u00e0 espai pels alumnes que iran arribant i en acabar el curs 1987 &#8211; \u00a01988 comen\u00e7a una primera millora amb la intenci\u00f3 d&#8217;acabar-les abans de comen\u00e7ar el curs nou. Les obres s&#8217;endarrereixen i \u00e9s impossible comen\u00e7ar el curs al Convent. Les classes durant el primer trimestre dol curs 1988 &#8211; 1989 es faran al local parroquial conegut com &#8220;L&#8217;Esplai&#8221;, a l&#8217;antic bar cel Cinema Montgr\u00ed i s&#8217;ocupar\u00e0 fins i tot un local cedit per un particular. Acabades les obres, es torna a ocupar el Convent i els dies 17 i 18 de febrer de 1989 es fa la inauguraci\u00f3 de l&#8217;ampliaci\u00f3 de l&#8217;institut. Comen\u00e7a una etapa a un edifici hist\u00f2ric i que tindr\u00e0 avantatges i inconvenients. D&#8217;una banda la hist\u00f2ria de l&#8217;edifici, majestuositat, la calma de l&#8217;altra la manca d&#8217;espais com laboratoris de ci\u00e8ncies experimentals, d&#8217;idiomes, de les incipients aules inform\u00e0tiques, esportius&#8230;<a href=\"https:\/\/agora.xtec.cat\/iesmontgri\/wp-content\/uploads\/usu613\/2018\/12\/1994-Imatge-decret-de-creaci\u00f3-Ins-Montgr\u00ed-amb-fluorescent.png\" target=\"_blank\" rel=\"noopener noreferrer\"><img loading=\"lazy\" decoding=\"async\" class=\" wp-image-4914 alignright\" src=\"https:\/\/agora.xtec.cat\/iesmontgri\/wp-content\/uploads\/usu613\/2018\/12\/1994-Imatge-decret-de-creaci\u00f3-Ins-Montgr\u00ed-amb-fluorescent-470x1024.png\" alt=\"\" width=\"339\" height=\"739\" srcset=\"https:\/\/agora.xtec.cat\/iesmontgri\/wp-content\/uploads\/usu613\/2018\/12\/1994-Imatge-decret-de-creaci\u00f3-Ins-Montgr\u00ed-amb-fluorescent-470x1024.png 470w, https:\/\/agora.xtec.cat\/iesmontgri\/wp-content\/uploads\/usu613\/2018\/12\/1994-Imatge-decret-de-creaci\u00f3-Ins-Montgr\u00ed-amb-fluorescent-138x300.png 138w, https:\/\/agora.xtec.cat\/iesmontgri\/wp-content\/uploads\/usu613\/2018\/12\/1994-Imatge-decret-de-creaci\u00f3-Ins-Montgr\u00ed-amb-fluorescent.png 639w\" sizes=\"auto, (max-width: 339px) 100vw, 339px\" \/><\/a><\/p>\n<p>&nbsp;<\/p>\n<p style=\"text-align: justify;\">Amb l&#8217;aplicaci\u00f3 de la LOGSE i l&#8217;arribada de l&#8217;alumnat d&#8217;ESO comen\u00e7ar\u00e0 una etapa de canvi important: canvi en la tipologia d&#8217;alumnat, manca d&#8217;espais on ubicar l&#8217;alumnat&#8230; arribaran els m\u00f2duls prefabricats on hi hauran les aules de 1r i 2n d&#8217;ESO, l&#8217;alumnat de 3r i 4t quedaran al convent i l&#8217;alumnat de batxillerat es situaran a uns locals a la propera Pla\u00e7a dels Dolors. Aquesta ser\u00e0 una complexa organitzaci\u00f3 de l&#8217;institut fins que el curs 2001 &#8211; 2002 s&#8217;inaugura el nou edifici al carrer de Santa Caterina. Una nova construcci\u00f3 que donar\u00e0 resposta a les necessitats educatives a la nostra comunitat. Tots aquests anys anem formant els nostres joves a trav\u00e9s de l&#8217;ensenyament obligatori ESO (tres o quatre grups per nivell) i del Batxillerat (quatre grups). Participarem l&#8217;any 2009 als Projectes d&#8217;Autonomia de Centres (PAC) i de Millora i Qualitat Educativa amb els Acords de Coresponsabilitat. Els serveis educatius de l&#8217;institut aniran canviant segons les necessitats del moment: els de la UEC pels alumnes amb poca adaptaci\u00f3 al sistema educatiu, l&#8217;Aula d&#8217;Acollida pels alumnes nouvinguts, el Pla Singular, per l&#8217;alumnat amb perspectives de con\u00e8ixer el m\u00f3n laboral, la USEE per l&#8217;alumnat amb m\u00e9s dificultats. A m\u00e9s de tots aquests canvis es produir\u00e0 a llarg del temps innovacions metodol\u00f2giques i did\u00e0ctiques d&#8217;acord amb els temps: la mediaci\u00f3 de conflictes, el treball amb les TIC, amb material propi del centre en detriment del llibre de text cl\u00e0ssic, amb l&#8217;acci\u00f3 tutorial, amb les escoles verdes, el treball competencial, i ara amb el tema de treball per projectes. El curs 2016 &#8211; 2017 se&#8217;ns concedia un Cicle Formatiu de Grau Mitj\u00e0 en Comer\u00e7 i M\u00e0rqueting adaptat al Turisme que venia per ajudar a la formaci\u00f3 dels joves de la zona. El curs 2017 &#8211; 2018 amb el segon curs, el cicle ha quedava complet. El curs 2018 &#8211; 2019 reprenem una sol\u00b7licitud (del curs 2014 &#8211; 2015) d&#8217;ampliaci\u00f3 de l&#8217;oferta formativa amb el Cicle d&#8217;Activitats F\u00edsicoesportives en el Medi Natural (CAFEMN). El departament ens el concedeix i el curs 2019 &#8211; 2020 ja matriculem la primera promoci\u00f3 d&#8217;aquests estudis. El curs 2021 &#8211; 2022 Aquest cicle s&#8217;adaptar\u00e0 a al normativa actual i canviar\u00e0 la seva denominaci\u00f3 passant a ser el Grau Mitj\u00e0 de Guia en el Medi Natural i de Temps de Lleure de dos cursos de durada.<\/p>\n<div class=\"vc_separator wpb_content_element vc_separator_align_center vc_sep_width_90 vc_sep_border_width_2 vc_sep_pos_align_left vc_separator_no_text vc_sep_color_white vc_custom_1588324396861 vc_custom_1588324396861\"><\/div>\n<p>&nbsp;<\/p>\n<p style=\"text-align: center;\">\u00a0 \u00a0<span style=\"font-size: 13.3333330154419px; line-height: 23.7037029266357px;\">\u00a0\r\n\t<div class=\"slideshow_container slideshow_container_style-light\" style=\"height: 300px; \" data-slideshow-id=\"496\" data-style-name=\"style-light\" data-style-version=\"2.3.1\" >\r\n\r\n\t\t\t\t\t<div class=\"slideshow_loading_icon\"><\/div>\r\n\t\t\r\n\t\t<div class=\"slideshow_content\" style=\"display: none;\">\r\n\r\n\t\t\t<div class=\"slideshow_view\">\r\n\t\t\t\t<div class=\"slideshow_slide slideshow_slide_image\">\r\n\t\t\t\t\t\t\t\t\t\t\t<img src=\"https:\/\/agora.xtec.cat\/iesmontgri\/wp-content\/uploads\/usu613\/2015\/03\/Portada-tr\u00edptic-inauguraci\u00f3-001.jpg\" alt=\"Portada tr\u00edptic inauguraci\u00f3 001\" width=\"2435\" height=\"1140\" \/>\r\n\t\t\t\t\t\t\t\t\t\t<div class=\"slideshow_description_box slideshow_transparent\">\r\n\t\t\t\t\t\t<div class=\"slideshow_title\">Portada tr\u00edptic inauguraci\u00f3 001<\/div>\t\t\t\t\t\t\t\t\t\t\t<\/div>\r\n\t\t\t\t<\/div>\r\n\r\n\t\t\t\t\t\t<div style=\"clear: both;\"><\/div><\/div><div class=\"slideshow_view\">\r\n\t\t\t\t<div class=\"slideshow_slide slideshow_slide_image\">\r\n\t\t\t\t\t\t\t\t\t\t\t<img src=\"https:\/\/agora.xtec.cat\/iesmontgri\/wp-content\/uploads\/usu613\/2015\/03\/Triptic-inauguraci\u00f3-002.jpg\" alt=\"Triptic inauguraci\u00f3 002\" width=\"2364\" height=\"1145\" \/>\r\n\t\t\t\t\t\t\t\t\t\t<div class=\"slideshow_description_box slideshow_transparent\">\r\n\t\t\t\t\t\t<div class=\"slideshow_title\">Triptic inauguraci\u00f3 002<\/div>\t\t\t\t\t\t\t\t\t\t\t<\/div>\r\n\t\t\t\t<\/div>\r\n\r\n\t\t\t\t\t\t<div style=\"clear: both;\"><\/div><\/div><div class=\"slideshow_view\">\r\n\t\t\t\t<div class=\"slideshow_slide slideshow_slide_image\">\r\n\t\t\t\t\t\t\t\t\t\t\t<img src=\"https:\/\/agora.xtec.cat\/iesmontgri\/wp-content\/uploads\/usu613\/2015\/03\/Tr\u00edptic-inauguraci\u00f3-003.jpg\" alt=\"Tr\u00edptic inauguraci\u00f3 003\" width=\"2375\" height=\"1037\" \/>\r\n\t\t\t\t\t\t\t\t\t\t<div class=\"slideshow_description_box slideshow_transparent\">\r\n\t\t\t\t\t\t<div class=\"slideshow_title\">Tr\u00edptic inauguraci\u00f3 003<\/div>\t\t\t\t\t\t\t\t\t\t\t<\/div>\r\n\t\t\t\t<\/div>\r\n\r\n\t\t\t\t\t\t<div style=\"clear: both;\"><\/div><\/div><div class=\"slideshow_view\">\r\n\t\t\t\t<div class=\"slideshow_slide slideshow_slide_image\">\r\n\t\t\t\t\t\t\t\t\t\t\t<img src=\"https:\/\/agora.xtec.cat\/iesmontgri\/wp-content\/uploads\/usu613\/2015\/03\/Tr\u00edptic-inauguraci\u00f3-004.jpg\" alt=\"Tr\u00edptic inauguraci\u00f3 004\" width=\"2231\" height=\"1074\" \/>\r\n\t\t\t\t\t\t\t\t\t\t<div class=\"slideshow_description_box slideshow_transparent\">\r\n\t\t\t\t\t\t<div class=\"slideshow_title\">Tr\u00edptic inauguraci\u00f3 004<\/div>\t\t\t\t\t\t\t\t\t\t\t<\/div>\r\n\t\t\t\t<\/div>\r\n\r\n\t\t\t\t\t\t<div style=\"clear: both;\"><\/div><\/div><div class=\"slideshow_view\">\r\n\t\t\t\t<div class=\"slideshow_slide slideshow_slide_image\">\r\n\t\t\t\t\t\t\t\t\t\t\t<img src=\"https:\/\/agora.xtec.cat\/iesmontgri\/wp-content\/uploads\/usu613\/2015\/03\/img022.jpg\" alt=\"img022\" width=\"1619\" height=\"1050\" \/>\r\n\t\t\t\t\t\t\t\t\t\t<div class=\"slideshow_description_box slideshow_transparent\">\r\n\t\t\t\t\t\t<div class=\"slideshow_title\">img022<\/div>\t\t\t\t\t\t\t\t\t\t\t<\/div>\r\n\t\t\t\t<\/div>\r\n\r\n\t\t\t\t\t\t<div style=\"clear: both;\"><\/div><\/div>\r\n\t\t<\/div>\r\n\r\n\t\t<div class=\"slideshow_controlPanel slideshow_transparent\" style=\"display: none;\"><ul><li class=\"slideshow_togglePlay\" data-play-text=\"Visualitza\" data-pause-text=\"Pausa\"><\/li><\/ul><\/div>\r\n\r\n\t\t<div class=\"slideshow_button slideshow_previous slideshow_transparent\" role=\"button\" data-previous-text=\"Anterior\" style=\"display: none;\"><\/div>\r\n\t\t<div class=\"slideshow_button slideshow_next slideshow_transparent\" role=\"button\" data-next-text=\"Seg\u00fcent\" style=\"display: none;\"><\/div>\r\n\r\n\t\t<div class=\"slideshow_pagination\" style=\"display: none;\" data-go-to-text=\"V\u00e9s a la diapositiva\"><div class=\"slideshow_pagination_center\"><\/div><\/div>\r\n\r\n\t\t<!-- WordPress Slideshow Version 2.3.1 -->\r\n\r\n\t\t\t<\/div>\r\n\r\n<\/span><\/p>\n<p>&nbsp;<\/p>\n<h6>Les revistes de l&#8217;Institut.<\/h6>\n<p>A part de tota la documentaci\u00f3 administrativa que hi ha de l&#8217;institut, una de les fonts d&#8217;informaci\u00f3 hist\u00f2riques s\u00f3n les revistes que s&#8217;han anat publicant. En el futur irem penjant els n\u00fameros que tenim al nostre arxiu, aqu\u00ed us deixem ara alguna portada.<\/p>\n<p><a href=\"http:\/\/agora.xtec.cat\/iesmontgri\/wp-content\/uploads\/usu613\/2015\/04\/1991-Mar\u00e7.jpg\" target=\"_blank\" rel=\"noopener noreferrer\"><img loading=\"lazy\" decoding=\"async\" class=\"alignleft wp-image-626 size-medium\" src=\"http:\/\/agora.xtec.cat\/iesmontgri\/wp-content\/uploads\/usu613\/2015\/04\/1991-Mar\u00e7-203x300.jpg\" alt=\" \" width=\"203\" height=\"300\" srcset=\"https:\/\/agora.xtec.cat\/iesmontgri\/wp-content\/uploads\/usu613\/2015\/04\/1991-Mar\u00e7-203x300.jpg 203w, https:\/\/agora.xtec.cat\/iesmontgri\/wp-content\/uploads\/usu613\/2015\/04\/1991-Mar\u00e7-696x1024.jpg 696w\" sizes=\"auto, (max-width: 203px) 100vw, 203px\" \/><\/a><\/p>\n<p><a href=\"http:\/\/agora.xtec.cat\/iesmontgri\/wp-content\/uploads\/usu613\/2015\/04\/1991-Setembre.jpg\" target=\"_blank\" rel=\"noopener noreferrer\"><img loading=\"lazy\" decoding=\"async\" class=\"size-medium wp-image-627\" src=\"http:\/\/agora.xtec.cat\/iesmontgri\/wp-content\/uploads\/usu613\/2015\/04\/1991-Setembre-210x300.jpg\" alt=\"1991- Setembre\" width=\"210\" height=\"300\" srcset=\"https:\/\/agora.xtec.cat\/iesmontgri\/wp-content\/uploads\/usu613\/2015\/04\/1991-Setembre-210x300.jpg 210w, https:\/\/agora.xtec.cat\/iesmontgri\/wp-content\/uploads\/usu613\/2015\/04\/1991-Setembre-716x1024.jpg 716w\" sizes=\"auto, (max-width: 210px) 100vw, 210px\" \/><\/a><a href=\"http:\/\/agora.xtec.cat\/iesmontgri\/wp-content\/uploads\/usu613\/2015\/04\/1992.jpg\" target=\"_blank\" rel=\"noopener noreferrer\"><img loading=\"lazy\" decoding=\"async\" class=\"size-medium wp-image-628 alignleft\" src=\"http:\/\/agora.xtec.cat\/iesmontgri\/wp-content\/uploads\/usu613\/2015\/04\/1992-203x300.jpg\" alt=\"1992\" width=\"203\" height=\"300\" srcset=\"https:\/\/agora.xtec.cat\/iesmontgri\/wp-content\/uploads\/usu613\/2015\/04\/1992-203x300.jpg 203w, https:\/\/agora.xtec.cat\/iesmontgri\/wp-content\/uploads\/usu613\/2015\/04\/1992-693x1024.jpg 693w\" sizes=\"auto, (max-width: 203px) 100vw, 203px\" \/><\/a><\/p>\n<p><a href=\"http:\/\/agora.xtec.cat\/iesmontgri\/wp-content\/uploads\/usu613\/2015\/04\/1996-abril.jpg\" target=\"_blank\" rel=\"noopener noreferrer\"><img loading=\"lazy\" decoding=\"async\" class=\"size-medium wp-image-629 alignleft\" src=\"http:\/\/agora.xtec.cat\/iesmontgri\/wp-content\/uploads\/usu613\/2015\/04\/1996-abril-216x300.jpg\" alt=\"1996 - abril\" width=\"216\" height=\"300\" srcset=\"https:\/\/agora.xtec.cat\/iesmontgri\/wp-content\/uploads\/usu613\/2015\/04\/1996-abril-216x300.jpg 216w, https:\/\/agora.xtec.cat\/iesmontgri\/wp-content\/uploads\/usu613\/2015\/04\/1996-abril-737x1024.jpg 737w\" sizes=\"auto, (max-width: 216px) 100vw, 216px\" \/><\/a><\/p>\n<p style=\"text-align: left;\">\u00a0<a href=\"http:\/\/agora.xtec.cat\/iesmontgri\/wp-content\/uploads\/usu613\/2015\/04\/1997.jpg\" target=\"_blank\" rel=\"noopener noreferrer\"><img loading=\"lazy\" decoding=\"async\" class=\"size-medium wp-image-637\" src=\"http:\/\/agora.xtec.cat\/iesmontgri\/wp-content\/uploads\/usu613\/2015\/04\/1997-235x300.jpg\" alt=\"1997\" width=\"235\" height=\"300\" srcset=\"https:\/\/agora.xtec.cat\/iesmontgri\/wp-content\/uploads\/usu613\/2015\/04\/1997-235x300.jpg 235w, https:\/\/agora.xtec.cat\/iesmontgri\/wp-content\/uploads\/usu613\/2015\/04\/1997-803x1024.jpg 803w\" sizes=\"auto, (max-width: 235px) 100vw, 235px\" \/><\/a><\/p>\n<p>\u00a0En una segona etapa 2002 &#8211; 2012 es va publicar un butllet\u00ed trimestral que amb el nom de\u00a0<a title=\"El trimestre en paper\" href=\"http:\/\/insmontgrieltrimestreenpaper.blogspot.com.es\/\" target=\"_blank\" rel=\"noopener noreferrer\">El trimestre en paper<\/a>\u00a0era \u00a0un resum de les not\u00edcies i activitats al centre. Us en deixem un exemple amb la idea de posar tots els n\u00fameros que tenim arxivats.<\/p>\n","protected":false},"excerpt":{"rendered":"<p>El curs 1986 &#8211; 1987 davant d&#8217;una demanda de places de secund\u00e0ria a la zona, es creava una extensi\u00f3 de l&#8217;Institut de Batxillerat de Palafrugell &#8220;Frederic Mart\u00ed i Carreres&#8221; a Torroella de Montgr\u00ed. L&#8217;Ajuntament cedia al Departament d&#8217;Ensenyament l&#8217;edifici del &#8220;Convent&#8221;, entre d&#8217;altres coses antic centre de prim\u00e0ria i on hi havia hagut fins feia [&hellip;]<\/p>\n","protected":false},"author":1,"featured_media":0,"parent":19,"menu_order":3,"comment_status":"closed","ping_status":"closed","template":"page-templates\/side-menu.php","meta":{"_bbp_topic_count":0,"_bbp_reply_count":0,"_bbp_total_topic_count":0,"_bbp_total_reply_count":0,"_bbp_voice_count":0,"_bbp_anonymous_reply_count":0,"_bbp_topic_count_hidden":0,"_bbp_reply_count_hidden":0,"_bbp_forum_subforum_count":0,"site-sidebar-layout":"default","site-content-layout":"","ast-site-content-layout":"","site-content-style":"default","site-sidebar-style":"default","ast-global-header-display":"","ast-banner-title-visibility":"","ast-main-header-display":"","ast-hfb-above-header-display":"","ast-hfb-below-header-display":"","ast-hfb-mobile-header-display":"","site-post-title":"","ast-breadcrumbs-content":"","ast-featured-img":"","footer-sml-layout":"","theme-transparent-header-meta":"","adv-header-id-meta":"","stick-header-meta":"","header-above-stick-meta":"","header-main-stick-meta":"","header-below-stick-meta":"","astra-migrate-meta-layouts":"default","ast-page-background-enabled":"default","ast-page-background-meta":{"desktop":{"background-color":"var(--ast-global-color-4)","background-image":"","background-repeat":"repeat","background-position":"center center","background-size":"auto","background-attachment":"scroll","background-type":"","background-media":"","overlay-type":"","overlay-color":"","overlay-opacity":"","overlay-gradient":""},"tablet":{"background-color":"","background-image":"","background-repeat":"repeat","background-position":"center center","background-size":"auto","background-attachment":"scroll","background-type":"","background-media":"","overlay-type":"","overlay-color":"","overlay-opacity":"","overlay-gradient":""},"mobile":{"background-color":"","background-image":"","background-repeat":"repeat","background-position":"center center","background-size":"auto","background-attachment":"scroll","background-type":"","background-media":"","overlay-type":"","overlay-color":"","overlay-opacity":"","overlay-gradient":""}},"ast-content-background-meta":{"desktop":{"background-color":"var(--ast-global-color-5)","background-image":"","background-repeat":"repeat","background-position":"center center","background-size":"auto","background-attachment":"scroll","background-type":"","background-media":"","overlay-type":"","overlay-color":"","overlay-opacity":"","overlay-gradient":""},"tablet":{"background-color":"var(--ast-global-color-5)","background-image":"","background-repeat":"repeat","background-position":"center center","background-size":"auto","background-attachment":"scroll","background-type":"","background-media":"","overlay-type":"","overlay-color":"","overlay-opacity":"","overlay-gradient":""},"mobile":{"background-color":"var(--ast-global-color-5)","background-image":"","background-repeat":"repeat","background-position":"center center","background-size":"auto","background-attachment":"scroll","background-type":"","background-media":"","overlay-type":"","overlay-color":"","overlay-opacity":"","overlay-gradient":""}},"footnotes":""},"class_list":["post-27","page","type-page","status-publish","hentry"],"post_mailing_queue_ids":[],"_links":{"self":[{"href":"https:\/\/agora.xtec.cat\/iesmontgri\/wp-json\/wp\/v2\/pages\/27","targetHints":{"allow":["GET"]}}],"collection":[{"href":"https:\/\/agora.xtec.cat\/iesmontgri\/wp-json\/wp\/v2\/pages"}],"about":[{"href":"https:\/\/agora.xtec.cat\/iesmontgri\/wp-json\/wp\/v2\/types\/page"}],"author":[{"embeddable":true,"href":"https:\/\/agora.xtec.cat\/iesmontgri\/wp-json\/wp\/v2\/users\/1"}],"replies":[{"embeddable":true,"href":"https:\/\/agora.xtec.cat\/iesmontgri\/wp-json\/wp\/v2\/comments?post=27"}],"version-history":[{"count":6,"href":"https:\/\/agora.xtec.cat\/iesmontgri\/wp-json\/wp\/v2\/pages\/27\/revisions"}],"predecessor-version":[{"id":9561,"href":"https:\/\/agora.xtec.cat\/iesmontgri\/wp-json\/wp\/v2\/pages\/27\/revisions\/9561"}],"up":[{"embeddable":true,"href":"https:\/\/agora.xtec.cat\/iesmontgri\/wp-json\/wp\/v2\/pages\/19"}],"wp:attachment":[{"href":"https:\/\/agora.xtec.cat\/iesmontgri\/wp-json\/wp\/v2\/media?parent=27"}],"curies":[{"name":"wp","href":"https:\/\/api.w.org\/{rel}","templated":true}]}}