{"id":21,"date":"2014-09-17T16:14:14","date_gmt":"2014-09-17T16:14:14","guid":{"rendered":"http:\/\/agora.xtec.cat\/iesmontgri\/?page_id=21"},"modified":"2025-07-29T09:24:25","modified_gmt":"2025-07-29T07:24:25","slug":"on-som","status":"publish","type":"page","link":"https:\/\/agora.xtec.cat\/iesmontgri\/linstitut\/on-som\/","title":{"rendered":"ON SOM"},"content":{"rendered":"<p style=\"color: #666666;\"><strong>Institut Montgr\u00ed<\/strong><br \/>\nSanta Caterina, 137<br \/>\n17257 Torroella de Montgr\u00ed<\/p>\n<p><strong>Tel\u00e8fon i fax<\/strong>:\u00a0<strong>972759242<\/strong><\/p>\n<p style=\"text-align: center;\"><iframe loading=\"lazy\" src=\"https:\/\/www.google.com\/maps\/embed?pb=!1m18!1m12!1m3!1d1476.44295078375!2d3.133761387414837!3d42.04424692465569!2m3!1f0!2f0!3f0!3m2!1i1024!2i768!4f13.1!3m3!1m2!1s0x12ba582fcbad38c5%3A0xcb995a92d998080f!2sInstitut+Montgr%C3%AD!5e1!3m2!1sca!2sus!4v1505918415657\" width=\"600\" height=\"450\" frameborder=\"0\"><\/iframe><\/p>\n<p><strong>Emails de contacte\u00a0<\/strong><\/p>\n<ul>\n<li><strong><span style=\"font-size: medium;\">B\u00fastia General:\u00a0<\/span><\/strong><a title=\"institut@institutmontgri.cat\" href=\"mailto:institut@institutmontgri.cat\" target=\"_blank\" rel=\"noopener noreferrer\">institut<span class=\"\">@institutmontgri.cat<\/span><\/a><\/li>\n<li><b style=\"font-family: inherit; font-size: 1em;\">Equip Directiu<\/b><\/li>\n<\/ul>\n<ul>\n<li style=\"list-style-type: none;\">\n<ul>\n<li style=\"font-weight: 400;\" aria-level=\"4\"><b>Directora:<\/b><span style=\"font-weight: 400;\"> Joana Carles Puig \u2013 <\/span><a href=\"mailto:joana.carles@institutmontgri.cat\" target=\"_blank\" rel=\"noopener\"><span style=\"font-weight: 400;\">joana.carles<span class=\"atwho-query\">@institutmontgri.cat<\/span><\/span><\/a><\/li>\n<li style=\"font-weight: 400;\" aria-level=\"4\"><b>Cap d\u2019estudis: <\/b><span style=\"font-weight: 400;\">Cristina Illa Cruz \u2013 <\/span><a href=\"mailto:cristina.illa@institutmontgri.cat\" target=\"_blank\" rel=\"noopener\"><span style=\"font-weight: 400;\">cristina.illa@institutmontgri.cat<\/span><\/a><\/li>\n<li style=\"font-weight: 400;\" aria-level=\"4\"><b>Coordinadora pedag\u00f2gica: <\/b>Ariana Seglar Llavona<span style=\"font-weight: 400;\"> \u2013 <a href=\"ariana.seglar@institutmontgri.cat\">ariana.seglar@institutmontgri.cat<\/a><\/span><\/li>\n<li style=\"font-weight: 400;\" aria-level=\"4\"><b>Secret\u00e0ria: <\/b><span style=\"font-weight: 400;\">Eva Rold\u00f3s Noguer \u2013 <a href=\"adm@institutmontgri.cat\" target=\"_blank\" rel=\"noopener\">adm<\/a><\/span><a href=\"adm@institutmontgri.cat\" target=\"_blank\" rel=\"noopener\"><span style=\"font-weight: 400;\">@institutmontgri.cat<\/span><\/a><\/li>\n<\/ul>\n<\/li>\n<\/ul>\n","protected":false},"excerpt":{"rendered":"<p>Institut Montgr\u00ed Santa Caterina, 137 17257 Torroella de Montgr\u00ed Tel\u00e8fon i fax:\u00a0972759242 Emails de contacte\u00a0 B\u00fastia General:\u00a0institut@institutmontgri.cat Equip Directiu Directora: Joana Carles Puig \u2013 joana.carles@institutmontgri.cat Cap d\u2019estudis: Cristina Illa Cruz \u2013 cristina.illa@institutmontgri.cat Coordinadora pedag\u00f2gica: Ariana Seglar Llavona \u2013 ariana.seglar@institutmontgri.cat Secret\u00e0ria: Eva Rold\u00f3s Noguer \u2013 adm@institutmontgri.cat<\/p>\n","protected":false},"author":1,"featured_media":0,"parent":19,"menu_order":2,"comment_status":"closed","ping_status":"closed","template":"page-templates\/side-menu.php","meta":{"_bbp_topic_count":0,"_bbp_reply_count":0,"_bbp_total_topic_count":0,"_bbp_total_reply_count":0,"_bbp_voice_count":0,"_bbp_anonymous_reply_count":0,"_bbp_topic_count_hidden":0,"_bbp_reply_count_hidden":0,"_bbp_forum_subforum_count":0,"site-sidebar-layout":"default","site-content-layout":"","ast-site-content-layout":"","site-content-style":"default","site-sidebar-style":"default","ast-global-header-display":"","ast-banner-title-visibility":"","ast-main-header-display":"","ast-hfb-above-header-display":"","ast-hfb-below-header-display":"","ast-hfb-mobile-header-display":"","site-post-title":"","ast-breadcrumbs-content":"","ast-featured-img":"","footer-sml-layout":"","theme-transparent-header-meta":"","adv-header-id-meta":"","stick-header-meta":"","header-above-stick-meta":"","header-main-stick-meta":"","header-below-stick-meta":"","astra-migrate-meta-layouts":"default","ast-page-background-enabled":"default","ast-page-background-meta":{"desktop":{"background-color":"var(--ast-global-color-4)","background-image":"","background-repeat":"repeat","background-position":"center center","background-size":"auto","background-attachment":"scroll","background-type":"","background-media":"","overlay-type":"","overlay-color":"","overlay-opacity":"","overlay-gradient":""},"tablet":{"background-color":"","background-image":"","background-repeat":"repeat","background-position":"center center","background-size":"auto","background-attachment":"scroll","background-type":"","background-media":"","overlay-type":"","overlay-color":"","overlay-opacity":"","overlay-gradient":""},"mobile":{"background-color":"","background-image":"","background-repeat":"repeat","background-position":"center center","background-size":"auto","background-attachment":"scroll","background-type":"","background-media":"","overlay-type":"","overlay-color":"","overlay-opacity":"","overlay-gradient":""}},"ast-content-background-meta":{"desktop":{"background-color":"var(--ast-global-color-5)","background-image":"","background-repeat":"repeat","background-position":"center center","background-size":"auto","background-attachment":"scroll","background-type":"","background-media":"","overlay-type":"","overlay-color":"","overlay-opacity":"","overlay-gradient":""},"tablet":{"background-color":"var(--ast-global-color-5)","background-image":"","background-repeat":"repeat","background-position":"center center","background-size":"auto","background-attachment":"scroll","background-type":"","background-media":"","overlay-type":"","overlay-color":"","overlay-opacity":"","overlay-gradient":""},"mobile":{"background-color":"var(--ast-global-color-5)","background-image":"","background-repeat":"repeat","background-position":"center center","background-size":"auto","background-attachment":"scroll","background-type":"","background-media":"","overlay-type":"","overlay-color":"","overlay-opacity":"","overlay-gradient":""}},"footnotes":""},"class_list":["post-21","page","type-page","status-publish","hentry"],"post_mailing_queue_ids":[],"_links":{"self":[{"href":"https:\/\/agora.xtec.cat\/iesmontgri\/wp-json\/wp\/v2\/pages\/21","targetHints":{"allow":["GET"]}}],"collection":[{"href":"https:\/\/agora.xtec.cat\/iesmontgri\/wp-json\/wp\/v2\/pages"}],"about":[{"href":"https:\/\/agora.xtec.cat\/iesmontgri\/wp-json\/wp\/v2\/types\/page"}],"author":[{"embeddable":true,"href":"https:\/\/agora.xtec.cat\/iesmontgri\/wp-json\/wp\/v2\/users\/1"}],"replies":[{"embeddable":true,"href":"https:\/\/agora.xtec.cat\/iesmontgri\/wp-json\/wp\/v2\/comments?post=21"}],"version-history":[{"count":8,"href":"https:\/\/agora.xtec.cat\/iesmontgri\/wp-json\/wp\/v2\/pages\/21\/revisions"}],"predecessor-version":[{"id":13856,"href":"https:\/\/agora.xtec.cat\/iesmontgri\/wp-json\/wp\/v2\/pages\/21\/revisions\/13856"}],"up":[{"embeddable":true,"href":"https:\/\/agora.xtec.cat\/iesmontgri\/wp-json\/wp\/v2\/pages\/19"}],"wp:attachment":[{"href":"https:\/\/agora.xtec.cat\/iesmontgri\/wp-json\/wp\/v2\/media?parent=21"}],"curies":[{"name":"wp","href":"https:\/\/api.w.org\/{rel}","templated":true}]}}