{"id":19,"date":"2014-09-17T14:56:56","date_gmt":"2014-09-17T14:56:56","guid":{"rendered":"http:\/\/agora.xtec.cat\/iesmontgri\/?page_id=19"},"modified":"2022-10-15T11:27:31","modified_gmt":"2022-10-15T09:27:31","slug":"linstitut","status":"publish","type":"page","link":"https:\/\/agora.xtec.cat\/iesmontgri\/linstitut\/","title":{"rendered":"L&#8217;institut Montgr\u00ed"},"content":{"rendered":"<p>&nbsp;<\/p>\n<p style=\"text-align: justify;\">L&#8217;Institut Montgr\u00ed \u00e9s el centre p\u00fablic d&#8217;educaci\u00f3 secund\u00e0ria situat al municipi de Torroella de Montgr\u00ed &#8211; l&#8217;Estartit. Som un centre que ofereix els estudis d&#8217;<strong>Educaci\u00f3 Secund\u00e0ria Obligat\u00f2ria<\/strong> (ESO), de <a href=\"http:\/\/blogbatxilleratinstiitutmontgri.blogspot.com\/\" target=\"_blank\" rel=\"noopener noreferrer\">Batxillerat<\/a> en les seves modalitats de <strong>Ci\u00e8ncies, Humanitats, Ci\u00e8ncies Socials i Tecnologia<\/strong> i des del curs 2016 &#8211; 2017 tenim el <a href=\"http:\/\/comercinstitutmontgri.blogspot.com\/\" target=\"_blank\" rel=\"noopener noreferrer\">Cicle Formatiu de GM d&#8217;Activitats Comercials adaptat al Turisme.<\/a> El curs 2019 &#8211; 2020 ampliem l&#8217;oferta formativa amb el <a href=\"https:\/\/cafemninstitutmontgri.blogspot.com\" target=\"_blank\" rel=\"noopener noreferrer\">Cicle Formatiu de GM de Conducci\u00f3 d&#8217;Activitats Fisicoesportives en el Medi Natural.<\/a> El curs 2021 &#8211; 2022 aquest cicle s&#8217;adapta a la normativa actual i passa a ser el de <strong>Grau Mitj\u00e0 de Guia en el Medi Natural i de Temps de Lleure.\u00a0<\/strong><\/p>\n<div class=\"vc_separator wpb_content_element vc_separator_align_center vc_sep_width_90 vc_sep_border_width_2 vc_sep_pos_align_left vc_separator_no_text vc_sep_color_white vc_custom_1588324396861 vc_custom_1588324396861\"><\/div>\n<p style=\"text-align: justify;\">Segons el nostre <a href=\"https:\/\/drive.google.com\/open?id=1l9KGp2obuqK4XLpmAw1OXYjDqWcFzBP-\" target=\"_blank\" rel=\"noopener noreferrer\">Projecte Educatiu<\/a> les nostres prioritats es centren en la formaci\u00f3 integral dels nostre alumnat, amb dos grans objectius el de treballar per la cohesi\u00f3 social i per la millora en els aprenentatges.<\/p>\n<table style=\"border-style: none; border-color: #ffffff; background-color: #ffffff; height: 312px; width: 971px;\">\n<tbody>\n<tr style=\"height: 326px;\">\n<td style=\"border-style: none; border-color: #ffffff; background-color: #ffffff; width: 400px; height: 206px;\">\n<h6 style=\"text-align: center;\"><img decoding=\"async\" src=\"http:\/\/agora.xtec.cat\/iesmontgri\/wp-content\/uploads\/usu613\/2015\/04\/fons-blanc-i-nom-300x212.jpg\" alt=\"fons blanc i nom\" \/><\/h6>\n<p>&nbsp;<\/p>\n<h6><\/h6>\n<h6><\/h6>\n<h6><\/h6>\n<h6><\/h6>\n<h6><\/h6>\n<h6 style=\"text-align: center;\"><span style=\"font-size: 2.75em;\">Logo hist\u00f2ric<\/span><\/h6>\n<h1 style=\"text-align: center;\"><\/h1>\n<\/td>\n<td style=\"border-style: none; border-color: #ffffff; background-color: #ffffff; width: 24px; height: 206px;\"><\/td>\n<td style=\"border-style: none; border-color: #ffffff; background-color: #ffffff; width: 539px; height: 206px;\"><a href=\"https:\/\/agora.xtec.cat\/iesmontgri\/wp-content\/uploads\/usu613\/2020\/03\/2020-Logo-nou-sense-fons.png\"><img loading=\"lazy\" decoding=\"async\" class=\"aligncenter wp-image-6292\" src=\"https:\/\/agora.xtec.cat\/iesmontgri\/wp-content\/uploads\/usu613\/2020\/03\/2020-Logo-nou-sense-fons-300x226.png\" alt=\"\" width=\"309\" height=\"233\" srcset=\"https:\/\/agora.xtec.cat\/iesmontgri\/wp-content\/uploads\/usu613\/2020\/03\/2020-Logo-nou-sense-fons-300x226.png 300w, https:\/\/agora.xtec.cat\/iesmontgri\/wp-content\/uploads\/usu613\/2020\/03\/2020-Logo-nou-sense-fons-200x150.png 200w, https:\/\/agora.xtec.cat\/iesmontgri\/wp-content\/uploads\/usu613\/2020\/03\/2020-Logo-nou-sense-fons.png 498w\" sizes=\"auto, (max-width: 309px) 100vw, 309px\" \/><\/a><\/p>\n<h6 style=\"text-align: center;\"><span style=\"font-size: 2.75em;\">Logo actual (2019-2020)<\/span><\/h6>\n<\/td>\n<\/tr>\n<\/tbody>\n<\/table>\n<h1><\/h1>\n","protected":false},"excerpt":{"rendered":"<p>&nbsp; L&#8217;Institut Montgr\u00ed \u00e9s el centre p\u00fablic d&#8217;educaci\u00f3 secund\u00e0ria situat al municipi de Torroella de Montgr\u00ed &#8211; l&#8217;Estartit. Som un centre que ofereix els estudis d&#8217;Educaci\u00f3 Secund\u00e0ria Obligat\u00f2ria (ESO), de Batxillerat en les seves modalitats de Ci\u00e8ncies, Humanitats, Ci\u00e8ncies Socials i Tecnologia i des del curs 2016 &#8211; 2017 tenim el Cicle Formatiu de GM [&hellip;]<\/p>\n","protected":false},"author":1,"featured_media":0,"parent":0,"menu_order":0,"comment_status":"closed","ping_status":"closed","template":"page-templates\/side-menu.php","meta":{"_bbp_topic_count":0,"_bbp_reply_count":0,"_bbp_total_topic_count":0,"_bbp_total_reply_count":0,"_bbp_voice_count":0,"_bbp_anonymous_reply_count":0,"_bbp_topic_count_hidden":0,"_bbp_reply_count_hidden":0,"_bbp_forum_subforum_count":0,"site-sidebar-layout":"default","site-content-layout":"","ast-site-content-layout":"","site-content-style":"default","site-sidebar-style":"default","ast-global-header-display":"","ast-banner-title-visibility":"","ast-main-header-display":"","ast-hfb-above-header-display":"","ast-hfb-below-header-display":"","ast-hfb-mobile-header-display":"","site-post-title":"","ast-breadcrumbs-content":"","ast-featured-img":"","footer-sml-layout":"","theme-transparent-header-meta":"","adv-header-id-meta":"","stick-header-meta":"","header-above-stick-meta":"","header-main-stick-meta":"","header-below-stick-meta":"","astra-migrate-meta-layouts":"default","ast-page-background-enabled":"default","ast-page-background-meta":{"desktop":{"background-color":"var(--ast-global-color-4)","background-image":"","background-repeat":"repeat","background-position":"center center","background-size":"auto","background-attachment":"scroll","background-type":"","background-media":"","overlay-type":"","overlay-color":"","overlay-opacity":"","overlay-gradient":""},"tablet":{"background-color":"","background-image":"","background-repeat":"repeat","background-position":"center center","background-size":"auto","background-attachment":"scroll","background-type":"","background-media":"","overlay-type":"","overlay-color":"","overlay-opacity":"","overlay-gradient":""},"mobile":{"background-color":"","background-image":"","background-repeat":"repeat","background-position":"center center","background-size":"auto","background-attachment":"scroll","background-type":"","background-media":"","overlay-type":"","overlay-color":"","overlay-opacity":"","overlay-gradient":""}},"ast-content-background-meta":{"desktop":{"background-color":"var(--ast-global-color-5)","background-image":"","background-repeat":"repeat","background-position":"center center","background-size":"auto","background-attachment":"scroll","background-type":"","background-media":"","overlay-type":"","overlay-color":"","overlay-opacity":"","overlay-gradient":""},"tablet":{"background-color":"var(--ast-global-color-5)","background-image":"","background-repeat":"repeat","background-position":"center center","background-size":"auto","background-attachment":"scroll","background-type":"","background-media":"","overlay-type":"","overlay-color":"","overlay-opacity":"","overlay-gradient":""},"mobile":{"background-color":"var(--ast-global-color-5)","background-image":"","background-repeat":"repeat","background-position":"center center","background-size":"auto","background-attachment":"scroll","background-type":"","background-media":"","overlay-type":"","overlay-color":"","overlay-opacity":"","overlay-gradient":""}},"footnotes":""},"class_list":["post-19","page","type-page","status-publish","hentry"],"post_mailing_queue_ids":[],"_links":{"self":[{"href":"https:\/\/agora.xtec.cat\/iesmontgri\/wp-json\/wp\/v2\/pages\/19","targetHints":{"allow":["GET"]}}],"collection":[{"href":"https:\/\/agora.xtec.cat\/iesmontgri\/wp-json\/wp\/v2\/pages"}],"about":[{"href":"https:\/\/agora.xtec.cat\/iesmontgri\/wp-json\/wp\/v2\/types\/page"}],"author":[{"embeddable":true,"href":"https:\/\/agora.xtec.cat\/iesmontgri\/wp-json\/wp\/v2\/users\/1"}],"replies":[{"embeddable":true,"href":"https:\/\/agora.xtec.cat\/iesmontgri\/wp-json\/wp\/v2\/comments?post=19"}],"version-history":[{"count":5,"href":"https:\/\/agora.xtec.cat\/iesmontgri\/wp-json\/wp\/v2\/pages\/19\/revisions"}],"predecessor-version":[{"id":9544,"href":"https:\/\/agora.xtec.cat\/iesmontgri\/wp-json\/wp\/v2\/pages\/19\/revisions\/9544"}],"wp:attachment":[{"href":"https:\/\/agora.xtec.cat\/iesmontgri\/wp-json\/wp\/v2\/media?parent=19"}],"curies":[{"name":"wp","href":"https:\/\/api.w.org\/{rel}","templated":true}]}}