{"id":13,"date":"2014-09-12T11:05:02","date_gmt":"2014-09-12T10:05:02","guid":{"rendered":"http:\/\/agora.xtec.cat\/iesmontgri\/?page_id=13"},"modified":"2026-04-20T17:12:13","modified_gmt":"2026-04-20T15:12:13","slug":"avis","status":"publish","type":"page","link":"https:\/\/agora.xtec.cat\/iesmontgri\/","title":{"rendered":""},"content":{"rendered":"<table style=\"width: 100%; border-collapse: collapse; border-style: hidden; height: 87px;\" border=\"0\" cellspacing=\"0\" cellpadding=\"0\">\n<tbody>\n<tr style=\"border-style: hidden;\">\n<th style=\"border-style: hidden; width: 33.3333%; background-color: #00b0af; height: 87px;\" bgcolor=\"#EABF4E\"><a href=\"https:\/\/agora.xtec.cat\/iesmontgri\/eso\/\"><img loading=\"lazy\" decoding=\"async\" class=\"zoom aligncenter wp-image-9122 size-full\" src=\"https:\/\/agora.xtec.cat\/iesmontgri\/wp-content\/uploads\/usu613\/2022\/07\/botons-ins-montgri_transp_eso-1.png\" alt=\"\" width=\"596\" height=\"163\" srcset=\"https:\/\/agora.xtec.cat\/iesmontgri\/wp-content\/uploads\/usu613\/2022\/07\/botons-ins-montgri_transp_eso-1.png 596w, https:\/\/agora.xtec.cat\/iesmontgri\/wp-content\/uploads\/usu613\/2022\/07\/botons-ins-montgri_transp_eso-1-300x82.png 300w\" sizes=\"auto, (max-width: 596px) 100vw, 596px\" \/><\/a><\/th>\n<th style=\"border-style: hidden; width: 33.3333%; background-color: #ffb700; height: 87px;\"><a href=\"https:\/\/agora.xtec.cat\/iesmontgri\/batxillerat\/\"><img loading=\"lazy\" decoding=\"async\" class=\"zoom aligncenter wp-image-9118 size-full\" src=\"https:\/\/agora.xtec.cat\/iesmontgri\/wp-content\/uploads\/usu613\/2022\/07\/botons-ins-montgri_transp_batx-1.png\" alt=\"\" width=\"596\" height=\"163\" srcset=\"https:\/\/agora.xtec.cat\/iesmontgri\/wp-content\/uploads\/usu613\/2022\/07\/botons-ins-montgri_transp_batx-1.png 596w, https:\/\/agora.xtec.cat\/iesmontgri\/wp-content\/uploads\/usu613\/2022\/07\/botons-ins-montgri_transp_batx-1-300x82.png 300w\" sizes=\"auto, (max-width: 596px) 100vw, 596px\" \/><\/a><\/th>\n<th style=\"width: 33.3333%; background-color: #e2207a; height: 87px;\"><a href=\"https:\/\/agora.xtec.cat\/iesmontgri\/cicles-formatius\/\"><img decoding=\"async\" class=\"zoom aligncenter wp-image-9120 size-full\" src=\"https:\/\/agora.xtec.cat\/iesmontgri\/wp-content\/uploads\/usu613\/2022\/07\/botons-ins-montgri_transp_cicles-1.png\" alt=\"\" width=\"596\" srcset=\"https:\/\/agora.xtec.cat\/iesmontgri\/wp-content\/uploads\/usu613\/2022\/07\/botons-ins-montgri_transp_cicles-1.png 596w, https:\/\/agora.xtec.cat\/iesmontgri\/wp-content\/uploads\/usu613\/2022\/07\/botons-ins-montgri_transp_cicles-1-300x82.png 300w\" sizes=\"(max-width: 596px) 100vw, 596px\" \/><\/a><\/th>\n<\/tr>\n<\/tbody>\n<\/table>\n<table style=\"width: 100%; border-collapse: collapse; border-style: hidden; height: 87px;\" border=\"0\" cellspacing=\"0\" cellpadding=\"0\">\n<tbody>\n<tr style=\"border-style: hidden;\">\n<th style=\"border-style: hidden; width: 33.3333%; background-color: #ffffff; height: 87px;\" bgcolor=\"#EABF4E\"><a href=\"https:\/\/agora.xtec.cat\/iesmontgri\/secretaria\/preinscripcio-i-matriculacio\/eso\/\" target=\"_blank\" rel=\"noopener\"><img loading=\"lazy\" decoding=\"async\" class=\"zoom aligncenter wp-image-10297 size-large\" src=\"https:\/\/agora.xtec.cat\/iesmontgri\/wp-content\/uploads\/usu613\/2023\/04\/banners-preinscripcio\u03012-1024x512.jpg\" alt=\"\" width=\"1024\" height=\"512\" srcset=\"https:\/\/agora.xtec.cat\/iesmontgri\/wp-content\/uploads\/usu613\/2023\/04\/banners-preinscripcio\u03012-1024x512.jpg 1024w, https:\/\/agora.xtec.cat\/iesmontgri\/wp-content\/uploads\/usu613\/2023\/04\/banners-preinscripcio\u03012-300x150.jpg 300w, https:\/\/agora.xtec.cat\/iesmontgri\/wp-content\/uploads\/usu613\/2023\/04\/banners-preinscripcio\u03012-768x384.jpg 768w, https:\/\/agora.xtec.cat\/iesmontgri\/wp-content\/uploads\/usu613\/2023\/04\/banners-preinscripcio\u03012.jpg 1182w\" sizes=\"auto, (max-width: 1024px) 100vw, 1024px\" \/><\/a><\/th>\n<th style=\"border-style: hidden; width: 33.3333%; background-color: #fffff; height: 87px;\"><a href=\"https:\/\/agora.xtec.cat\/iesmontgri\/secretaria\/preinscripcio-i-matriculacio\/batxillerat\/\" target=\"_blank\" rel=\"noopener\"><img loading=\"lazy\" decoding=\"async\" class=\"zoom aligncenter wp-image-10298 size-large\" src=\"https:\/\/agora.xtec.cat\/iesmontgri\/wp-content\/uploads\/usu613\/2023\/04\/banners-preinscripcio\u03013-1024x512.jpg\" alt=\"\" width=\"1024\" height=\"512\" srcset=\"https:\/\/agora.xtec.cat\/iesmontgri\/wp-content\/uploads\/usu613\/2023\/04\/banners-preinscripcio\u03013-1024x512.jpg 1024w, https:\/\/agora.xtec.cat\/iesmontgri\/wp-content\/uploads\/usu613\/2023\/04\/banners-preinscripcio\u03013-300x150.jpg 300w, https:\/\/agora.xtec.cat\/iesmontgri\/wp-content\/uploads\/usu613\/2023\/04\/banners-preinscripcio\u03013-768x384.jpg 768w, https:\/\/agora.xtec.cat\/iesmontgri\/wp-content\/uploads\/usu613\/2023\/04\/banners-preinscripcio\u03013.jpg 1182w\" sizes=\"auto, (max-width: 1024px) 100vw, 1024px\" \/><\/a><\/th>\n<th style=\"width: 33.3333%; background-color: #fffff; height: 87px;\"><img loading=\"lazy\" decoding=\"async\" class=\"aligncenter wp-image-10296 size-large\" src=\"https:\/\/agora.xtec.cat\/iesmontgri\/wp-content\/uploads\/usu613\/2023\/04\/banners-preinscripcio\u0301-1024x512.jpg\" alt=\"\" width=\"1024\" height=\"512\" srcset=\"https:\/\/agora.xtec.cat\/iesmontgri\/wp-content\/uploads\/usu613\/2023\/04\/banners-preinscripcio\u0301-1024x512.jpg 1024w, https:\/\/agora.xtec.cat\/iesmontgri\/wp-content\/uploads\/usu613\/2023\/04\/banners-preinscripcio\u0301-300x150.jpg 300w, https:\/\/agora.xtec.cat\/iesmontgri\/wp-content\/uploads\/usu613\/2023\/04\/banners-preinscripcio\u0301-768x384.jpg 768w, https:\/\/agora.xtec.cat\/iesmontgri\/wp-content\/uploads\/usu613\/2023\/04\/banners-preinscripcio\u0301.jpg 1182w\" sizes=\"auto, (max-width: 1024px) 100vw, 1024px\" \/><\/th>\n<\/tr>\n<\/tbody>\n<\/table>\n\n\n<figure class=\"wp-block-image alignwide size-full\"><a href=\"https:\/\/drive.google.com\/file\/d\/1-NWy6_WRCogN3bQyXnhs3LL_1kEl97Xn\/view?usp=sharing\"><img loading=\"lazy\" decoding=\"async\" width=\"2472\" height=\"1932\" src=\"https:\/\/agora.xtec.cat\/iesmontgri\/wp-content\/uploads\/usu613\/2026\/04\/A4-\u2013-ACTIVITAT-FORMATIVA-ATART.png\" alt=\"\" class=\"wp-image-14848\" srcset=\"https:\/\/agora.xtec.cat\/iesmontgri\/wp-content\/uploads\/usu613\/2026\/04\/A4-\u2013-ACTIVITAT-FORMATIVA-ATART.png 2472w, https:\/\/agora.xtec.cat\/iesmontgri\/wp-content\/uploads\/usu613\/2026\/04\/A4-\u2013-ACTIVITAT-FORMATIVA-ATART-300x234.png 300w, https:\/\/agora.xtec.cat\/iesmontgri\/wp-content\/uploads\/usu613\/2026\/04\/A4-\u2013-ACTIVITAT-FORMATIVA-ATART-1024x800.png 1024w, https:\/\/agora.xtec.cat\/iesmontgri\/wp-content\/uploads\/usu613\/2026\/04\/A4-\u2013-ACTIVITAT-FORMATIVA-ATART-768x600.png 768w, https:\/\/agora.xtec.cat\/iesmontgri\/wp-content\/uploads\/usu613\/2026\/04\/A4-\u2013-ACTIVITAT-FORMATIVA-ATART-1536x1200.png 1536w, https:\/\/agora.xtec.cat\/iesmontgri\/wp-content\/uploads\/usu613\/2026\/04\/A4-\u2013-ACTIVITAT-FORMATIVA-ATART-2048x1601.png 2048w\" sizes=\"auto, (max-width: 2472px) 100vw, 2472px\" \/><\/a><\/figure>\n\n\n\n<figure class=\"wp-block-image alignwide size-full\"><a href=\"https:\/\/web.gencat.cat\/ca\/ciutadania\/serveis\/educacio-formacio\/beques-estudis-no-universitaris\" target=\"_blank\" rel=\" noreferrer noopener\"><img loading=\"lazy\" decoding=\"async\" width=\"2532\" height=\"422\" src=\"https:\/\/agora.xtec.cat\/iesmontgri\/wp-content\/uploads\/usu613\/2026\/04\/Captura-de-pantalla-2026-04-15-a-les-14.44.07.png\" alt=\"\" class=\"wp-image-14845\" srcset=\"https:\/\/agora.xtec.cat\/iesmontgri\/wp-content\/uploads\/usu613\/2026\/04\/Captura-de-pantalla-2026-04-15-a-les-14.44.07.png 2532w, https:\/\/agora.xtec.cat\/iesmontgri\/wp-content\/uploads\/usu613\/2026\/04\/Captura-de-pantalla-2026-04-15-a-les-14.44.07-300x50.png 300w, https:\/\/agora.xtec.cat\/iesmontgri\/wp-content\/uploads\/usu613\/2026\/04\/Captura-de-pantalla-2026-04-15-a-les-14.44.07-1024x171.png 1024w, https:\/\/agora.xtec.cat\/iesmontgri\/wp-content\/uploads\/usu613\/2026\/04\/Captura-de-pantalla-2026-04-15-a-les-14.44.07-768x128.png 768w, https:\/\/agora.xtec.cat\/iesmontgri\/wp-content\/uploads\/usu613\/2026\/04\/Captura-de-pantalla-2026-04-15-a-les-14.44.07-1536x256.png 1536w, https:\/\/agora.xtec.cat\/iesmontgri\/wp-content\/uploads\/usu613\/2026\/04\/Captura-de-pantalla-2026-04-15-a-les-14.44.07-2048x341.png 2048w\" sizes=\"auto, (max-width: 2532px) 100vw, 2532px\" \/><\/a><\/figure>\n\n\n\n<div style=\"height:32px\" aria-hidden=\"true\" class=\"wp-block-spacer\"><\/div>\n\n\n\n<figure class=\"wp-block-image aligncenter size-full zoom\"><a href=\"https:\/\/agora.xtec.cat\/iesmontgri\/portada\/nou-cicle-formatiu-a-linstitut-montgri\/\"><img loading=\"lazy\" decoding=\"async\" width=\"738\" height=\"249\" src=\"https:\/\/agora.xtec.cat\/iesmontgri\/wp-content\/uploads\/usu613\/2026\/04\/NouCicle.png\" alt=\"\" class=\"wp-image-14814\" srcset=\"https:\/\/agora.xtec.cat\/iesmontgri\/wp-content\/uploads\/usu613\/2026\/04\/NouCicle.png 738w, https:\/\/agora.xtec.cat\/iesmontgri\/wp-content\/uploads\/usu613\/2026\/04\/NouCicle-300x101.png 300w\" sizes=\"auto, (max-width: 738px) 100vw, 738px\" \/><\/a><\/figure>\n\n\n\n<div style=\"height:32px\" aria-hidden=\"true\" class=\"wp-block-spacer\"><\/div>\n\n\n<figure class=\"wp-block-image size-large\"><\/figure>\n<table style=\"height: 43px; width: 100%; border-collapse: collapse; background-color: #e3d7eb; border-style: none;\" border=\"0\" cellspacing=\"0\" cellpadding=\"0\">\n<tbody>\n<tr style=\"height: 40px;\">\n<th style=\"width: 100%; height: 10px; border-color: #803689; background-color: #803689; border-style: none;\" colspan=\"2\">\n<h1><strong><span style=\"color: #ffffff;\">ALTRES INFORMACIONS<br \/><\/span><\/strong><\/h1>\n<\/th>\n<\/tr>\n<tr style=\"height: 73px;\">\n<td style=\"width: 8.9899%; border-style: none; height: 10px;\"><a href=\"https:\/\/agora.xtec.cat\/iesmontgri\/wp-content\/uploads\/usu613\/2025\/06\/NOU-06-1-296x300-1.png\"><img loading=\"lazy\" decoding=\"async\" class=\"aligncenter wp-image-13753\" src=\"https:\/\/agora.xtec.cat\/iesmontgri\/wp-content\/uploads\/usu613\/2025\/06\/NOU-06-1-296x300-1.png\" alt=\"\" width=\"61\" height=\"62\" srcset=\"https:\/\/agora.xtec.cat\/iesmontgri\/wp-content\/uploads\/usu613\/2025\/06\/NOU-06-1-296x300-1.png 296w, https:\/\/agora.xtec.cat\/iesmontgri\/wp-content\/uploads\/usu613\/2025\/06\/NOU-06-1-296x300-1-150x150.png 150w\" sizes=\"auto, (max-width: 61px) 100vw, 61px\" \/><\/a><\/td>\n<td style=\"width: 91.0101%; border-style: none; text-align: justify; height: 10px;\">\n<h5 class=\"NG-menu__title\"><a href=\"https:\/\/educacio.gencat.cat\/ca\/tramits\/tramits-temes\/titols-academics-no-universitaris\" target=\"_blank\" rel=\"noopener\">Tramitaci\u00f3 de<strong> t\u00edtols acad\u00e8mics<\/strong> (ESO i BATXILLERAT) <\/a><\/h5>\n<\/td>\n<\/tr>\n<tr style=\"height: 23px;\">\n<td style=\"width: 8.9899%; border-style: none; height: 23px;\"><a href=\"https:\/\/agora.xtec.cat\/iesmontgri\/wp-content\/uploads\/usu613\/2025\/06\/NOU-06-1-296x300-1.png\"><img loading=\"lazy\" decoding=\"async\" class=\"aligncenter wp-image-13753\" src=\"https:\/\/agora.xtec.cat\/iesmontgri\/wp-content\/uploads\/usu613\/2025\/06\/NOU-06-1-296x300-1.png\" alt=\"\" width=\"61\" height=\"62\" srcset=\"https:\/\/agora.xtec.cat\/iesmontgri\/wp-content\/uploads\/usu613\/2025\/06\/NOU-06-1-296x300-1.png 296w, https:\/\/agora.xtec.cat\/iesmontgri\/wp-content\/uploads\/usu613\/2025\/06\/NOU-06-1-296x300-1-150x150.png 150w\" sizes=\"auto, (max-width: 61px) 100vw, 61px\" \/><\/a><\/td>\n<td style=\"width: 91.0101%; border-style: none; text-align: justify; height: 23px;\"><a href=\"https:\/\/web.gencat.cat\/ca\/ciutadania\/serveis\/educacio-formacio\/beques-estudis-no-universitaris\" target=\"_blank\" rel=\"noopener\"><strong>Beques per a estudis no universitaris<\/strong><\/a><\/td>\n<\/tr>\n<\/tbody>\n<\/table>\n\n\n<figure class=\"wp-block-image size-large\"><a href=\"https:\/\/www.baixemporda.cat\/ca\/arees\/ensenyament\/transport-escolar\/transport-520685\/\"><img loading=\"lazy\" decoding=\"async\" width=\"1024\" height=\"171\" src=\"https:\/\/agora.xtec.cat\/iesmontgri\/wp-content\/uploads\/usu613\/2026\/03\/Transport-escolar-26-27-1024x171.jpg\" alt=\"\" class=\"wp-image-14735\" srcset=\"https:\/\/agora.xtec.cat\/iesmontgri\/wp-content\/uploads\/usu613\/2026\/03\/Transport-escolar-26-27-1024x171.jpg 1024w, https:\/\/agora.xtec.cat\/iesmontgri\/wp-content\/uploads\/usu613\/2026\/03\/Transport-escolar-26-27-300x50.jpg 300w, https:\/\/agora.xtec.cat\/iesmontgri\/wp-content\/uploads\/usu613\/2026\/03\/Transport-escolar-26-27-768x128.jpg 768w, https:\/\/agora.xtec.cat\/iesmontgri\/wp-content\/uploads\/usu613\/2026\/03\/Transport-escolar-26-27-1536x257.jpg 1536w, https:\/\/agora.xtec.cat\/iesmontgri\/wp-content\/uploads\/usu613\/2026\/03\/Transport-escolar-26-27.jpg 1772w\" sizes=\"auto, (max-width: 1024px) 100vw, 1024px\" \/><\/a><\/figure>\n\n\n\n<figure class=\"wp-block-image aligncenter size-large is-resized\"><a href=\"https:\/\/agora.xtec.cat\/iesmontgri\/wp-content\/uploads\/usu613\/2026\/03\/WhatsApp-Image-2026-03-21-at-13.05.25-1-e1774121034728.jpeg\"><img loading=\"lazy\" decoding=\"async\" width=\"741\" height=\"1024\" src=\"https:\/\/agora.xtec.cat\/iesmontgri\/wp-content\/uploads\/usu613\/2026\/03\/WhatsApp-Image-2026-03-21-at-13.05.25-1-e1774121034728-741x1024.jpeg\" alt=\"\" class=\"wp-image-14796\" style=\"width:364px;height:auto\" srcset=\"https:\/\/agora.xtec.cat\/iesmontgri\/wp-content\/uploads\/usu613\/2026\/03\/WhatsApp-Image-2026-03-21-at-13.05.25-1-e1774121034728-741x1024.jpeg 741w, https:\/\/agora.xtec.cat\/iesmontgri\/wp-content\/uploads\/usu613\/2026\/03\/WhatsApp-Image-2026-03-21-at-13.05.25-1-e1774121034728-217x300.jpeg 217w, https:\/\/agora.xtec.cat\/iesmontgri\/wp-content\/uploads\/usu613\/2026\/03\/WhatsApp-Image-2026-03-21-at-13.05.25-1-e1774121034728-768x1062.jpeg 768w, https:\/\/agora.xtec.cat\/iesmontgri\/wp-content\/uploads\/usu613\/2026\/03\/WhatsApp-Image-2026-03-21-at-13.05.25-1-e1774121034728.jpeg 1024w\" sizes=\"auto, (max-width: 741px) 100vw, 741px\" \/><\/a><\/figure>\n\n\n\n<p><\/p>\n","protected":false},"excerpt":{"rendered":"<p>ALTRES INFORMACIONS Tramitaci\u00f3 de t\u00edtols acad\u00e8mics (ESO i BATXILLERAT) Beques per a estudis no universitaris<\/p>\n","protected":false},"author":1,"featured_media":0,"parent":7,"menu_order":0,"comment_status":"closed","ping_status":"closed","template":"","meta":{"_bbp_topic_count":0,"_bbp_reply_count":0,"_bbp_total_topic_count":0,"_bbp_total_reply_count":0,"_bbp_voice_count":0,"_bbp_anonymous_reply_count":0,"_bbp_topic_count_hidden":0,"_bbp_reply_count_hidden":0,"_bbp_forum_subforum_count":0,"site-sidebar-layout":"default","site-content-layout":"","ast-site-content-layout":"default","site-content-style":"boxed","site-sidebar-style":"default","ast-global-header-display":"","ast-banner-title-visibility":"","ast-main-header-display":"","ast-hfb-above-header-display":"","ast-hfb-below-header-display":"","ast-hfb-mobile-header-display":"","site-post-title":"","ast-breadcrumbs-content":"","ast-featured-img":"","footer-sml-layout":"","theme-transparent-header-meta":"default","adv-header-id-meta":"","stick-header-meta":"","header-above-stick-meta":"","header-main-stick-meta":"","header-below-stick-meta":"","astra-migrate-meta-layouts":"set","ast-page-background-enabled":"default","ast-page-background-meta":{"desktop":{"background-color":"var(--ast-global-color-4)","background-image":"","background-repeat":"repeat","background-position":"center center","background-size":"auto","background-attachment":"scroll","background-type":"","background-media":"","overlay-type":"","overlay-color":"","overlay-opacity":"","overlay-gradient":""},"tablet":{"background-color":"","background-image":"","background-repeat":"repeat","background-position":"center center","background-size":"auto","background-attachment":"scroll","background-type":"","background-media":"","overlay-type":"","overlay-color":"","overlay-opacity":"","overlay-gradient":""},"mobile":{"background-color":"","background-image":"","background-repeat":"repeat","background-position":"center center","background-size":"auto","background-attachment":"scroll","background-type":"","background-media":"","overlay-type":"","overlay-color":"","overlay-opacity":"","overlay-gradient":""}},"ast-content-background-meta":{"desktop":{"background-color":"var(--ast-global-color-5)","background-image":"","background-repeat":"repeat","background-position":"center center","background-size":"auto","background-attachment":"scroll","background-type":"","background-media":"","overlay-type":"","overlay-color":"","overlay-opacity":"","overlay-gradient":""},"tablet":{"background-color":"var(--ast-global-color-5)","background-image":"","background-repeat":"repeat","background-position":"center center","background-size":"auto","background-attachment":"scroll","background-type":"","background-media":"","overlay-type":"","overlay-color":"","overlay-opacity":"","overlay-gradient":""},"mobile":{"background-color":"var(--ast-global-color-5)","background-image":"","background-repeat":"repeat","background-position":"center center","background-size":"auto","background-attachment":"scroll","background-type":"","background-media":"","overlay-type":"","overlay-color":"","overlay-opacity":"","overlay-gradient":""}},"footnotes":""},"class_list":["post-13","page","type-page","status-publish","hentry"],"post_mailing_queue_ids":[],"_links":{"self":[{"href":"https:\/\/agora.xtec.cat\/iesmontgri\/wp-json\/wp\/v2\/pages\/13","targetHints":{"allow":["GET"]}}],"collection":[{"href":"https:\/\/agora.xtec.cat\/iesmontgri\/wp-json\/wp\/v2\/pages"}],"about":[{"href":"https:\/\/agora.xtec.cat\/iesmontgri\/wp-json\/wp\/v2\/types\/page"}],"author":[{"embeddable":true,"href":"https:\/\/agora.xtec.cat\/iesmontgri\/wp-json\/wp\/v2\/users\/1"}],"replies":[{"embeddable":true,"href":"https:\/\/agora.xtec.cat\/iesmontgri\/wp-json\/wp\/v2\/comments?post=13"}],"version-history":[{"count":6,"href":"https:\/\/agora.xtec.cat\/iesmontgri\/wp-json\/wp\/v2\/pages\/13\/revisions"}],"predecessor-version":[{"id":14858,"href":"https:\/\/agora.xtec.cat\/iesmontgri\/wp-json\/wp\/v2\/pages\/13\/revisions\/14858"}],"up":[{"embeddable":true,"href":"https:\/\/agora.xtec.cat\/iesmontgri\/wp-json\/wp\/v2\/pages\/7"}],"wp:attachment":[{"href":"https:\/\/agora.xtec.cat\/iesmontgri\/wp-json\/wp\/v2\/media?parent=13"}],"curies":[{"name":"wp","href":"https:\/\/api.w.org\/{rel}","templated":true}]}}