{"id":12787,"date":"2024-10-04T12:11:16","date_gmt":"2024-10-04T10:11:16","guid":{"rendered":"https:\/\/agora.xtec.cat\/iesmontgri\/?page_id=12787"},"modified":"2025-02-13T11:32:31","modified_gmt":"2025-02-13T10:32:31","slug":"alumnat","status":"publish","type":"page","link":"https:\/\/agora.xtec.cat\/iesmontgri\/alumnat\/","title":{"rendered":"ALUMNAT"},"content":{"rendered":"<table style=\"border-collapse: collapse; width: 99.6192%; height: 467px;\">\n<tbody>\n<tr style=\"height: 49px;\">\n<td style=\"width: 56.9391%; height: 15px; background-color: #803689; border-color: #b99fc0; border-style: solid;\">\n<h5><span style=\"color: #ffffff;\"><strong>IMPRESOS ALUMNAT<\/strong><\/span><\/h5>\n<\/td>\n<td style=\"width: 5.25045%; text-align: center; height: 15px; background-color: #803689; border-color: #b99fc0; border-style: solid;\">\n<h5><span style=\"color: #ffffff;\"><strong>DOC<\/strong><\/span><\/h5>\n<\/td>\n<td style=\"width: 12.3211%; text-align: center; height: 15px; background-color: #803689; border-color: #b99fc0; border-style: solid;\">\n<h5><span style=\"color: #ffffff;\"><strong>ESTUDIS<\/strong><\/span><\/h5>\n<\/td>\n<td style=\"width: 2.81535%; height: 15px; text-align: center; background-color: #803689; border-color: #b99fc0; border-style: solid;\">\n<h5><span style=\"color: #ffffff;\"><strong>SOL\u00b7LICITANT<\/strong><\/span><\/h5>\n<\/td>\n<td style=\"width: 11.0295%; height: 15px; text-align: center; background-color: #803689; border-color: #b99fc0; border-style: solid;\">\n<h5><span style=\"color: #ffffff;\"><strong>ENTREGA<\/strong><\/span><\/h5>\n<\/td>\n<td style=\"width: 128.496%; height: 15px; text-align: center; background-color: #803689; border-color: #b99fc0; border-style: solid;\">\n<h5><span style=\"color: #ffffff;\"><strong>CONSERVAC<\/strong><strong>I\u00d3<\/strong><\/span><\/h5>\n<\/td>\n<\/tr>\n<tr style=\"height: 32px;\">\n<td style=\"width: 56.9391%; height: 32px; background-color: #ffffff; border-color: #b99fc0; border-style: solid;\">Justificar faltes d\u2019assist\u00e8ncia de l\u2019alumnat..<\/td>\n<td style=\"width: 5.25045%; text-align: center; height: 32px; background-color: #ffffff; border-color: #b99fc0; border-style: solid;\"><a href=\"https:\/\/drive.google.com\/file\/d\/1WmoVB9ediUIYo47gsGzD5_u9IQUWv8R6\/view?usp=sharing\" target=\"_blank\" rel=\"noopener\"><img loading=\"lazy\" decoding=\"async\" class=\"aligncenter wp-image-13000\" src=\"https:\/\/agora.xtec.cat\/iesmontgri\/wp-content\/uploads\/usu613\/2024\/11\/baixa-3.jpeg\" alt=\"\" width=\"22\" height=\"22\" srcset=\"https:\/\/agora.xtec.cat\/iesmontgri\/wp-content\/uploads\/usu613\/2024\/11\/baixa-3.jpeg 200w, https:\/\/agora.xtec.cat\/iesmontgri\/wp-content\/uploads\/usu613\/2024\/11\/baixa-3-150x150.jpeg 150w\" sizes=\"auto, (max-width: 22px) 100vw, 22px\" \/><\/a><\/td>\n<td style=\"width: 12.3211%; text-align: center; height: 32px; background-color: #ffffff; border-color: #b99fc0; border-style: solid;\">ESO\/BAT\/CF<\/td>\n<td style=\"width: 2.81535%; height: 32px; text-align: center; background-color: #ffffff; border-color: #b99fc0; border-style: solid;\">Alumne\/a<\/td>\n<td style=\"width: 11.0295%; height: 32px; text-align: center; background-color: #ffffff; border-color: #b99fc0; border-style: solid;\">Tutor\/a<\/td>\n<td style=\"width: 128.496%; height: 32px; text-align: center; background-color: #ffffff; border-color: #b99fc0; border-style: solid;\">Tutor\/a<\/td>\n<\/tr>\n<tr style=\"height: 32px;\">\n<td style=\"width: 56.9391%; height: 32px; background-color: #ffffff; border-color: #b99fc0; border-style: solid;\">Informaci\u00f3 i assumpci\u00f3 de responsabilitats davant de les llargues abs\u00e8ncies durant el curs.<\/td>\n<td style=\"width: 5.25045%; text-align: center; height: 32px; background-color: #ffffff; border-color: #b99fc0; border-style: solid;\"><a href=\"https:\/\/drive.google.com\/file\/d\/17JhJHoNLW2uH36BqI9rkp04SrF5CLLHJ\/view?usp=sharing\" target=\"_blank\" rel=\"noopener\"><img loading=\"lazy\" decoding=\"async\" class=\"aligncenter wp-image-13000\" src=\"https:\/\/agora.xtec.cat\/iesmontgri\/wp-content\/uploads\/usu613\/2024\/11\/baixa-3.jpeg\" alt=\"\" width=\"22\" height=\"22\" srcset=\"https:\/\/agora.xtec.cat\/iesmontgri\/wp-content\/uploads\/usu613\/2024\/11\/baixa-3.jpeg 200w, https:\/\/agora.xtec.cat\/iesmontgri\/wp-content\/uploads\/usu613\/2024\/11\/baixa-3-150x150.jpeg 150w\" sizes=\"auto, (max-width: 22px) 100vw, 22px\" \/><\/a><\/td>\n<td style=\"width: 12.3211%; text-align: center; height: 32px; background-color: #ffffff; border-color: #b99fc0; border-style: solid;\">ESO\/BAT\/CF<\/td>\n<td style=\"width: 2.81535%; height: 32px; text-align: center; background-color: #ffffff; border-color: #b99fc0; border-style: solid;\">Fam\u00edlies<\/td>\n<td style=\"width: 11.0295%; height: 32px; text-align: center; background-color: #ffffff; border-color: #b99fc0; border-style: solid;\">Tutor\/a<\/td>\n<td style=\"width: 128.496%; height: 32px; text-align: center; background-color: #ffffff; border-color: #b99fc0; border-style: solid;\">Tutor\/a<\/td>\n<\/tr>\n<tr style=\"height: 32px;\">\n<td style=\"width: 56.9391%; height: 32px; background-color: #ffffff; border-color: #b99fc0; border-style: solid;\">Carta model de comprom\u00eds educatiu.<\/td>\n<td style=\"width: 5.25045%; text-align: center; height: 32px; background-color: #ffffff; border-color: #b99fc0; border-style: solid;\"><a href=\"https:\/\/drive.google.com\/file\/d\/1jw21h9QAv0PRqAzauRVYoR7tEsnILZTF\/view?usp=sharing\" target=\"_blank\" rel=\"noopener\"><img loading=\"lazy\" decoding=\"async\" class=\"aligncenter wp-image-13000\" src=\"https:\/\/agora.xtec.cat\/iesmontgri\/wp-content\/uploads\/usu613\/2024\/11\/baixa-3.jpeg\" alt=\"\" width=\"22\" height=\"22\" srcset=\"https:\/\/agora.xtec.cat\/iesmontgri\/wp-content\/uploads\/usu613\/2024\/11\/baixa-3.jpeg 200w, https:\/\/agora.xtec.cat\/iesmontgri\/wp-content\/uploads\/usu613\/2024\/11\/baixa-3-150x150.jpeg 150w\" sizes=\"auto, (max-width: 22px) 100vw, 22px\" \/><\/a><\/td>\n<td style=\"width: 12.3211%; text-align: center; height: 32px; background-color: #ffffff; border-color: #b99fc0; border-style: solid;\">ESO\/BAT\/CF<\/td>\n<td style=\"width: 2.81535%; height: 32px; text-align: center; background-color: #ffffff; border-color: #b99fc0; border-style: solid;\">Fam\u00edlies<\/td>\n<td style=\"width: 11.0295%; height: 32px; text-align: center; background-color: #ffffff; border-color: #b99fc0; border-style: solid;\">Tutor\/a<\/td>\n<td style=\"width: 128.496%; height: 32px; text-align: center; background-color: #ffffff; border-color: #b99fc0; border-style: solid;\">Expedient alumne\/a<\/td>\n<\/tr>\n<tr style=\"height: 38px;\">\n<td style=\"width: 56.9391%; height: 38px; background-color: #ffffff; border-color: #b99fc0; border-style: solid;\">Contracte lloguer armariet<\/td>\n<td style=\"width: 5.25045%; text-align: center; height: 38px; background-color: #ffffff; border-color: #b99fc0; border-style: solid;\"><a href=\"https:\/\/drive.google.com\/file\/d\/1pW0YmBSiHUyZhy129UQePFYRj9fA62pE\/view?usp=sharing\" target=\"_blank\" rel=\"noopener\"><img loading=\"lazy\" decoding=\"async\" class=\"aligncenter wp-image-13000\" src=\"https:\/\/agora.xtec.cat\/iesmontgri\/wp-content\/uploads\/usu613\/2024\/11\/baixa-3.jpeg\" alt=\"\" width=\"22\" height=\"22\" srcset=\"https:\/\/agora.xtec.cat\/iesmontgri\/wp-content\/uploads\/usu613\/2024\/11\/baixa-3.jpeg 200w, https:\/\/agora.xtec.cat\/iesmontgri\/wp-content\/uploads\/usu613\/2024\/11\/baixa-3-150x150.jpeg 150w\" sizes=\"auto, (max-width: 22px) 100vw, 22px\" \/><\/a><\/td>\n<td style=\"width: 12.3211%; text-align: center; height: 38px; background-color: #ffffff; border-color: #b99fc0; border-style: solid;\">ESO\/BAT\/CF<\/td>\n<td style=\"width: 2.81535%; height: 38px; text-align: center; background-color: #ffffff; border-color: #b99fc0; border-style: solid;\">Alumne\/a<\/td>\n<td style=\"width: 11.0295%; height: 38px; text-align: center; background-color: #ffffff; border-color: #b99fc0; border-style: solid;\">Secretaria<\/td>\n<td style=\"width: 128.496%; height: 38px; text-align: center; background-color: #ffffff; border-color: #b99fc0; border-style: solid;\">Secretaria<\/td>\n<\/tr>\n<tr style=\"height: 32px;\">\n<td style=\"width: 216.851%; height: 10px; background-color: #803689; border-color: #b99fc0; border-style: solid;\" colspan=\"6\">\n<h5><span style=\"color: #ffffff;\"><strong>INFORMACI\u00d3 PER A L&#8217;ALUMNAT<\/strong><\/span><\/h5>\n<\/td>\n<\/tr>\n<tr style=\"height: 32px;\">\n<td style=\"width: 56.9391%; height: 32px;\">Protocol de convocat\u00f2ria de vaga dels estudiants<\/td>\n<td style=\"width: 5.25045%; text-align: center; height: 32px;\"><img loading=\"lazy\" decoding=\"async\" class=\"aligncenter wp-image-13000\" src=\"https:\/\/agora.xtec.cat\/iesmontgri\/wp-content\/uploads\/usu613\/2024\/11\/baixa-3.jpeg\" alt=\"\" width=\"22\" height=\"22\" srcset=\"https:\/\/agora.xtec.cat\/iesmontgri\/wp-content\/uploads\/usu613\/2024\/11\/baixa-3.jpeg 200w, https:\/\/agora.xtec.cat\/iesmontgri\/wp-content\/uploads\/usu613\/2024\/11\/baixa-3-150x150.jpeg 150w\" sizes=\"auto, (max-width: 22px) 100vw, 22px\" \/><\/td>\n<td style=\"width: 12.3211%; text-align: center; height: 32px;\"><\/td>\n<td style=\"width: 2.81535%; height: 32px; text-align: center;\"><\/td>\n<td style=\"width: 11.0295%; height: 32px; text-align: center;\"><\/td>\n<td style=\"width: 128.496%; height: 32px; text-align: center;\"><\/td>\n<\/tr>\n<tr style=\"height: 32px;\">\n<td style=\"width: 56.9391%; height: 29px;\">Drets i deures de l&#8217;alumnat (quadre resum)<\/td>\n<td style=\"width: 5.25045%; text-align: center; height: 29px;\"><a href=\"https:\/\/drive.google.com\/file\/d\/1e_1VmWtEWYuVLOizTdrOj2KKZCWfNliB\/view?usp=sharing\" target=\"_blank\" rel=\"noopener\"><img loading=\"lazy\" decoding=\"async\" class=\"aligncenter wp-image-13000\" src=\"https:\/\/agora.xtec.cat\/iesmontgri\/wp-content\/uploads\/usu613\/2024\/11\/baixa-3.jpeg\" alt=\"\" width=\"22\" height=\"22\" srcset=\"https:\/\/agora.xtec.cat\/iesmontgri\/wp-content\/uploads\/usu613\/2024\/11\/baixa-3.jpeg 200w, https:\/\/agora.xtec.cat\/iesmontgri\/wp-content\/uploads\/usu613\/2024\/11\/baixa-3-150x150.jpeg 150w\" sizes=\"auto, (max-width: 22px) 100vw, 22px\" \/><\/a><\/td>\n<td style=\"width: 12.3211%; text-align: center; height: 29px;\"><\/td>\n<td style=\"width: 2.81535%; height: 29px; text-align: center;\"><\/td>\n<td style=\"width: 11.0295%; height: 29px; text-align: center;\"><\/td>\n<td style=\"width: 128.496%; height: 29px; text-align: center;\"><\/td>\n<\/tr>\n<tr style=\"height: 32px;\">\n<td style=\"width: 56.9391%; height: 32px;\">Normes de conviv\u00e8ncia.<\/td>\n<td style=\"width: 5.25045%; height: 32px;\"><a href=\"https:\/\/drive.google.com\/file\/d\/1ZPwDG4pk1XqugJyAG_TQaQ5a7jOw59Ia\/view?usp=sharing\" target=\"_blank\" rel=\"noopener\"><img loading=\"lazy\" decoding=\"async\" class=\"aligncenter wp-image-13000\" src=\"https:\/\/agora.xtec.cat\/iesmontgri\/wp-content\/uploads\/usu613\/2024\/11\/baixa-3.jpeg\" alt=\"\" width=\"22\" height=\"22\" srcset=\"https:\/\/agora.xtec.cat\/iesmontgri\/wp-content\/uploads\/usu613\/2024\/11\/baixa-3.jpeg 200w, https:\/\/agora.xtec.cat\/iesmontgri\/wp-content\/uploads\/usu613\/2024\/11\/baixa-3-150x150.jpeg 150w\" sizes=\"auto, (max-width: 22px) 100vw, 22px\" \/><\/a><\/td>\n<td style=\"width: 12.3211%; height: 32px;\"><\/td>\n<td style=\"width: 2.81535%; height: 32px;\"><\/td>\n<td style=\"width: 11.0295%; height: 32px;\"><\/td>\n<td style=\"width: 128.496%; height: 32px;\"><\/td>\n<\/tr>\n<tr style=\"height: 32px;\">\n<td style=\"width: 56.9391%; height: 32px;\">Normes d&#8217;\u00fas del ordinadors a l&#8217;aula<\/td>\n<td style=\"width: 5.25045%; height: 32px;\"><a href=\"https:\/\/drive.google.com\/file\/d\/1NRB5MDZ7nNlvJ2XYwvlJRZEQdSyEnpSH\/view?usp=sharing\" target=\"_blank\" rel=\"noopener\"><img loading=\"lazy\" decoding=\"async\" class=\"aligncenter wp-image-13000\" src=\"https:\/\/agora.xtec.cat\/iesmontgri\/wp-content\/uploads\/usu613\/2024\/11\/baixa-3.jpeg\" alt=\"\" width=\"22\" height=\"22\" srcset=\"https:\/\/agora.xtec.cat\/iesmontgri\/wp-content\/uploads\/usu613\/2024\/11\/baixa-3.jpeg 200w, https:\/\/agora.xtec.cat\/iesmontgri\/wp-content\/uploads\/usu613\/2024\/11\/baixa-3-150x150.jpeg 150w\" sizes=\"auto, (max-width: 22px) 100vw, 22px\" \/><\/a><\/td>\n<td style=\"width: 12.3211%; height: 32px;\"><\/td>\n<td style=\"width: 2.81535%; height: 32px;\"><\/td>\n<td style=\"width: 11.0295%; height: 32px;\"><\/td>\n<td style=\"width: 128.496%; height: 32px;\"><\/td>\n<\/tr>\n<tr style=\"height: 49px;\">\n<td style=\"width: 216.851%; height: 49px; border-color: #803689; background-color: #803689;\" colspan=\"6\">\n<h5><span style=\"color: #ffffff;\"><strong>NORMES PRESENTACIONS DE TREBALLS<\/strong><\/span><\/h5>\n<\/td>\n<\/tr>\n<tr style=\"height: 32px;\">\n<td style=\"width: 56.9391%; height: 32px;\">Normes de presentaci\u00f3 de treballs escrits, llibre d&#8217;estil.<\/td>\n<td style=\"width: 5.25045%; height: 32px;\"><img loading=\"lazy\" decoding=\"async\" class=\"aligncenter wp-image-13000\" src=\"https:\/\/agora.xtec.cat\/iesmontgri\/wp-content\/uploads\/usu613\/2024\/11\/baixa-3.jpeg\" alt=\"\" width=\"22\" height=\"22\" srcset=\"https:\/\/agora.xtec.cat\/iesmontgri\/wp-content\/uploads\/usu613\/2024\/11\/baixa-3.jpeg 200w, https:\/\/agora.xtec.cat\/iesmontgri\/wp-content\/uploads\/usu613\/2024\/11\/baixa-3-150x150.jpeg 150w\" sizes=\"auto, (max-width: 22px) 100vw, 22px\" \/><\/td>\n<td style=\"width: 12.3211%; height: 32px; text-align: center;\">ESO<\/td>\n<td style=\"width: 2.81535%; height: 32px;\"><\/td>\n<td style=\"width: 11.0295%; height: 32px;\"><\/td>\n<td style=\"width: 128.496%; height: 32px;\"><\/td>\n<\/tr>\n<tr style=\"height: 32px;\">\n<td style=\"width: 56.9391%; height: 32px;\">Normes de presentaci\u00f3 de treballs escrits, llibre d&#8217;estil.<\/td>\n<td style=\"width: 5.25045%; height: 32px;\"><img loading=\"lazy\" decoding=\"async\" class=\"aligncenter wp-image-13000\" src=\"https:\/\/agora.xtec.cat\/iesmontgri\/wp-content\/uploads\/usu613\/2024\/11\/baixa-3.jpeg\" alt=\"\" width=\"22\" height=\"22\" srcset=\"https:\/\/agora.xtec.cat\/iesmontgri\/wp-content\/uploads\/usu613\/2024\/11\/baixa-3.jpeg 200w, https:\/\/agora.xtec.cat\/iesmontgri\/wp-content\/uploads\/usu613\/2024\/11\/baixa-3-150x150.jpeg 150w\" sizes=\"auto, (max-width: 22px) 100vw, 22px\" \/><\/td>\n<td style=\"width: 12.3211%; height: 32px; text-align: center;\">BATXILLERAT<\/td>\n<td style=\"width: 2.81535%; height: 32px;\"><\/td>\n<td style=\"width: 11.0295%; height: 32px;\"><\/td>\n<td style=\"width: 128.496%; height: 32px;\"><\/td>\n<\/tr>\n<tr style=\"height: 32px;\">\n<td style=\"width: 56.9391%; height: 32px;\">Normes de presentaci\u00f3 de treballs escrits, llibre d&#8217;estil.<\/td>\n<td style=\"width: 5.25045%; height: 32px;\"><img loading=\"lazy\" decoding=\"async\" class=\"aligncenter wp-image-13000\" src=\"https:\/\/agora.xtec.cat\/iesmontgri\/wp-content\/uploads\/usu613\/2024\/11\/baixa-3.jpeg\" alt=\"\" width=\"22\" height=\"22\" srcset=\"https:\/\/agora.xtec.cat\/iesmontgri\/wp-content\/uploads\/usu613\/2024\/11\/baixa-3.jpeg 200w, https:\/\/agora.xtec.cat\/iesmontgri\/wp-content\/uploads\/usu613\/2024\/11\/baixa-3-150x150.jpeg 150w\" sizes=\"auto, (max-width: 22px) 100vw, 22px\" \/><\/td>\n<td style=\"width: 12.3211%; height: 32px; text-align: center;\">CFGM<\/td>\n<td style=\"width: 2.81535%; height: 32px;\"><\/td>\n<td style=\"width: 11.0295%; height: 32px;\"><\/td>\n<td style=\"width: 128.496%; height: 32px;\"><\/td>\n<\/tr>\n<tr style=\"height: 38px;\">\n<td style=\"width: 56.9391%; height: 38px;\">Normes de presentaci\u00f3 de treballs escrits, llibre d&#8217;estil.<\/td>\n<td style=\"width: 5.25045%; height: 38px;\"><img loading=\"lazy\" decoding=\"async\" class=\"aligncenter wp-image-13000\" src=\"https:\/\/agora.xtec.cat\/iesmontgri\/wp-content\/uploads\/usu613\/2024\/11\/baixa-3.jpeg\" alt=\"\" width=\"22\" height=\"22\" srcset=\"https:\/\/agora.xtec.cat\/iesmontgri\/wp-content\/uploads\/usu613\/2024\/11\/baixa-3.jpeg 200w, https:\/\/agora.xtec.cat\/iesmontgri\/wp-content\/uploads\/usu613\/2024\/11\/baixa-3-150x150.jpeg 150w\" sizes=\"auto, (max-width: 22px) 100vw, 22px\" \/><\/td>\n<td style=\"width: 12.3211%; text-align: center; height: 38px;\">CFGS<\/td>\n<td style=\"width: 2.81535%; height: 38px;\"><\/td>\n<td style=\"width: 11.0295%; height: 38px;\"><\/td>\n<td style=\"width: 128.496%; height: 38px;\"><\/td>\n<\/tr>\n<\/tbody>\n<\/table>\n<pre><\/pre>\n","protected":false},"excerpt":{"rendered":"<p>IMPRESOS ALUMNAT DOC ESTUDIS SOL\u00b7LICITANT ENTREGA CONSERVACI\u00d3 Justificar faltes d\u2019assist\u00e8ncia de l\u2019alumnat.. ESO\/BAT\/CF Alumne\/a Tutor\/a Tutor\/a Informaci\u00f3 i assumpci\u00f3 de responsabilitats davant de les llargues abs\u00e8ncies durant el curs. ESO\/BAT\/CF Fam\u00edlies Tutor\/a Tutor\/a Carta model de comprom\u00eds educatiu. ESO\/BAT\/CF Fam\u00edlies Tutor\/a Expedient alumne\/a Contracte lloguer armariet ESO\/BAT\/CF Alumne\/a Secretaria Secretaria INFORMACI\u00d3 PER A L&#8217;ALUMNAT Protocol [&hellip;]<\/p>\n","protected":false},"author":22,"featured_media":0,"parent":0,"menu_order":0,"comment_status":"closed","ping_status":"closed","template":"","meta":{"_bbp_topic_count":0,"_bbp_reply_count":0,"_bbp_total_topic_count":0,"_bbp_total_reply_count":0,"_bbp_voice_count":0,"_bbp_anonymous_reply_count":0,"_bbp_topic_count_hidden":0,"_bbp_reply_count_hidden":0,"_bbp_forum_subforum_count":0,"site-sidebar-layout":"default","site-content-layout":"","ast-site-content-layout":"","site-content-style":"default","site-sidebar-style":"default","ast-global-header-display":"","ast-banner-title-visibility":"","ast-main-header-display":"","ast-hfb-above-header-display":"","ast-hfb-below-header-display":"","ast-hfb-mobile-header-display":"","site-post-title":"","ast-breadcrumbs-content":"","ast-featured-img":"","footer-sml-layout":"","theme-transparent-header-meta":"","adv-header-id-meta":"","stick-header-meta":"","header-above-stick-meta":"","header-main-stick-meta":"","header-below-stick-meta":"","astra-migrate-meta-layouts":"default","ast-page-background-enabled":"default","ast-page-background-meta":{"desktop":{"background-color":"var(--ast-global-color-4)","background-image":"","background-repeat":"repeat","background-position":"center center","background-size":"auto","background-attachment":"scroll","background-type":"","background-media":"","overlay-type":"","overlay-color":"","overlay-opacity":"","overlay-gradient":""},"tablet":{"background-color":"","background-image":"","background-repeat":"repeat","background-position":"center center","background-size":"auto","background-attachment":"scroll","background-type":"","background-media":"","overlay-type":"","overlay-color":"","overlay-opacity":"","overlay-gradient":""},"mobile":{"background-color":"","background-image":"","background-repeat":"repeat","background-position":"center center","background-size":"auto","background-attachment":"scroll","background-type":"","background-media":"","overlay-type":"","overlay-color":"","overlay-opacity":"","overlay-gradient":""}},"ast-content-background-meta":{"desktop":{"background-color":"var(--ast-global-color-5)","background-image":"","background-repeat":"repeat","background-position":"center center","background-size":"auto","background-attachment":"scroll","background-type":"","background-media":"","overlay-type":"","overlay-color":"","overlay-opacity":"","overlay-gradient":""},"tablet":{"background-color":"var(--ast-global-color-5)","background-image":"","background-repeat":"repeat","background-position":"center center","background-size":"auto","background-attachment":"scroll","background-type":"","background-media":"","overlay-type":"","overlay-color":"","overlay-opacity":"","overlay-gradient":""},"mobile":{"background-color":"var(--ast-global-color-5)","background-image":"","background-repeat":"repeat","background-position":"center center","background-size":"auto","background-attachment":"scroll","background-type":"","background-media":"","overlay-type":"","overlay-color":"","overlay-opacity":"","overlay-gradient":""}},"footnotes":""},"class_list":["post-12787","page","type-page","status-publish","hentry"],"post_mailing_queue_ids":[],"_links":{"self":[{"href":"https:\/\/agora.xtec.cat\/iesmontgri\/wp-json\/wp\/v2\/pages\/12787","targetHints":{"allow":["GET"]}}],"collection":[{"href":"https:\/\/agora.xtec.cat\/iesmontgri\/wp-json\/wp\/v2\/pages"}],"about":[{"href":"https:\/\/agora.xtec.cat\/iesmontgri\/wp-json\/wp\/v2\/types\/page"}],"author":[{"embeddable":true,"href":"https:\/\/agora.xtec.cat\/iesmontgri\/wp-json\/wp\/v2\/users\/22"}],"replies":[{"embeddable":true,"href":"https:\/\/agora.xtec.cat\/iesmontgri\/wp-json\/wp\/v2\/comments?post=12787"}],"version-history":[{"count":7,"href":"https:\/\/agora.xtec.cat\/iesmontgri\/wp-json\/wp\/v2\/pages\/12787\/revisions"}],"predecessor-version":[{"id":13176,"href":"https:\/\/agora.xtec.cat\/iesmontgri\/wp-json\/wp\/v2\/pages\/12787\/revisions\/13176"}],"wp:attachment":[{"href":"https:\/\/agora.xtec.cat\/iesmontgri\/wp-json\/wp\/v2\/media?parent=12787"}],"curies":[{"name":"wp","href":"https:\/\/api.w.org\/{rel}","templated":true}]}}