{"id":11712,"date":"2024-03-05T22:12:33","date_gmt":"2024-03-05T21:12:33","guid":{"rendered":"https:\/\/agora.xtec.cat\/iesmontgri\/?page_id=11712"},"modified":"2025-09-20T08:42:00","modified_gmt":"2025-09-20T06:42:00","slug":"plantilles-pqimc","status":"publish","type":"page","link":"https:\/\/agora.xtec.cat\/iesmontgri\/professorat\/plantilles-pqimc\/","title":{"rendered":"PLANTILLES DOCUMENTACI\u00d3"},"content":{"rendered":"<table style=\"border-collapse: collapse; width: 86.0307%; height: 268px;\">\n<tbody>\n<tr style=\"height: 28px;\">\n<td style=\"width: 50%; height: 28px;\">\n<h6><a href=\"https:\/\/docs.google.com\/document\/d\/1_ac93--1VHP392NRbC7cl5-_U8KMidhAh8lEflYVR-4\/edit?usp=sharing&amp;urp=gmail_link\" target=\"_blank\" rel=\"noopener\">Procediment control de la documentaci\u00f3<\/a><\/h6>\n<\/td>\n<td style=\"width: 50%; height: 28px;\">\n<h6><a href=\"https:\/\/drive.google.com\/drive\/folders\/14cUIioWEVrTbrF1H_8wNo9uSdN4cg4nr\" target=\"_blank\" rel=\"noopener\">\u00a0Plantilles Actes , convocat\u00f2ries i seguiment d&#8217;acords presos<\/a><\/h6>\n<\/td>\n<\/tr>\n<tr style=\"height: 28px;\">\n<td style=\"width: 50%; height: 28px;\">\n<h6><a href=\"https:\/\/drive.google.com\/file\/d\/13Y1XRQvQ_l-T5xrU54V9xAeE7ahxcvgP\/view?usp=sharing\" target=\"_blank\" rel=\"noopener\">Manual imatge corporativa Institut Montgr\u00ed<\/a><\/h6>\n<\/td>\n<td style=\"width: 50%; height: 28px;\">\n<h6><a href=\"https:\/\/docs.google.com\/spreadsheets\/d\/1PlY6bcwJsVkf-tYwDH4_GhI0aw5hfnRz\/edit#gid=1000927981\" target=\"_blank\" rel=\"noopener\">Plantilles acords presos actes de les reunions<\/a><\/h6>\n<\/td>\n<\/tr>\n<tr style=\"height: 28px;\">\n<td style=\"width: 50%; height: 28px;\">\n<h6><a href=\"https:\/\/drive.google.com\/drive\/folders\/1ddCymRMhKM7rGropgFsBfPfpilv-RORd\" target=\"_blank\" rel=\"noopener\">Plantilles cartes i documents<\/a><\/h6>\n<\/td>\n<td style=\"width: 50%; height: 28px;\">\n<h6><a href=\"https:\/\/drive.google.com\/drive\/folders\/1tOpbs0CpUyfm2fmgEmir94N4Xb0U6gFc\" target=\"_blank\" rel=\"noopener\">Plantilles Programacions<\/a><\/h6>\n<\/td>\n<\/tr>\n<tr style=\"height: 28px;\">\n<td style=\"width: 50%; height: 28px;\">\n<h6><a href=\"https:\/\/drive.google.com\/drive\/folders\/1ZqQ9CEVUUNCVROZQJUWrhu9PMQjMt_yd\" target=\"_blank\" rel=\"noopener\">Plantilla documentaci\u00f3 estrat\u00e8gica<\/a><\/h6>\n<\/td>\n<td style=\"width: 50%; height: 46px;\">\n<h6><a href=\"https:\/\/docs.google.com\/document\/d\/19K0O9jGlgzbgjl84ZLZ9U5zcFMaOKSSBNT9HmXs7MDI\/edit\" target=\"_blank\" rel=\"noopener\">Plantilles mem\u00f2ries departaments<\/a><\/h6>\n<\/td>\n<\/tr>\n<tr style=\"height: 46px;\">\n<td style=\"width: 50%; height: 46px;\">\n<h6><a href=\"https:\/\/drive.google.com\/drive\/folders\/1z05BO-KJH_ZBydOSUpK5K4ecKw8vHQZu\" target=\"_blank\" rel=\"noopener\"> Plantilles documentaci\u00f3 de centre<\/a><\/h6>\n<\/td>\n<td style=\"width: 50%; height: 46px;\">\n<h6><a href=\"https:\/\/drive.google.com\/drive\/folders\/1drCZQ-hpZiDkLgfvb-S-H7RAw_Rs7mej\" target=\"_blank\" rel=\"noopener\">Plantilles informes valoraci\u00f3 i seguiment programacions<\/a><\/h6>\n<\/td>\n<\/tr>\n<tr style=\"height: 46px;\">\n<td style=\"width: 50%; height: 46px;\">\n<h6><a href=\"https:\/\/drive.google.com\/drive\/folders\/1f1ZdWrbbFRyuNQsxLBy3uSB9Dj5doxA5\" target=\"_blank\" rel=\"noopener\"> Plantilla signatura correu electr\u00f2nic<\/a><\/h6>\n<\/td>\n<td style=\"width: 50%; height: 46px;\">\n<h6><a href=\"https:\/\/docs.google.com\/document\/d\/19K0O9jGlgzbgjl84ZLZ9U5zcFMaOKSSBNT9HmXs7MDI\/edit\" target=\"_blank\" rel=\"noopener\">Plantilles mem\u00f2ries departaments<\/a><\/h6>\n<\/td>\n<\/tr>\n<tr style=\"height: 46px;\">\n<td style=\"width: 50%; height: 46px;\">\n<h6><a href=\"https:\/\/drive.google.com\/drive\/folders\/1LDSd1pRzT136NQSU95saUURGHGBG9Cc4\" target=\"_blank\" rel=\"noopener\">Plantilla presentacions\u00a0<\/a><\/h6>\n<\/td>\n<td style=\"width: 50%; height: 46px;\">\n<h6>\u00a0Plantilles Plans individualitzats<\/h6>\n<\/td>\n<\/tr>\n<\/tbody>\n<\/table>\n<p><img loading=\"lazy\" decoding=\"async\" class=\"size-large wp-image-11791 alignleft\" src=\"https:\/\/agora.xtec.cat\/iesmontgri\/wp-content\/uploads\/usu613\/2024\/03\/Arcs-institut-01-1024x176.png\" alt=\"\" width=\"1024\" height=\"176\" srcset=\"https:\/\/agora.xtec.cat\/iesmontgri\/wp-content\/uploads\/usu613\/2024\/03\/Arcs-institut-01-1024x176.png 1024w, https:\/\/agora.xtec.cat\/iesmontgri\/wp-content\/uploads\/usu613\/2024\/03\/Arcs-institut-01-300x51.png 300w, https:\/\/agora.xtec.cat\/iesmontgri\/wp-content\/uploads\/usu613\/2024\/03\/Arcs-institut-01-768x132.png 768w, https:\/\/agora.xtec.cat\/iesmontgri\/wp-content\/uploads\/usu613\/2024\/03\/Arcs-institut-01-1536x264.png 1536w, https:\/\/agora.xtec.cat\/iesmontgri\/wp-content\/uploads\/usu613\/2024\/03\/Arcs-institut-01.png 1754w\" sizes=\"auto, (max-width: 1024px) 100vw, 1024px\" \/><\/p>\n","protected":false},"excerpt":{"rendered":"<p>Procediment control de la documentaci\u00f3 \u00a0Plantilles Actes , convocat\u00f2ries i seguiment d&#8217;acords presos Manual imatge corporativa Institut Montgr\u00ed Plantilles acords presos actes de les reunions Plantilles cartes i documents Plantilles Programacions Plantilla documentaci\u00f3 estrat\u00e8gica Plantilles mem\u00f2ries departaments Plantilles documentaci\u00f3 de centre Plantilles informes valoraci\u00f3 i seguiment programacions Plantilla signatura correu electr\u00f2nic Plantilles mem\u00f2ries departaments Plantilla [&hellip;]<\/p>\n","protected":false},"author":22,"featured_media":0,"parent":11700,"menu_order":7,"comment_status":"closed","ping_status":"closed","template":"page-templates\/side-menu.php","meta":{"_bbp_topic_count":0,"_bbp_reply_count":0,"_bbp_total_topic_count":0,"_bbp_total_reply_count":0,"_bbp_voice_count":0,"_bbp_anonymous_reply_count":0,"_bbp_topic_count_hidden":0,"_bbp_reply_count_hidden":0,"_bbp_forum_subforum_count":0,"site-sidebar-layout":"default","site-content-layout":"","ast-site-content-layout":"","site-content-style":"default","site-sidebar-style":"default","ast-global-header-display":"","ast-banner-title-visibility":"","ast-main-header-display":"","ast-hfb-above-header-display":"","ast-hfb-below-header-display":"","ast-hfb-mobile-header-display":"","site-post-title":"","ast-breadcrumbs-content":"","ast-featured-img":"","footer-sml-layout":"","theme-transparent-header-meta":"","adv-header-id-meta":"","stick-header-meta":"","header-above-stick-meta":"","header-main-stick-meta":"","header-below-stick-meta":"","astra-migrate-meta-layouts":"default","ast-page-background-enabled":"default","ast-page-background-meta":{"desktop":{"background-color":"var(--ast-global-color-4)","background-image":"","background-repeat":"repeat","background-position":"center center","background-size":"auto","background-attachment":"scroll","background-type":"","background-media":"","overlay-type":"","overlay-color":"","overlay-opacity":"","overlay-gradient":""},"tablet":{"background-color":"","background-image":"","background-repeat":"repeat","background-position":"center center","background-size":"auto","background-attachment":"scroll","background-type":"","background-media":"","overlay-type":"","overlay-color":"","overlay-opacity":"","overlay-gradient":""},"mobile":{"background-color":"","background-image":"","background-repeat":"repeat","background-position":"center center","background-size":"auto","background-attachment":"scroll","background-type":"","background-media":"","overlay-type":"","overlay-color":"","overlay-opacity":"","overlay-gradient":""}},"ast-content-background-meta":{"desktop":{"background-color":"var(--ast-global-color-5)","background-image":"","background-repeat":"repeat","background-position":"center center","background-size":"auto","background-attachment":"scroll","background-type":"","background-media":"","overlay-type":"","overlay-color":"","overlay-opacity":"","overlay-gradient":""},"tablet":{"background-color":"var(--ast-global-color-5)","background-image":"","background-repeat":"repeat","background-position":"center center","background-size":"auto","background-attachment":"scroll","background-type":"","background-media":"","overlay-type":"","overlay-color":"","overlay-opacity":"","overlay-gradient":""},"mobile":{"background-color":"var(--ast-global-color-5)","background-image":"","background-repeat":"repeat","background-position":"center center","background-size":"auto","background-attachment":"scroll","background-type":"","background-media":"","overlay-type":"","overlay-color":"","overlay-opacity":"","overlay-gradient":""}},"footnotes":""},"class_list":["post-11712","page","type-page","status-publish","hentry"],"post_mailing_queue_ids":[],"_links":{"self":[{"href":"https:\/\/agora.xtec.cat\/iesmontgri\/wp-json\/wp\/v2\/pages\/11712","targetHints":{"allow":["GET"]}}],"collection":[{"href":"https:\/\/agora.xtec.cat\/iesmontgri\/wp-json\/wp\/v2\/pages"}],"about":[{"href":"https:\/\/agora.xtec.cat\/iesmontgri\/wp-json\/wp\/v2\/types\/page"}],"author":[{"embeddable":true,"href":"https:\/\/agora.xtec.cat\/iesmontgri\/wp-json\/wp\/v2\/users\/22"}],"replies":[{"embeddable":true,"href":"https:\/\/agora.xtec.cat\/iesmontgri\/wp-json\/wp\/v2\/comments?post=11712"}],"version-history":[{"count":7,"href":"https:\/\/agora.xtec.cat\/iesmontgri\/wp-json\/wp\/v2\/pages\/11712\/revisions"}],"predecessor-version":[{"id":14547,"href":"https:\/\/agora.xtec.cat\/iesmontgri\/wp-json\/wp\/v2\/pages\/11712\/revisions\/14547"}],"up":[{"embeddable":true,"href":"https:\/\/agora.xtec.cat\/iesmontgri\/wp-json\/wp\/v2\/pages\/11700"}],"wp:attachment":[{"href":"https:\/\/agora.xtec.cat\/iesmontgri\/wp-json\/wp\/v2\/media?parent=11712"}],"curies":[{"name":"wp","href":"https:\/\/api.w.org\/{rel}","templated":true}]}}