{"id":10792,"date":"2023-06-19T12:20:34","date_gmt":"2023-06-19T10:20:34","guid":{"rendered":"https:\/\/agora.xtec.cat\/iesmontgri\/?page_id=10792"},"modified":"2025-06-18T23:07:51","modified_gmt":"2025-06-18T21:07:51","slug":"matricula-2n-eso","status":"publish","type":"page","link":"https:\/\/agora.xtec.cat\/iesmontgri\/secretaria\/matriculacio\/eso\/matricula-2n-eso\/","title":{"rendered":"Matr\u00edcula 2n ESO"},"content":{"rendered":"<h6><strong>Alumnat que ha cursat 1r ESO a l&#8217;institut<\/strong><\/h6>\n<table style=\"border-collapse: collapse; width: 39.4167%; height: 20px;\">\n<tbody>\n<tr style=\"height: 32px;\">\n<td style=\"width: 62.5132%; height: 10px; border-color: #af85bb; border-style: solid;\">\n<h5>Rebut material i sortides\u00a02n d&#8217;ESO<\/h5>\n<\/td>\n<td style=\"width: 18.7802%; height: 10px; border-color: #af85bb; border-style: solid;\"><a href=\"https:\/\/docs.google.com\/document\/d\/11mqINWdpMzJ3JhbGYAOoanixN_FFT-SH\/edit?usp=sharing&amp;ouid=113689273214325466188&amp;rtpof=true&amp;sd=true\" target=\"_blank\" rel=\"noopener\"><img loading=\"lazy\" decoding=\"async\" class=\"aligncenter size-large wp-image-13560\" src=\"https:\/\/agora.xtec.cat\/iesmontgri\/wp-content\/uploads\/usu613\/2025\/06\/Copia-de-MATRICULA-2-1024x512.jpg\" alt=\"\" width=\"1024\" height=\"512\" srcset=\"https:\/\/agora.xtec.cat\/iesmontgri\/wp-content\/uploads\/usu613\/2025\/06\/Copia-de-MATRICULA-2-1024x512.jpg 1024w, https:\/\/agora.xtec.cat\/iesmontgri\/wp-content\/uploads\/usu613\/2025\/06\/Copia-de-MATRICULA-2-300x150.jpg 300w, https:\/\/agora.xtec.cat\/iesmontgri\/wp-content\/uploads\/usu613\/2025\/06\/Copia-de-MATRICULA-2-768x384.jpg 768w, https:\/\/agora.xtec.cat\/iesmontgri\/wp-content\/uploads\/usu613\/2025\/06\/Copia-de-MATRICULA-2.jpg 1181w\" sizes=\"auto, (max-width: 1024px) 100vw, 1024px\" \/><\/a><\/td>\n<\/tr>\n<tr style=\"height: 44px;\">\n<td style=\"width: 62.5132%; height: 10px; background-color: #ffffff; border-color: #af85bb; border-style: solid;\">\n<h5>Material\u00a02n d&#8217;ESO<\/h5>\n<\/td>\n<td style=\"width: 18.7802%; height: 10px; background-color: #ffffff; border-color: #af85bb; border-style: solid;\"><a href=\"https:\/\/docs.google.com\/document\/d\/1qPdhoetAp-CUK02l0TN8uQfI1zRSyaou2D3KqjWbPno\/edit?usp=sharing\" target=\"_blank\" rel=\"noopener\"><img loading=\"lazy\" decoding=\"async\" class=\"aligncenter size-large wp-image-13560\" src=\"https:\/\/agora.xtec.cat\/iesmontgri\/wp-content\/uploads\/usu613\/2025\/06\/Copia-de-MATRICULA-2-1024x512.jpg\" alt=\"\" width=\"1024\" height=\"512\" srcset=\"https:\/\/agora.xtec.cat\/iesmontgri\/wp-content\/uploads\/usu613\/2025\/06\/Copia-de-MATRICULA-2-1024x512.jpg 1024w, https:\/\/agora.xtec.cat\/iesmontgri\/wp-content\/uploads\/usu613\/2025\/06\/Copia-de-MATRICULA-2-300x150.jpg 300w, https:\/\/agora.xtec.cat\/iesmontgri\/wp-content\/uploads\/usu613\/2025\/06\/Copia-de-MATRICULA-2-768x384.jpg 768w, https:\/\/agora.xtec.cat\/iesmontgri\/wp-content\/uploads\/usu613\/2025\/06\/Copia-de-MATRICULA-2.jpg 1181w\" sizes=\"auto, (max-width: 1024px) 100vw, 1024px\" \/><\/a><\/td>\n<\/tr>\n<\/tbody>\n<\/table>\n<h6><\/h6>\n<h6><strong>Alumnat de nova incorporaci\u00f3 a l&#8217;institut<\/strong><\/h6>\n<table style=\"border-collapse: collapse; width: 39.4167%; height: 10px;\">\n<tbody>\n<tr style=\"height: 44px;\">\n<td style=\"width: 62.5132%; height: 10px; border-color: #af85bb; border-style: solid; background-color: #e3d7eb;\">\n<h5>Instruccions matr\u00edcula 2n d&#8217;ESO<\/h5>\n<\/td>\n<td style=\"width: 18.7802%; height: 10px; border-color: #af85bb; border-style: solid;\"><a href=\"https:\/\/docs.google.com\/document\/d\/1yK2BVZHBy5OnHVacaxxxejFoUESLcIu3J0Zms0ghA2I\/edit?usp=sharing\" target=\"_blank\" rel=\"noopener\"><img loading=\"lazy\" decoding=\"async\" class=\"aligncenter size-large wp-image-13560\" src=\"https:\/\/agora.xtec.cat\/iesmontgri\/wp-content\/uploads\/usu613\/2025\/06\/Copia-de-MATRICULA-2-1024x512.jpg\" alt=\"\" width=\"1024\" height=\"512\" srcset=\"https:\/\/agora.xtec.cat\/iesmontgri\/wp-content\/uploads\/usu613\/2025\/06\/Copia-de-MATRICULA-2-1024x512.jpg 1024w, https:\/\/agora.xtec.cat\/iesmontgri\/wp-content\/uploads\/usu613\/2025\/06\/Copia-de-MATRICULA-2-300x150.jpg 300w, https:\/\/agora.xtec.cat\/iesmontgri\/wp-content\/uploads\/usu613\/2025\/06\/Copia-de-MATRICULA-2-768x384.jpg 768w, https:\/\/agora.xtec.cat\/iesmontgri\/wp-content\/uploads\/usu613\/2025\/06\/Copia-de-MATRICULA-2.jpg 1181w\" sizes=\"auto, (max-width: 1024px) 100vw, 1024px\" \/><\/a><\/td>\n<\/tr>\n<tr style=\"height: 44px;\">\n<td style=\"width: 62.5132%; height: 44px; background-color: #ffffff; border-color: #af85bb; border-style: solid;\">\n<h5>Impr\u00e8s matr\u00edcula 2n d&#8217;ESO<\/h5>\n<\/td>\n<td style=\"width: 18.7802%; height: 44px; background-color: #ffffff; border-color: #af85bb; border-style: solid;\"><a href=\"https:\/\/docs.google.com\/document\/d\/1Y9LaKhlIqcsnspXXXel-KFGO45IebX_sRD-kqRZlohU\/edit?usp=sharing\" target=\"_blank\" rel=\"noopener\"><img loading=\"lazy\" decoding=\"async\" class=\"aligncenter size-large wp-image-13560\" src=\"https:\/\/agora.xtec.cat\/iesmontgri\/wp-content\/uploads\/usu613\/2025\/06\/Copia-de-MATRICULA-2-1024x512.jpg\" alt=\"\" width=\"1024\" height=\"512\" srcset=\"https:\/\/agora.xtec.cat\/iesmontgri\/wp-content\/uploads\/usu613\/2025\/06\/Copia-de-MATRICULA-2-1024x512.jpg 1024w, https:\/\/agora.xtec.cat\/iesmontgri\/wp-content\/uploads\/usu613\/2025\/06\/Copia-de-MATRICULA-2-300x150.jpg 300w, https:\/\/agora.xtec.cat\/iesmontgri\/wp-content\/uploads\/usu613\/2025\/06\/Copia-de-MATRICULA-2-768x384.jpg 768w, https:\/\/agora.xtec.cat\/iesmontgri\/wp-content\/uploads\/usu613\/2025\/06\/Copia-de-MATRICULA-2.jpg 1181w\" sizes=\"auto, (max-width: 1024px) 100vw, 1024px\" \/><\/a><\/td>\n<\/tr>\n<tr style=\"height: 32px;\">\n<td style=\"width: 62.5132%; height: 10px; border-color: #af85bb; border-style: solid;\">\n<h5>Rebut material i sortides\u00a02n d&#8217;ESO<\/h5>\n<\/td>\n<td style=\"width: 18.7802%; height: 10px; border-color: #af85bb; border-style: solid;\"><a href=\"https:\/\/docs.google.com\/document\/d\/11mqINWdpMzJ3JhbGYAOoanixN_FFT-SH\/edit?usp=sharing&amp;ouid=113689273214325466188&amp;rtpof=true&amp;sd=true\" target=\"_blank\" rel=\"noopener\"><img loading=\"lazy\" decoding=\"async\" class=\"aligncenter size-large wp-image-13560\" src=\"https:\/\/agora.xtec.cat\/iesmontgri\/wp-content\/uploads\/usu613\/2025\/06\/Copia-de-MATRICULA-2-1024x512.jpg\" alt=\"\" width=\"1024\" height=\"512\" srcset=\"https:\/\/agora.xtec.cat\/iesmontgri\/wp-content\/uploads\/usu613\/2025\/06\/Copia-de-MATRICULA-2-1024x512.jpg 1024w, https:\/\/agora.xtec.cat\/iesmontgri\/wp-content\/uploads\/usu613\/2025\/06\/Copia-de-MATRICULA-2-300x150.jpg 300w, https:\/\/agora.xtec.cat\/iesmontgri\/wp-content\/uploads\/usu613\/2025\/06\/Copia-de-MATRICULA-2-768x384.jpg 768w, https:\/\/agora.xtec.cat\/iesmontgri\/wp-content\/uploads\/usu613\/2025\/06\/Copia-de-MATRICULA-2.jpg 1181w\" sizes=\"auto, (max-width: 1024px) 100vw, 1024px\" \/><\/a><\/td>\n<\/tr>\n<tr style=\"height: 44px;\">\n<td style=\"width: 62.5132%; height: 10px; background-color: #ffffff; border-color: #af85bb; border-style: solid;\">\n<h5>Material\u00a02n d&#8217;ESO<\/h5>\n<\/td>\n<td style=\"width: 18.7802%; height: 10px; background-color: #ffffff; border-color: #af85bb; border-style: solid;\"><a href=\"https:\/\/docs.google.com\/document\/d\/1qPdhoetAp-CUK02l0TN8uQfI1zRSyaou2D3KqjWbPno\/edit?usp=sharing\" target=\"_blank\" rel=\"noopener\"><img loading=\"lazy\" decoding=\"async\" class=\"aligncenter size-large wp-image-13560\" src=\"https:\/\/agora.xtec.cat\/iesmontgri\/wp-content\/uploads\/usu613\/2025\/06\/Copia-de-MATRICULA-2-1024x512.jpg\" alt=\"\" width=\"1024\" height=\"512\" srcset=\"https:\/\/agora.xtec.cat\/iesmontgri\/wp-content\/uploads\/usu613\/2025\/06\/Copia-de-MATRICULA-2-1024x512.jpg 1024w, https:\/\/agora.xtec.cat\/iesmontgri\/wp-content\/uploads\/usu613\/2025\/06\/Copia-de-MATRICULA-2-300x150.jpg 300w, https:\/\/agora.xtec.cat\/iesmontgri\/wp-content\/uploads\/usu613\/2025\/06\/Copia-de-MATRICULA-2-768x384.jpg 768w, https:\/\/agora.xtec.cat\/iesmontgri\/wp-content\/uploads\/usu613\/2025\/06\/Copia-de-MATRICULA-2.jpg 1181w\" sizes=\"auto, (max-width: 1024px) 100vw, 1024px\" \/><\/a><\/td>\n<\/tr>\n<\/tbody>\n<\/table>\n<p>&nbsp;<\/p>\n","protected":false},"excerpt":{"rendered":"<p>Alumnat que ha cursat 1r ESO a l&#8217;institut Rebut material i sortides\u00a02n d&#8217;ESO Material\u00a02n d&#8217;ESO Alumnat de nova incorporaci\u00f3 a l&#8217;institut Instruccions matr\u00edcula 2n d&#8217;ESO Impr\u00e8s matr\u00edcula 2n d&#8217;ESO Rebut material i sortides\u00a02n d&#8217;ESO Material\u00a02n d&#8217;ESO &nbsp;<\/p>\n","protected":false},"author":22,"featured_media":0,"parent":10620,"menu_order":0,"comment_status":"closed","ping_status":"closed","template":"page-templates\/side-menu.php","meta":{"_bbp_topic_count":0,"_bbp_reply_count":0,"_bbp_total_topic_count":0,"_bbp_total_reply_count":0,"_bbp_voice_count":0,"_bbp_anonymous_reply_count":0,"_bbp_topic_count_hidden":0,"_bbp_reply_count_hidden":0,"_bbp_forum_subforum_count":0,"site-sidebar-layout":"default","site-content-layout":"","ast-site-content-layout":"","site-content-style":"default","site-sidebar-style":"default","ast-global-header-display":"","ast-banner-title-visibility":"","ast-main-header-display":"","ast-hfb-above-header-display":"","ast-hfb-below-header-display":"","ast-hfb-mobile-header-display":"","site-post-title":"","ast-breadcrumbs-content":"","ast-featured-img":"","footer-sml-layout":"","theme-transparent-header-meta":"","adv-header-id-meta":"","stick-header-meta":"","header-above-stick-meta":"","header-main-stick-meta":"","header-below-stick-meta":"","astra-migrate-meta-layouts":"default","ast-page-background-enabled":"default","ast-page-background-meta":{"desktop":{"background-color":"var(--ast-global-color-4)","background-image":"","background-repeat":"repeat","background-position":"center center","background-size":"auto","background-attachment":"scroll","background-type":"","background-media":"","overlay-type":"","overlay-color":"","overlay-opacity":"","overlay-gradient":""},"tablet":{"background-color":"","background-image":"","background-repeat":"repeat","background-position":"center center","background-size":"auto","background-attachment":"scroll","background-type":"","background-media":"","overlay-type":"","overlay-color":"","overlay-opacity":"","overlay-gradient":""},"mobile":{"background-color":"","background-image":"","background-repeat":"repeat","background-position":"center center","background-size":"auto","background-attachment":"scroll","background-type":"","background-media":"","overlay-type":"","overlay-color":"","overlay-opacity":"","overlay-gradient":""}},"ast-content-background-meta":{"desktop":{"background-color":"var(--ast-global-color-5)","background-image":"","background-repeat":"repeat","background-position":"center center","background-size":"auto","background-attachment":"scroll","background-type":"","background-media":"","overlay-type":"","overlay-color":"","overlay-opacity":"","overlay-gradient":""},"tablet":{"background-color":"var(--ast-global-color-5)","background-image":"","background-repeat":"repeat","background-position":"center center","background-size":"auto","background-attachment":"scroll","background-type":"","background-media":"","overlay-type":"","overlay-color":"","overlay-opacity":"","overlay-gradient":""},"mobile":{"background-color":"var(--ast-global-color-5)","background-image":"","background-repeat":"repeat","background-position":"center center","background-size":"auto","background-attachment":"scroll","background-type":"","background-media":"","overlay-type":"","overlay-color":"","overlay-opacity":"","overlay-gradient":""}},"footnotes":""},"class_list":["post-10792","page","type-page","status-publish","hentry"],"post_mailing_queue_ids":[],"_links":{"self":[{"href":"https:\/\/agora.xtec.cat\/iesmontgri\/wp-json\/wp\/v2\/pages\/10792","targetHints":{"allow":["GET"]}}],"collection":[{"href":"https:\/\/agora.xtec.cat\/iesmontgri\/wp-json\/wp\/v2\/pages"}],"about":[{"href":"https:\/\/agora.xtec.cat\/iesmontgri\/wp-json\/wp\/v2\/types\/page"}],"author":[{"embeddable":true,"href":"https:\/\/agora.xtec.cat\/iesmontgri\/wp-json\/wp\/v2\/users\/22"}],"replies":[{"embeddable":true,"href":"https:\/\/agora.xtec.cat\/iesmontgri\/wp-json\/wp\/v2\/comments?post=10792"}],"version-history":[{"count":7,"href":"https:\/\/agora.xtec.cat\/iesmontgri\/wp-json\/wp\/v2\/pages\/10792\/revisions"}],"predecessor-version":[{"id":13681,"href":"https:\/\/agora.xtec.cat\/iesmontgri\/wp-json\/wp\/v2\/pages\/10792\/revisions\/13681"}],"up":[{"embeddable":true,"href":"https:\/\/agora.xtec.cat\/iesmontgri\/wp-json\/wp\/v2\/pages\/10620"}],"wp:attachment":[{"href":"https:\/\/agora.xtec.cat\/iesmontgri\/wp-json\/wp\/v2\/media?parent=10792"}],"curies":[{"name":"wp","href":"https:\/\/api.w.org\/{rel}","templated":true}]}}