{"id":10699,"date":"2023-06-17T10:12:51","date_gmt":"2023-06-17T08:12:51","guid":{"rendered":"https:\/\/agora.xtec.cat\/iesmontgri\/?page_id=10699"},"modified":"2024-07-12T09:55:21","modified_gmt":"2024-07-12T07:55:21","slug":"cicles-formatius-de-grau-superior-matricula-2023-24","status":"publish","type":"page","link":"https:\/\/agora.xtec.cat\/iesmontgri\/secretaria\/matriculacio\/cicles-formatius-grau-mitja-2\/cicles-formatius-de-grau-superior-matricula-2023-24\/","title":{"rendered":"CICLES FORMATIUS DE GRAU SUPERIOR &#8211; MATR\u00cdCULA 2024\/25"},"content":{"rendered":"<h4><\/h4>\n<h5><strong>MATR\u00cdCULA<\/strong><\/h5>\n<ul>\n<li>\n<h5><a href=\"https:\/\/agora.xtec.cat\/iesmontgri\/secretaria\/matriculacio\/cicles-formatius-grau-mitja-2\/cicles-formatius-de-grau-superior-matricula-2023-24\/cfgs-marqueting-i-publicitat\/\">CFGS M\u00e0rqueting i Publicitat<\/a><\/h5>\n<\/li>\n<\/ul>\n<pre><\/pre>\n<h5><\/h5>\n<p>&nbsp;<\/p>\n<pre><\/pre>\n<h5><strong>INFORMACI\u00d3<\/strong><\/h5>\n<div class=\"NG-menu__wrapper_title\" role=\"main\">\n<ul>\n<li class=\"NG-menu__title\"><a href=\"https:\/\/preinscripcio.gencat.cat\/ca\/estudis\/fp-grau-superior\/matriculat\/formalitzacio\/\">Formalitza la matr\u00edcula al centre educatiu.<\/a><\/li>\n<li>El per\u00edode de matriculaci\u00f3 dels cicles de formaci\u00f3 professional de grau superior per als alumnes preinscrits amb pla\u00e7a assignada \u00e9s del\u00a0<strong>15 al 18 de juliol de 2024<\/strong>, ambd\u00f3s inclosos.<\/li>\n<\/ul>\n<\/div>\n<p>&nbsp;<\/p>\n<div class=\"NG-menu__wrapper_title2\"><\/div>\n","protected":false},"excerpt":{"rendered":"<p>MATR\u00cdCULA CFGS M\u00e0rqueting i Publicitat &nbsp; INFORMACI\u00d3 Formalitza la matr\u00edcula al centre educatiu. El per\u00edode de matriculaci\u00f3 dels cicles de formaci\u00f3 professional de grau superior per als alumnes preinscrits amb pla\u00e7a assignada \u00e9s del\u00a015 al 18 de juliol de 2024, ambd\u00f3s inclosos. &nbsp;<\/p>\n","protected":false},"author":22,"featured_media":0,"parent":10627,"menu_order":0,"comment_status":"closed","ping_status":"closed","template":"page-templates\/side-menu.php","meta":{"_bbp_topic_count":0,"_bbp_reply_count":0,"_bbp_total_topic_count":0,"_bbp_total_reply_count":0,"_bbp_voice_count":0,"_bbp_anonymous_reply_count":0,"_bbp_topic_count_hidden":0,"_bbp_reply_count_hidden":0,"_bbp_forum_subforum_count":0,"site-sidebar-layout":"default","site-content-layout":"","ast-site-content-layout":"","site-content-style":"default","site-sidebar-style":"default","ast-global-header-display":"","ast-banner-title-visibility":"","ast-main-header-display":"","ast-hfb-above-header-display":"","ast-hfb-below-header-display":"","ast-hfb-mobile-header-display":"","site-post-title":"","ast-breadcrumbs-content":"","ast-featured-img":"","footer-sml-layout":"","theme-transparent-header-meta":"","adv-header-id-meta":"","stick-header-meta":"","header-above-stick-meta":"","header-main-stick-meta":"","header-below-stick-meta":"","astra-migrate-meta-layouts":"default","ast-page-background-enabled":"default","ast-page-background-meta":{"desktop":{"background-color":"var(--ast-global-color-4)","background-image":"","background-repeat":"repeat","background-position":"center center","background-size":"auto","background-attachment":"scroll","background-type":"","background-media":"","overlay-type":"","overlay-color":"","overlay-opacity":"","overlay-gradient":""},"tablet":{"background-color":"","background-image":"","background-repeat":"repeat","background-position":"center center","background-size":"auto","background-attachment":"scroll","background-type":"","background-media":"","overlay-type":"","overlay-color":"","overlay-opacity":"","overlay-gradient":""},"mobile":{"background-color":"","background-image":"","background-repeat":"repeat","background-position":"center center","background-size":"auto","background-attachment":"scroll","background-type":"","background-media":"","overlay-type":"","overlay-color":"","overlay-opacity":"","overlay-gradient":""}},"ast-content-background-meta":{"desktop":{"background-color":"var(--ast-global-color-5)","background-image":"","background-repeat":"repeat","background-position":"center center","background-size":"auto","background-attachment":"scroll","background-type":"","background-media":"","overlay-type":"","overlay-color":"","overlay-opacity":"","overlay-gradient":""},"tablet":{"background-color":"var(--ast-global-color-5)","background-image":"","background-repeat":"repeat","background-position":"center center","background-size":"auto","background-attachment":"scroll","background-type":"","background-media":"","overlay-type":"","overlay-color":"","overlay-opacity":"","overlay-gradient":""},"mobile":{"background-color":"var(--ast-global-color-5)","background-image":"","background-repeat":"repeat","background-position":"center center","background-size":"auto","background-attachment":"scroll","background-type":"","background-media":"","overlay-type":"","overlay-color":"","overlay-opacity":"","overlay-gradient":""}},"footnotes":""},"class_list":["post-10699","page","type-page","status-publish","hentry"],"post_mailing_queue_ids":[],"_links":{"self":[{"href":"https:\/\/agora.xtec.cat\/iesmontgri\/wp-json\/wp\/v2\/pages\/10699","targetHints":{"allow":["GET"]}}],"collection":[{"href":"https:\/\/agora.xtec.cat\/iesmontgri\/wp-json\/wp\/v2\/pages"}],"about":[{"href":"https:\/\/agora.xtec.cat\/iesmontgri\/wp-json\/wp\/v2\/types\/page"}],"author":[{"embeddable":true,"href":"https:\/\/agora.xtec.cat\/iesmontgri\/wp-json\/wp\/v2\/users\/22"}],"replies":[{"embeddable":true,"href":"https:\/\/agora.xtec.cat\/iesmontgri\/wp-json\/wp\/v2\/comments?post=10699"}],"version-history":[{"count":7,"href":"https:\/\/agora.xtec.cat\/iesmontgri\/wp-json\/wp\/v2\/pages\/10699\/revisions"}],"predecessor-version":[{"id":12633,"href":"https:\/\/agora.xtec.cat\/iesmontgri\/wp-json\/wp\/v2\/pages\/10699\/revisions\/12633"}],"up":[{"embeddable":true,"href":"https:\/\/agora.xtec.cat\/iesmontgri\/wp-json\/wp\/v2\/pages\/10627"}],"wp:attachment":[{"href":"https:\/\/agora.xtec.cat\/iesmontgri\/wp-json\/wp\/v2\/media?parent=10699"}],"curies":[{"name":"wp","href":"https:\/\/api.w.org\/{rel}","templated":true}]}}