{"id":10622,"date":"2023-06-14T10:35:35","date_gmt":"2023-06-14T08:35:35","guid":{"rendered":"https:\/\/agora.xtec.cat\/iesmontgri\/?page_id=10622"},"modified":"2025-07-10T16:03:57","modified_gmt":"2025-07-10T14:03:57","slug":"batxillerat-2","status":"publish","type":"page","link":"https:\/\/agora.xtec.cat\/iesmontgri\/secretaria\/matriculacio\/batxillerat-matricula-curs-2025-26\/batxillerat-2\/","title":{"rendered":"1r BATXILLERAT &#8211; MATR\u00cdCULA CURS 2025\/26"},"content":{"rendered":"<h5><\/h5>\n<table style=\"border-collapse: collapse; width: 51.7039%; height: 327px;\">\n<tbody>\n<tr style=\"height: 44px;\">\n<td style=\"width: 83.9026%; height: 40px; background-color: #e3d7eb; border-color: #af85bb; border-style: solid;\">\n<h5>Instruccions matr\u00edcula 1r de batxillerat<\/h5>\n<\/td>\n<td style=\"width: 20.6728%; height: 40px; background-color: #ffffff; border-color: #af85bb; border-style: solid;\"><a href=\"https:\/\/docs.google.com\/document\/d\/1yOt0r2y4yAKVZRf4C3R9TBujqvEIU1LH\/edit?usp=sharing&amp;ouid=113689273214325466188&amp;rtpof=true&amp;sd=true\" target=\"_blank\" rel=\"noopener\"><img loading=\"lazy\" decoding=\"async\" class=\"aligncenter wp-image-13539\" src=\"https:\/\/agora.xtec.cat\/iesmontgri\/wp-content\/uploads\/usu613\/2025\/06\/Copia-de-MATRICULA-1-1024x512.jpg\" alt=\"\" width=\"1024\" height=\"512\" srcset=\"https:\/\/agora.xtec.cat\/iesmontgri\/wp-content\/uploads\/usu613\/2025\/06\/Copia-de-MATRICULA-1-1024x512.jpg 1024w, https:\/\/agora.xtec.cat\/iesmontgri\/wp-content\/uploads\/usu613\/2025\/06\/Copia-de-MATRICULA-1-300x150.jpg 300w, https:\/\/agora.xtec.cat\/iesmontgri\/wp-content\/uploads\/usu613\/2025\/06\/Copia-de-MATRICULA-1-768x384.jpg 768w, https:\/\/agora.xtec.cat\/iesmontgri\/wp-content\/uploads\/usu613\/2025\/06\/Copia-de-MATRICULA-1.jpg 1181w\" sizes=\"auto, (max-width: 1024px) 100vw, 1024px\" \/><\/a><\/td>\n<\/tr>\n<tr style=\"height: 44px;\">\n<td style=\"width: 83.9026%; height: 44px; background-color: #ffffff; border-color: #af85bb; border-style: solid;\">\n<h5>Impr\u00e8s matr\u00edcula 1r de batxillerat<\/h5>\n<\/td>\n<td style=\"width: 20.6728%; height: 44px; background-color: #ffffff; border-color: #af85bb; border-style: solid;\"><a href=\"https:\/\/docs.google.com\/document\/d\/1ivM6ycsd7Up_cOzX77c-HaaHuqfLwOIo6E2tJAZe4Qc\/edit?usp=sharing\" target=\"_blank\" rel=\"noopener\"><img loading=\"lazy\" decoding=\"async\" class=\"aligncenter wp-image-13539\" src=\"https:\/\/agora.xtec.cat\/iesmontgri\/wp-content\/uploads\/usu613\/2025\/06\/Copia-de-MATRICULA-1-1024x512.jpg\" alt=\"\" width=\"1024\" height=\"512\" srcset=\"https:\/\/agora.xtec.cat\/iesmontgri\/wp-content\/uploads\/usu613\/2025\/06\/Copia-de-MATRICULA-1-1024x512.jpg 1024w, https:\/\/agora.xtec.cat\/iesmontgri\/wp-content\/uploads\/usu613\/2025\/06\/Copia-de-MATRICULA-1-300x150.jpg 300w, https:\/\/agora.xtec.cat\/iesmontgri\/wp-content\/uploads\/usu613\/2025\/06\/Copia-de-MATRICULA-1-768x384.jpg 768w, https:\/\/agora.xtec.cat\/iesmontgri\/wp-content\/uploads\/usu613\/2025\/06\/Copia-de-MATRICULA-1.jpg 1181w\" sizes=\"auto, (max-width: 1024px) 100vw, 1024px\" \/><\/a><\/td>\n<\/tr>\n<tr>\n<td style=\"width: 83.9026%; background-color: #ffffff; border-color: #af85bb; border-style: solid;\">\n<h5>Distribuci\u00f3 mat\u00e8ries 1r de batxillerat<\/h5>\n<\/td>\n<td style=\"width: 20.6728%; background-color: #ffffff; border-color: #af85bb; border-style: solid;\"><a href=\"https:\/\/docs.google.com\/document\/d\/1dBj95vjR9HRBEK7zXSPbeMvtvAGJrMy9abL-gatn_r0\/edit?usp=sharing\" target=\"_blank\" rel=\"noopener\"><img loading=\"lazy\" decoding=\"async\" class=\"aligncenter wp-image-13539\" src=\"https:\/\/agora.xtec.cat\/iesmontgri\/wp-content\/uploads\/usu613\/2025\/06\/Copia-de-MATRICULA-1-1024x512.jpg\" alt=\"\" width=\"1024\" height=\"512\" srcset=\"https:\/\/agora.xtec.cat\/iesmontgri\/wp-content\/uploads\/usu613\/2025\/06\/Copia-de-MATRICULA-1-1024x512.jpg 1024w, https:\/\/agora.xtec.cat\/iesmontgri\/wp-content\/uploads\/usu613\/2025\/06\/Copia-de-MATRICULA-1-300x150.jpg 300w, https:\/\/agora.xtec.cat\/iesmontgri\/wp-content\/uploads\/usu613\/2025\/06\/Copia-de-MATRICULA-1-768x384.jpg 768w, https:\/\/agora.xtec.cat\/iesmontgri\/wp-content\/uploads\/usu613\/2025\/06\/Copia-de-MATRICULA-1.jpg 1181w\" sizes=\"auto, (max-width: 1024px) 100vw, 1024px\" \/><\/a><\/td>\n<\/tr>\n<tr style=\"height: 32px;\">\n<td style=\"width: 83.9026%; height: 32px; background-color: #ffffff; border-color: #af85bb; border-style: solid;\">\n<h5>Formulari tria de mat\u00e8ries modalitat 1r de batxillerat<\/h5>\n<\/td>\n<td style=\"width: 20.6728%; height: 32px; background-color: #ffffff; border-color: #af85bb; border-style: solid;\"><a href=\"https:\/\/docs.google.com\/forms\/d\/1cNi_qQSClcn4x5KS0TS6G9KU_hBz0AFm-5Jua_ElrWQ\/edit?usp=drivesdk\" target=\"_blank\" rel=\"noopener\"><img loading=\"lazy\" decoding=\"async\" class=\"aligncenter wp-image-13539\" src=\"https:\/\/agora.xtec.cat\/iesmontgri\/wp-content\/uploads\/usu613\/2025\/06\/Copia-de-MATRICULA-1-1024x512.jpg\" alt=\"\" width=\"1024\" height=\"512\" srcset=\"https:\/\/agora.xtec.cat\/iesmontgri\/wp-content\/uploads\/usu613\/2025\/06\/Copia-de-MATRICULA-1-1024x512.jpg 1024w, https:\/\/agora.xtec.cat\/iesmontgri\/wp-content\/uploads\/usu613\/2025\/06\/Copia-de-MATRICULA-1-300x150.jpg 300w, https:\/\/agora.xtec.cat\/iesmontgri\/wp-content\/uploads\/usu613\/2025\/06\/Copia-de-MATRICULA-1-768x384.jpg 768w, https:\/\/agora.xtec.cat\/iesmontgri\/wp-content\/uploads\/usu613\/2025\/06\/Copia-de-MATRICULA-1.jpg 1181w\" sizes=\"auto, (max-width: 1024px) 100vw, 1024px\" \/><\/a><\/td>\n<\/tr>\n<tr style=\"height: 32px;\">\n<td style=\"width: 83.9026%; height: 32px; background-color: #ffffff; border-color: #af85bb; border-style: solid;\">\n<h5>Rebut material i sortides 1r de batxillerat<\/h5>\n<\/td>\n<td style=\"width: 20.6728%; height: 32px; background-color: #ffffff; border-color: #af85bb; border-style: solid;\"><a href=\"https:\/\/docs.google.com\/document\/d\/1h8NPaj4-I9yEZh46r3XTluqlSI_ZX0Zc\/edit?usp=sharing&amp;ouid=113689273214325466188&amp;rtpof=true&amp;sd=true\" target=\"_blank\" rel=\"noopener\"><img loading=\"lazy\" decoding=\"async\" class=\"aligncenter wp-image-13539\" src=\"https:\/\/agora.xtec.cat\/iesmontgri\/wp-content\/uploads\/usu613\/2025\/06\/Copia-de-MATRICULA-1-1024x512.jpg\" alt=\"\" width=\"1024\" height=\"512\" srcset=\"https:\/\/agora.xtec.cat\/iesmontgri\/wp-content\/uploads\/usu613\/2025\/06\/Copia-de-MATRICULA-1-1024x512.jpg 1024w, https:\/\/agora.xtec.cat\/iesmontgri\/wp-content\/uploads\/usu613\/2025\/06\/Copia-de-MATRICULA-1-300x150.jpg 300w, https:\/\/agora.xtec.cat\/iesmontgri\/wp-content\/uploads\/usu613\/2025\/06\/Copia-de-MATRICULA-1-768x384.jpg 768w, https:\/\/agora.xtec.cat\/iesmontgri\/wp-content\/uploads\/usu613\/2025\/06\/Copia-de-MATRICULA-1.jpg 1181w\" sizes=\"auto, (max-width: 1024px) 100vw, 1024px\" \/><\/a><\/td>\n<\/tr>\n<tr style=\"height: 32px;\">\n<td style=\"width: 83.9026%; height: 32px; background-color: #ffffff; border-color: #af85bb; border-style: solid;\">\n<h5>Carta de comprom\u00eds educatiu\u00a01r de batxillerat<\/h5>\n<\/td>\n<td style=\"width: 20.6728%; height: 32px; background-color: #ffffff; border-color: #af85bb; border-style: solid;\"><a href=\"https:\/\/docs.google.com\/document\/d\/1B2STFG1Ag2ZvN1on5OIe8go6FqzYXDYmuTaOPXcnobk\/edit?usp=sharing\" target=\"_blank\" rel=\"noopener\"><img loading=\"lazy\" decoding=\"async\" class=\"aligncenter wp-image-13539\" src=\"https:\/\/agora.xtec.cat\/iesmontgri\/wp-content\/uploads\/usu613\/2025\/06\/Copia-de-MATRICULA-1-1024x512.jpg\" alt=\"\" width=\"1024\" height=\"512\" srcset=\"https:\/\/agora.xtec.cat\/iesmontgri\/wp-content\/uploads\/usu613\/2025\/06\/Copia-de-MATRICULA-1-1024x512.jpg 1024w, https:\/\/agora.xtec.cat\/iesmontgri\/wp-content\/uploads\/usu613\/2025\/06\/Copia-de-MATRICULA-1-300x150.jpg 300w, https:\/\/agora.xtec.cat\/iesmontgri\/wp-content\/uploads\/usu613\/2025\/06\/Copia-de-MATRICULA-1-768x384.jpg 768w, https:\/\/agora.xtec.cat\/iesmontgri\/wp-content\/uploads\/usu613\/2025\/06\/Copia-de-MATRICULA-1.jpg 1181w\" sizes=\"auto, (max-width: 1024px) 100vw, 1024px\" \/><\/a><\/td>\n<\/tr>\n<tr style=\"height: 32px;\">\n<td style=\"width: 83.9026%; height: 32px; background-color: #ffffff; border-color: #af85bb; border-style: solid;\">\n<h5>Autoritzaci\u00f3 drets d&#8217;imatge 1r de batxillerat<\/h5>\n<\/td>\n<td style=\"width: 20.6728%; height: 32px; background-color: #ffffff; border-color: #af85bb; border-style: solid;\"><a href=\"https:\/\/docs.google.com\/document\/d\/18FZFKPx1vK7cxexEy5cX1e8lY--WrLFZ\/edit?usp=sharing&amp;ouid=113689273214325466188&amp;rtpof=true&amp;sd=true\" target=\"_blank\" rel=\"noopener\"><img loading=\"lazy\" decoding=\"async\" class=\"aligncenter wp-image-13539\" src=\"https:\/\/agora.xtec.cat\/iesmontgri\/wp-content\/uploads\/usu613\/2025\/06\/Copia-de-MATRICULA-1-1024x512.jpg\" alt=\"\" width=\"1024\" height=\"512\" srcset=\"https:\/\/agora.xtec.cat\/iesmontgri\/wp-content\/uploads\/usu613\/2025\/06\/Copia-de-MATRICULA-1-1024x512.jpg 1024w, https:\/\/agora.xtec.cat\/iesmontgri\/wp-content\/uploads\/usu613\/2025\/06\/Copia-de-MATRICULA-1-300x150.jpg 300w, https:\/\/agora.xtec.cat\/iesmontgri\/wp-content\/uploads\/usu613\/2025\/06\/Copia-de-MATRICULA-1-768x384.jpg 768w, https:\/\/agora.xtec.cat\/iesmontgri\/wp-content\/uploads\/usu613\/2025\/06\/Copia-de-MATRICULA-1.jpg 1181w\" sizes=\"auto, (max-width: 1024px) 100vw, 1024px\" \/><\/a><\/td>\n<\/tr>\n<tr>\n<td style=\"width: 83.9026%; background-color: #ffffff; border-color: #af85bb; border-style: solid;\">\n<h5>Autoritzaci\u00f3 major de 18 anys<\/h5>\n<\/td>\n<td style=\"width: 20.6728%; background-color: #ffffff; border-color: #af85bb; border-style: solid;\"><a href=\"https:\/\/docs.google.com\/document\/d\/1uxEy4GZ0DDBiaw9j_FLm9V8aLkJc_CckffnjV1mmeyE\/edit?usp=sharing\" target=\"_blank\" rel=\"noopener\"><img loading=\"lazy\" decoding=\"async\" class=\"aligncenter wp-image-13539\" src=\"https:\/\/agora.xtec.cat\/iesmontgri\/wp-content\/uploads\/usu613\/2025\/06\/Copia-de-MATRICULA-1-1024x512.jpg\" alt=\"\" width=\"1024\" height=\"512\" srcset=\"https:\/\/agora.xtec.cat\/iesmontgri\/wp-content\/uploads\/usu613\/2025\/06\/Copia-de-MATRICULA-1-1024x512.jpg 1024w, https:\/\/agora.xtec.cat\/iesmontgri\/wp-content\/uploads\/usu613\/2025\/06\/Copia-de-MATRICULA-1-300x150.jpg 300w, https:\/\/agora.xtec.cat\/iesmontgri\/wp-content\/uploads\/usu613\/2025\/06\/Copia-de-MATRICULA-1-768x384.jpg 768w, https:\/\/agora.xtec.cat\/iesmontgri\/wp-content\/uploads\/usu613\/2025\/06\/Copia-de-MATRICULA-1.jpg 1181w\" sizes=\"auto, (max-width: 1024px) 100vw, 1024px\" \/><\/a><\/td>\n<\/tr>\n<tr style=\"height: 32px;\">\n<td style=\"width: 83.9026%; height: 18px; background-color: #ffffff; border-color: #af85bb; border-style: solid;\">\n<h5>Mat\u00e8ries IOC<\/h5>\n<\/td>\n<td style=\"width: 20.6728%; height: 18px; background-color: #ffffff; border-color: #af85bb; border-style: solid;\"><a href=\"https:\/\/ioc.xtec.cat\/educacio\/materies-batxillerat\" target=\"_blank\" rel=\"noopener\"><img loading=\"lazy\" decoding=\"async\" class=\"aligncenter wp-image-13539\" src=\"https:\/\/agora.xtec.cat\/iesmontgri\/wp-content\/uploads\/usu613\/2025\/06\/Copia-de-MATRICULA-1-1024x512.jpg\" alt=\"\" width=\"1024\" height=\"512\" srcset=\"https:\/\/agora.xtec.cat\/iesmontgri\/wp-content\/uploads\/usu613\/2025\/06\/Copia-de-MATRICULA-1-1024x512.jpg 1024w, https:\/\/agora.xtec.cat\/iesmontgri\/wp-content\/uploads\/usu613\/2025\/06\/Copia-de-MATRICULA-1-300x150.jpg 300w, https:\/\/agora.xtec.cat\/iesmontgri\/wp-content\/uploads\/usu613\/2025\/06\/Copia-de-MATRICULA-1-768x384.jpg 768w, https:\/\/agora.xtec.cat\/iesmontgri\/wp-content\/uploads\/usu613\/2025\/06\/Copia-de-MATRICULA-1.jpg 1181w\" sizes=\"auto, (max-width: 1024px) 100vw, 1024px\" \/><\/a><\/td>\n<\/tr>\n<tr>\n<td style=\"width: 83.9026%; background-color: #ffffff; border-color: #af85bb; border-style: solid;\">\n<h5>Llibres de text de Batxillerat<\/h5>\n<\/td>\n<td style=\"width: 20.6728%; background-color: #ffffff; border-color: #af85bb; border-style: solid;\"><a href=\"https:\/\/docs.google.com\/spreadsheets\/d\/1P-vQpQWELPRM9lw1rs_tM1svC8om2y6Uz_DZMV350VU\/edit?usp=sharing\" target=\"_blank\" rel=\"noopener\"><img loading=\"lazy\" decoding=\"async\" class=\"aligncenter wp-image-13539\" src=\"https:\/\/agora.xtec.cat\/iesmontgri\/wp-content\/uploads\/usu613\/2025\/06\/Copia-de-MATRICULA-1-1024x512.jpg\" alt=\"\" width=\"1024\" height=\"512\" srcset=\"https:\/\/agora.xtec.cat\/iesmontgri\/wp-content\/uploads\/usu613\/2025\/06\/Copia-de-MATRICULA-1-1024x512.jpg 1024w, https:\/\/agora.xtec.cat\/iesmontgri\/wp-content\/uploads\/usu613\/2025\/06\/Copia-de-MATRICULA-1-300x150.jpg 300w, https:\/\/agora.xtec.cat\/iesmontgri\/wp-content\/uploads\/usu613\/2025\/06\/Copia-de-MATRICULA-1-768x384.jpg 768w, https:\/\/agora.xtec.cat\/iesmontgri\/wp-content\/uploads\/usu613\/2025\/06\/Copia-de-MATRICULA-1.jpg 1181w\" sizes=\"auto, (max-width: 1024px) 100vw, 1024px\" \/><\/a><\/td>\n<\/tr>\n<tr style=\"height: 44px;\">\n<td style=\"width: 83.9026%; height: 44px; background-color: #ffffff; border-color: #af85bb; border-style: solid;\">\n<h5>Instruccions per comprar el llibre de catal\u00e0<\/h5>\n<\/td>\n<td style=\"width: 20.6728%; height: 44px; background-color: #ffffff; border-color: #af85bb; border-style: solid;\"><a href=\"https:\/\/drive.google.com\/file\/d\/1DdXvE1hoBFnfatYdf_mZpw24JWPwEzDu\/view?usp=sharing\" target=\"_blank\" rel=\"noopener\"><img loading=\"lazy\" decoding=\"async\" class=\"aligncenter wp-image-13539\" src=\"https:\/\/agora.xtec.cat\/iesmontgri\/wp-content\/uploads\/usu613\/2025\/06\/Copia-de-MATRICULA-1-1024x512.jpg\" alt=\"\" width=\"1024\" height=\"512\" srcset=\"https:\/\/agora.xtec.cat\/iesmontgri\/wp-content\/uploads\/usu613\/2025\/06\/Copia-de-MATRICULA-1-1024x512.jpg 1024w, https:\/\/agora.xtec.cat\/iesmontgri\/wp-content\/uploads\/usu613\/2025\/06\/Copia-de-MATRICULA-1-300x150.jpg 300w, https:\/\/agora.xtec.cat\/iesmontgri\/wp-content\/uploads\/usu613\/2025\/06\/Copia-de-MATRICULA-1-768x384.jpg 768w, https:\/\/agora.xtec.cat\/iesmontgri\/wp-content\/uploads\/usu613\/2025\/06\/Copia-de-MATRICULA-1.jpg 1181w\" sizes=\"auto, (max-width: 1024px) 100vw, 1024px\" \/><\/a><\/td>\n<\/tr>\n<\/tbody>\n<\/table>\n<h5><\/h5>\n","protected":false},"excerpt":{"rendered":"<p>Instruccions matr\u00edcula 1r de batxillerat Impr\u00e8s matr\u00edcula 1r de batxillerat Distribuci\u00f3 mat\u00e8ries 1r de batxillerat Formulari tria de mat\u00e8ries modalitat 1r de batxillerat Rebut material i sortides 1r de batxillerat Carta de comprom\u00eds educatiu\u00a01r de batxillerat Autoritzaci\u00f3 drets d&#8217;imatge 1r de batxillerat Autoritzaci\u00f3 major de 18 anys Mat\u00e8ries IOC Llibres de text de Batxillerat Instruccions [&hellip;]<\/p>\n","protected":false},"author":22,"featured_media":0,"parent":13598,"menu_order":0,"comment_status":"closed","ping_status":"closed","template":"page-templates\/side-menu.php","meta":{"_bbp_topic_count":0,"_bbp_reply_count":0,"_bbp_total_topic_count":0,"_bbp_total_reply_count":0,"_bbp_voice_count":0,"_bbp_anonymous_reply_count":0,"_bbp_topic_count_hidden":0,"_bbp_reply_count_hidden":0,"_bbp_forum_subforum_count":0,"site-sidebar-layout":"default","site-content-layout":"","ast-site-content-layout":"","site-content-style":"default","site-sidebar-style":"default","ast-global-header-display":"","ast-banner-title-visibility":"","ast-main-header-display":"","ast-hfb-above-header-display":"","ast-hfb-below-header-display":"","ast-hfb-mobile-header-display":"","site-post-title":"","ast-breadcrumbs-content":"","ast-featured-img":"","footer-sml-layout":"","theme-transparent-header-meta":"","adv-header-id-meta":"","stick-header-meta":"","header-above-stick-meta":"","header-main-stick-meta":"","header-below-stick-meta":"","astra-migrate-meta-layouts":"default","ast-page-background-enabled":"default","ast-page-background-meta":{"desktop":{"background-color":"var(--ast-global-color-4)","background-image":"","background-repeat":"repeat","background-position":"center center","background-size":"auto","background-attachment":"scroll","background-type":"","background-media":"","overlay-type":"","overlay-color":"","overlay-opacity":"","overlay-gradient":""},"tablet":{"background-color":"","background-image":"","background-repeat":"repeat","background-position":"center center","background-size":"auto","background-attachment":"scroll","background-type":"","background-media":"","overlay-type":"","overlay-color":"","overlay-opacity":"","overlay-gradient":""},"mobile":{"background-color":"","background-image":"","background-repeat":"repeat","background-position":"center center","background-size":"auto","background-attachment":"scroll","background-type":"","background-media":"","overlay-type":"","overlay-color":"","overlay-opacity":"","overlay-gradient":""}},"ast-content-background-meta":{"desktop":{"background-color":"var(--ast-global-color-5)","background-image":"","background-repeat":"repeat","background-position":"center center","background-size":"auto","background-attachment":"scroll","background-type":"","background-media":"","overlay-type":"","overlay-color":"","overlay-opacity":"","overlay-gradient":""},"tablet":{"background-color":"var(--ast-global-color-5)","background-image":"","background-repeat":"repeat","background-position":"center center","background-size":"auto","background-attachment":"scroll","background-type":"","background-media":"","overlay-type":"","overlay-color":"","overlay-opacity":"","overlay-gradient":""},"mobile":{"background-color":"var(--ast-global-color-5)","background-image":"","background-repeat":"repeat","background-position":"center center","background-size":"auto","background-attachment":"scroll","background-type":"","background-media":"","overlay-type":"","overlay-color":"","overlay-opacity":"","overlay-gradient":""}},"footnotes":""},"class_list":["post-10622","page","type-page","status-publish","hentry"],"post_mailing_queue_ids":[],"_links":{"self":[{"href":"https:\/\/agora.xtec.cat\/iesmontgri\/wp-json\/wp\/v2\/pages\/10622","targetHints":{"allow":["GET"]}}],"collection":[{"href":"https:\/\/agora.xtec.cat\/iesmontgri\/wp-json\/wp\/v2\/pages"}],"about":[{"href":"https:\/\/agora.xtec.cat\/iesmontgri\/wp-json\/wp\/v2\/types\/page"}],"author":[{"embeddable":true,"href":"https:\/\/agora.xtec.cat\/iesmontgri\/wp-json\/wp\/v2\/users\/22"}],"replies":[{"embeddable":true,"href":"https:\/\/agora.xtec.cat\/iesmontgri\/wp-json\/wp\/v2\/comments?post=10622"}],"version-history":[{"count":7,"href":"https:\/\/agora.xtec.cat\/iesmontgri\/wp-json\/wp\/v2\/pages\/10622\/revisions"}],"predecessor-version":[{"id":13816,"href":"https:\/\/agora.xtec.cat\/iesmontgri\/wp-json\/wp\/v2\/pages\/10622\/revisions\/13816"}],"up":[{"embeddable":true,"href":"https:\/\/agora.xtec.cat\/iesmontgri\/wp-json\/wp\/v2\/pages\/13598"}],"wp:attachment":[{"href":"https:\/\/agora.xtec.cat\/iesmontgri\/wp-json\/wp\/v2\/media?parent=10622"}],"curies":[{"name":"wp","href":"https:\/\/api.w.org\/{rel}","templated":true}]}}