{"id":10374,"date":"2023-04-28T09:00:11","date_gmt":"2023-04-28T07:00:11","guid":{"rendered":"https:\/\/agora.xtec.cat\/iesmontgri\/?page_id=10374"},"modified":"2025-07-29T14:05:16","modified_gmt":"2025-07-29T12:05:16","slug":"preinscripcio-cicles-formatius-grau-superior","status":"publish","type":"page","link":"https:\/\/agora.xtec.cat\/iesmontgri\/secretaria\/preinscripcio-i-matriculacio\/preinscripcio-cicles-formatius-grau-superior\/","title":{"rendered":"CICLES FORMATIUS GRAU SUPERIOR"},"content":{"rendered":"<h2>PREINSCRIPCI\u00d3 CURS 2025 &#8211; 2026<\/h2>\n<ul>\n<li>\n<h5><strong>Informaci\u00f3 preinscripci\u00f3 cicles formatius Grau superior Institut Montgr\u00ed curs 2025-2026.<\/strong><\/h5>\n<\/li>\n<li>\n<h5><a href=\"https:\/\/preinscripcio.gencat.cat\/ca\/estudis\/fp-grau-superior\/informat\/consulta-notes-tall\/\" target=\"_blank\" rel=\"noopener\">NOTES DE TALL PER ACCEDIR A CICLES FORMATIUS DE GRAU SUPERIOR.<\/a><\/h5>\n<\/li>\n<li>\n<h5><strong>Per\u00edode de la preinscripci\u00f3: Del 23 al 29 de maig de 2025.<\/strong><\/h5>\n<\/li>\n<li>\n<h5><a href=\"https:\/\/preinscripcio.gencat.cat\/ca\/estudis\/fp-grau-superior\/inici\/index.html\" target=\"_blank\" rel=\"noopener\"><strong>Com fer la preinscripci\u00f3<\/strong><\/a><\/h5>\n<\/li>\n<\/ul>\n<p><a href=\"https:\/\/agora.xtec.cat\/iesmontgri\/wp-content\/uploads\/usu613\/2025\/04\/preinscripcio-grau-superior.png\"><img loading=\"lazy\" decoding=\"async\" class=\"aligncenter size-full wp-image-13390\" src=\"https:\/\/agora.xtec.cat\/iesmontgri\/wp-content\/uploads\/usu613\/2025\/04\/preinscripcio-grau-superior.png\" alt=\"\" width=\"995\" height=\"537\" srcset=\"https:\/\/agora.xtec.cat\/iesmontgri\/wp-content\/uploads\/usu613\/2025\/04\/preinscripcio-grau-superior.png 995w, https:\/\/agora.xtec.cat\/iesmontgri\/wp-content\/uploads\/usu613\/2025\/04\/preinscripcio-grau-superior-300x162.png 300w, https:\/\/agora.xtec.cat\/iesmontgri\/wp-content\/uploads\/usu613\/2025\/04\/preinscripcio-grau-superior-768x414.png 768w\" sizes=\"auto, (max-width: 995px) 100vw, 995px\" \/><\/a><\/p>\n<ul>\n<li>\n<h5 class=\"NG-menu__title\"><a href=\"https:\/\/agora.xtec.cat\/iesmontgri\/wp-content\/uploads\/usu613\/2025\/07\/INFORME_ASSIGNADES_INFORME_ASSIGNADES-17.pdf\">CFPS 25\/26 &#8211; Cicles formatius de Formaci\u00f3 Professional de Grau superior<\/a><br \/>\n<a href=\"https:\/\/agora.xtec.cat\/iesmontgri\/wp-content\/uploads\/usu613\/2025\/07\/INFORME_ASSIGNADES_INFORME_ASSIGNADES-17.pdf\">Alumnes assignats al centre en primera tanda a 10\/07\/2025<\/a><\/h5>\n<\/li>\n<li>\n<h5 class=\"NG-menu__title\"><a href=\"https:\/\/drive.google.com\/file\/d\/1fOAGMvp-hOeiRx5NcFzC0vZO012c3LuH\/view?usp=sharing\" target=\"_blank\" rel=\"noopener\">Cicles formatius de Formaci\u00f3 Professional de Grau mitj\u00e0. Alumnes assignats al centre en segona tanda a 17\/07\/2025.<\/a><\/h5>\n<\/li>\n<li>\n<h5 class=\"NG-menu__title\"><a href=\"https:\/\/drive.google.com\/file\/d\/1zo5nxthw9poYng7Czw_JmcB3QCWpG4Le\/view?usp=sharing\" target=\"_blank\" rel=\"noopener\">CFPS 25\/26 &#8211; Cicles formatius de Formaci\u00f3 Professional de Grau superior Alumnes assignats al centre en tercera tanda a 29\/07\/2025<\/a>.<\/h5>\n<\/li>\n<\/ul>\n<h3><\/h3>\n<h3>PER FER LA PREINSCRIPCI\u00d3 CAL:<\/h3>\n<ul>\n<li>Con\u00e8ixer el calendari del proc\u00e9s.<\/li>\n<li>Consultar els centres.<\/li>\n<li>Con\u00e8ixer els criteris de prioritat amb qu\u00e8 s\u2019ordenen les sol\u00b7licituds i preparar la documentaci\u00f3 corresponent, si escau.<\/li>\n<li>Consultar els codis dels cicles.<\/li>\n<li>Emplenar i presentar la sol\u00b7licitud: si \u00e9s la sol\u00b7licitud electr\u00f2nica, amb l\u2019enviament ja queda enregistrada; si s\u2019emplena la sol\u00b7licitud amb suport inform\u00e0tic, cal presentar la sol\u00b7licitud al centre.<\/li>\n<li>Presentar la documentaci\u00f3 identificativa o dels criteris al\u00b7legats, nom\u00e9s en els sup\u00f2sits previstos en qu\u00e8 no es pot validar electr\u00f2nicament, i que es detallen al resguard de presentaci\u00f3 de la sol\u00b7licitud.<\/li>\n<li>Consultar els resultats de la preinscripci\u00f3 quan es publiquen les diverses llistes.<\/li>\n<li>Consultar el centre assignat.<\/li>\n<li>Fer la matr\u00edcula.<\/li>\n<\/ul>\n","protected":false},"excerpt":{"rendered":"<p>PREINSCRIPCI\u00d3 CURS 2025 &#8211; 2026 Informaci\u00f3 preinscripci\u00f3 cicles formatius Grau superior Institut Montgr\u00ed curs 2025-2026. NOTES DE TALL PER ACCEDIR A CICLES FORMATIUS DE GRAU SUPERIOR. Per\u00edode de la preinscripci\u00f3: Del 23 al 29 de maig de 2025. Com fer la preinscripci\u00f3 CFPS 25\/26 &#8211; Cicles formatius de Formaci\u00f3 Professional de Grau superior Alumnes assignats [&hellip;]<\/p>\n","protected":false},"author":22,"featured_media":0,"parent":9310,"menu_order":0,"comment_status":"closed","ping_status":"closed","template":"page-templates\/side-menu.php","meta":{"_bbp_topic_count":0,"_bbp_reply_count":0,"_bbp_total_topic_count":0,"_bbp_total_reply_count":0,"_bbp_voice_count":0,"_bbp_anonymous_reply_count":0,"_bbp_topic_count_hidden":0,"_bbp_reply_count_hidden":0,"_bbp_forum_subforum_count":0,"site-sidebar-layout":"default","site-content-layout":"","ast-site-content-layout":"","site-content-style":"default","site-sidebar-style":"default","ast-global-header-display":"","ast-banner-title-visibility":"","ast-main-header-display":"","ast-hfb-above-header-display":"","ast-hfb-below-header-display":"","ast-hfb-mobile-header-display":"","site-post-title":"","ast-breadcrumbs-content":"","ast-featured-img":"","footer-sml-layout":"","theme-transparent-header-meta":"","adv-header-id-meta":"","stick-header-meta":"","header-above-stick-meta":"","header-main-stick-meta":"","header-below-stick-meta":"","astra-migrate-meta-layouts":"default","ast-page-background-enabled":"default","ast-page-background-meta":{"desktop":{"background-color":"var(--ast-global-color-4)","background-image":"","background-repeat":"repeat","background-position":"center center","background-size":"auto","background-attachment":"scroll","background-type":"","background-media":"","overlay-type":"","overlay-color":"","overlay-opacity":"","overlay-gradient":""},"tablet":{"background-color":"","background-image":"","background-repeat":"repeat","background-position":"center center","background-size":"auto","background-attachment":"scroll","background-type":"","background-media":"","overlay-type":"","overlay-color":"","overlay-opacity":"","overlay-gradient":""},"mobile":{"background-color":"","background-image":"","background-repeat":"repeat","background-position":"center center","background-size":"auto","background-attachment":"scroll","background-type":"","background-media":"","overlay-type":"","overlay-color":"","overlay-opacity":"","overlay-gradient":""}},"ast-content-background-meta":{"desktop":{"background-color":"var(--ast-global-color-5)","background-image":"","background-repeat":"repeat","background-position":"center center","background-size":"auto","background-attachment":"scroll","background-type":"","background-media":"","overlay-type":"","overlay-color":"","overlay-opacity":"","overlay-gradient":""},"tablet":{"background-color":"var(--ast-global-color-5)","background-image":"","background-repeat":"repeat","background-position":"center center","background-size":"auto","background-attachment":"scroll","background-type":"","background-media":"","overlay-type":"","overlay-color":"","overlay-opacity":"","overlay-gradient":""},"mobile":{"background-color":"var(--ast-global-color-5)","background-image":"","background-repeat":"repeat","background-position":"center center","background-size":"auto","background-attachment":"scroll","background-type":"","background-media":"","overlay-type":"","overlay-color":"","overlay-opacity":"","overlay-gradient":""}},"footnotes":""},"class_list":["post-10374","page","type-page","status-publish","hentry"],"post_mailing_queue_ids":[],"_links":{"self":[{"href":"https:\/\/agora.xtec.cat\/iesmontgri\/wp-json\/wp\/v2\/pages\/10374","targetHints":{"allow":["GET"]}}],"collection":[{"href":"https:\/\/agora.xtec.cat\/iesmontgri\/wp-json\/wp\/v2\/pages"}],"about":[{"href":"https:\/\/agora.xtec.cat\/iesmontgri\/wp-json\/wp\/v2\/types\/page"}],"author":[{"embeddable":true,"href":"https:\/\/agora.xtec.cat\/iesmontgri\/wp-json\/wp\/v2\/users\/22"}],"replies":[{"embeddable":true,"href":"https:\/\/agora.xtec.cat\/iesmontgri\/wp-json\/wp\/v2\/comments?post=10374"}],"version-history":[{"count":7,"href":"https:\/\/agora.xtec.cat\/iesmontgri\/wp-json\/wp\/v2\/pages\/10374\/revisions"}],"predecessor-version":[{"id":13860,"href":"https:\/\/agora.xtec.cat\/iesmontgri\/wp-json\/wp\/v2\/pages\/10374\/revisions\/13860"}],"up":[{"embeddable":true,"href":"https:\/\/agora.xtec.cat\/iesmontgri\/wp-json\/wp\/v2\/pages\/9310"}],"wp:attachment":[{"href":"https:\/\/agora.xtec.cat\/iesmontgri\/wp-json\/wp\/v2\/media?parent=10374"}],"curies":[{"name":"wp","href":"https:\/\/api.w.org\/{rel}","templated":true}]}}