{"id":400,"date":"2015-11-02T10:55:05","date_gmt":"2015-11-02T09:55:05","guid":{"rendered":"http:\/\/agora.xtec.cat\/iesmontbui\/?page_id=400"},"modified":"2022-09-07T20:11:02","modified_gmt":"2022-09-07T18:11:02","slug":"1-e-s-o","status":"publish","type":"page","link":"https:\/\/agora.xtec.cat\/iesmontbui\/estudis\/e-s-o\/1-e-s-o\/","title":{"rendered":"1 E.S.O"},"content":{"rendered":"<h4>Blocs de cada aula:<\/h4>\n<p>Lloc on el centre, tutors i alumnes compartim informaci\u00f3 amb la resta de la comunitat educativa. En cada una de les p\u00e0gines tamb\u00e9 trobar\u00e0s l&#8217;agenda de cada una de les classes, amb aquella informaci\u00f3 important per l&#8217;avaluaci\u00f3 de l&#8217;alumnat.<\/p>\n<table style=\"border-collapse: collapse; width: 100%;\">\n<tbody>\n<tr>\n<td style=\"width: 20%;\"><a href=\"https:\/\/agora.xtec.cat\/iesmontbui\/categoria\/eso\/eso-1\/eso-1a\/\"><img loading=\"lazy\" decoding=\"async\" class=\"alignnone wp-image-7566 size-full\" src=\"https:\/\/agora.xtec.cat\/iesmontbui\/wp-content\/uploads\/usu145\/2022\/09\/1-ESO-A.jpg\" alt=\"\" width=\"325\" height=\"180\" srcset=\"https:\/\/agora.xtec.cat\/iesmontbui\/wp-content\/uploads\/usu145\/2022\/09\/1-ESO-A.jpg 325w, https:\/\/agora.xtec.cat\/iesmontbui\/wp-content\/uploads\/usu145\/2022\/09\/1-ESO-A-300x166.jpg 300w\" sizes=\"auto, (max-width: 325px) 100vw, 325px\" \/><\/a><\/td>\n<td style=\"width: 20%;\"><a href=\"https:\/\/agora.xtec.cat\/iesmontbui\/categoria\/eso\/eso-1\/eso-1b\/\"><img loading=\"lazy\" decoding=\"async\" class=\"alignnone size-full wp-image-7567\" src=\"https:\/\/agora.xtec.cat\/iesmontbui\/wp-content\/uploads\/usu145\/2022\/09\/1-ESO-B.jpg\" alt=\"\" width=\"325\" height=\"180\" srcset=\"https:\/\/agora.xtec.cat\/iesmontbui\/wp-content\/uploads\/usu145\/2022\/09\/1-ESO-B.jpg 325w, https:\/\/agora.xtec.cat\/iesmontbui\/wp-content\/uploads\/usu145\/2022\/09\/1-ESO-B-300x166.jpg 300w\" sizes=\"auto, (max-width: 325px) 100vw, 325px\" \/><\/a><\/td>\n<td style=\"width: 20%;\"><a href=\"https:\/\/agora.xtec.cat\/iesmontbui\/categoria\/eso\/eso-1\/eso-1c\/\"><img loading=\"lazy\" decoding=\"async\" class=\"alignnone size-full wp-image-7568\" src=\"https:\/\/agora.xtec.cat\/iesmontbui\/wp-content\/uploads\/usu145\/2022\/09\/1-ESO-C.jpg\" alt=\"\" width=\"325\" height=\"180\" srcset=\"https:\/\/agora.xtec.cat\/iesmontbui\/wp-content\/uploads\/usu145\/2022\/09\/1-ESO-C.jpg 325w, https:\/\/agora.xtec.cat\/iesmontbui\/wp-content\/uploads\/usu145\/2022\/09\/1-ESO-C-300x166.jpg 300w\" sizes=\"auto, (max-width: 325px) 100vw, 325px\" \/><\/a><\/td>\n<td style=\"width: 20%;\"><a href=\"https:\/\/agora.xtec.cat\/iesmontbui\/categoria\/eso\/eso-1\/eso-1d\/\"><img loading=\"lazy\" decoding=\"async\" class=\"alignnone size-full wp-image-7569\" src=\"https:\/\/agora.xtec.cat\/iesmontbui\/wp-content\/uploads\/usu145\/2022\/09\/1-ESO-D.jpg\" alt=\"\" width=\"325\" height=\"180\" srcset=\"https:\/\/agora.xtec.cat\/iesmontbui\/wp-content\/uploads\/usu145\/2022\/09\/1-ESO-D.jpg 325w, https:\/\/agora.xtec.cat\/iesmontbui\/wp-content\/uploads\/usu145\/2022\/09\/1-ESO-D-300x166.jpg 300w\" sizes=\"auto, (max-width: 325px) 100vw, 325px\" \/><\/a><\/td>\n<td style=\"width: 20%;\"><a href=\"https:\/\/agora.xtec.cat\/iesmontbui\/categoria\/eso\/eso-1\/eso-1e\/\"><img loading=\"lazy\" decoding=\"async\" class=\"alignnone size-full wp-image-7570\" src=\"https:\/\/agora.xtec.cat\/iesmontbui\/wp-content\/uploads\/usu145\/2022\/09\/1-ESO-E.jpg\" alt=\"\" width=\"325\" height=\"180\" srcset=\"https:\/\/agora.xtec.cat\/iesmontbui\/wp-content\/uploads\/usu145\/2022\/09\/1-ESO-E.jpg 325w, https:\/\/agora.xtec.cat\/iesmontbui\/wp-content\/uploads\/usu145\/2022\/09\/1-ESO-E-300x166.jpg 300w\" sizes=\"auto, (max-width: 325px) 100vw, 325px\" \/><\/a><\/td>\n<\/tr>\n<\/tbody>\n<\/table>\n","protected":false},"excerpt":{"rendered":"<p>Blocs de cada aula:<br \/>\nLloc on el centre, tutors i alumnes compartim informaci\u00f3 amb la resta de la comunitat educativa. En cada una de les p\u00e0gines tamb\u00e9 trobar\u00e0s l&#8217;agenda de cada una de les classes, amb aquella informaci\u00f3 important per l&#8217;avaluaci\u00f3 de l&#8217;alumnat.<\/p>\n<p><a href=\"https:\/\/agora.xtec.cat\/iesmontbui\/categoria\/eso\/eso-1\/eso-1a\/\"><\/a><br \/>\n<a href=\"https:\/\/agora.xtec.cat\/iesmontbui\/categoria\/eso\/eso-1\/eso-1b\/\"><\/a><br \/>\n<a href=\"https:\/\/agora.xtec.cat\/iesmontbui\/categoria\/eso\/eso-1\/eso-1c\/\"><\/a><br \/>\n<a&hellip;  <a href=\"https:\/\/agora.xtec.cat\/iesmontbui\/estudis\/e-s-o\/1-e-s-o\/\" title=\"Read 1 E.S.O\">Llegeix m\u00e9s\u00bb<\/a><\/p>\n","protected":false},"author":1,"featured_media":0,"parent":398,"menu_order":0,"comment_status":"closed","ping_status":"closed","template":"page-templates\/side-menu.php","meta":{"_bbp_topic_count":0,"_bbp_reply_count":0,"_bbp_total_topic_count":0,"_bbp_total_reply_count":0,"_bbp_voice_count":0,"_bbp_anonymous_reply_count":0,"_bbp_topic_count_hidden":0,"_bbp_reply_count_hidden":0,"_bbp_forum_subforum_count":0,"footnotes":""},"class_list":["post-400","page","type-page","status-publish","hentry"],"post_mailing_queue_ids":[],"_links":{"self":[{"href":"https:\/\/agora.xtec.cat\/iesmontbui\/wp-json\/wp\/v2\/pages\/400","targetHints":{"allow":["GET"]}}],"collection":[{"href":"https:\/\/agora.xtec.cat\/iesmontbui\/wp-json\/wp\/v2\/pages"}],"about":[{"href":"https:\/\/agora.xtec.cat\/iesmontbui\/wp-json\/wp\/v2\/types\/page"}],"author":[{"embeddable":true,"href":"https:\/\/agora.xtec.cat\/iesmontbui\/wp-json\/wp\/v2\/users\/1"}],"replies":[{"embeddable":true,"href":"https:\/\/agora.xtec.cat\/iesmontbui\/wp-json\/wp\/v2\/comments?post=400"}],"version-history":[{"count":4,"href":"https:\/\/agora.xtec.cat\/iesmontbui\/wp-json\/wp\/v2\/pages\/400\/revisions"}],"predecessor-version":[{"id":7571,"href":"https:\/\/agora.xtec.cat\/iesmontbui\/wp-json\/wp\/v2\/pages\/400\/revisions\/7571"}],"up":[{"embeddable":true,"href":"https:\/\/agora.xtec.cat\/iesmontbui\/wp-json\/wp\/v2\/pages\/398"}],"wp:attachment":[{"href":"https:\/\/agora.xtec.cat\/iesmontbui\/wp-json\/wp\/v2\/media?parent=400"}],"curies":[{"name":"wp","href":"https:\/\/api.w.org\/{rel}","templated":true}]}}