{"id":39,"date":"2014-09-17T16:36:44","date_gmt":"2014-09-17T16:36:44","guid":{"rendered":"http:\/\/agora.xtec.cat\/iesmontbui\/?page_id=39"},"modified":"2021-03-06T16:23:00","modified_gmt":"2021-03-06T15:23:00","slug":"instal%c2%b7lacions","status":"publish","type":"page","link":"https:\/\/agora.xtec.cat\/iesmontbui\/linstitut\/instal%c2%b7lacions\/","title":{"rendered":"Instal\u00b7lacions"},"content":{"rendered":"<p style=\"text-align: justify;\">Actualment el nostre centre compta amb suficients aules per acollir a 5 l\u00ednies de 1r i 2n d&#8217;ESO, 4 l\u00ednies de 3r i 4t d&#8217;ESO, un grup de PFi i 2 l\u00ednies de 1r i 2n de Batxillerat. Totes les aules compten amb ordinador d&#8217;aula amb projector, PDI i sistema d&#8217;\u00e0udio. Totes elles compten tamb\u00e9 amb connexi\u00f3 Wi-Fi d&#8217;alta velocitat.<\/p>\n<p>A m\u00e9s a m\u00e9s, el centre tamb\u00e9 compta amb una s\u00e8rie d&#8217;espais espec\u00edfics:<\/p>\n<ul>\n<li>2 tallers de tecnologia<\/li>\n<li>Laboratori de F\u00edsica i Qu\u00edmica<\/li>\n<li>Laboratori de C. Naturals<\/li>\n<li>Aula de M\u00fasica<\/li>\n<li>Aula PDC<\/li>\n<li>Aula de Teatre<\/li>\n<li>Aula de M\u00fasica<\/li>\n<li>Aula d&#8217;audiovisuals<\/li>\n<li>Aula de Visual i Pl\u00e0stica<\/li>\n<li>Aula d&#8217;acollida<\/li>\n<li>Biblioteca<\/li>\n<\/ul>\n<p>A la zona exterior, el centre compta amb un Gimn\u00e0s cobert, dues pistes poliesportives i dues zones d&#8217;esbarjo.<\/p>\n","protected":false},"excerpt":{"rendered":"<p>Actualment el nostre centre compta amb suficients aules per acollir a 5 l\u00ednies de 1r i 2n d&#8217;ESO, 4 l\u00ednies de 3r i 4t d&#8217;ESO, un grup de PFi i 2 l\u00ednies de 1r i 2n de Batxillerat. Totes les aules compten amb ordinador d&#8217;aula&hellip;  <a href=\"https:\/\/agora.xtec.cat\/iesmontbui\/linstitut\/instal%c2%b7lacions\/\" title=\"Read Instal\u00b7lacions\">Llegeix m\u00e9s\u00bb<\/a><\/p>\n","protected":false},"author":1,"featured_media":0,"parent":19,"menu_order":30,"comment_status":"closed","ping_status":"closed","template":"page-templates\/side-menu.php","meta":{"_bbp_topic_count":0,"_bbp_reply_count":0,"_bbp_total_topic_count":0,"_bbp_total_reply_count":0,"_bbp_voice_count":0,"_bbp_anonymous_reply_count":0,"_bbp_topic_count_hidden":0,"_bbp_reply_count_hidden":0,"_bbp_forum_subforum_count":0,"footnotes":""},"class_list":["post-39","page","type-page","status-publish","hentry"],"post_mailing_queue_ids":[],"_links":{"self":[{"href":"https:\/\/agora.xtec.cat\/iesmontbui\/wp-json\/wp\/v2\/pages\/39","targetHints":{"allow":["GET"]}}],"collection":[{"href":"https:\/\/agora.xtec.cat\/iesmontbui\/wp-json\/wp\/v2\/pages"}],"about":[{"href":"https:\/\/agora.xtec.cat\/iesmontbui\/wp-json\/wp\/v2\/types\/page"}],"author":[{"embeddable":true,"href":"https:\/\/agora.xtec.cat\/iesmontbui\/wp-json\/wp\/v2\/users\/1"}],"replies":[{"embeddable":true,"href":"https:\/\/agora.xtec.cat\/iesmontbui\/wp-json\/wp\/v2\/comments?post=39"}],"version-history":[{"count":3,"href":"https:\/\/agora.xtec.cat\/iesmontbui\/wp-json\/wp\/v2\/pages\/39\/revisions"}],"predecessor-version":[{"id":5898,"href":"https:\/\/agora.xtec.cat\/iesmontbui\/wp-json\/wp\/v2\/pages\/39\/revisions\/5898"}],"up":[{"embeddable":true,"href":"https:\/\/agora.xtec.cat\/iesmontbui\/wp-json\/wp\/v2\/pages\/19"}],"wp:attachment":[{"href":"https:\/\/agora.xtec.cat\/iesmontbui\/wp-json\/wp\/v2\/media?parent=39"}],"curies":[{"name":"wp","href":"https:\/\/api.w.org\/{rel}","templated":true}]}}