{"id":2739,"date":"2018-11-05T22:26:01","date_gmt":"2018-11-05T21:26:01","guid":{"rendered":"http:\/\/agora.xtec.cat\/iesmontbui\/?page_id=2739"},"modified":"2020-02-25T10:11:30","modified_gmt":"2020-02-25T09:11:30","slug":"chromebooks","status":"publish","type":"page","link":"https:\/\/agora.xtec.cat\/iesmontbui\/organitzacio-de-centre\/chromebooks\/","title":{"rendered":"Chromebooks"},"content":{"rendered":"<p>Des del curs 2018-2019, l&#8217;Institut Montbui ha engegat un projecte d&#8217;implementaci\u00f3 d&#8217;un dispositiu per alumne al primer curs d&#8217;ESO. Cada alumne porta el seu propi dispositiu Chromebook a l&#8217;aula. Aquest fet permet f<span style=\"font-weight: 400;\">lexibilitzar el proc\u00e9s d\u2019aprenentatge, ajudant a l\u2019alumnat, motivant-los, etc.<\/span><\/p>\n<p><span style=\"font-weight: 400;\">L&#8217;Institut Montbui sempre ha apostat per la innovaci\u00f3 i per la digitalitzaci\u00f3 dels ensenyaments, i en aquest nou pas facilita el treball i l&#8217;avaluaci\u00f3<\/span><span style=\"font-weight: 400;\"> la compet\u00e8ncia digital de l\u2019alumnat d\u2019una forma transversal (Decret 187\/2015), que juntament amb la realitzaci\u00f3 de projectes formen part de la innovaci\u00f3 constant en el centre.<\/span><\/p>\n<p>A continuaci\u00f3 hi ha una presentaci\u00f3 de l&#8217;\u00fas d&#8217;aquests dispositius al nostre centre:<\/p>\n<p style=\"text-align: center;\"><iframe loading=\"lazy\" src=\"https:\/\/docs.google.com\/presentation\/d\/e\/2PACX-1vRbw3s1KPYxcGNSEMWIw-CEXDMWWlPLMK16Kr0yBPPA1biMg6kp3LJ3Lp65KyLsoLlS_Vg4ATsw8BSU\/embed?start=false&amp;loop=false&amp;delayms=5000\" width=\"480\" height=\"299\" frameborder=\"0\" allowfullscreen=\"allowfullscreen\"><span data-mce-type=\"bookmark\" style=\"display: inline-block; width: 0px; overflow: hidden; line-height: 0;\" class=\"mce_SELRES_start\">\ufeff<\/span><\/iframe><\/p>\n<p>Per fer la <strong>RESERVA del Chromebook<\/strong> del curs 2019\/20, omple aquest <a href=\"https:\/\/forms.gle\/LTFYtQGcJPE6oYUn7\">formulari<\/a>:\u00a0<a href=\"https:\/\/forms.gle\/LTFYtQGcJPE6oYUn7\">https:\/\/forms.gle\/LTFYtQGcJPE6oYUn7<\/a><\/p>\n<h3>TINC UNA AVARIA AL CHROMEBOOK<\/h3>\n<p>Si s&#8217;ha produ\u00eft una avaria del dispositiu del teu fill\/a, cal que segueixis les indicacions presents al seg\u00fcent document. Clicant al s\u00edmbol de la flexta a la part superior dreta del document, aquest s&#8217;obrir\u00e0 de forma completa en una nova pestanya:<\/p>\n<p style=\"text-align: center;\">\n<iframe loading=\"lazy\" src=\"https:\/\/drive.google.com\/file\/d\/1-2mect4fhAbBD6PqfJIVGwWxW7i5nW1F\/preview\" width=\"640\" height=\"480\"><\/iframe><\/p>\n","protected":false},"excerpt":{"rendered":"<p>Des del curs 2018-2019, l&#8217;Institut Montbui ha engegat un projecte d&#8217;implementaci\u00f3 d&#8217;un dispositiu per alumne al primer curs d&#8217;ESO. Cada alumne porta el seu propi dispositiu Chromebook a l&#8217;aula. Aquest fet permet flexibilitzar el proc\u00e9s d\u2019aprenentatge, ajudant a l\u2019alumnat, motivant-los, etc.<br \/>\nL&#8217;Institut Montbui sempre ha apostat&hellip;  <a href=\"https:\/\/agora.xtec.cat\/iesmontbui\/organitzacio-de-centre\/chromebooks\/\" title=\"Read Chromebooks\">Llegeix m\u00e9s\u00bb<\/a><\/p>\n","protected":false},"author":1,"featured_media":0,"parent":318,"menu_order":0,"comment_status":"closed","ping_status":"closed","template":"","meta":{"_bbp_topic_count":0,"_bbp_reply_count":0,"_bbp_total_topic_count":0,"_bbp_total_reply_count":0,"_bbp_voice_count":0,"_bbp_anonymous_reply_count":0,"_bbp_topic_count_hidden":0,"_bbp_reply_count_hidden":0,"_bbp_forum_subforum_count":0,"footnotes":""},"class_list":["post-2739","page","type-page","status-publish","hentry"],"post_mailing_queue_ids":[],"_links":{"self":[{"href":"https:\/\/agora.xtec.cat\/iesmontbui\/wp-json\/wp\/v2\/pages\/2739","targetHints":{"allow":["GET"]}}],"collection":[{"href":"https:\/\/agora.xtec.cat\/iesmontbui\/wp-json\/wp\/v2\/pages"}],"about":[{"href":"https:\/\/agora.xtec.cat\/iesmontbui\/wp-json\/wp\/v2\/types\/page"}],"author":[{"embeddable":true,"href":"https:\/\/agora.xtec.cat\/iesmontbui\/wp-json\/wp\/v2\/users\/1"}],"replies":[{"embeddable":true,"href":"https:\/\/agora.xtec.cat\/iesmontbui\/wp-json\/wp\/v2\/comments?post=2739"}],"version-history":[{"count":3,"href":"https:\/\/agora.xtec.cat\/iesmontbui\/wp-json\/wp\/v2\/pages\/2739\/revisions"}],"predecessor-version":[{"id":4331,"href":"https:\/\/agora.xtec.cat\/iesmontbui\/wp-json\/wp\/v2\/pages\/2739\/revisions\/4331"}],"up":[{"embeddable":true,"href":"https:\/\/agora.xtec.cat\/iesmontbui\/wp-json\/wp\/v2\/pages\/318"}],"wp:attachment":[{"href":"https:\/\/agora.xtec.cat\/iesmontbui\/wp-json\/wp\/v2\/media?parent=2739"}],"curies":[{"name":"wp","href":"https:\/\/api.w.org\/{rel}","templated":true}]}}