{"id":77,"date":"2014-09-18T10:29:25","date_gmt":"2014-09-18T09:29:25","guid":{"rendered":"http:\/\/agora.xtec.cat\/iesmontalt\/?page_id=77"},"modified":"2024-09-21T19:37:45","modified_gmt":"2024-09-21T17:37:45","slug":"transport-escolar","status":"publish","type":"page","link":"https:\/\/agora.xtec.cat\/iesmontalt\/serveis\/transport-escolar\/","title":{"rendered":"Transport escolar"},"content":{"rendered":"<p style=\"color: #444444; text-align: justify;\"><span style=\"color: #444444;\">L\u2019autocar recull els alumnes comen\u00e7ant per la parada de l\u2019Hotel Estrac cada dia a les 7.50 h i els retorna a les hores de sortida de l\u2019institut.<\/span><\/p>\n<p style=\"text-align: justify;\">Els alumnes que no s\u00f3n de Caldes en poden fer \u00fas per\u00f2 en la modalitat de pagament. Cal fer la sol\u00b7licitud a secretaria.<\/p>\n<p><span style=\"font-weight: 400;\">El consell comarcal envia un correu a les fam\u00edlies de l&#8217;alumnat de Caldes amb un enlla\u00e7 que hauran de clicar, omplir, imprimir, signar i retornar a secretaria.<\/span><\/p>\n<p style=\"text-align: justify;\"><strong>Les mateixes normes que s\u2019apliquen a l\u2019institut serveixen per al transport.<\/strong><\/p>\n","protected":false},"excerpt":{"rendered":"<p>L\u2019autocar recull els alumnes comen\u00e7ant per la parada de l\u2019Hotel Estrac cada dia a les 7.50 h i els retorna a les hores de sortida de l\u2019institut.<br \/>\nEls alumnes que no s\u00f3n de Caldes en poden fer \u00fas per\u00f2 en la modalitat de pagament. Cal fer&hellip;  <a href=\"https:\/\/agora.xtec.cat\/iesmontalt\/serveis\/transport-escolar\/\" title=\"Read Transport escolar\">Llegeix m\u00e9s\u00bb<\/a><\/p>\n","protected":false},"author":1,"featured_media":0,"parent":63,"menu_order":50,"comment_status":"closed","ping_status":"closed","template":"page-templates\/side-menu.php","meta":{"_bbp_topic_count":0,"_bbp_reply_count":0,"_bbp_total_topic_count":0,"_bbp_total_reply_count":0,"_bbp_voice_count":0,"_bbp_anonymous_reply_count":0,"_bbp_topic_count_hidden":0,"_bbp_reply_count_hidden":0,"_bbp_forum_subforum_count":0,"footnotes":""},"class_list":["post-77","page","type-page","status-publish","hentry"],"post_mailing_queue_ids":[],"_links":{"self":[{"href":"https:\/\/agora.xtec.cat\/iesmontalt\/wp-json\/wp\/v2\/pages\/77","targetHints":{"allow":["GET"]}}],"collection":[{"href":"https:\/\/agora.xtec.cat\/iesmontalt\/wp-json\/wp\/v2\/pages"}],"about":[{"href":"https:\/\/agora.xtec.cat\/iesmontalt\/wp-json\/wp\/v2\/types\/page"}],"author":[{"embeddable":true,"href":"https:\/\/agora.xtec.cat\/iesmontalt\/wp-json\/wp\/v2\/users\/1"}],"replies":[{"embeddable":true,"href":"https:\/\/agora.xtec.cat\/iesmontalt\/wp-json\/wp\/v2\/comments?post=77"}],"version-history":[{"count":4,"href":"https:\/\/agora.xtec.cat\/iesmontalt\/wp-json\/wp\/v2\/pages\/77\/revisions"}],"predecessor-version":[{"id":22002,"href":"https:\/\/agora.xtec.cat\/iesmontalt\/wp-json\/wp\/v2\/pages\/77\/revisions\/22002"}],"up":[{"embeddable":true,"href":"https:\/\/agora.xtec.cat\/iesmontalt\/wp-json\/wp\/v2\/pages\/63"}],"wp:attachment":[{"href":"https:\/\/agora.xtec.cat\/iesmontalt\/wp-json\/wp\/v2\/media?parent=77"}],"curies":[{"name":"wp","href":"https:\/\/api.w.org\/{rel}","templated":true}]}}