{"id":39,"date":"2014-09-17T16:36:44","date_gmt":"2014-09-17T16:36:44","guid":{"rendered":"http:\/\/agora.xtec.cat\/iesmontalt\/?page_id=39"},"modified":"2025-09-23T11:21:03","modified_gmt":"2025-09-23T09:21:03","slug":"instal%c2%b7lacions","status":"publish","type":"page","link":"https:\/\/agora.xtec.cat\/iesmontalt\/linstitut\/instal%c2%b7lacions\/","title":{"rendered":"Instal\u00b7lacions"},"content":{"rendered":"<p style=\"text-align: justify;\">L&#8217;institut disposa de les seg\u00fcents instal\u00b7lacions juntament amb les corresponents aules ordin\u00e0ries per a cada grup.<\/p>\n<ul>\n<li style=\"text-align: justify;\">Un gimn\u00e0s.<\/li>\n<li style=\"text-align: justify;\">Dos tallers de Tecnologia.<\/li>\n<li style=\"text-align: justify;\">Una aula de M\u00fasica.<\/li>\n<li style=\"text-align: justify;\">Un taller d&#8217;art per a Visual i Pl\u00e0stica.<\/li>\n<li style=\"text-align: justify;\">Dos laboratoris de Ci\u00e8ncies (un per a F\u00edsica i Qu\u00edmica i l&#8217;altre per Biologia i Geologia).<\/li>\n<li style=\"text-align: justify;\">Un bar.<\/li>\n<\/ul>\n","protected":false},"excerpt":{"rendered":"<p>L&#8217;institut disposa de les seg\u00fcents instal\u00b7lacions juntament amb les corresponents aules ordin\u00e0ries per a cada grup.<\/p>\n<ul>\n<li style=\"text-align: justify;\">Un gimn\u00e0s.<\/li>\n<li style=\"text-align: justify;\">Dos tallers de Tecnologia.<\/li>\n<li style=\"text-align: justify;\">Una aula de M\u00fasica.<\/li>\n<li style=\"text-align: justify;\">Un taller d&#8217;art per a Visual i Pl\u00e0stica.<\/li>\n<li style=\"text-align: justify;\">Dos laboratoris de Ci\u00e8ncies (un per&hellip;  <a href=\"https:\/\/agora.xtec.cat\/iesmontalt\/linstitut\/instal%c2%b7lacions\/\" title=\"Read Instal\u00b7lacions\">Llegeix m\u00e9s\u00bb<\/a><br \/>\n","protected":false},"author":1,"featured_media":0,"parent":19,"menu_order":30,"comment_status":"closed","ping_status":"closed","template":"page-templates\/side-menu.php","meta":{"_bbp_topic_count":0,"_bbp_reply_count":0,"_bbp_total_topic_count":0,"_bbp_total_reply_count":0,"_bbp_voice_count":0,"_bbp_anonymous_reply_count":0,"_bbp_topic_count_hidden":0,"_bbp_reply_count_hidden":0,"_bbp_forum_subforum_count":0,"footnotes":""},"class_list":["post-39","page","type-page","status-publish","hentry"],"post_mailing_queue_ids":[],"_links":{"self":[{"href":"https:\/\/agora.xtec.cat\/iesmontalt\/wp-json\/wp\/v2\/pages\/39","targetHints":{"allow":["GET"]}}],"collection":[{"href":"https:\/\/agora.xtec.cat\/iesmontalt\/wp-json\/wp\/v2\/pages"}],"about":[{"href":"https:\/\/agora.xtec.cat\/iesmontalt\/wp-json\/wp\/v2\/types\/page"}],"author":[{"embeddable":true,"href":"https:\/\/agora.xtec.cat\/iesmontalt\/wp-json\/wp\/v2\/users\/1"}],"replies":[{"embeddable":true,"href":"https:\/\/agora.xtec.cat\/iesmontalt\/wp-json\/wp\/v2\/comments?post=39"}],"version-history":[{"count":5,"href":"https:\/\/agora.xtec.cat\/iesmontalt\/wp-json\/wp\/v2\/pages\/39\/revisions"}],"predecessor-version":[{"id":22491,"href":"https:\/\/agora.xtec.cat\/iesmontalt\/wp-json\/wp\/v2\/pages\/39\/revisions\/22491"}],"up":[{"embeddable":true,"href":"https:\/\/agora.xtec.cat\/iesmontalt\/wp-json\/wp\/v2\/pages\/19"}],"wp:attachment":[{"href":"https:\/\/agora.xtec.cat\/iesmontalt\/wp-json\/wp\/v2\/media?parent=39"}],"curies":[{"name":"wp","href":"https:\/\/api.w.org\/{rel}","templated":true}]}}