{"id":27,"date":"2014-09-17T16:24:03","date_gmt":"2014-09-17T16:24:03","guid":{"rendered":"http:\/\/agora.xtec.cat\/iesmontalt\/?page_id=27"},"modified":"2024-09-21T19:20:10","modified_gmt":"2024-09-21T17:20:10","slug":"historia","status":"publish","type":"page","link":"https:\/\/agora.xtec.cat\/iesmontalt\/linstitut\/historia\/","title":{"rendered":"Hist\u00f2ria"},"content":{"rendered":"<div id=\"PRESENTACIO\">\n<div class=\"presentacio\">\n<div>\n<p style=\"text-align: justify;\">L&#8217;INS Esteve Albert de Sant Vicen\u00e7 de Montalt \u00e9s un centre d&#8217;ensenyament d&#8217;Educaci\u00f3 Secund\u00e0ria i Batxillerat p\u00fablic que dep\u00e8n de la Generalitat de Catalunya. Es va posar en funcionament el setembre del 2008 en un edifici modular provisional, ubicat al Cam\u00ed del padr\u00f3, i al juny de 2015 es va traslladar a l&#8217;edifici definitiu de l&#8217;Av. Sot del Camp.<\/p>\n<\/div>\n<\/div>\n<div class=\"separador-presentacio\"><\/div>\n<\/div>\n<div id=\"DESTAQUEM\">\n<div class=\"destaquem\">\n<div class=\"titol-destaquem\"><a href=\"http:\/\/agora.xtec.cat\/iesmontalt\/wp-content\/uploads\/usu1666\/2014\/09\/INSTITUT_2012.jpg\"><img loading=\"lazy\" decoding=\"async\" class=\"alignnone size-full wp-image-487\" src=\"http:\/\/agora.xtec.cat\/iesmontalt\/wp-content\/uploads\/usu1666\/2014\/09\/INSTITUT_2012.jpg\" alt=\"\" width=\"800\" height=\"531\" srcset=\"https:\/\/agora.xtec.cat\/iesmontalt\/wp-content\/uploads\/usu1666\/2014\/09\/INSTITUT_2012.jpg 800w, https:\/\/agora.xtec.cat\/iesmontalt\/wp-content\/uploads\/usu1666\/2014\/09\/INSTITUT_2012-300x199.jpg 300w, https:\/\/agora.xtec.cat\/iesmontalt\/wp-content\/uploads\/usu1666\/2014\/09\/INSTITUT_2012-768x510.jpg 768w\" sizes=\"auto, (max-width: 800px) 100vw, 800px\" \/><\/a><\/div>\n<\/div>\n<\/div>\n<p>&nbsp;<\/p>\n<p>&nbsp;<\/p>\n<p>&nbsp;<\/p>\n","protected":false},"excerpt":{"rendered":"<p>L&#8217;INS Esteve Albert de Sant Vicen\u00e7 de Montalt \u00e9s un centre d&#8217;ensenyament d&#8217;Educaci\u00f3 Secund\u00e0ria i Batxillerat p\u00fablic que dep\u00e8n de la Generalitat de Catalunya. Es va posar en funcionament el setembre del 2008 en un edifici modular provisional, ubicat al Cam\u00ed del padr\u00f3, i al&hellip;  <a href=\"https:\/\/agora.xtec.cat\/iesmontalt\/linstitut\/historia\/\" title=\"Read Hist\u00f2ria\">Llegeix m\u00e9s\u00bb<\/a><\/p>\n","protected":false},"author":1,"featured_media":0,"parent":19,"menu_order":20,"comment_status":"closed","ping_status":"closed","template":"page-templates\/side-menu.php","meta":{"_bbp_topic_count":0,"_bbp_reply_count":0,"_bbp_total_topic_count":0,"_bbp_total_reply_count":0,"_bbp_voice_count":0,"_bbp_anonymous_reply_count":0,"_bbp_topic_count_hidden":0,"_bbp_reply_count_hidden":0,"_bbp_forum_subforum_count":0,"footnotes":""},"class_list":["post-27","page","type-page","status-publish","hentry"],"post_mailing_queue_ids":[],"_links":{"self":[{"href":"https:\/\/agora.xtec.cat\/iesmontalt\/wp-json\/wp\/v2\/pages\/27","targetHints":{"allow":["GET"]}}],"collection":[{"href":"https:\/\/agora.xtec.cat\/iesmontalt\/wp-json\/wp\/v2\/pages"}],"about":[{"href":"https:\/\/agora.xtec.cat\/iesmontalt\/wp-json\/wp\/v2\/types\/page"}],"author":[{"embeddable":true,"href":"https:\/\/agora.xtec.cat\/iesmontalt\/wp-json\/wp\/v2\/users\/1"}],"replies":[{"embeddable":true,"href":"https:\/\/agora.xtec.cat\/iesmontalt\/wp-json\/wp\/v2\/comments?post=27"}],"version-history":[{"count":4,"href":"https:\/\/agora.xtec.cat\/iesmontalt\/wp-json\/wp\/v2\/pages\/27\/revisions"}],"predecessor-version":[{"id":21995,"href":"https:\/\/agora.xtec.cat\/iesmontalt\/wp-json\/wp\/v2\/pages\/27\/revisions\/21995"}],"up":[{"embeddable":true,"href":"https:\/\/agora.xtec.cat\/iesmontalt\/wp-json\/wp\/v2\/pages\/19"}],"wp:attachment":[{"href":"https:\/\/agora.xtec.cat\/iesmontalt\/wp-json\/wp\/v2\/media?parent=27"}],"curies":[{"name":"wp","href":"https:\/\/api.w.org\/{rel}","templated":true}]}}