{"id":22701,"date":"2026-03-17T20:22:07","date_gmt":"2026-03-17T19:22:07","guid":{"rendered":"https:\/\/agora.xtec.cat\/iesmontalt\/?page_id=22701"},"modified":"2026-03-17T20:22:08","modified_gmt":"2026-03-17T19:22:08","slug":"materials-associats-al-projecte","status":"publish","type":"page","link":"https:\/\/agora.xtec.cat\/iesmontalt\/materials-associats-al-projecte\/","title":{"rendered":"Materials associats al projecte"},"content":{"rendered":"\n<p>En aquest espai compartim una selecci\u00f3 dels materials elaborats per l\u2019alumnat durant les dues mobilitats del projecte, a Caen i a Verden. A trav\u00e9s d&#8217;aquests treballs es pot veure qu\u00e8 van investigar, qu\u00e8 van aprendre i com van aprofundir en la problem\u00e0tica dels micropl\u00e0stics, tot reflexionant sobre el seu impacte en el medi ambient i en la nostra vida quotidiana. Aquest recull \u00e9s una mostra del proc\u00e9s d\u2019aprenentatge viscut i de la mirada cr\u00edtica i compromesa que l\u2019alumnat ha anat construint al llarg del projecte.<\/p>\n\n\n\n<h3 class=\"wp-block-heading\"><a href=\"https:\/\/agora.xtec.cat\/iesmontalt\/wp-content\/uploads\/usu1666\/2026\/03\/POSTER-CORRENTS-DE-PLASTIC.png\" data-type=\"link\" data-id=\"https:\/\/agora.xtec.cat\/iesmontalt\/wp-content\/uploads\/usu1666\/2026\/03\/POSTER-CORRENTS-DE-PLASTIC.png\">Poster Corrents de Pl\u00e0stic<\/a><\/h3>\n\n\n\n<h3 class=\"wp-block-heading\"><a href=\"https:\/\/agora.xtec.cat\/iesmontalt\/wp-content\/uploads\/usu1666\/2026\/03\/Informe-microplasticos-alumnos-Caen.pdf\" data-type=\"link\" data-id=\"https:\/\/agora.xtec.cat\/iesmontalt\/wp-content\/uploads\/usu1666\/2026\/03\/Informe-microplasticos-alumnos-Caen.pdf\">Informe micropl\u00e1sticos (alumnos Caen)<\/a><\/h3>\n\n\n\n<h3 class=\"wp-block-heading\"><a href=\"https:\/\/agora.xtec.cat\/iesmontalt\/wp-content\/uploads\/usu1666\/2026\/03\/Informe-Caen.pdf\" data-type=\"link\" data-id=\"https:\/\/agora.xtec.cat\/iesmontalt\/wp-content\/uploads\/usu1666\/2026\/03\/Informe-Caen.pdf\">Informe Caen<\/a><\/h3>\n\n\n\n<h3 class=\"wp-block-heading\"><a href=\"https:\/\/agora.xtec.cat\/iesmontalt\/wp-content\/uploads\/usu1666\/2026\/03\/Informe-microplasticos-alumnos-Verden.pdf\" data-type=\"link\" data-id=\"https:\/\/agora.xtec.cat\/iesmontalt\/wp-content\/uploads\/usu1666\/2026\/03\/Informe-microplasticos-alumnos-Verden.pdf\">Informe micropl\u00e1sticos (alumnos Verden)<\/a><\/h3>\n\n\n\n<h3 class=\"wp-block-heading\"><a href=\"https:\/\/agora.xtec.cat\/iesmontalt\/wp-content\/uploads\/usu1666\/2026\/03\/Informe-microplasticos-alumnos-II-Verden.pdf\" data-type=\"link\" data-id=\"https:\/\/agora.xtec.cat\/iesmontalt\/wp-content\/uploads\/usu1666\/2026\/03\/Informe-microplasticos-alumnos-II-Verden.pdf\">Informe micropl\u00e1sticos (alumnos II Verden)<\/a><\/h3>\n\n\n\n<h3 class=\"wp-block-heading\"><a href=\"https:\/\/agora.xtec.cat\/iesmontalt\/wp-content\/uploads\/usu1666\/2026\/03\/microplasticos-carol-y-julia-1.pdf\" data-type=\"link\" data-id=\"https:\/\/agora.xtec.cat\/iesmontalt\/wp-content\/uploads\/usu1666\/2026\/03\/microplasticos-carol-y-julia-1.pdf\">Microplasticos Carol y J\u00falia<\/a><\/h3>\n\n\n\n<h3 class=\"wp-block-heading\"><a href=\"https:\/\/agora.xtec.cat\/iesmontalt\/wp-content\/uploads\/usu1666\/2026\/03\/Decaleg-microplastics.pdf\" data-type=\"link\" data-id=\"https:\/\/agora.xtec.cat\/iesmontalt\/wp-content\/uploads\/usu1666\/2026\/03\/Decaleg-microplastics.pdf\">Dec\u00e0leg micropl\u00e0stics<\/a><\/h3>\n\n\n\n<h3 class=\"wp-block-heading\"><a href=\"https:\/\/agora.xtec.cat\/iesmontalt\/wp-content\/uploads\/usu1666\/2026\/03\/Un-Mon-Sense-Microplastics.pdf\" data-type=\"link\" data-id=\"https:\/\/agora.xtec.cat\/iesmontalt\/wp-content\/uploads\/usu1666\/2026\/03\/Un-Mon-Sense-Microplastics.pdf\">Un M\u00f3n Sense Micropl\u00e0stics<\/a><\/h3>\n","protected":false},"excerpt":{"rendered":"<p>En aquest espai compartim una selecci\u00f3 dels materials elaborats per l\u2019alumnat durant les dues mobilitats del projecte, a Caen i a Verden. A trav\u00e9s d&#8217;aquests treballs es pot veure qu\u00e8 van investigar, qu\u00e8 van aprendre i com van aprofundir en la problem\u00e0tica dels micropl\u00e0stics, tot&hellip;  <a href=\"https:\/\/agora.xtec.cat\/iesmontalt\/materials-associats-al-projecte\/\" title=\"Read Materials associats al projecte\">Llegeix m\u00e9s\u00bb<\/a><\/p>\n","protected":false},"author":1,"featured_media":0,"parent":0,"menu_order":0,"comment_status":"closed","ping_status":"close","template":"","meta":{"_bbp_topic_count":0,"_bbp_reply_count":0,"_bbp_total_topic_count":0,"_bbp_total_reply_count":0,"_bbp_voice_count":0,"_bbp_anonymous_reply_count":0,"_bbp_topic_count_hidden":0,"_bbp_reply_count_hidden":0,"_bbp_forum_subforum_count":0,"footnotes":""},"class_list":["post-22701","page","type-page","status-publish","hentry"],"post_mailing_queue_ids":[],"_links":{"self":[{"href":"https:\/\/agora.xtec.cat\/iesmontalt\/wp-json\/wp\/v2\/pages\/22701","targetHints":{"allow":["GET"]}}],"collection":[{"href":"https:\/\/agora.xtec.cat\/iesmontalt\/wp-json\/wp\/v2\/pages"}],"about":[{"href":"https:\/\/agora.xtec.cat\/iesmontalt\/wp-json\/wp\/v2\/types\/page"}],"author":[{"embeddable":true,"href":"https:\/\/agora.xtec.cat\/iesmontalt\/wp-json\/wp\/v2\/users\/1"}],"replies":[{"embeddable":true,"href":"https:\/\/agora.xtec.cat\/iesmontalt\/wp-json\/wp\/v2\/comments?post=22701"}],"version-history":[{"count":1,"href":"https:\/\/agora.xtec.cat\/iesmontalt\/wp-json\/wp\/v2\/pages\/22701\/revisions"}],"predecessor-version":[{"id":22703,"href":"https:\/\/agora.xtec.cat\/iesmontalt\/wp-json\/wp\/v2\/pages\/22701\/revisions\/22703"}],"wp:attachment":[{"href":"https:\/\/agora.xtec.cat\/iesmontalt\/wp-json\/wp\/v2\/media?parent=22701"}],"curies":[{"name":"wp","href":"https:\/\/api.w.org\/{rel}","templated":true}]}}