{"id":22674,"date":"2026-03-15T22:42:24","date_gmt":"2026-03-15T21:42:24","guid":{"rendered":"https:\/\/agora.xtec.cat\/iesmontalt\/?page_id=22674"},"modified":"2026-03-15T23:14:25","modified_gmt":"2026-03-15T22:14:25","slug":"job-shadowing-del-professorat","status":"publish","type":"page","link":"https:\/\/agora.xtec.cat\/iesmontalt\/noticies-sobre-lerasmus\/job-shadowing-del-professorat\/","title":{"rendered":"Job shadowing del professorat"},"content":{"rendered":"\n<p>El projecte Corrents de Pl\u00e0stic tamb\u00e9 inclou mobilitats de professorat en modalitat de job shadowing, una pr\u00e0ctica que permet observar directament el funcionament d&#8217;altres centres educatius europeus, con\u00e8ixer noves metodologies i compartir experi\u00e8ncies professionals.<\/p>\n\n\n\n<p>Aquestes estades ofereixen al professorat l\u2019oportunitat de descobrir altres maneres d&#8217;ensenyar i aprendre, reflexionar sobre la pr\u00f2pia pr\u00e0ctica docent i incorporar idees innovadores al nostre centre. El retorn d\u2019aquestes mobilitats \u00e9s molt valu\u00f3s, ja que reverteix directament en la millora educativa i en l\u2019enriquiment de tota la comunitat escolar. Els professors participants han traslladat aquestes noves metodologies en uns informes que han compartit tamb\u00e9 en claustres docents. En el marc d&#8217;aquest projecte dos professors han visitat el Gymnasium M\u00fcnsingen a Alemanya, dos m\u00e9s han anat al Coll\u00e8ge Th\u00e9odore Monod de Roubaix (Fran\u00e7a) i un docent m\u00e9s ha vingut carregat d&#8217;idees del Istituto Comprensivo &#8220;Spirito Santo&#8221; de Cosenza (It\u00e0lia).&nbsp;<\/p>\n\n\n\n<h3 class=\"wp-block-heading\"><a href=\"https:\/\/agora.xtec.cat\/iesmontalt\/wp-content\/uploads\/usu1666\/2026\/03\/Informe-Job-Shadowing-College-Theodore-Monod.pdf\" data-type=\"link\" data-id=\"https:\/\/agora.xtec.cat\/iesmontalt\/wp-content\/uploads\/usu1666\/2026\/03\/Informe-Job-Shadowing-College-Theodore-Monod.pdf\">Informe Job Shadowing Coll\u00e8ge Th\u00e9odore Monod (Fran\u00e7a)<\/a><\/h3>\n\n\n\n<h3 class=\"wp-block-heading\"><a href=\"https:\/\/agora.xtec.cat\/iesmontalt\/wp-content\/uploads\/usu1666\/2026\/03\/Informe-del-Job-Shadowing-a-Cosenza-Italia.pdf\" data-type=\"link\" data-id=\"https:\/\/agora.xtec.cat\/iesmontalt\/wp-content\/uploads\/usu1666\/2026\/03\/Informe-del-Job-Shadowing-a-Cosenza-Italia.pdf\">Informe Job Shadowing Istituto Comprensivo &#8220;Spirito Santo&#8221; (It\u00e0lia)<\/a><\/h3>\n\n\n\n<h3 class=\"wp-block-heading\"><a href=\"https:\/\/agora.xtec.cat\/iesmontalt\/wp-content\/uploads\/usu1666\/2026\/03\/Informe-de-retorn-job-shadowing-Gymnasium-Munsingen.pdf\" data-type=\"link\" data-id=\"https:\/\/agora.xtec.cat\/iesmontalt\/wp-content\/uploads\/usu1666\/2026\/03\/Informe-de-retorn-job-shadowing-Gymnasium-Munsingen.pdf\">Informe Job Shadowing Gymnasium M\u00fcnsigen (Alemanya)<\/a><\/h3>\n\n\n\n<h3 class=\"wp-block-heading\"><a href=\"https:\/\/agora.xtec.cat\/iesmontalt\/general\/estada-de-job-shadowing-a-franca-amb-el-programa-erasmus\/\" data-type=\"link\" data-id=\"https:\/\/agora.xtec.cat\/iesmontalt\/general\/estada-de-job-shadowing-a-franca-amb-el-programa-erasmus\/\">Article: Estada de job shadowing a Fran\u00e7a amb el programa Erasmus+<\/a><\/h3>\n\n\n\n<h3 class=\"wp-block-heading\"><a href=\"https:\/\/agora.xtec.cat\/iesmontalt\/general\/estada-de-job-shadowing-a-italia-amb-el-programa-erasmus\/\" data-type=\"link\" data-id=\"https:\/\/agora.xtec.cat\/iesmontalt\/general\/estada-de-job-shadowing-a-italia-amb-el-programa-erasmus\/\">Article: Estada de job shadowing a It\u00e0lia amb el programa Erasmus+ <\/a><\/h3>\n\n\n\n<h3 class=\"wp-block-heading\"><a href=\"https:\/\/agora.xtec.cat\/iesmontalt\/general\/estada-de-job-shadowing-a-alemanya-amb-el-programa-erasmus\/\" data-type=\"link\" data-id=\"https:\/\/agora.xtec.cat\/iesmontalt\/general\/estada-de-job-shadowing-a-alemanya-amb-el-programa-erasmus\/\">Article: Estada de job shadowing a Alemanya amb el programa Erasmus+<\/a><\/h3>\n","protected":false},"excerpt":{"rendered":"<p>El projecte Corrents de Pl\u00e0stic tamb\u00e9 inclou mobilitats de professorat en modalitat de job shadowing, una pr\u00e0ctica que permet observar directament el funcionament d&#8217;altres centres educatius europeus, con\u00e8ixer noves metodologies i compartir experi\u00e8ncies professionals.<\/p>\n<p>Aquestes estades ofereixen al professorat l\u2019oportunitat de descobrir altres maneres d&#8217;ensenyar i&hellip;  <a href=\"https:\/\/agora.xtec.cat\/iesmontalt\/noticies-sobre-lerasmus\/job-shadowing-del-professorat\/\" title=\"Read Job shadowing del professorat\">Llegeix m\u00e9s\u00bb<\/a><\/p>\n","protected":false},"author":1,"featured_media":0,"parent":22296,"menu_order":0,"comment_status":"closed","ping_status":"close","template":"page-templates\/side-menu.php","meta":{"_bbp_topic_count":0,"_bbp_reply_count":0,"_bbp_total_topic_count":0,"_bbp_total_reply_count":0,"_bbp_voice_count":0,"_bbp_anonymous_reply_count":0,"_bbp_topic_count_hidden":0,"_bbp_reply_count_hidden":0,"_bbp_forum_subforum_count":0,"footnotes":""},"class_list":["post-22674","page","type-page","status-publish","hentry"],"post_mailing_queue_ids":[],"_links":{"self":[{"href":"https:\/\/agora.xtec.cat\/iesmontalt\/wp-json\/wp\/v2\/pages\/22674","targetHints":{"allow":["GET"]}}],"collection":[{"href":"https:\/\/agora.xtec.cat\/iesmontalt\/wp-json\/wp\/v2\/pages"}],"about":[{"href":"https:\/\/agora.xtec.cat\/iesmontalt\/wp-json\/wp\/v2\/types\/page"}],"author":[{"embeddable":true,"href":"https:\/\/agora.xtec.cat\/iesmontalt\/wp-json\/wp\/v2\/users\/1"}],"replies":[{"embeddable":true,"href":"https:\/\/agora.xtec.cat\/iesmontalt\/wp-json\/wp\/v2\/comments?post=22674"}],"version-history":[{"count":4,"href":"https:\/\/agora.xtec.cat\/iesmontalt\/wp-json\/wp\/v2\/pages\/22674\/revisions"}],"predecessor-version":[{"id":22689,"href":"https:\/\/agora.xtec.cat\/iesmontalt\/wp-json\/wp\/v2\/pages\/22674\/revisions\/22689"}],"up":[{"embeddable":true,"href":"https:\/\/agora.xtec.cat\/iesmontalt\/wp-json\/wp\/v2\/pages\/22296"}],"wp:attachment":[{"href":"https:\/\/agora.xtec.cat\/iesmontalt\/wp-json\/wp\/v2\/media?parent=22674"}],"curies":[{"name":"wp","href":"https:\/\/api.w.org\/{rel}","templated":true}]}}