{"id":22672,"date":"2026-03-15T22:41:37","date_gmt":"2026-03-15T21:41:37","guid":{"rendered":"https:\/\/agora.xtec.cat\/iesmontalt\/?page_id=22672"},"modified":"2026-03-15T23:11:40","modified_gmt":"2026-03-15T22:11:40","slug":"mobilitat-dalumnes-a-verden-alemanya","status":"publish","type":"page","link":"https:\/\/agora.xtec.cat\/iesmontalt\/noticies-sobre-lerasmus\/mobilitat-dalumnes-a-verden-alemanya\/","title":{"rendered":"Mobilitat d\u2019alumnes a Verden (Alemanya)"},"content":{"rendered":"\n<p>En el curs 2025-2026, el projecte ha tingut continu\u00eftat amb una nova mobilitat a Verden, Alemanya, en la qual han participat 9 alumnes de 4t d&#8217;ESO.&nbsp;Aquesta estada ha perm\u00e8s aprofundir en el treball sobre la sostenibilitat i la contaminaci\u00f3 per pl\u00e0stics, alhora que ha refor\u00e7at la dimensi\u00f3 europea del projecte. L&#8217;alumnat ha compartit activitats, tallers i espais de reflexi\u00f3 amb joves d\u2019un altre pa\u00eds, treballant conjuntament per comprendre millor aquest repte ambiental global.<br><br>La mobilitat a Verden ha estat una nova oportunitat per aprendre fora de l&#8217;aula, millorar la compet\u00e8ncia comunicativa en angl\u00e8s i establir vincles amb altres estudiants europeus. Aquest tipus d\u2019experi\u00e8ncies contribueixen a formar joves m\u00e9s conscients, m\u00e9s oberts al m\u00f3n i m\u00e9s preparats per afrontar reptes compartits.<\/p>\n\n\n\n<h3 class=\"wp-block-heading\"><a href=\"https:\/\/agora.xtec.cat\/iesmontalt\/general\/engega-una-nova-fase-del-projecte-erasmus-corrents-de-plastic-a-verden-alemanya\/\" data-type=\"link\" data-id=\"https:\/\/agora.xtec.cat\/iesmontalt\/general\/engega-una-nova-fase-del-projecte-erasmus-corrents-de-plastic-a-verden-alemanya\/\">Article: Engega una nova fase del projecte Erasmus \u201cCorrents de pl\u00e0stic\u201d a Verden (Alemanya)<\/a><\/h3>\n\n\n\n<h3 class=\"wp-block-heading\"><a href=\"https:\/\/agora.xtec.cat\/iesmontalt\/general\/aprendre-investigar-viure-i-conviure-erasmus\/\" data-type=\"link\" data-id=\"https:\/\/agora.xtec.cat\/iesmontalt\/general\/aprendre-investigar-viure-i-conviure-erasmus\/\">Article: Aprendre, investigar, viure i conviure: Erasmus+<\/a><\/h3>\n\n\n\n<h3 class=\"wp-block-heading\"><a href=\"https:\/\/agora.xtec.cat\/iesmontalt\/general\/seleccio-definitiva-dalumnat-mobilitat-verden-erasmus\/\" data-type=\"link\" data-id=\"https:\/\/agora.xtec.cat\/iesmontalt\/general\/seleccio-definitiva-dalumnat-mobilitat-verden-erasmus\/\">Article: Selecci\u00f3 definitiva d\u2019alumnat mobilitat Verden (Erasmus +)<\/a><\/h3>\n\n\n\n<h3 class=\"wp-block-heading\"><a href=\"https:\/\/agora.xtec.cat\/iesmontalt\/general\/llistat-provisional-mobilitat-verden-erasmus\/\" data-type=\"link\" data-id=\"https:\/\/agora.xtec.cat\/iesmontalt\/general\/llistat-provisional-mobilitat-verden-erasmus\/\">Article: Llistat provisional Mobilitat Verden (Erasmus +)<\/a><\/h3>\n","protected":false},"excerpt":{"rendered":"<p>En el curs 2025-2026, el projecte ha tingut continu\u00eftat amb una nova mobilitat a Verden, Alemanya, en la qual han participat 9 alumnes de 4t d&#8217;ESO.&nbsp;Aquesta estada ha perm\u00e8s aprofundir en el treball sobre la sostenibilitat i la contaminaci\u00f3 per pl\u00e0stics, alhora que ha refor\u00e7at&hellip;  <a href=\"https:\/\/agora.xtec.cat\/iesmontalt\/noticies-sobre-lerasmus\/mobilitat-dalumnes-a-verden-alemanya\/\" title=\"Read Mobilitat d\u2019alumnes a Verden (Alemanya)\">Llegeix m\u00e9s\u00bb<\/a><\/p>\n","protected":false},"author":1,"featured_media":0,"parent":22296,"menu_order":0,"comment_status":"closed","ping_status":"close","template":"page-templates\/side-menu.php","meta":{"_bbp_topic_count":0,"_bbp_reply_count":0,"_bbp_total_topic_count":0,"_bbp_total_reply_count":0,"_bbp_voice_count":0,"_bbp_anonymous_reply_count":0,"_bbp_topic_count_hidden":0,"_bbp_reply_count_hidden":0,"_bbp_forum_subforum_count":0,"footnotes":""},"class_list":["post-22672","page","type-page","status-publish","hentry"],"post_mailing_queue_ids":[],"_links":{"self":[{"href":"https:\/\/agora.xtec.cat\/iesmontalt\/wp-json\/wp\/v2\/pages\/22672","targetHints":{"allow":["GET"]}}],"collection":[{"href":"https:\/\/agora.xtec.cat\/iesmontalt\/wp-json\/wp\/v2\/pages"}],"about":[{"href":"https:\/\/agora.xtec.cat\/iesmontalt\/wp-json\/wp\/v2\/types\/page"}],"author":[{"embeddable":true,"href":"https:\/\/agora.xtec.cat\/iesmontalt\/wp-json\/wp\/v2\/users\/1"}],"replies":[{"embeddable":true,"href":"https:\/\/agora.xtec.cat\/iesmontalt\/wp-json\/wp\/v2\/comments?post=22672"}],"version-history":[{"count":3,"href":"https:\/\/agora.xtec.cat\/iesmontalt\/wp-json\/wp\/v2\/pages\/22672\/revisions"}],"predecessor-version":[{"id":22690,"href":"https:\/\/agora.xtec.cat\/iesmontalt\/wp-json\/wp\/v2\/pages\/22672\/revisions\/22690"}],"up":[{"embeddable":true,"href":"https:\/\/agora.xtec.cat\/iesmontalt\/wp-json\/wp\/v2\/pages\/22296"}],"wp:attachment":[{"href":"https:\/\/agora.xtec.cat\/iesmontalt\/wp-json\/wp\/v2\/media?parent=22672"}],"curies":[{"name":"wp","href":"https:\/\/api.w.org\/{rel}","templated":true}]}}