{"id":22662,"date":"2026-03-15T22:08:51","date_gmt":"2026-03-15T21:08:51","guid":{"rendered":"https:\/\/agora.xtec.cat\/iesmontalt\/?page_id=22662"},"modified":"2026-03-15T23:14:17","modified_gmt":"2026-03-15T22:14:17","slug":"mobilitat-dalumnes-a-caen-franca","status":"publish","type":"page","link":"https:\/\/agora.xtec.cat\/iesmontalt\/noticies-sobre-lerasmus\/mobilitat-dalumnes-a-caen-franca\/","title":{"rendered":"Mobilitat d\u2019alumnes a Caen (Fran\u00e7a)"},"content":{"rendered":"\n<p>Durant el curs 2024-2025, 11 alumnes de 4t d&#8217;ESO han participat en una mobilitat a Caen, Fran\u00e7a, en el marc del projecte Corrents de Pl\u00e0stic. Aquesta experi\u00e8ncia els ha perm\u00e8s treballar conjuntament amb alumnat del centre d\u2019acollida en activitats relacionades amb l&#8217;an\u00e0lisi de la pres\u00e8ncia de pl\u00e0stics al medi, l&#8217;estudi del seu impacte ambiental i la reflexi\u00f3 sobre possibles mesures de prevenci\u00f3 i reducci\u00f3.<\/p>\n\n\n\n<p>M\u00e9s enll\u00e0 del contingut acad\u00e8mic, la mobilitat ha representat una experi\u00e8ncia de gran valor personal i educatiu. L&#8217;alumnat ha conviscut amb una realitat diferent, ha practicat lleng\u00fces estrangeres en contextos reals i ha desenvolupat compet\u00e8ncies com l&#8217;autonomia, la responsabilitat, l&#8217;adaptaci\u00f3 i el treball en equip.<\/p>\n\n\n\n<h3 class=\"wp-block-heading\"><a href=\"https:\/\/agora.xtec.cat\/iesmontalt\/general\/inici-de-la-primera-mobilitat-erasmus\/\" data-type=\"link\" data-id=\"https:\/\/agora.xtec.cat\/iesmontalt\/general\/inici-de-la-primera-mobilitat-erasmus\/\">Article: Inici de la primera mobilitat Erasmus +<\/a><\/h3>\n\n\n\n<h3 class=\"wp-block-heading\"><a href=\"https:\/\/agora.xtec.cat\/iesmontalt\/general\/guanyador-del-concurs-de-logotips-del-projecte-erasmus\/\" data-type=\"link\" data-id=\"https:\/\/agora.xtec.cat\/iesmontalt\/general\/guanyador-del-concurs-de-logotips-del-projecte-erasmus\/\">Article: Guanyador del concurs de logotips del Projecte Erasmus+<\/a><\/h3>\n\n\n\n<h3 class=\"wp-block-heading\"><a href=\"https:\/\/agora.xtec.cat\/iesmontalt\/general\/projecte-erasmus-diverses-informacions\/\" data-type=\"link\" data-id=\"https:\/\/agora.xtec.cat\/iesmontalt\/general\/projecte-erasmus-diverses-informacions\/\">Article: Projecte Erasmus+. Diverses informacions.<\/a><\/h3>\n","protected":false},"excerpt":{"rendered":"<p>Durant el curs 2024-2025, 11 alumnes de 4t d&#8217;ESO han participat en una mobilitat a Caen, Fran\u00e7a, en el marc del projecte Corrents de Pl\u00e0stic. Aquesta experi\u00e8ncia els ha perm\u00e8s treballar conjuntament amb alumnat del centre d\u2019acollida en activitats relacionades amb l&#8217;an\u00e0lisi de la pres\u00e8ncia&hellip;  <a href=\"https:\/\/agora.xtec.cat\/iesmontalt\/noticies-sobre-lerasmus\/mobilitat-dalumnes-a-caen-franca\/\" title=\"Read Mobilitat d\u2019alumnes a Caen (Fran\u00e7a)\">Llegeix m\u00e9s\u00bb<\/a><\/p>\n","protected":false},"author":1,"featured_media":0,"parent":22296,"menu_order":0,"comment_status":"closed","ping_status":"close","template":"page-templates\/side-menu.php","meta":{"_bbp_topic_count":0,"_bbp_reply_count":0,"_bbp_total_topic_count":0,"_bbp_total_reply_count":0,"_bbp_voice_count":0,"_bbp_anonymous_reply_count":0,"_bbp_topic_count_hidden":0,"_bbp_reply_count_hidden":0,"_bbp_forum_subforum_count":0,"footnotes":""},"class_list":["post-22662","page","type-page","status-publish","hentry"],"post_mailing_queue_ids":[],"_links":{"self":[{"href":"https:\/\/agora.xtec.cat\/iesmontalt\/wp-json\/wp\/v2\/pages\/22662","targetHints":{"allow":["GET"]}}],"collection":[{"href":"https:\/\/agora.xtec.cat\/iesmontalt\/wp-json\/wp\/v2\/pages"}],"about":[{"href":"https:\/\/agora.xtec.cat\/iesmontalt\/wp-json\/wp\/v2\/types\/page"}],"author":[{"embeddable":true,"href":"https:\/\/agora.xtec.cat\/iesmontalt\/wp-json\/wp\/v2\/users\/1"}],"replies":[{"embeddable":true,"href":"https:\/\/agora.xtec.cat\/iesmontalt\/wp-json\/wp\/v2\/comments?post=22662"}],"version-history":[{"count":3,"href":"https:\/\/agora.xtec.cat\/iesmontalt\/wp-json\/wp\/v2\/pages\/22662\/revisions"}],"predecessor-version":[{"id":22691,"href":"https:\/\/agora.xtec.cat\/iesmontalt\/wp-json\/wp\/v2\/pages\/22662\/revisions\/22691"}],"up":[{"embeddable":true,"href":"https:\/\/agora.xtec.cat\/iesmontalt\/wp-json\/wp\/v2\/pages\/22296"}],"wp:attachment":[{"href":"https:\/\/agora.xtec.cat\/iesmontalt\/wp-json\/wp\/v2\/media?parent=22662"}],"curies":[{"name":"wp","href":"https:\/\/api.w.org\/{rel}","templated":true}]}}