{"id":21670,"date":"2024-01-15T14:38:25","date_gmt":"2024-01-15T13:38:25","guid":{"rendered":"https:\/\/agora.xtec.cat\/iesmontalt\/?page_id=21670"},"modified":"2024-09-21T23:19:36","modified_gmt":"2024-09-21T21:19:36","slug":"afa","status":"publish","type":"page","link":"https:\/\/agora.xtec.cat\/iesmontalt\/afa\/","title":{"rendered":"AFA"},"content":{"rendered":"<p style=\"text-align: justify;\"><b>L\u2019Associaci\u00f3 de Fam\u00edlies d\u2019Alumnes<\/b><span style=\"font-weight: 400;\"> \u00e9s una entitat formada per fam\u00edlies i\/o representants legals de l\u2019alumnat de l\u2019Institut.<\/span><\/p>\n<p style=\"text-align: justify;\"><span style=\"font-weight: 400;\">L\u2019AFA de l&#8217;Institut Esteve Albert col\u00b7labora en el funcionament del centre.<\/span><\/p>\n<p style=\"text-align: justify;\"><span style=\"font-weight: 400;\">Les actuacions es porten a terme mitjan\u00e7ant una Junta Directiva, Comissions i la participaci\u00f3 de les fam\u00edlies en les Assemblees generals.<\/span><\/p>\n<p style=\"text-align: justify;\"><span style=\"font-weight: 400;\"><a href=\"https:\/\/afaisvmontalt.wordpress.com\/\"><img loading=\"lazy\" decoding=\"async\" class=\"size-full wp-image-22042 aligncenter\" src=\"https:\/\/agora.xtec.cat\/iesmontalt\/wp-content\/uploads\/usu1666\/2024\/09\/AFA.jpg\" alt=\"\" width=\"940\" height=\"529\" srcset=\"https:\/\/agora.xtec.cat\/iesmontalt\/wp-content\/uploads\/usu1666\/2024\/09\/AFA.jpg 940w, https:\/\/agora.xtec.cat\/iesmontalt\/wp-content\/uploads\/usu1666\/2024\/09\/AFA-300x169.jpg 300w, https:\/\/agora.xtec.cat\/iesmontalt\/wp-content\/uploads\/usu1666\/2024\/09\/AFA-768x432.jpg 768w\" sizes=\"auto, (max-width: 940px) 100vw, 940px\" \/><\/a> <\/span><\/p>\n<h3><a href=\"https:\/\/agora.xtec.cat\/iesmontalt\/wp-content\/uploads\/usu1666\/2020\/01\/Model-AFA.pdf\">Sol\u00b7licitud d&#8217;inscripci\u00f3 a l&#8217;AFA<\/a><\/h3>\n","protected":false},"excerpt":{"rendered":"<p>L\u2019Associaci\u00f3 de Fam\u00edlies d\u2019Alumnes \u00e9s una entitat formada per fam\u00edlies i\/o representants legals de l\u2019alumnat de l\u2019Institut.<br \/>\nL\u2019AFA de l&#8217;Institut Esteve Albert col\u00b7labora en el funcionament del centre.<br \/>\nLes actuacions es porten a terme mitjan\u00e7ant una Junta Directiva, Comissions i la participaci\u00f3 de les fam\u00edlies en les&hellip;  <a href=\"https:\/\/agora.xtec.cat\/iesmontalt\/afa\/\" title=\"Read AFA\">Llegeix m\u00e9s\u00bb<\/a><\/p>\n","protected":false},"author":1,"featured_media":0,"parent":0,"menu_order":0,"comment_status":"closed","ping_status":"closed","template":"","meta":{"_bbp_topic_count":0,"_bbp_reply_count":0,"_bbp_total_topic_count":0,"_bbp_total_reply_count":0,"_bbp_voice_count":0,"_bbp_anonymous_reply_count":0,"_bbp_topic_count_hidden":0,"_bbp_reply_count_hidden":0,"_bbp_forum_subforum_count":0,"footnotes":""},"class_list":["post-21670","page","type-page","status-publish","hentry"],"post_mailing_queue_ids":[],"_links":{"self":[{"href":"https:\/\/agora.xtec.cat\/iesmontalt\/wp-json\/wp\/v2\/pages\/21670","targetHints":{"allow":["GET"]}}],"collection":[{"href":"https:\/\/agora.xtec.cat\/iesmontalt\/wp-json\/wp\/v2\/pages"}],"about":[{"href":"https:\/\/agora.xtec.cat\/iesmontalt\/wp-json\/wp\/v2\/types\/page"}],"author":[{"embeddable":true,"href":"https:\/\/agora.xtec.cat\/iesmontalt\/wp-json\/wp\/v2\/users\/1"}],"replies":[{"embeddable":true,"href":"https:\/\/agora.xtec.cat\/iesmontalt\/wp-json\/wp\/v2\/comments?post=21670"}],"version-history":[{"count":5,"href":"https:\/\/agora.xtec.cat\/iesmontalt\/wp-json\/wp\/v2\/pages\/21670\/revisions"}],"predecessor-version":[{"id":22045,"href":"https:\/\/agora.xtec.cat\/iesmontalt\/wp-json\/wp\/v2\/pages\/21670\/revisions\/22045"}],"wp:attachment":[{"href":"https:\/\/agora.xtec.cat\/iesmontalt\/wp-json\/wp\/v2\/media?parent=21670"}],"curies":[{"name":"wp","href":"https:\/\/api.w.org\/{rel}","templated":true}]}}