{"id":17700,"date":"2020-05-10T11:58:43","date_gmt":"2020-05-10T09:58:43","guid":{"rendered":"http:\/\/agora.xtec.cat\/iesmontalt\/?page_id=17700"},"modified":"2021-06-07T10:14:44","modified_gmt":"2021-06-07T08:14:44","slug":"preinscripcio-i-matricula-curs-2020-2021","status":"publish","type":"page","link":"https:\/\/agora.xtec.cat\/iesmontalt\/preinscripcio-i-matricula-curs-2020-2021\/","title":{"rendered":"Preinscripci\u00f3 i matr\u00edcula ESO per al curs 2021-2022"},"content":{"rendered":"<h4><a href=\"https:\/\/agora.xtec.cat\/iesmontalt\/wp-content\/uploads\/usu1666\/2021\/06\/INFORME_ASSIGNADES_INFORME_ASSIGNADES-_07_06.pdf\">Alumnes assignats al centre amb indicaci\u00f3 de la primera petici\u00f3 a 07\/06\/2021<\/a><\/h4>\n<h4><a href=\"https:\/\/agora.xtec.cat\/iesmontalt\/wp-content\/uploads\/usu1666\/2021\/06\/INFORME_LLISTA_ESPERA_OME_LLISTA_ESPERA-_07_06.pdf\">Publicaci\u00f3 de la llista d\u2019espera del centre a 07\/06\/2021<\/a><\/h4>\n<h5><a href=\"https:\/\/preinscripcio.gencat.cat\/ca\/estudis\/eso\/informat\/calendari\/\">Calendari de preinscripcions i matr\u00edcula per a l&#8217;ESO curs 2021-2022<\/a><\/h5>\n<h5><strong><a href=\"https:\/\/agora.xtec.cat\/iesmontalt\/wp-content\/uploads\/usu1666\/2021\/03\/INFORME_OFERTA_OME_INFORME_OFERTA.pdf\">Publicaci\u00f3 inicial d\u2019oferta de places per a l&#8217;ESO pel curs 2021-2022<\/a><\/strong><\/h5>\n<h5><a href=\"http:\/\/agora.xtec.cat\/iesmontalt\/preinscripcio-i-matricula-curs-2020-2021\/procediment-dinscripcio-i-documentacio-curs-2021-2022\/\">Procediment d&#8217;inscripci\u00f3 i documentaci\u00f3 per cursar ESO curs 2021-2022<\/a><\/h5>\n<h5>I<a href=\"https:\/\/preinscripcio.gencat.cat\/ca\/estudis\/eso\/inici\/\">nformaci\u00f3 de la Generalitat sobre els tr\u00e0mits relatius a la preinscripci\u00f3<\/a><\/h5>\n<p>&nbsp;<\/p>\n<p style=\"text-align: center;\"><iframe loading=\"lazy\" src=\"\/\/www.youtube.com\/embed\/7Jz8gYBFCFM?feature=youtu\" width=\"560\" height=\"314\"><\/iframe><\/p>\n<p>&nbsp;<\/p>\n","protected":false},"excerpt":{"rendered":"<p><a href=\"https:\/\/agora.xtec.cat\/iesmontalt\/wp-content\/uploads\/usu1666\/2021\/06\/INFORME_ASSIGNADES_INFORME_ASSIGNADES-_07_06.pdf\">Alumnes assignats al centre amb indicaci\u00f3 de la primera petici\u00f3 a 07\/06\/2021<\/a><br \/>\n<a href=\"https:\/\/agora.xtec.cat\/iesmontalt\/wp-content\/uploads\/usu1666\/2021\/06\/INFORME_LLISTA_ESPERA_OME_LLISTA_ESPERA-_07_06.pdf\">Publicaci\u00f3 de la llista d\u2019espera del centre a 07\/06\/2021<\/a><br \/>\n<a href=\"https:\/\/preinscripcio.gencat.cat\/ca\/estudis\/eso\/informat\/calendari\/\">Calendari de preinscripcions i matr\u00edcula per a l&#8217;ESO curs 2021-2022<\/a><br \/>\n<a href=\"https:\/\/agora.xtec.cat\/iesmontalt\/wp-content\/uploads\/usu1666\/2021\/03\/INFORME_OFERTA_OME_INFORME_OFERTA.pdf\">Publicaci\u00f3 inicial d\u2019oferta de places per a l&#8217;ESO pel curs 2021-2022<\/a><br \/>\n<a href=\"http:\/\/agora.xtec.cat\/iesmontalt\/preinscripcio-i-matricula-curs-2020-2021\/procediment-dinscripcio-i-documentacio-curs-2021-2022\/\">Procediment d&#8217;inscripci\u00f3&hellip;  <a href=\"https:\/\/agora.xtec.cat\/iesmontalt\/preinscripcio-i-matricula-curs-2020-2021\/\" title=\"Read Preinscripci\u00f3 i matr\u00edcula ESO per al curs 2021-2022\">Llegeix m\u00e9s\u00bb<\/a><\/p>\n","protected":false},"author":1,"featured_media":0,"parent":0,"menu_order":0,"comment_status":"closed","ping_status":"closed","template":"page-templates\/side-menu.php","meta":{"_bbp_topic_count":0,"_bbp_reply_count":0,"_bbp_total_topic_count":0,"_bbp_total_reply_count":0,"_bbp_voice_count":0,"_bbp_anonymous_reply_count":0,"_bbp_topic_count_hidden":0,"_bbp_reply_count_hidden":0,"_bbp_forum_subforum_count":0,"footnotes":""},"class_list":["post-17700","page","type-page","status-publish","hentry"],"post_mailing_queue_ids":[],"_links":{"self":[{"href":"https:\/\/agora.xtec.cat\/iesmontalt\/wp-json\/wp\/v2\/pages\/17700","targetHints":{"allow":["GET"]}}],"collection":[{"href":"https:\/\/agora.xtec.cat\/iesmontalt\/wp-json\/wp\/v2\/pages"}],"about":[{"href":"https:\/\/agora.xtec.cat\/iesmontalt\/wp-json\/wp\/v2\/types\/page"}],"author":[{"embeddable":true,"href":"https:\/\/agora.xtec.cat\/iesmontalt\/wp-json\/wp\/v2\/users\/1"}],"replies":[{"embeddable":true,"href":"https:\/\/agora.xtec.cat\/iesmontalt\/wp-json\/wp\/v2\/comments?post=17700"}],"version-history":[{"count":4,"href":"https:\/\/agora.xtec.cat\/iesmontalt\/wp-json\/wp\/v2\/pages\/17700\/revisions"}],"predecessor-version":[{"id":19332,"href":"https:\/\/agora.xtec.cat\/iesmontalt\/wp-json\/wp\/v2\/pages\/17700\/revisions\/19332"}],"wp:attachment":[{"href":"https:\/\/agora.xtec.cat\/iesmontalt\/wp-json\/wp\/v2\/media?parent=17700"}],"curies":[{"name":"wp","href":"https:\/\/api.w.org\/{rel}","templated":true}]}}