{"id":17692,"date":"2020-05-10T11:42:59","date_gmt":"2020-05-10T09:42:59","guid":{"rendered":"http:\/\/agora.xtec.cat\/iesmontalt\/?page_id=17692"},"modified":"2021-02-26T14:33:15","modified_gmt":"2021-02-26T13:33:15","slug":"procediment-dinscripcio-i-documentacio-curs-2021-2022","status":"publish","type":"page","link":"https:\/\/agora.xtec.cat\/iesmontalt\/preinscripcio-i-matricula-curs-2020-2021\/procediment-dinscripcio-i-documentacio-curs-2021-2022\/","title":{"rendered":"Procediment d&#8217;inscripci\u00f3 i documentaci\u00f3 per cursar ESO   curs 2021-2022"},"content":{"rendered":"<p><b>PER A M\u00c9S INFORMACI\u00d3<\/b><\/p>\n<ul>\n<li style=\"font-weight: 400;\"><a href=\"http:\/\/www.gencat.cat\/preinscripcio\"><span style=\"font-weight: 400;\">P\u00e0gina web del Departament d\u2019Educaci\u00f3<\/span><\/a><\/li>\n<li style=\"font-weight: 400;\"><a href=\"http:\/\/queestudiar.gencat.cat\/web\/.content\/home\/portada\/imatges\/destacats84\/sistema_educatiu_pdf\/sistema_educatiu.pdf\"><span style=\"font-weight: 400;\">Sistema educatiu catal\u00e0 (curs 20 &#8211; 21)<\/span><\/a><\/li>\n<\/ul>\n","protected":false},"excerpt":{"rendered":"<p>PER A M\u00c9S INFORMACI\u00d3<\/p>\n<ul>\n<li style=\"font-weight: 400;\"><a href=\"http:\/\/www.gencat.cat\/preinscripcio\">P\u00e0gina web del Departament d\u2019Educaci\u00f3<\/a><\/li>\n<li style=\"font-weight: 400;\"><a href=\"http:\/\/queestudiar.gencat.cat\/web\/.content\/home\/portada\/imatges\/destacats84\/sistema_educatiu_pdf\/sistema_educatiu.pdf\">Sistema educatiu catal\u00e0 (curs 20 &#8211; 21)<\/a><\/li>\n<\/ul>\n","protected":false},"author":1,"featured_media":0,"parent":17700,"menu_order":3,"comment_status":"closed","ping_status":"closed","template":"page-templates\/side-menu.php","meta":{"_bbp_topic_count":0,"_bbp_reply_count":0,"_bbp_total_topic_count":0,"_bbp_total_reply_count":0,"_bbp_voice_count":0,"_bbp_anonymous_reply_count":0,"_bbp_topic_count_hidden":0,"_bbp_reply_count_hidden":0,"_bbp_forum_subforum_count":0,"footnotes":""},"class_list":["post-17692","page","type-page","status-publish","hentry"],"post_mailing_queue_ids":[],"_links":{"self":[{"href":"https:\/\/agora.xtec.cat\/iesmontalt\/wp-json\/wp\/v2\/pages\/17692","targetHints":{"allow":["GET"]}}],"collection":[{"href":"https:\/\/agora.xtec.cat\/iesmontalt\/wp-json\/wp\/v2\/pages"}],"about":[{"href":"https:\/\/agora.xtec.cat\/iesmontalt\/wp-json\/wp\/v2\/types\/page"}],"author":[{"embeddable":true,"href":"https:\/\/agora.xtec.cat\/iesmontalt\/wp-json\/wp\/v2\/users\/1"}],"replies":[{"embeddable":true,"href":"https:\/\/agora.xtec.cat\/iesmontalt\/wp-json\/wp\/v2\/comments?post=17692"}],"version-history":[{"count":4,"href":"https:\/\/agora.xtec.cat\/iesmontalt\/wp-json\/wp\/v2\/pages\/17692\/revisions"}],"predecessor-version":[{"id":18742,"href":"https:\/\/agora.xtec.cat\/iesmontalt\/wp-json\/wp\/v2\/pages\/17692\/revisions\/18742"}],"up":[{"embeddable":true,"href":"https:\/\/agora.xtec.cat\/iesmontalt\/wp-json\/wp\/v2\/pages\/17700"}],"wp:attachment":[{"href":"https:\/\/agora.xtec.cat\/iesmontalt\/wp-json\/wp\/v2\/media?parent=17692"}],"curies":[{"name":"wp","href":"https:\/\/api.w.org\/{rel}","templated":true}]}}