{"id":17299,"date":"2020-01-07T17:46:21","date_gmt":"2020-01-07T16:46:21","guid":{"rendered":"http:\/\/agora.xtec.cat\/iesmontalt\/?page_id=17299"},"modified":"2026-04-15T14:03:33","modified_gmt":"2026-04-15T12:03:33","slug":"documentacio-per-formalitzar-la-matricula","status":"publish","type":"page","link":"https:\/\/agora.xtec.cat\/iesmontalt\/secretaria\/documentacio-per-formalitzar-la-matricula\/","title":{"rendered":"Documentaci\u00f3 per a formalitzar la matr\u00edcula"},"content":{"rendered":"<p><a href=\"https:\/\/agora.xtec.cat\/iesmontalt\/wp-content\/uploads\/usu1666\/2020\/01\/Documentaci\u00f3-per-formalitzar-matr\u00edcula.pdf\">Documentaci\u00f3 necess\u00e0ria per a formalitzar la matr\u00edcula a l&#8217;Institut Esteve Albert<\/a><\/p>\n","protected":false},"excerpt":{"rendered":"<p><a href=\"https:\/\/agora.xtec.cat\/iesmontalt\/wp-content\/uploads\/usu1666\/2020\/01\/Documentaci\u00f3-per-formalitzar-matr\u00edcula.pdf\">Documentaci\u00f3 necess\u00e0ria per a formalitzar la matr\u00edcula a l&#8217;Institut Esteve Albert<\/a><\/p>\n","protected":false},"author":1,"featured_media":0,"parent":81,"menu_order":0,"comment_status":"closed","ping_status":"closed","template":"page-templates\/side-menu.php","meta":{"_bbp_topic_count":0,"_bbp_reply_count":0,"_bbp_total_topic_count":0,"_bbp_total_reply_count":0,"_bbp_voice_count":0,"_bbp_anonymous_reply_count":0,"_bbp_topic_count_hidden":0,"_bbp_reply_count_hidden":0,"_bbp_forum_subforum_count":0,"footnotes":""},"class_list":["post-17299","page","type-page","status-publish","hentry"],"post_mailing_queue_ids":[],"_links":{"self":[{"href":"https:\/\/agora.xtec.cat\/iesmontalt\/wp-json\/wp\/v2\/pages\/17299","targetHints":{"allow":["GET"]}}],"collection":[{"href":"https:\/\/agora.xtec.cat\/iesmontalt\/wp-json\/wp\/v2\/pages"}],"about":[{"href":"https:\/\/agora.xtec.cat\/iesmontalt\/wp-json\/wp\/v2\/types\/page"}],"author":[{"embeddable":true,"href":"https:\/\/agora.xtec.cat\/iesmontalt\/wp-json\/wp\/v2\/users\/1"}],"replies":[{"embeddable":true,"href":"https:\/\/agora.xtec.cat\/iesmontalt\/wp-json\/wp\/v2\/comments?post=17299"}],"version-history":[{"count":2,"href":"https:\/\/agora.xtec.cat\/iesmontalt\/wp-json\/wp\/v2\/pages\/17299\/revisions"}],"predecessor-version":[{"id":17302,"href":"https:\/\/agora.xtec.cat\/iesmontalt\/wp-json\/wp\/v2\/pages\/17299\/revisions\/17302"}],"up":[{"embeddable":true,"href":"https:\/\/agora.xtec.cat\/iesmontalt\/wp-json\/wp\/v2\/pages\/81"}],"wp:attachment":[{"href":"https:\/\/agora.xtec.cat\/iesmontalt\/wp-json\/wp\/v2\/media?parent=17299"}],"curies":[{"name":"wp","href":"https:\/\/api.w.org\/{rel}","templated":true}]}}