{"id":17292,"date":"2020-01-07T17:34:49","date_gmt":"2020-01-07T16:34:49","guid":{"rendered":"http:\/\/agora.xtec.cat\/iesmontalt\/?page_id=17292"},"modified":"2026-01-28T14:03:13","modified_gmt":"2026-01-28T13:03:13","slug":"gestio-darmariets","status":"publish","type":"page","link":"https:\/\/agora.xtec.cat\/iesmontalt\/serveis\/gestio-darmariets\/","title":{"rendered":"Servei d&#8217;armariets"},"content":{"rendered":"<p>Us podeu descarregar en els seg\u00fcents enlla\u00e7os els documents de gesti\u00f3 d&#8217;alta i de baixa d&#8217;armariets.<\/p>\n<p><a href=\"https:\/\/agora.xtec.cat\/iesmontalt\/wp-content\/uploads\/usu1666\/2026\/01\/Model-contracte-armariet.pdf\">Contracte d&#8217;alta d&#8217;armariet<\/a><\/p>\n<p><a href=\"https:\/\/agora.xtec.cat\/iesmontalt\/wp-content\/uploads\/usu1666\/2020\/01\/Model-baixa-darmariet.pdf\">Document de baixa d&#8217;armariet<\/a><\/p>\n","protected":false},"excerpt":{"rendered":"<p>Us podeu descarregar en els seg\u00fcents enlla\u00e7os els documents de gesti\u00f3 d&#8217;alta i de baixa d&#8217;armariets.<br \/>\n<a href=\"https:\/\/agora.xtec.cat\/iesmontalt\/wp-content\/uploads\/usu1666\/2026\/01\/Model-contracte-armariet.pdf\">Contracte d&#8217;alta d&#8217;armariet<\/a><br \/>\n<a href=\"https:\/\/agora.xtec.cat\/iesmontalt\/wp-content\/uploads\/usu1666\/2020\/01\/Model-baixa-darmariet.pdf\">Document de baixa d&#8217;armariet<\/a><\/p>\n","protected":false},"author":1,"featured_media":0,"parent":63,"menu_order":0,"comment_status":"closed","ping_status":"closed","template":"page-templates\/side-menu.php","meta":{"_bbp_topic_count":0,"_bbp_reply_count":0,"_bbp_total_topic_count":0,"_bbp_total_reply_count":0,"_bbp_voice_count":0,"_bbp_anonymous_reply_count":0,"_bbp_topic_count_hidden":0,"_bbp_reply_count_hidden":0,"_bbp_forum_subforum_count":0,"footnotes":""},"class_list":["post-17292","page","type-page","status-publish","hentry"],"post_mailing_queue_ids":[],"_links":{"self":[{"href":"https:\/\/agora.xtec.cat\/iesmontalt\/wp-json\/wp\/v2\/pages\/17292","targetHints":{"allow":["GET"]}}],"collection":[{"href":"https:\/\/agora.xtec.cat\/iesmontalt\/wp-json\/wp\/v2\/pages"}],"about":[{"href":"https:\/\/agora.xtec.cat\/iesmontalt\/wp-json\/wp\/v2\/types\/page"}],"author":[{"embeddable":true,"href":"https:\/\/agora.xtec.cat\/iesmontalt\/wp-json\/wp\/v2\/users\/1"}],"replies":[{"embeddable":true,"href":"https:\/\/agora.xtec.cat\/iesmontalt\/wp-json\/wp\/v2\/comments?post=17292"}],"version-history":[{"count":4,"href":"https:\/\/agora.xtec.cat\/iesmontalt\/wp-json\/wp\/v2\/pages\/17292\/revisions"}],"predecessor-version":[{"id":22579,"href":"https:\/\/agora.xtec.cat\/iesmontalt\/wp-json\/wp\/v2\/pages\/17292\/revisions\/22579"}],"up":[{"embeddable":true,"href":"https:\/\/agora.xtec.cat\/iesmontalt\/wp-json\/wp\/v2\/pages\/63"}],"wp:attachment":[{"href":"https:\/\/agora.xtec.cat\/iesmontalt\/wp-json\/wp\/v2\/media?parent=17292"}],"curies":[{"name":"wp","href":"https:\/\/api.w.org\/{rel}","templated":true}]}}