{"id":967,"date":"2020-09-06T19:44:08","date_gmt":"2020-09-06T17:44:08","guid":{"rendered":"https:\/\/agora.xtec.cat\/iesmollet\/?page_id=967"},"modified":"2020-11-16T15:01:41","modified_gmt":"2020-11-16T14:01:41","slug":"documentacio-ccff","status":"publish","type":"page","link":"https:\/\/agora.xtec.cat\/iesmollet\/documentacio-ccff\/","title":{"rendered":"INFORMACIONS CCFF"},"content":{"rendered":"<p><strong>\u00a0GUIA DE L&#8217;ALUMNE.\u00a0<\/strong>Tota la informaci\u00f3 referent al calendari escolar, normativa del centre, matriculaci\u00f3, pr\u00e0ctiques i altres\u00a0 les trobareu a la guia de l&#8217;alumne.<\/p>\n<p><a href=\"https:\/\/agora.xtec.cat\/iesmollet\/wp-content\/uploads\/usu655\/2020\/09\/GUIA-DE-LALUMNE-CF-2020_21.pdf\">GUIA DE L&#8217;ALUMNE CF 2020_21<\/a><\/p>\n<p><strong><a href=\"https:\/\/agora.xtec.cat\/iesmollet\/wp-content\/uploads\/usu655\/2020\/11\/kao.png\"><img loading=\"lazy\" decoding=\"async\" class=\"wp-image-1089 alignnone\" src=\"https:\/\/agora.xtec.cat\/iesmollet\/wp-content\/uploads\/usu655\/2020\/11\/kao.png\" alt=\"\" width=\"76\" height=\"58\" srcset=\"https:\/\/agora.xtec.cat\/iesmollet\/wp-content\/uploads\/usu655\/2020\/11\/kao.png 416w, https:\/\/agora.xtec.cat\/iesmollet\/wp-content\/uploads\/usu655\/2020\/11\/kao-300x229.png 300w, https:\/\/agora.xtec.cat\/iesmollet\/wp-content\/uploads\/usu655\/2020\/11\/kao-200x150.png 200w\" sizes=\"auto, (max-width: 76px) 100vw, 76px\" \/><\/a><\/strong>\u00a0L\u00b4empresa <strong>KAO Corporation, SA,<\/strong> ha convocat la VI <strong>Convocat\u00f2ria de les Beques Josep Sau Londres<\/strong> per donar ajuts per alumnes de cicles formatius de qu\u00edmica. Us adjuntem la convocat\u00f2ria i us animem a participar-hi. Molta sort!<\/p>\n<p><a href=\"https:\/\/agora.xtec.cat\/iesmollet\/wp-content\/uploads\/usu655\/2020\/11\/CONVOCAT\u00d2RIA-BEQUES-.docx\">CONVOCAT\u00d2RIA BEQUES<\/a><\/p>\n","protected":false},"excerpt":{"rendered":"<p>\u00a0GUIA DE L&#8217;ALUMNE.\u00a0Tota la informaci\u00f3 referent al calendari escolar, normativa del centre, matriculaci\u00f3, pr\u00e0ctiques i altres\u00a0 les trobareu a la guia de l&#8217;alumne.<br \/>\n<a href=\"https:\/\/agora.xtec.cat\/iesmollet\/wp-content\/uploads\/usu655\/2020\/09\/GUIA-DE-LALUMNE-CF-2020_21.pdf\">GUIA DE L&#8217;ALUMNE CF 2020_21<\/a><br \/>\n<a href=\"https:\/\/agora.xtec.cat\/iesmollet\/wp-content\/uploads\/usu655\/2020\/11\/kao.png\"><\/a>\u00a0L\u00b4empresa KAO Corporation, SA, ha convocat la VI Convocat\u00f2ria de les Beques Josep Sau Londres per donar&hellip;  <a href=\"https:\/\/agora.xtec.cat\/iesmollet\/documentacio-ccff\/\" title=\"Read INFORMACIONS CCFF\">Llegeix m\u00e9s\u00bb<\/a><\/p>\n","protected":false},"author":1,"featured_media":0,"parent":0,"menu_order":0,"comment_status":"closed","ping_status":"closed","template":"","meta":{"_bbp_topic_count":0,"_bbp_reply_count":0,"_bbp_total_topic_count":0,"_bbp_total_reply_count":0,"_bbp_voice_count":0,"_bbp_anonymous_reply_count":0,"_bbp_topic_count_hidden":0,"_bbp_reply_count_hidden":0,"_bbp_forum_subforum_count":0,"footnotes":""},"class_list":["post-967","page","type-page","status-publish","hentry"],"post_mailing_queue_ids":[],"_links":{"self":[{"href":"https:\/\/agora.xtec.cat\/iesmollet\/wp-json\/wp\/v2\/pages\/967","targetHints":{"allow":["GET"]}}],"collection":[{"href":"https:\/\/agora.xtec.cat\/iesmollet\/wp-json\/wp\/v2\/pages"}],"about":[{"href":"https:\/\/agora.xtec.cat\/iesmollet\/wp-json\/wp\/v2\/types\/page"}],"author":[{"embeddable":true,"href":"https:\/\/agora.xtec.cat\/iesmollet\/wp-json\/wp\/v2\/users\/1"}],"replies":[{"embeddable":true,"href":"https:\/\/agora.xtec.cat\/iesmollet\/wp-json\/wp\/v2\/comments?post=967"}],"version-history":[{"count":3,"href":"https:\/\/agora.xtec.cat\/iesmollet\/wp-json\/wp\/v2\/pages\/967\/revisions"}],"predecessor-version":[{"id":1091,"href":"https:\/\/agora.xtec.cat\/iesmollet\/wp-json\/wp\/v2\/pages\/967\/revisions\/1091"}],"wp:attachment":[{"href":"https:\/\/agora.xtec.cat\/iesmollet\/wp-json\/wp\/v2\/media?parent=967"}],"curies":[{"name":"wp","href":"https:\/\/api.w.org\/{rel}","templated":true}]}}